{"id":6533,"date":"2019-08-07T16:06:43","date_gmt":"2019-08-07T16:06:43","guid":{"rendered":"https:\/\/teterete.com\/mx\/?post_type=product&#038;p=6533"},"modified":"2024-02-02T18:20:32","modified_gmt":"2024-02-02T18:20:32","slug":"hamaca-8-madejas-de-algodon","status":"publish","type":"product","link":"https:\/\/teterete.com\/mx\/producto\/hamaca-8-madejas-de-algodon\/","title":{"rendered":"Hamaca 6 Madejas de Algod\u00f3n"},"content":{"rendered":"<p>T\u00e9cnica: Urdido<\/p>\n<p>Tama\u00f1o: matrimonial<\/p>\n<p>Color: Crudo, Negro o Tinto.<\/p>\n<p>**Incluye par de sogas y bolsa de manta para guardarla.<\/p>\n","protected":false},"excerpt":{"rendered":"<p>Pieza \u00fanica de trabajo artesanal que conserva las formas antiguas de elaboraci\u00f3n de hamacas. Elaborada en algod\u00f3n \u00a0y tejida en bastidores de madera usando la t\u00e9cnica de urdido, conservando una tradici\u00f3n milenaria y dando como resultado estas bellas piezas.<\/p>\n","protected":false},"featured_media":6531,"comment_status":"open","ping_status":"closed","template":"","meta":{"sfsi_plus_gutenberg_text_before_share":"","sfsi_plus_gutenberg_show_text_before_share":"","sfsi_plus_gutenberg_icon_type":"","sfsi_plus_gutenberg_icon_alignemt":"","sfsi_plus_gutenburg_max_per_row":""},"product_cat":[1434,682,538],"product_tag":[236,232,1413,1414,1412,248,223,1188],"acf":[],"yoast_head":"<!-- This site is optimized with the Yoast SEO plugin v23.5 - https:\/\/yoast.com\/wordpress\/plugins\/seo\/ -->\n<title>Hamaca 6 Madejas de Algod\u00f3n -<\/title>\n<meta name=\"robots\" content=\"index, follow, max-snippet:-1, max-image-preview:large, max-video-preview:-1\" \/>\n<link rel=\"canonical\" href=\"https:\/\/teterete.com\/mx\/producto\/hamaca-8-madejas-de-algodon\/\" \/>\n<meta property=\"og:locale\" content=\"es_ES\" \/>\n<meta property=\"og:type\" content=\"article\" \/>\n<meta property=\"og:title\" content=\"Hamaca 6 Madejas de Algod\u00f3n -\" \/>\n<meta property=\"og:description\" content=\"Pieza \u00fanica de trabajo artesanal que conserva las formas antiguas de elaboraci\u00f3n de hamacas. Elaborada en algod\u00f3n \u00a0y tejida en bastidores de madera usando la t\u00e9cnica de urdido, conservando una tradici\u00f3n milenaria y dando como resultado estas bellas piezas.\" \/>\n<meta property=\"og:url\" content=\"https:\/\/teterete.com\/mx\/producto\/hamaca-8-madejas-de-algodon\/\" \/>\n<meta property=\"article:publisher\" content=\"https:\/\/www.facebook.com\/TetereteHome\/\" \/>\n<meta property=\"article:modified_time\" content=\"2024-02-02T18:20:32+00:00\" \/>\n<meta property=\"og:image\" content=\"https:\/\/teterete.com\/mx\/wp-content\/uploads\/2019\/08\/hamaca_artesanal.jpeg\" \/>\n\t<meta property=\"og:image:width\" content=\"1280\" \/>\n\t<meta property=\"og:image:height\" content=\"1280\" \/>\n\t<meta property=\"og:image:type\" content=\"image\/jpeg\" \/>\n<meta name=\"twitter:card\" content=\"summary_large_image\" \/>\n<meta name=\"twitter:site\" content=\"@Teterete_Home\" \/>\n<script type=\"application\/ld+json\" class=\"yoast-schema-graph\">{\"@context\":\"https:\/\/schema.org\",\"@graph\":[{\"@type\":\"WebPage\",\"@id\":\"https:\/\/teterete.com\/mx\/producto\/hamaca-8-madejas-de-algodon\/\",\"url\":\"https:\/\/teterete.com\/mx\/producto\/hamaca-8-madejas-de-algodon\/\",\"name\":\"Hamaca 6 Madejas de Algod\u00f3n -\",\"isPartOf\":{\"@id\":\"https:\/\/teterete.com\/mx\/#website\"},\"primaryImageOfPage\":{\"@id\":\"https:\/\/teterete.com\/mx\/producto\/hamaca-8-madejas-de-algodon\/#primaryimage\"},\"image\":{\"@id\":\"https:\/\/teterete.com\/mx\/producto\/hamaca-8-madejas-de-algodon\/#primaryimage\"},\"thumbnailUrl\":\"https:\/\/teterete.com\/mx\/wp-content\/uploads\/2019\/08\/hamaca_artesanal.jpeg\",\"datePublished\":\"2019-08-07T16:06:43+00:00\",\"dateModified\":\"2024-02-02T18:20:32+00:00\",\"breadcrumb\":{\"@id\":\"https:\/\/teterete.com\/mx\/producto\/hamaca-8-madejas-de-algodon\/#breadcrumb\"},\"inLanguage\":\"es\",\"potentialAction\":[{\"@type\":\"ReadAction\",\"target\":[\"https:\/\/teterete.com\/mx\/producto\/hamaca-8-madejas-de-algodon\/\"]}]},{\"@type\":\"ImageObject\",\"inLanguage\":\"es\",\"@id\":\"https:\/\/teterete.com\/mx\/producto\/hamaca-8-madejas-de-algodon\/#primaryimage\",\"url\":\"https:\/\/teterete.com\/mx\/wp-content\/uploads\/2019\/08\/hamaca_artesanal.jpeg\",\"contentUrl\":\"https:\/\/teterete.com\/mx\/wp-content\/uploads\/2019\/08\/hamaca_artesanal.jpeg\",\"width\":1280,\"height\":1280,\"caption\":\"Hamaca Artesanal\"},{\"@type\":\"BreadcrumbList\",\"@id\":\"https:\/\/teterete.com\/mx\/producto\/hamaca-8-madejas-de-algodon\/#breadcrumb\",\"itemListElement\":[{\"@type\":\"ListItem\",\"position\":1,\"name\":\"Home\",\"item\":\"https:\/\/teterete.com\/mx\/\"},{\"@type\":\"ListItem\",\"position\":2,\"name\":\"Productos\",\"item\":\"https:\/\/teterete.com\/mx\/shop\/\"},{\"@type\":\"ListItem\",\"position\":3,\"name\":\"Hamaca 6 Madejas de Algod\u00f3n\"}]},{\"@type\":\"WebSite\",\"@id\":\"https:\/\/teterete.com\/mx\/#website\",\"url\":\"https:\/\/teterete.com\/mx\/\",\"name\":\"\",\"description\":\"Tienda en L\u00ednea de Fina Artesanias y Dise\u00f1o Mexicano. Bellas piezas elaboradas a mano por los mejores artesanos del pa\u00eds as\u00ed como piezas de dise\u00f1o y decoraci\u00f3n con inspiraci\u00f3n artesanal.\",\"potentialAction\":[{\"@type\":\"SearchAction\",\"target\":{\"@type\":\"EntryPoint\",\"urlTemplate\":\"https:\/\/teterete.com\/mx\/?s={search_term_string}\"},\"query-input\":{\"@type\":\"PropertyValueSpecification\",\"valueRequired\":true,\"valueName\":\"search_term_string\"}}],\"inLanguage\":\"es\"}]}<\/script>\n<!-- \/ Yoast SEO plugin. -->","yoast_head_json":{"title":"Hamaca 6 Madejas de Algod\u00f3n -","robots":{"index":"index","follow":"follow","max-snippet":"max-snippet:-1","max-image-preview":"max-image-preview:large","max-video-preview":"max-video-preview:-1"},"canonical":"https:\/\/teterete.com\/mx\/producto\/hamaca-8-madejas-de-algodon\/","og_locale":"es_ES","og_type":"article","og_title":"Hamaca 6 Madejas de Algod\u00f3n -","og_description":"Pieza \u00fanica de trabajo artesanal que conserva las formas antiguas de elaboraci\u00f3n de hamacas. Elaborada en algod\u00f3n \u00a0y tejida en bastidores de madera usando la t\u00e9cnica de urdido, conservando una tradici\u00f3n milenaria y dando como resultado estas bellas piezas.","og_url":"https:\/\/teterete.com\/mx\/producto\/hamaca-8-madejas-de-algodon\/","article_publisher":"https:\/\/www.facebook.com\/TetereteHome\/","article_modified_time":"2024-02-02T18:20:32+00:00","og_image":[{"width":1280,"height":1280,"url":"https:\/\/teterete.com\/mx\/wp-content\/uploads\/2019\/08\/hamaca_artesanal.jpeg","type":"image\/jpeg"}],"twitter_card":"summary_large_image","twitter_site":"@Teterete_Home","schema":{"@context":"https:\/\/schema.org","@graph":[{"@type":"WebPage","@id":"https:\/\/teterete.com\/mx\/producto\/hamaca-8-madejas-de-algodon\/","url":"https:\/\/teterete.com\/mx\/producto\/hamaca-8-madejas-de-algodon\/","name":"Hamaca 6 Madejas de Algod\u00f3n -","isPartOf":{"@id":"https:\/\/teterete.com\/mx\/#website"},"primaryImageOfPage":{"@id":"https:\/\/teterete.com\/mx\/producto\/hamaca-8-madejas-de-algodon\/#primaryimage"},"image":{"@id":"https:\/\/teterete.com\/mx\/producto\/hamaca-8-madejas-de-algodon\/#primaryimage"},"thumbnailUrl":"https:\/\/teterete.com\/mx\/wp-content\/uploads\/2019\/08\/hamaca_artesanal.jpeg","datePublished":"2019-08-07T16:06:43+00:00","dateModified":"2024-02-02T18:20:32+00:00","breadcrumb":{"@id":"https:\/\/teterete.com\/mx\/producto\/hamaca-8-madejas-de-algodon\/#breadcrumb"},"inLanguage":"es","potentialAction":[{"@type":"ReadAction","target":["https:\/\/teterete.com\/mx\/producto\/hamaca-8-madejas-de-algodon\/"]}]},{"@type":"ImageObject","inLanguage":"es","@id":"https:\/\/teterete.com\/mx\/producto\/hamaca-8-madejas-de-algodon\/#primaryimage","url":"https:\/\/teterete.com\/mx\/wp-content\/uploads\/2019\/08\/hamaca_artesanal.jpeg","contentUrl":"https:\/\/teterete.com\/mx\/wp-content\/uploads\/2019\/08\/hamaca_artesanal.jpeg","width":1280,"height":1280,"caption":"Hamaca Artesanal"},{"@type":"BreadcrumbList","@id":"https:\/\/teterete.com\/mx\/producto\/hamaca-8-madejas-de-algodon\/#breadcrumb","itemListElement":[{"@type":"ListItem","position":1,"name":"Home","item":"https:\/\/teterete.com\/mx\/"},{"@type":"ListItem","position":2,"name":"Productos","item":"https:\/\/teterete.com\/mx\/shop\/"},{"@type":"ListItem","position":3,"name":"Hamaca 6 Madejas de Algod\u00f3n"}]},{"@type":"WebSite","@id":"https:\/\/teterete.com\/mx\/#website","url":"https:\/\/teterete.com\/mx\/","name":"","description":"Tienda en L\u00ednea de Fina Artesanias y Dise\u00f1o Mexicano. Bellas piezas elaboradas a mano por los mejores artesanos del pa\u00eds as\u00ed como piezas de dise\u00f1o y decoraci\u00f3n con inspiraci\u00f3n artesanal.","potentialAction":[{"@type":"SearchAction","target":{"@type":"EntryPoint","urlTemplate":"https:\/\/teterete.com\/mx\/?s={search_term_string}"},"query-input":{"@type":"PropertyValueSpecification","valueRequired":true,"valueName":"search_term_string"}}],"inLanguage":"es"}]}},"_links":{"self":[{"href":"https:\/\/teterete.com\/mx\/wp-json\/wp\/v2\/product\/6533"}],"collection":[{"href":"https:\/\/teterete.com\/mx\/wp-json\/wp\/v2\/product"}],"about":[{"href":"https:\/\/teterete.com\/mx\/wp-json\/wp\/v2\/types\/product"}],"replies":[{"embeddable":true,"href":"https:\/\/teterete.com\/mx\/wp-json\/wp\/v2\/comments?post=6533"}],"wp:featuredmedia":[{"embeddable":true,"href":"https:\/\/teterete.com\/mx\/wp-json\/wp\/v2\/media\/6531"}],"wp:attachment":[{"href":"https:\/\/teterete.com\/mx\/wp-json\/wp\/v2\/media?parent=6533"}],"wp:term":[{"taxonomy":"product_cat","embeddable":true,"href":"https:\/\/teterete.com\/mx\/wp-json\/wp\/v2\/product_cat?post=6533"},{"taxonomy":"product_tag","embeddable":true,"href":"https:\/\/teterete.com\/mx\/wp-json\/wp\/v2\/product_tag?post=6533"}],"curies":[{"name":"wp","href":"https:\/\/api.w.org\/{rel}","templated":true}]}}