{"id":6551,"date":"2019-08-07T17:53:35","date_gmt":"2019-08-07T17:53:35","guid":{"rendered":"https:\/\/teterete.com\/mx\/?post_type=product&#038;p=6551"},"modified":"2024-02-08T19:45:28","modified_gmt":"2024-02-08T19:45:28","slug":"clutch-con-boton-de-cuerno","status":"publish","type":"product","link":"https:\/\/teterete.com\/mx\/producto\/clutch-con-boton-de-cuerno\/","title":{"rendered":"Clutch con Bot\u00f3n de Cuerno"},"content":{"rendered":"<p>Material: Henequ\u00e9n y Bot\u00f3n de Cuerno<\/p>\n<p>T\u00e9cnica: Elaborado en telar de cintura<\/p>\n<p>Colores: Coral, Gris, Azul, Negro todos con franja en crudo.<\/p>\n","protected":false},"excerpt":{"rendered":"<p>S\u00faper Boho Style clutch o bolso de mano elaborado por manos artesanales de la zona maya. Hecho de fibra de Henequ\u00e9n y con bot\u00f3n de cuerno tallado a mano.<\/p>\n","protected":false},"featured_media":6554,"comment_status":"open","ping_status":"closed","template":"","meta":{"_acf_changed":false,"sfsi_plus_gutenberg_text_before_share":"","sfsi_plus_gutenberg_show_text_before_share":"","sfsi_plus_gutenberg_icon_type":"","sfsi_plus_gutenberg_icon_alignemt":"","sfsi_plus_gutenburg_max_per_row":""},"product_brand":[],"product_cat":[57,1263,61,2057,1434],"product_tag":[1425,236,222,1422,1423,1424,1421,1030],"class_list":{"0":"post-6551","1":"product","2":"type-product","3":"status-publish","4":"has-post-thumbnail","6":"product_cat-bolsos_y_morrales","7":"product_cat-moda-mexicana","8":"product_cat-para_ella","9":"product_cat-regalos-mama","10":"product_cat-taller_maya","11":"product_tag-accesorios-artesanales","12":"product_tag-arte-mexicano","13":"product_tag-artesania-mexicana","14":"product_tag-bolso-artesanal","15":"product_tag-bolso-boho-chic","16":"product_tag-bolso-maya","17":"product_tag-clutch","18":"product_tag-moda-mexicana","19":"product_shipping_class-fast-delivery","21":"first","22":"instock","23":"taxable","24":"shipping-taxable","25":"purchasable","26":"product-type-simple"},"acf":[],"yoast_head":"<!-- This site is optimized with the Yoast SEO plugin v27.5 - https:\/\/yoast.com\/product\/yoast-seo-wordpress\/ -->\n<title>Clutch con Bot\u00f3n de Cuerno -<\/title>\n<meta name=\"description\" content=\"Clutch artesanal con bot\u00f3n de cuerno tallado tejido a mano por artesanas de la zona Maya\" \/>\n<meta name=\"robots\" content=\"index, follow, max-snippet:-1, max-image-preview:large, max-video-preview:-1\" \/>\n<link rel=\"canonical\" href=\"https:\/\/teterete.com\/mx\/producto\/clutch-con-boton-de-cuerno\/\" \/>\n<meta property=\"og:locale\" content=\"es_ES\" \/>\n<meta property=\"og:type\" content=\"article\" \/>\n<meta property=\"og:title\" content=\"Clutch con Bot\u00f3n de Cuerno -\" \/>\n<meta property=\"og:description\" content=\"Clutch artesanal con bot\u00f3n de cuerno tallado tejido a mano por artesanas de la zona Maya\" \/>\n<meta property=\"og:url\" content=\"https:\/\/teterete.com\/mx\/producto\/clutch-con-boton-de-cuerno\/\" \/>\n<meta property=\"article:publisher\" content=\"https:\/\/www.facebook.com\/TetereteHome\/\" \/>\n<meta property=\"article:modified_time\" content=\"2024-02-08T19:45:28+00:00\" \/>\n<meta property=\"og:image\" content=\"https:\/\/teterete.com\/mx\/wp-content\/uploads\/2019\/08\/bolso_de_mano_artesanal.png\" \/>\n\t<meta property=\"og:image:width\" content=\"640\" \/>\n\t<meta property=\"og:image:height\" content=\"640\" \/>\n\t<meta property=\"og:image:type\" content=\"image\/png\" \/>\n<meta name=\"twitter:card\" content=\"summary_large_image\" \/>\n<meta name=\"twitter:site\" content=\"@Teterete_Home\" \/>\n<meta name=\"twitter:label1\" content=\"Tiempo de lectura\" \/>\n\t<meta name=\"twitter:data1\" content=\"1 minuto\" \/>\n<script type=\"application\/ld+json\" class=\"yoast-schema-graph\">{\"@context\":\"https:\\\/\\\/schema.org\",\"@graph\":[{\"@type\":\"WebPage\",\"@id\":\"https:\\\/\\\/teterete.com\\\/mx\\\/producto\\\/clutch-con-boton-de-cuerno\\\/\",\"url\":\"https:\\\/\\\/teterete.com\\\/mx\\\/producto\\\/clutch-con-boton-de-cuerno\\\/\",\"name\":\"Clutch con Bot\u00f3n de Cuerno -\",\"isPartOf\":{\"@id\":\"https:\\\/\\\/teterete.com\\\/mx\\\/#website\"},\"primaryImageOfPage\":{\"@id\":\"https:\\\/\\\/teterete.com\\\/mx\\\/producto\\\/clutch-con-boton-de-cuerno\\\/#primaryimage\"},\"image\":{\"@id\":\"https:\\\/\\\/teterete.com\\\/mx\\\/producto\\\/clutch-con-boton-de-cuerno\\\/#primaryimage\"},\"thumbnailUrl\":\"https:\\\/\\\/teterete.com\\\/mx\\\/wp-content\\\/uploads\\\/2019\\\/08\\\/bolso_de_mano_artesanal.png\",\"datePublished\":\"2019-08-07T17:53:35+00:00\",\"dateModified\":\"2024-02-08T19:45:28+00:00\",\"description\":\"Clutch artesanal con bot\u00f3n de cuerno tallado tejido a mano por artesanas de la zona Maya\",\"breadcrumb\":{\"@id\":\"https:\\\/\\\/teterete.com\\\/mx\\\/producto\\\/clutch-con-boton-de-cuerno\\\/#breadcrumb\"},\"inLanguage\":\"es\",\"potentialAction\":[{\"@type\":\"ReadAction\",\"target\":[\"https:\\\/\\\/teterete.com\\\/mx\\\/producto\\\/clutch-con-boton-de-cuerno\\\/\"]}]},{\"@type\":\"ImageObject\",\"inLanguage\":\"es\",\"@id\":\"https:\\\/\\\/teterete.com\\\/mx\\\/producto\\\/clutch-con-boton-de-cuerno\\\/#primaryimage\",\"url\":\"https:\\\/\\\/teterete.com\\\/mx\\\/wp-content\\\/uploads\\\/2019\\\/08\\\/bolso_de_mano_artesanal.png\",\"contentUrl\":\"https:\\\/\\\/teterete.com\\\/mx\\\/wp-content\\\/uploads\\\/2019\\\/08\\\/bolso_de_mano_artesanal.png\",\"width\":640,\"height\":640,\"caption\":\"Bolso de Mano Artesanal\"},{\"@type\":\"BreadcrumbList\",\"@id\":\"https:\\\/\\\/teterete.com\\\/mx\\\/producto\\\/clutch-con-boton-de-cuerno\\\/#breadcrumb\",\"itemListElement\":[{\"@type\":\"ListItem\",\"position\":1,\"name\":\"Home\",\"item\":\"https:\\\/\\\/teterete.com\\\/mx\\\/\"},{\"@type\":\"ListItem\",\"position\":2,\"name\":\"Productos\",\"item\":\"https:\\\/\\\/teterete.com\\\/mx\\\/shop\\\/\"},{\"@type\":\"ListItem\",\"position\":3,\"name\":\"Clutch con Bot\u00f3n de Cuerno\"}]},{\"@type\":\"WebSite\",\"@id\":\"https:\\\/\\\/teterete.com\\\/mx\\\/#website\",\"url\":\"https:\\\/\\\/teterete.com\\\/mx\\\/\",\"name\":\"\",\"description\":\"Tienda en L\u00ednea de Fina Artesanias y Dise\u00f1o Mexicano. Bellas piezas elaboradas a mano por los mejores artesanos del pa\u00eds as\u00ed como piezas de dise\u00f1o y decoraci\u00f3n con inspiraci\u00f3n artesanal.\",\"potentialAction\":[{\"@type\":\"SearchAction\",\"target\":{\"@type\":\"EntryPoint\",\"urlTemplate\":\"https:\\\/\\\/teterete.com\\\/mx\\\/?s={search_term_string}\"},\"query-input\":{\"@type\":\"PropertyValueSpecification\",\"valueRequired\":true,\"valueName\":\"search_term_string\"}}],\"inLanguage\":\"es\"}]}<\/script>\n<!-- \/ Yoast SEO plugin. -->","yoast_head_json":{"title":"Clutch con Bot\u00f3n de Cuerno -","description":"Clutch artesanal con bot\u00f3n de cuerno tallado tejido a mano por artesanas de la zona Maya","robots":{"index":"index","follow":"follow","max-snippet":"max-snippet:-1","max-image-preview":"max-image-preview:large","max-video-preview":"max-video-preview:-1"},"canonical":"https:\/\/teterete.com\/mx\/producto\/clutch-con-boton-de-cuerno\/","og_locale":"es_ES","og_type":"article","og_title":"Clutch con Bot\u00f3n de Cuerno -","og_description":"Clutch artesanal con bot\u00f3n de cuerno tallado tejido a mano por artesanas de la zona Maya","og_url":"https:\/\/teterete.com\/mx\/producto\/clutch-con-boton-de-cuerno\/","article_publisher":"https:\/\/www.facebook.com\/TetereteHome\/","article_modified_time":"2024-02-08T19:45:28+00:00","og_image":[{"width":640,"height":640,"url":"https:\/\/teterete.com\/mx\/wp-content\/uploads\/2019\/08\/bolso_de_mano_artesanal.png","type":"image\/png"}],"twitter_card":"summary_large_image","twitter_site":"@Teterete_Home","twitter_misc":{"Tiempo de lectura":"1 minuto"},"schema":{"@context":"https:\/\/schema.org","@graph":[{"@type":"WebPage","@id":"https:\/\/teterete.com\/mx\/producto\/clutch-con-boton-de-cuerno\/","url":"https:\/\/teterete.com\/mx\/producto\/clutch-con-boton-de-cuerno\/","name":"Clutch con Bot\u00f3n de Cuerno -","isPartOf":{"@id":"https:\/\/teterete.com\/mx\/#website"},"primaryImageOfPage":{"@id":"https:\/\/teterete.com\/mx\/producto\/clutch-con-boton-de-cuerno\/#primaryimage"},"image":{"@id":"https:\/\/teterete.com\/mx\/producto\/clutch-con-boton-de-cuerno\/#primaryimage"},"thumbnailUrl":"https:\/\/teterete.com\/mx\/wp-content\/uploads\/2019\/08\/bolso_de_mano_artesanal.png","datePublished":"2019-08-07T17:53:35+00:00","dateModified":"2024-02-08T19:45:28+00:00","description":"Clutch artesanal con bot\u00f3n de cuerno tallado tejido a mano por artesanas de la zona Maya","breadcrumb":{"@id":"https:\/\/teterete.com\/mx\/producto\/clutch-con-boton-de-cuerno\/#breadcrumb"},"inLanguage":"es","potentialAction":[{"@type":"ReadAction","target":["https:\/\/teterete.com\/mx\/producto\/clutch-con-boton-de-cuerno\/"]}]},{"@type":"ImageObject","inLanguage":"es","@id":"https:\/\/teterete.com\/mx\/producto\/clutch-con-boton-de-cuerno\/#primaryimage","url":"https:\/\/teterete.com\/mx\/wp-content\/uploads\/2019\/08\/bolso_de_mano_artesanal.png","contentUrl":"https:\/\/teterete.com\/mx\/wp-content\/uploads\/2019\/08\/bolso_de_mano_artesanal.png","width":640,"height":640,"caption":"Bolso de Mano Artesanal"},{"@type":"BreadcrumbList","@id":"https:\/\/teterete.com\/mx\/producto\/clutch-con-boton-de-cuerno\/#breadcrumb","itemListElement":[{"@type":"ListItem","position":1,"name":"Home","item":"https:\/\/teterete.com\/mx\/"},{"@type":"ListItem","position":2,"name":"Productos","item":"https:\/\/teterete.com\/mx\/shop\/"},{"@type":"ListItem","position":3,"name":"Clutch con Bot\u00f3n de Cuerno"}]},{"@type":"WebSite","@id":"https:\/\/teterete.com\/mx\/#website","url":"https:\/\/teterete.com\/mx\/","name":"","description":"Tienda en L\u00ednea de Fina Artesanias y Dise\u00f1o Mexicano. Bellas piezas elaboradas a mano por los mejores artesanos del pa\u00eds as\u00ed como piezas de dise\u00f1o y decoraci\u00f3n con inspiraci\u00f3n artesanal.","potentialAction":[{"@type":"SearchAction","target":{"@type":"EntryPoint","urlTemplate":"https:\/\/teterete.com\/mx\/?s={search_term_string}"},"query-input":{"@type":"PropertyValueSpecification","valueRequired":true,"valueName":"search_term_string"}}],"inLanguage":"es"}]}},"_links":{"self":[{"href":"https:\/\/teterete.com\/mx\/wp-json\/wp\/v2\/product\/6551","targetHints":{"allow":["GET"]}}],"collection":[{"href":"https:\/\/teterete.com\/mx\/wp-json\/wp\/v2\/product"}],"about":[{"href":"https:\/\/teterete.com\/mx\/wp-json\/wp\/v2\/types\/product"}],"replies":[{"embeddable":true,"href":"https:\/\/teterete.com\/mx\/wp-json\/wp\/v2\/comments?post=6551"}],"wp:featuredmedia":[{"embeddable":true,"href":"https:\/\/teterete.com\/mx\/wp-json\/wp\/v2\/media\/6554"}],"wp:attachment":[{"href":"https:\/\/teterete.com\/mx\/wp-json\/wp\/v2\/media?parent=6551"}],"wp:term":[{"taxonomy":"product_brand","embeddable":true,"href":"https:\/\/teterete.com\/mx\/wp-json\/wp\/v2\/product_brand?post=6551"},{"taxonomy":"product_cat","embeddable":true,"href":"https:\/\/teterete.com\/mx\/wp-json\/wp\/v2\/product_cat?post=6551"},{"taxonomy":"product_tag","embeddable":true,"href":"https:\/\/teterete.com\/mx\/wp-json\/wp\/v2\/product_tag?post=6551"}],"curies":[{"name":"wp","href":"https:\/\/api.w.org\/{rel}","templated":true}]}}