{"id":6610,"date":"2019-08-08T15:17:39","date_gmt":"2019-08-08T15:17:39","guid":{"rendered":"https:\/\/teterete.com\/mx\/?post_type=product&#038;p=6610"},"modified":"2024-02-02T18:16:35","modified_gmt":"2024-02-02T18:16:35","slug":"tortillero-diseno-mexicano-jipijapa","status":"publish","type":"product","link":"https:\/\/teterete.com\/mx\/producto\/tortillero-diseno-mexicano-jipijapa\/","title":{"rendered":"Tortillero Dise\u00f1o Mexicano JipiJapa"},"content":{"rendered":"<p>Material: Palma JipiJapa<\/p>\n<p>T\u00e9cnica: Tejido a Mano<\/p>\n<p>Color: Crudo\/Negro<\/p>\n<p>Dise\u00f1o: Rehilete, Pirinola, Balero<\/p>\n<p>Producto muy demandado s\u00f3lo se toma sobre pedido. 2 a 4 semanas de entrega en caso de no contar con disponibilidad.<\/p>\n","protected":false},"excerpt":{"rendered":"<p>Tortillero JipiJapa tejido a mano por artesanos de la pen\u00ednsula de Yucat\u00e1n, con dise\u00f1os mexicanos en negro y crudo.<\/p>\n","protected":false},"featured_media":6611,"comment_status":"open","ping_status":"closed","template":"","meta":{"_acf_changed":false,"sfsi_plus_gutenberg_text_before_share":"","sfsi_plus_gutenberg_show_text_before_share":"","sfsi_plus_gutenberg_icon_type":"","sfsi_plus_gutenberg_icon_alignemt":"","sfsi_plus_gutenburg_max_per_row":""},"product_brand":[],"product_cat":[1584,683,2057,346,1434],"product_tag":[236,222,1150,1448,1446,1445],"class_list":{"0":"post-6610","1":"product","2":"type-product","3":"status-publish","4":"has-post-thumbnail","6":"product_cat-mesa-mexicana","7":"product_cat-objetos_de_palma","8":"product_cat-regalos-mama","9":"product_cat-servicio-de-mesa","10":"product_cat-taller_maya","11":"product_tag-arte-mexicano","12":"product_tag-artesania-mexicana","13":"product_tag-servicio-de-mesa","14":"product_tag-torillero-jipijapa","15":"product_tag-tortillero-maya","16":"product_tag-tortillero-palma","17":"product_shipping_class-fast-delivery","19":"first","20":"instock","21":"taxable","22":"shipping-taxable","23":"purchasable","24":"product-type-simple"},"acf":[],"yoast_head":"<!-- This site is optimized with the Yoast SEO plugin v27.5 - https:\/\/yoast.com\/product\/yoast-seo-wordpress\/ -->\n<title>Tortillero Dise\u00f1o Mexicano JipiJapa -<\/title>\n<meta name=\"robots\" content=\"index, follow, max-snippet:-1, max-image-preview:large, max-video-preview:-1\" \/>\n<link rel=\"canonical\" href=\"https:\/\/teterete.com\/mx\/producto\/tortillero-diseno-mexicano-jipijapa\/\" \/>\n<meta property=\"og:locale\" content=\"es_ES\" \/>\n<meta property=\"og:type\" content=\"article\" \/>\n<meta property=\"og:title\" content=\"Tortillero Dise\u00f1o Mexicano JipiJapa -\" \/>\n<meta property=\"og:description\" content=\"Tortillero JipiJapa tejido a mano por artesanos de la pen\u00ednsula de Yucat\u00e1n, con dise\u00f1os mexicanos en negro y crudo.\" \/>\n<meta property=\"og:url\" content=\"https:\/\/teterete.com\/mx\/producto\/tortillero-diseno-mexicano-jipijapa\/\" \/>\n<meta property=\"article:publisher\" content=\"https:\/\/www.facebook.com\/TetereteHome\/\" \/>\n<meta property=\"article:modified_time\" content=\"2024-02-02T18:16:35+00:00\" \/>\n<meta property=\"og:image\" content=\"https:\/\/teterete.com\/mx\/wp-content\/uploads\/2019\/08\/tortillero_dise\u00f1o_mexicano.png\" \/>\n\t<meta property=\"og:image:width\" content=\"640\" \/>\n\t<meta property=\"og:image:height\" content=\"640\" \/>\n\t<meta property=\"og:image:type\" content=\"image\/png\" \/>\n<meta name=\"twitter:card\" content=\"summary_large_image\" \/>\n<meta name=\"twitter:site\" content=\"@Teterete_Home\" \/>\n<meta name=\"twitter:label1\" content=\"Tiempo de lectura\" \/>\n\t<meta name=\"twitter:data1\" content=\"1 minuto\" \/>\n<script type=\"application\/ld+json\" class=\"yoast-schema-graph\">{\"@context\":\"https:\\\/\\\/schema.org\",\"@graph\":[{\"@type\":\"WebPage\",\"@id\":\"https:\\\/\\\/teterete.com\\\/mx\\\/producto\\\/tortillero-diseno-mexicano-jipijapa\\\/\",\"url\":\"https:\\\/\\\/teterete.com\\\/mx\\\/producto\\\/tortillero-diseno-mexicano-jipijapa\\\/\",\"name\":\"Tortillero Dise\u00f1o Mexicano JipiJapa -\",\"isPartOf\":{\"@id\":\"https:\\\/\\\/teterete.com\\\/mx\\\/#website\"},\"primaryImageOfPage\":{\"@id\":\"https:\\\/\\\/teterete.com\\\/mx\\\/producto\\\/tortillero-diseno-mexicano-jipijapa\\\/#primaryimage\"},\"image\":{\"@id\":\"https:\\\/\\\/teterete.com\\\/mx\\\/producto\\\/tortillero-diseno-mexicano-jipijapa\\\/#primaryimage\"},\"thumbnailUrl\":\"https:\\\/\\\/teterete.com\\\/mx\\\/wp-content\\\/uploads\\\/2019\\\/08\\\/tortillero_dise\u00f1o_mexicano.png\",\"datePublished\":\"2019-08-08T15:17:39+00:00\",\"dateModified\":\"2024-02-02T18:16:35+00:00\",\"breadcrumb\":{\"@id\":\"https:\\\/\\\/teterete.com\\\/mx\\\/producto\\\/tortillero-diseno-mexicano-jipijapa\\\/#breadcrumb\"},\"inLanguage\":\"es\",\"potentialAction\":[{\"@type\":\"ReadAction\",\"target\":[\"https:\\\/\\\/teterete.com\\\/mx\\\/producto\\\/tortillero-diseno-mexicano-jipijapa\\\/\"]}]},{\"@type\":\"ImageObject\",\"inLanguage\":\"es\",\"@id\":\"https:\\\/\\\/teterete.com\\\/mx\\\/producto\\\/tortillero-diseno-mexicano-jipijapa\\\/#primaryimage\",\"url\":\"https:\\\/\\\/teterete.com\\\/mx\\\/wp-content\\\/uploads\\\/2019\\\/08\\\/tortillero_dise\u00f1o_mexicano.png\",\"contentUrl\":\"https:\\\/\\\/teterete.com\\\/mx\\\/wp-content\\\/uploads\\\/2019\\\/08\\\/tortillero_dise\u00f1o_mexicano.png\",\"width\":640,\"height\":640,\"caption\":\"Tortillero Jipi-Japa\"},{\"@type\":\"BreadcrumbList\",\"@id\":\"https:\\\/\\\/teterete.com\\\/mx\\\/producto\\\/tortillero-diseno-mexicano-jipijapa\\\/#breadcrumb\",\"itemListElement\":[{\"@type\":\"ListItem\",\"position\":1,\"name\":\"Home\",\"item\":\"https:\\\/\\\/teterete.com\\\/mx\\\/\"},{\"@type\":\"ListItem\",\"position\":2,\"name\":\"Productos\",\"item\":\"https:\\\/\\\/teterete.com\\\/mx\\\/shop\\\/\"},{\"@type\":\"ListItem\",\"position\":3,\"name\":\"Tortillero Dise\u00f1o Mexicano JipiJapa\"}]},{\"@type\":\"WebSite\",\"@id\":\"https:\\\/\\\/teterete.com\\\/mx\\\/#website\",\"url\":\"https:\\\/\\\/teterete.com\\\/mx\\\/\",\"name\":\"\",\"description\":\"Tienda en L\u00ednea de Fina Artesanias y Dise\u00f1o Mexicano. Bellas piezas elaboradas a mano por los mejores artesanos del pa\u00eds as\u00ed como piezas de dise\u00f1o y decoraci\u00f3n con inspiraci\u00f3n artesanal.\",\"potentialAction\":[{\"@type\":\"SearchAction\",\"target\":{\"@type\":\"EntryPoint\",\"urlTemplate\":\"https:\\\/\\\/teterete.com\\\/mx\\\/?s={search_term_string}\"},\"query-input\":{\"@type\":\"PropertyValueSpecification\",\"valueRequired\":true,\"valueName\":\"search_term_string\"}}],\"inLanguage\":\"es\"}]}<\/script>\n<!-- \/ Yoast SEO plugin. -->","yoast_head_json":{"title":"Tortillero Dise\u00f1o Mexicano JipiJapa -","robots":{"index":"index","follow":"follow","max-snippet":"max-snippet:-1","max-image-preview":"max-image-preview:large","max-video-preview":"max-video-preview:-1"},"canonical":"https:\/\/teterete.com\/mx\/producto\/tortillero-diseno-mexicano-jipijapa\/","og_locale":"es_ES","og_type":"article","og_title":"Tortillero Dise\u00f1o Mexicano JipiJapa -","og_description":"Tortillero JipiJapa tejido a mano por artesanos de la pen\u00ednsula de Yucat\u00e1n, con dise\u00f1os mexicanos en negro y crudo.","og_url":"https:\/\/teterete.com\/mx\/producto\/tortillero-diseno-mexicano-jipijapa\/","article_publisher":"https:\/\/www.facebook.com\/TetereteHome\/","article_modified_time":"2024-02-02T18:16:35+00:00","og_image":[{"width":640,"height":640,"url":"https:\/\/teterete.com\/mx\/wp-content\/uploads\/2019\/08\/tortillero_dise\u00f1o_mexicano.png","type":"image\/png"}],"twitter_card":"summary_large_image","twitter_site":"@Teterete_Home","twitter_misc":{"Tiempo de lectura":"1 minuto"},"schema":{"@context":"https:\/\/schema.org","@graph":[{"@type":"WebPage","@id":"https:\/\/teterete.com\/mx\/producto\/tortillero-diseno-mexicano-jipijapa\/","url":"https:\/\/teterete.com\/mx\/producto\/tortillero-diseno-mexicano-jipijapa\/","name":"Tortillero Dise\u00f1o Mexicano JipiJapa -","isPartOf":{"@id":"https:\/\/teterete.com\/mx\/#website"},"primaryImageOfPage":{"@id":"https:\/\/teterete.com\/mx\/producto\/tortillero-diseno-mexicano-jipijapa\/#primaryimage"},"image":{"@id":"https:\/\/teterete.com\/mx\/producto\/tortillero-diseno-mexicano-jipijapa\/#primaryimage"},"thumbnailUrl":"https:\/\/teterete.com\/mx\/wp-content\/uploads\/2019\/08\/tortillero_dise\u00f1o_mexicano.png","datePublished":"2019-08-08T15:17:39+00:00","dateModified":"2024-02-02T18:16:35+00:00","breadcrumb":{"@id":"https:\/\/teterete.com\/mx\/producto\/tortillero-diseno-mexicano-jipijapa\/#breadcrumb"},"inLanguage":"es","potentialAction":[{"@type":"ReadAction","target":["https:\/\/teterete.com\/mx\/producto\/tortillero-diseno-mexicano-jipijapa\/"]}]},{"@type":"ImageObject","inLanguage":"es","@id":"https:\/\/teterete.com\/mx\/producto\/tortillero-diseno-mexicano-jipijapa\/#primaryimage","url":"https:\/\/teterete.com\/mx\/wp-content\/uploads\/2019\/08\/tortillero_dise\u00f1o_mexicano.png","contentUrl":"https:\/\/teterete.com\/mx\/wp-content\/uploads\/2019\/08\/tortillero_dise\u00f1o_mexicano.png","width":640,"height":640,"caption":"Tortillero Jipi-Japa"},{"@type":"BreadcrumbList","@id":"https:\/\/teterete.com\/mx\/producto\/tortillero-diseno-mexicano-jipijapa\/#breadcrumb","itemListElement":[{"@type":"ListItem","position":1,"name":"Home","item":"https:\/\/teterete.com\/mx\/"},{"@type":"ListItem","position":2,"name":"Productos","item":"https:\/\/teterete.com\/mx\/shop\/"},{"@type":"ListItem","position":3,"name":"Tortillero Dise\u00f1o Mexicano JipiJapa"}]},{"@type":"WebSite","@id":"https:\/\/teterete.com\/mx\/#website","url":"https:\/\/teterete.com\/mx\/","name":"","description":"Tienda en L\u00ednea de Fina Artesanias y Dise\u00f1o Mexicano. Bellas piezas elaboradas a mano por los mejores artesanos del pa\u00eds as\u00ed como piezas de dise\u00f1o y decoraci\u00f3n con inspiraci\u00f3n artesanal.","potentialAction":[{"@type":"SearchAction","target":{"@type":"EntryPoint","urlTemplate":"https:\/\/teterete.com\/mx\/?s={search_term_string}"},"query-input":{"@type":"PropertyValueSpecification","valueRequired":true,"valueName":"search_term_string"}}],"inLanguage":"es"}]}},"_links":{"self":[{"href":"https:\/\/teterete.com\/mx\/wp-json\/wp\/v2\/product\/6610","targetHints":{"allow":["GET"]}}],"collection":[{"href":"https:\/\/teterete.com\/mx\/wp-json\/wp\/v2\/product"}],"about":[{"href":"https:\/\/teterete.com\/mx\/wp-json\/wp\/v2\/types\/product"}],"replies":[{"embeddable":true,"href":"https:\/\/teterete.com\/mx\/wp-json\/wp\/v2\/comments?post=6610"}],"wp:featuredmedia":[{"embeddable":true,"href":"https:\/\/teterete.com\/mx\/wp-json\/wp\/v2\/media\/6611"}],"wp:attachment":[{"href":"https:\/\/teterete.com\/mx\/wp-json\/wp\/v2\/media?parent=6610"}],"wp:term":[{"taxonomy":"product_brand","embeddable":true,"href":"https:\/\/teterete.com\/mx\/wp-json\/wp\/v2\/product_brand?post=6610"},{"taxonomy":"product_cat","embeddable":true,"href":"https:\/\/teterete.com\/mx\/wp-json\/wp\/v2\/product_cat?post=6610"},{"taxonomy":"product_tag","embeddable":true,"href":"https:\/\/teterete.com\/mx\/wp-json\/wp\/v2\/product_tag?post=6610"}],"curies":[{"name":"wp","href":"https:\/\/api.w.org\/{rel}","templated":true}]}}