{"id":6613,"date":"2019-08-08T15:38:15","date_gmt":"2019-08-08T15:38:15","guid":{"rendered":"https:\/\/teterete.com\/mx\/?post_type=product&#038;p=6613"},"modified":"2024-04-12T23:12:32","modified_gmt":"2024-04-12T23:12:32","slug":"camino-de-mesa-mam-detalle-rombo","status":"publish","type":"product","link":"https:\/\/teterete.com\/mx\/producto\/camino-de-mesa-mam-detalle-rombo\/","title":{"rendered":"Camino de Mesa\/Pie de Cama Rombo"},"content":{"rendered":"<p>T\u00e9cnica: Telar de Cintura<\/p>\n<p>Medidas: 280 x 36 cms<\/p>\n<p>Color: Azul\/Gris<\/p>\n","protected":false},"excerpt":{"rendered":"<p>Bello camino de mesa Maya elaborado en telar de cintura por artesanos de la Pen\u00ednsula de Yucat\u00e1n. Puedes usarlo como pie de cama tambi\u00e9n.<\/p>\n","protected":false},"featured_media":6614,"comment_status":"open","ping_status":"closed","template":"","meta":{"sfsi_plus_gutenberg_text_before_share":"","sfsi_plus_gutenberg_show_text_before_share":"","sfsi_plus_gutenberg_icon_type":"","sfsi_plus_gutenberg_icon_alignemt":"","sfsi_plus_gutenburg_max_per_row":""},"product_cat":[1584,1434,337,345,346],"product_tag":[236,381,1450,1449,1014,1150,308,223],"acf":[],"yoast_head":"<!-- This site is optimized with the Yoast SEO plugin v23.5 - https:\/\/yoast.com\/wordpress\/plugins\/seo\/ -->\n<title>Camino de Mesa\/Pie de Cama Rombo -<\/title>\n<meta name=\"robots\" content=\"index, follow, max-snippet:-1, max-image-preview:large, max-video-preview:-1\" \/>\n<link rel=\"canonical\" href=\"https:\/\/teterete.com\/mx\/producto\/camino-de-mesa-mam-detalle-rombo\/\" \/>\n<meta property=\"og:locale\" content=\"es_ES\" \/>\n<meta property=\"og:type\" content=\"article\" \/>\n<meta property=\"og:title\" content=\"Camino de Mesa\/Pie de Cama Rombo -\" \/>\n<meta property=\"og:description\" content=\"Bello camino de mesa Maya elaborado en telar de cintura por artesanos de la Pen\u00ednsula de Yucat\u00e1n. Puedes usarlo como pie de cama tambi\u00e9n.\" \/>\n<meta property=\"og:url\" content=\"https:\/\/teterete.com\/mx\/producto\/camino-de-mesa-mam-detalle-rombo\/\" \/>\n<meta property=\"article:publisher\" content=\"https:\/\/www.facebook.com\/TetereteHome\/\" \/>\n<meta property=\"article:modified_time\" content=\"2024-04-12T23:12:32+00:00\" \/>\n<meta property=\"og:image\" content=\"https:\/\/teterete.com\/mx\/wp-content\/uploads\/2019\/08\/camino_maya.jpeg\" \/>\n\t<meta property=\"og:image:width\" content=\"1280\" \/>\n\t<meta property=\"og:image:height\" content=\"1279\" \/>\n\t<meta property=\"og:image:type\" content=\"image\/jpeg\" \/>\n<meta name=\"twitter:card\" content=\"summary_large_image\" \/>\n<meta name=\"twitter:site\" content=\"@Teterete_Home\" \/>\n<script type=\"application\/ld+json\" class=\"yoast-schema-graph\">{\"@context\":\"https:\/\/schema.org\",\"@graph\":[{\"@type\":\"WebPage\",\"@id\":\"https:\/\/teterete.com\/mx\/producto\/camino-de-mesa-mam-detalle-rombo\/\",\"url\":\"https:\/\/teterete.com\/mx\/producto\/camino-de-mesa-mam-detalle-rombo\/\",\"name\":\"Camino de Mesa\/Pie de Cama Rombo -\",\"isPartOf\":{\"@id\":\"https:\/\/teterete.com\/mx\/#website\"},\"primaryImageOfPage\":{\"@id\":\"https:\/\/teterete.com\/mx\/producto\/camino-de-mesa-mam-detalle-rombo\/#primaryimage\"},\"image\":{\"@id\":\"https:\/\/teterete.com\/mx\/producto\/camino-de-mesa-mam-detalle-rombo\/#primaryimage\"},\"thumbnailUrl\":\"https:\/\/teterete.com\/mx\/wp-content\/uploads\/2019\/08\/camino_maya.jpeg\",\"datePublished\":\"2019-08-08T15:38:15+00:00\",\"dateModified\":\"2024-04-12T23:12:32+00:00\",\"breadcrumb\":{\"@id\":\"https:\/\/teterete.com\/mx\/producto\/camino-de-mesa-mam-detalle-rombo\/#breadcrumb\"},\"inLanguage\":\"es\",\"potentialAction\":[{\"@type\":\"ReadAction\",\"target\":[\"https:\/\/teterete.com\/mx\/producto\/camino-de-mesa-mam-detalle-rombo\/\"]}]},{\"@type\":\"ImageObject\",\"inLanguage\":\"es\",\"@id\":\"https:\/\/teterete.com\/mx\/producto\/camino-de-mesa-mam-detalle-rombo\/#primaryimage\",\"url\":\"https:\/\/teterete.com\/mx\/wp-content\/uploads\/2019\/08\/camino_maya.jpeg\",\"contentUrl\":\"https:\/\/teterete.com\/mx\/wp-content\/uploads\/2019\/08\/camino_maya.jpeg\",\"width\":1280,\"height\":1279,\"caption\":\"Camino Maya\"},{\"@type\":\"BreadcrumbList\",\"@id\":\"https:\/\/teterete.com\/mx\/producto\/camino-de-mesa-mam-detalle-rombo\/#breadcrumb\",\"itemListElement\":[{\"@type\":\"ListItem\",\"position\":1,\"name\":\"Home\",\"item\":\"https:\/\/teterete.com\/mx\/\"},{\"@type\":\"ListItem\",\"position\":2,\"name\":\"Productos\",\"item\":\"https:\/\/teterete.com\/mx\/shop\/\"},{\"@type\":\"ListItem\",\"position\":3,\"name\":\"Camino de Mesa\/Pie de Cama Rombo\"}]},{\"@type\":\"WebSite\",\"@id\":\"https:\/\/teterete.com\/mx\/#website\",\"url\":\"https:\/\/teterete.com\/mx\/\",\"name\":\"\",\"description\":\"Tienda en L\u00ednea de Fina Artesanias y Dise\u00f1o Mexicano. Bellas piezas elaboradas a mano por los mejores artesanos del pa\u00eds as\u00ed como piezas de dise\u00f1o y decoraci\u00f3n con inspiraci\u00f3n artesanal.\",\"potentialAction\":[{\"@type\":\"SearchAction\",\"target\":{\"@type\":\"EntryPoint\",\"urlTemplate\":\"https:\/\/teterete.com\/mx\/?s={search_term_string}\"},\"query-input\":{\"@type\":\"PropertyValueSpecification\",\"valueRequired\":true,\"valueName\":\"search_term_string\"}}],\"inLanguage\":\"es\"}]}<\/script>\n<!-- \/ Yoast SEO plugin. -->","yoast_head_json":{"title":"Camino de Mesa\/Pie de Cama Rombo -","robots":{"index":"index","follow":"follow","max-snippet":"max-snippet:-1","max-image-preview":"max-image-preview:large","max-video-preview":"max-video-preview:-1"},"canonical":"https:\/\/teterete.com\/mx\/producto\/camino-de-mesa-mam-detalle-rombo\/","og_locale":"es_ES","og_type":"article","og_title":"Camino de Mesa\/Pie de Cama Rombo -","og_description":"Bello camino de mesa Maya elaborado en telar de cintura por artesanos de la Pen\u00ednsula de Yucat\u00e1n. Puedes usarlo como pie de cama tambi\u00e9n.","og_url":"https:\/\/teterete.com\/mx\/producto\/camino-de-mesa-mam-detalle-rombo\/","article_publisher":"https:\/\/www.facebook.com\/TetereteHome\/","article_modified_time":"2024-04-12T23:12:32+00:00","og_image":[{"width":1280,"height":1279,"url":"https:\/\/teterete.com\/mx\/wp-content\/uploads\/2019\/08\/camino_maya.jpeg","type":"image\/jpeg"}],"twitter_card":"summary_large_image","twitter_site":"@Teterete_Home","schema":{"@context":"https:\/\/schema.org","@graph":[{"@type":"WebPage","@id":"https:\/\/teterete.com\/mx\/producto\/camino-de-mesa-mam-detalle-rombo\/","url":"https:\/\/teterete.com\/mx\/producto\/camino-de-mesa-mam-detalle-rombo\/","name":"Camino de Mesa\/Pie de Cama Rombo -","isPartOf":{"@id":"https:\/\/teterete.com\/mx\/#website"},"primaryImageOfPage":{"@id":"https:\/\/teterete.com\/mx\/producto\/camino-de-mesa-mam-detalle-rombo\/#primaryimage"},"image":{"@id":"https:\/\/teterete.com\/mx\/producto\/camino-de-mesa-mam-detalle-rombo\/#primaryimage"},"thumbnailUrl":"https:\/\/teterete.com\/mx\/wp-content\/uploads\/2019\/08\/camino_maya.jpeg","datePublished":"2019-08-08T15:38:15+00:00","dateModified":"2024-04-12T23:12:32+00:00","breadcrumb":{"@id":"https:\/\/teterete.com\/mx\/producto\/camino-de-mesa-mam-detalle-rombo\/#breadcrumb"},"inLanguage":"es","potentialAction":[{"@type":"ReadAction","target":["https:\/\/teterete.com\/mx\/producto\/camino-de-mesa-mam-detalle-rombo\/"]}]},{"@type":"ImageObject","inLanguage":"es","@id":"https:\/\/teterete.com\/mx\/producto\/camino-de-mesa-mam-detalle-rombo\/#primaryimage","url":"https:\/\/teterete.com\/mx\/wp-content\/uploads\/2019\/08\/camino_maya.jpeg","contentUrl":"https:\/\/teterete.com\/mx\/wp-content\/uploads\/2019\/08\/camino_maya.jpeg","width":1280,"height":1279,"caption":"Camino Maya"},{"@type":"BreadcrumbList","@id":"https:\/\/teterete.com\/mx\/producto\/camino-de-mesa-mam-detalle-rombo\/#breadcrumb","itemListElement":[{"@type":"ListItem","position":1,"name":"Home","item":"https:\/\/teterete.com\/mx\/"},{"@type":"ListItem","position":2,"name":"Productos","item":"https:\/\/teterete.com\/mx\/shop\/"},{"@type":"ListItem","position":3,"name":"Camino de Mesa\/Pie de Cama Rombo"}]},{"@type":"WebSite","@id":"https:\/\/teterete.com\/mx\/#website","url":"https:\/\/teterete.com\/mx\/","name":"","description":"Tienda en L\u00ednea de Fina Artesanias y Dise\u00f1o Mexicano. Bellas piezas elaboradas a mano por los mejores artesanos del pa\u00eds as\u00ed como piezas de dise\u00f1o y decoraci\u00f3n con inspiraci\u00f3n artesanal.","potentialAction":[{"@type":"SearchAction","target":{"@type":"EntryPoint","urlTemplate":"https:\/\/teterete.com\/mx\/?s={search_term_string}"},"query-input":{"@type":"PropertyValueSpecification","valueRequired":true,"valueName":"search_term_string"}}],"inLanguage":"es"}]}},"_links":{"self":[{"href":"https:\/\/teterete.com\/mx\/wp-json\/wp\/v2\/product\/6613"}],"collection":[{"href":"https:\/\/teterete.com\/mx\/wp-json\/wp\/v2\/product"}],"about":[{"href":"https:\/\/teterete.com\/mx\/wp-json\/wp\/v2\/types\/product"}],"replies":[{"embeddable":true,"href":"https:\/\/teterete.com\/mx\/wp-json\/wp\/v2\/comments?post=6613"}],"wp:featuredmedia":[{"embeddable":true,"href":"https:\/\/teterete.com\/mx\/wp-json\/wp\/v2\/media\/6614"}],"wp:attachment":[{"href":"https:\/\/teterete.com\/mx\/wp-json\/wp\/v2\/media?parent=6613"}],"wp:term":[{"taxonomy":"product_cat","embeddable":true,"href":"https:\/\/teterete.com\/mx\/wp-json\/wp\/v2\/product_cat?post=6613"},{"taxonomy":"product_tag","embeddable":true,"href":"https:\/\/teterete.com\/mx\/wp-json\/wp\/v2\/product_tag?post=6613"}],"curies":[{"name":"wp","href":"https:\/\/api.w.org\/{rel}","templated":true}]}}