{"id":6660,"date":"2019-08-10T19:28:05","date_gmt":"2019-08-10T19:28:05","guid":{"rendered":"https:\/\/teterete.com\/mx\/?post_type=product&#038;p=6660"},"modified":"2023-07-28T21:52:53","modified_gmt":"2023-07-28T21:52:53","slug":"mesas-de-centro","status":"publish","type":"product","link":"https:\/\/teterete.com\/mx\/producto\/mesas-de-centro\/","title":{"rendered":"Mesas de Centro Mirlo"},"content":{"rendered":"<p>MATERIALES: acero, madera y detalle en lat\u00f3n<\/p>\n<p>MEDIDAS APROXIMADAS:<\/p>\n<p>GRANDE (diam. 90 cm H55cm) MED. (70cm diam. H45cm ) AUXILIAR( 45Vcm diam. H62cm)<\/p>\n<p>COLORES DISPONIBLES: acero negro, madera clara, oscura, gris.<\/p>\n<p>**Considerar que en caso de no contar con existencias la producci\u00f3n lleva 3 semanas.<\/p>\n","protected":false},"excerpt":{"rendered":"<p>Juego de mesas de centro Mirlo. 3 tama\u00f1os y dise\u00f1os para crear un gran espacio con los los distintos colores y formas.<\/p>\n","protected":false},"featured_media":10214,"comment_status":"open","ping_status":"closed","template":"","meta":{"sfsi_plus_gutenberg_text_before_share":"","sfsi_plus_gutenberg_show_text_before_share":"","sfsi_plus_gutenberg_icon_type":"","sfsi_plus_gutenberg_icon_alignemt":"","sfsi_plus_gutenburg_max_per_row":""},"product_cat":[1499],"product_tag":[232,1688,1644,2222,2223],"acf":[],"yoast_head":"<!-- This site is optimized with the Yoast SEO plugin v23.5 - https:\/\/yoast.com\/wordpress\/plugins\/seo\/ -->\n<title>Mesas de Centro Mirlo -<\/title>\n<meta name=\"robots\" content=\"index, follow, max-snippet:-1, max-image-preview:large, max-video-preview:-1\" \/>\n<link rel=\"canonical\" href=\"https:\/\/teterete.com\/mx\/producto\/mesas-de-centro\/\" \/>\n<meta property=\"og:locale\" content=\"es_ES\" \/>\n<meta property=\"og:type\" content=\"article\" \/>\n<meta property=\"og:title\" content=\"Mesas de Centro Mirlo -\" \/>\n<meta property=\"og:description\" content=\"Juego de mesas de centro Mirlo. 3 tama\u00f1os y dise\u00f1os para crear un gran espacio con los los distintos colores y formas.\" \/>\n<meta property=\"og:url\" content=\"https:\/\/teterete.com\/mx\/producto\/mesas-de-centro\/\" \/>\n<meta property=\"article:publisher\" content=\"https:\/\/www.facebook.com\/TetereteHome\/\" \/>\n<meta property=\"article:modified_time\" content=\"2023-07-28T21:52:53+00:00\" \/>\n<meta property=\"og:image\" content=\"https:\/\/teterete.com\/mx\/wp-content\/uploads\/2019\/08\/mesas-mirlo.jpg\" \/>\n\t<meta property=\"og:image:width\" content=\"547\" \/>\n\t<meta property=\"og:image:height\" content=\"354\" \/>\n\t<meta property=\"og:image:type\" content=\"image\/jpeg\" \/>\n<meta name=\"twitter:card\" content=\"summary_large_image\" \/>\n<meta name=\"twitter:site\" content=\"@Teterete_Home\" \/>\n<script type=\"application\/ld+json\" class=\"yoast-schema-graph\">{\"@context\":\"https:\/\/schema.org\",\"@graph\":[{\"@type\":\"WebPage\",\"@id\":\"https:\/\/teterete.com\/mx\/producto\/mesas-de-centro\/\",\"url\":\"https:\/\/teterete.com\/mx\/producto\/mesas-de-centro\/\",\"name\":\"Mesas de Centro Mirlo -\",\"isPartOf\":{\"@id\":\"https:\/\/teterete.com\/mx\/#website\"},\"primaryImageOfPage\":{\"@id\":\"https:\/\/teterete.com\/mx\/producto\/mesas-de-centro\/#primaryimage\"},\"image\":{\"@id\":\"https:\/\/teterete.com\/mx\/producto\/mesas-de-centro\/#primaryimage\"},\"thumbnailUrl\":\"https:\/\/teterete.com\/mx\/wp-content\/uploads\/2019\/08\/mesas-mirlo.jpg\",\"datePublished\":\"2019-08-10T19:28:05+00:00\",\"dateModified\":\"2023-07-28T21:52:53+00:00\",\"breadcrumb\":{\"@id\":\"https:\/\/teterete.com\/mx\/producto\/mesas-de-centro\/#breadcrumb\"},\"inLanguage\":\"es\",\"potentialAction\":[{\"@type\":\"ReadAction\",\"target\":[\"https:\/\/teterete.com\/mx\/producto\/mesas-de-centro\/\"]}]},{\"@type\":\"ImageObject\",\"inLanguage\":\"es\",\"@id\":\"https:\/\/teterete.com\/mx\/producto\/mesas-de-centro\/#primaryimage\",\"url\":\"https:\/\/teterete.com\/mx\/wp-content\/uploads\/2019\/08\/mesas-mirlo.jpg\",\"contentUrl\":\"https:\/\/teterete.com\/mx\/wp-content\/uploads\/2019\/08\/mesas-mirlo.jpg\",\"width\":\"547\",\"height\":\"354\"},{\"@type\":\"BreadcrumbList\",\"@id\":\"https:\/\/teterete.com\/mx\/producto\/mesas-de-centro\/#breadcrumb\",\"itemListElement\":[{\"@type\":\"ListItem\",\"position\":1,\"name\":\"Home\",\"item\":\"https:\/\/teterete.com\/mx\/\"},{\"@type\":\"ListItem\",\"position\":2,\"name\":\"Productos\",\"item\":\"https:\/\/teterete.com\/mx\/shop\/\"},{\"@type\":\"ListItem\",\"position\":3,\"name\":\"Mesas de Centro Mirlo\"}]},{\"@type\":\"WebSite\",\"@id\":\"https:\/\/teterete.com\/mx\/#website\",\"url\":\"https:\/\/teterete.com\/mx\/\",\"name\":\"\",\"description\":\"Tienda en L\u00ednea de Fina Artesanias y Dise\u00f1o Mexicano. Bellas piezas elaboradas a mano por los mejores artesanos del pa\u00eds as\u00ed como piezas de dise\u00f1o y decoraci\u00f3n con inspiraci\u00f3n artesanal.\",\"potentialAction\":[{\"@type\":\"SearchAction\",\"target\":{\"@type\":\"EntryPoint\",\"urlTemplate\":\"https:\/\/teterete.com\/mx\/?s={search_term_string}\"},\"query-input\":{\"@type\":\"PropertyValueSpecification\",\"valueRequired\":true,\"valueName\":\"search_term_string\"}}],\"inLanguage\":\"es\"}]}<\/script>\n<!-- \/ Yoast SEO plugin. -->","yoast_head_json":{"title":"Mesas de Centro Mirlo -","robots":{"index":"index","follow":"follow","max-snippet":"max-snippet:-1","max-image-preview":"max-image-preview:large","max-video-preview":"max-video-preview:-1"},"canonical":"https:\/\/teterete.com\/mx\/producto\/mesas-de-centro\/","og_locale":"es_ES","og_type":"article","og_title":"Mesas de Centro Mirlo -","og_description":"Juego de mesas de centro Mirlo. 3 tama\u00f1os y dise\u00f1os para crear un gran espacio con los los distintos colores y formas.","og_url":"https:\/\/teterete.com\/mx\/producto\/mesas-de-centro\/","article_publisher":"https:\/\/www.facebook.com\/TetereteHome\/","article_modified_time":"2023-07-28T21:52:53+00:00","og_image":[{"width":547,"height":354,"url":"https:\/\/teterete.com\/mx\/wp-content\/uploads\/2019\/08\/mesas-mirlo.jpg","type":"image\/jpeg"}],"twitter_card":"summary_large_image","twitter_site":"@Teterete_Home","schema":{"@context":"https:\/\/schema.org","@graph":[{"@type":"WebPage","@id":"https:\/\/teterete.com\/mx\/producto\/mesas-de-centro\/","url":"https:\/\/teterete.com\/mx\/producto\/mesas-de-centro\/","name":"Mesas de Centro Mirlo -","isPartOf":{"@id":"https:\/\/teterete.com\/mx\/#website"},"primaryImageOfPage":{"@id":"https:\/\/teterete.com\/mx\/producto\/mesas-de-centro\/#primaryimage"},"image":{"@id":"https:\/\/teterete.com\/mx\/producto\/mesas-de-centro\/#primaryimage"},"thumbnailUrl":"https:\/\/teterete.com\/mx\/wp-content\/uploads\/2019\/08\/mesas-mirlo.jpg","datePublished":"2019-08-10T19:28:05+00:00","dateModified":"2023-07-28T21:52:53+00:00","breadcrumb":{"@id":"https:\/\/teterete.com\/mx\/producto\/mesas-de-centro\/#breadcrumb"},"inLanguage":"es","potentialAction":[{"@type":"ReadAction","target":["https:\/\/teterete.com\/mx\/producto\/mesas-de-centro\/"]}]},{"@type":"ImageObject","inLanguage":"es","@id":"https:\/\/teterete.com\/mx\/producto\/mesas-de-centro\/#primaryimage","url":"https:\/\/teterete.com\/mx\/wp-content\/uploads\/2019\/08\/mesas-mirlo.jpg","contentUrl":"https:\/\/teterete.com\/mx\/wp-content\/uploads\/2019\/08\/mesas-mirlo.jpg","width":"547","height":"354"},{"@type":"BreadcrumbList","@id":"https:\/\/teterete.com\/mx\/producto\/mesas-de-centro\/#breadcrumb","itemListElement":[{"@type":"ListItem","position":1,"name":"Home","item":"https:\/\/teterete.com\/mx\/"},{"@type":"ListItem","position":2,"name":"Productos","item":"https:\/\/teterete.com\/mx\/shop\/"},{"@type":"ListItem","position":3,"name":"Mesas de Centro Mirlo"}]},{"@type":"WebSite","@id":"https:\/\/teterete.com\/mx\/#website","url":"https:\/\/teterete.com\/mx\/","name":"","description":"Tienda en L\u00ednea de Fina Artesanias y Dise\u00f1o Mexicano. Bellas piezas elaboradas a mano por los mejores artesanos del pa\u00eds as\u00ed como piezas de dise\u00f1o y decoraci\u00f3n con inspiraci\u00f3n artesanal.","potentialAction":[{"@type":"SearchAction","target":{"@type":"EntryPoint","urlTemplate":"https:\/\/teterete.com\/mx\/?s={search_term_string}"},"query-input":{"@type":"PropertyValueSpecification","valueRequired":true,"valueName":"search_term_string"}}],"inLanguage":"es"}]}},"_links":{"self":[{"href":"https:\/\/teterete.com\/mx\/wp-json\/wp\/v2\/product\/6660"}],"collection":[{"href":"https:\/\/teterete.com\/mx\/wp-json\/wp\/v2\/product"}],"about":[{"href":"https:\/\/teterete.com\/mx\/wp-json\/wp\/v2\/types\/product"}],"replies":[{"embeddable":true,"href":"https:\/\/teterete.com\/mx\/wp-json\/wp\/v2\/comments?post=6660"}],"wp:featuredmedia":[{"embeddable":true,"href":"https:\/\/teterete.com\/mx\/wp-json\/wp\/v2\/media\/10214"}],"wp:attachment":[{"href":"https:\/\/teterete.com\/mx\/wp-json\/wp\/v2\/media?parent=6660"}],"wp:term":[{"taxonomy":"product_cat","embeddable":true,"href":"https:\/\/teterete.com\/mx\/wp-json\/wp\/v2\/product_cat?post=6660"},{"taxonomy":"product_tag","embeddable":true,"href":"https:\/\/teterete.com\/mx\/wp-json\/wp\/v2\/product_tag?post=6660"}],"curies":[{"name":"wp","href":"https:\/\/api.w.org\/{rel}","templated":true}]}}