{"id":6671,"date":"2019-08-13T14:07:54","date_gmt":"2019-08-13T14:07:54","guid":{"rendered":"https:\/\/teterete.com\/mx\/?post_type=product&#038;p=6671"},"modified":"2024-08-31T14:24:57","modified_gmt":"2024-08-31T14:24:57","slug":"lampara-media-luna-laton-viejo","status":"publish","type":"product","link":"https:\/\/teterete.com\/mx\/producto\/lampara-media-luna-laton-viejo\/","title":{"rendered":"L\u00e1mpara Media Luna Lat\u00f3n Viejo"},"content":{"rendered":"<p>Medida: 33 cms de di\u00e1metro<\/p>\n<p>Material: Lat\u00f3n y madera<\/p>\n<p>Color: Lat\u00f3n<\/p>\n<p>**Considerar que en caso de no contar con existencias la producci\u00f3n lleva 3 semanas.<\/p>\n","protected":false},"excerpt":{"rendered":"<p>L\u00e1mpara de acero ratonado terminado viejo con detallen madera. Ideal para cocina o barra<\/p>\n","protected":false},"featured_media":6673,"comment_status":"open","ping_status":"closed","template":"","meta":{"sfsi_plus_gutenberg_text_before_share":"","sfsi_plus_gutenberg_show_text_before_share":"","sfsi_plus_gutenberg_icon_type":"","sfsi_plus_gutenberg_icon_alignemt":"","sfsi_plus_gutenburg_max_per_row":""},"product_cat":[1200,1499,351],"product_tag":[1489,1488,1485,1486,1487],"acf":[],"yoast_head":"<!-- This site is optimized with the Yoast SEO plugin v23.5 - https:\/\/yoast.com\/wordpress\/plugins\/seo\/ -->\n<title>L\u00e1mpara Media Luna Lat\u00f3n Viejo -<\/title>\n<meta name=\"robots\" content=\"index, follow, max-snippet:-1, max-image-preview:large, max-video-preview:-1\" \/>\n<link rel=\"canonical\" href=\"https:\/\/teterete.com\/mx\/producto\/lampara-media-luna-laton-viejo\/\" \/>\n<meta property=\"og:locale\" content=\"es_ES\" \/>\n<meta property=\"og:type\" content=\"article\" \/>\n<meta property=\"og:title\" content=\"L\u00e1mpara Media Luna Lat\u00f3n Viejo -\" \/>\n<meta property=\"og:description\" content=\"L\u00e1mpara de acero ratonado terminado viejo con detallen madera. Ideal para cocina o barra\" \/>\n<meta property=\"og:url\" content=\"https:\/\/teterete.com\/mx\/producto\/lampara-media-luna-laton-viejo\/\" \/>\n<meta property=\"article:publisher\" content=\"https:\/\/www.facebook.com\/TetereteHome\/\" \/>\n<meta property=\"article:modified_time\" content=\"2024-08-31T14:24:57+00:00\" \/>\n<meta property=\"og:image\" content=\"https:\/\/teterete.com\/mx\/wp-content\/uploads\/2019\/08\/lampara_laton.jpeg\" \/>\n\t<meta property=\"og:image:width\" content=\"388\" \/>\n\t<meta property=\"og:image:height\" content=\"388\" \/>\n\t<meta property=\"og:image:type\" content=\"image\/jpeg\" \/>\n<meta name=\"twitter:card\" content=\"summary_large_image\" \/>\n<meta name=\"twitter:site\" content=\"@Teterete_Home\" \/>\n<script type=\"application\/ld+json\" class=\"yoast-schema-graph\">{\"@context\":\"https:\/\/schema.org\",\"@graph\":[{\"@type\":\"WebPage\",\"@id\":\"https:\/\/teterete.com\/mx\/producto\/lampara-media-luna-laton-viejo\/\",\"url\":\"https:\/\/teterete.com\/mx\/producto\/lampara-media-luna-laton-viejo\/\",\"name\":\"L\u00e1mpara Media Luna Lat\u00f3n Viejo -\",\"isPartOf\":{\"@id\":\"https:\/\/teterete.com\/mx\/#website\"},\"primaryImageOfPage\":{\"@id\":\"https:\/\/teterete.com\/mx\/producto\/lampara-media-luna-laton-viejo\/#primaryimage\"},\"image\":{\"@id\":\"https:\/\/teterete.com\/mx\/producto\/lampara-media-luna-laton-viejo\/#primaryimage\"},\"thumbnailUrl\":\"https:\/\/teterete.com\/mx\/wp-content\/uploads\/2019\/08\/lampara_laton.jpeg\",\"datePublished\":\"2019-08-13T14:07:54+00:00\",\"dateModified\":\"2024-08-31T14:24:57+00:00\",\"breadcrumb\":{\"@id\":\"https:\/\/teterete.com\/mx\/producto\/lampara-media-luna-laton-viejo\/#breadcrumb\"},\"inLanguage\":\"es\",\"potentialAction\":[{\"@type\":\"ReadAction\",\"target\":[\"https:\/\/teterete.com\/mx\/producto\/lampara-media-luna-laton-viejo\/\"]}]},{\"@type\":\"ImageObject\",\"inLanguage\":\"es\",\"@id\":\"https:\/\/teterete.com\/mx\/producto\/lampara-media-luna-laton-viejo\/#primaryimage\",\"url\":\"https:\/\/teterete.com\/mx\/wp-content\/uploads\/2019\/08\/lampara_laton.jpeg\",\"contentUrl\":\"https:\/\/teterete.com\/mx\/wp-content\/uploads\/2019\/08\/lampara_laton.jpeg\",\"width\":388,\"height\":388,\"caption\":\"L\u00e1mpara Lat\u00f3n Viejo\"},{\"@type\":\"BreadcrumbList\",\"@id\":\"https:\/\/teterete.com\/mx\/producto\/lampara-media-luna-laton-viejo\/#breadcrumb\",\"itemListElement\":[{\"@type\":\"ListItem\",\"position\":1,\"name\":\"Home\",\"item\":\"https:\/\/teterete.com\/mx\/\"},{\"@type\":\"ListItem\",\"position\":2,\"name\":\"Productos\",\"item\":\"https:\/\/teterete.com\/mx\/shop\/\"},{\"@type\":\"ListItem\",\"position\":3,\"name\":\"L\u00e1mpara Media Luna Lat\u00f3n Viejo\"}]},{\"@type\":\"WebSite\",\"@id\":\"https:\/\/teterete.com\/mx\/#website\",\"url\":\"https:\/\/teterete.com\/mx\/\",\"name\":\"\",\"description\":\"Tienda en L\u00ednea de Fina Artesanias y Dise\u00f1o Mexicano. Bellas piezas elaboradas a mano por los mejores artesanos del pa\u00eds as\u00ed como piezas de dise\u00f1o y decoraci\u00f3n con inspiraci\u00f3n artesanal.\",\"potentialAction\":[{\"@type\":\"SearchAction\",\"target\":{\"@type\":\"EntryPoint\",\"urlTemplate\":\"https:\/\/teterete.com\/mx\/?s={search_term_string}\"},\"query-input\":{\"@type\":\"PropertyValueSpecification\",\"valueRequired\":true,\"valueName\":\"search_term_string\"}}],\"inLanguage\":\"es\"}]}<\/script>\n<!-- \/ Yoast SEO plugin. -->","yoast_head_json":{"title":"L\u00e1mpara Media Luna Lat\u00f3n Viejo -","robots":{"index":"index","follow":"follow","max-snippet":"max-snippet:-1","max-image-preview":"max-image-preview:large","max-video-preview":"max-video-preview:-1"},"canonical":"https:\/\/teterete.com\/mx\/producto\/lampara-media-luna-laton-viejo\/","og_locale":"es_ES","og_type":"article","og_title":"L\u00e1mpara Media Luna Lat\u00f3n Viejo -","og_description":"L\u00e1mpara de acero ratonado terminado viejo con detallen madera. Ideal para cocina o barra","og_url":"https:\/\/teterete.com\/mx\/producto\/lampara-media-luna-laton-viejo\/","article_publisher":"https:\/\/www.facebook.com\/TetereteHome\/","article_modified_time":"2024-08-31T14:24:57+00:00","og_image":[{"width":388,"height":388,"url":"https:\/\/teterete.com\/mx\/wp-content\/uploads\/2019\/08\/lampara_laton.jpeg","type":"image\/jpeg"}],"twitter_card":"summary_large_image","twitter_site":"@Teterete_Home","schema":{"@context":"https:\/\/schema.org","@graph":[{"@type":"WebPage","@id":"https:\/\/teterete.com\/mx\/producto\/lampara-media-luna-laton-viejo\/","url":"https:\/\/teterete.com\/mx\/producto\/lampara-media-luna-laton-viejo\/","name":"L\u00e1mpara Media Luna Lat\u00f3n Viejo -","isPartOf":{"@id":"https:\/\/teterete.com\/mx\/#website"},"primaryImageOfPage":{"@id":"https:\/\/teterete.com\/mx\/producto\/lampara-media-luna-laton-viejo\/#primaryimage"},"image":{"@id":"https:\/\/teterete.com\/mx\/producto\/lampara-media-luna-laton-viejo\/#primaryimage"},"thumbnailUrl":"https:\/\/teterete.com\/mx\/wp-content\/uploads\/2019\/08\/lampara_laton.jpeg","datePublished":"2019-08-13T14:07:54+00:00","dateModified":"2024-08-31T14:24:57+00:00","breadcrumb":{"@id":"https:\/\/teterete.com\/mx\/producto\/lampara-media-luna-laton-viejo\/#breadcrumb"},"inLanguage":"es","potentialAction":[{"@type":"ReadAction","target":["https:\/\/teterete.com\/mx\/producto\/lampara-media-luna-laton-viejo\/"]}]},{"@type":"ImageObject","inLanguage":"es","@id":"https:\/\/teterete.com\/mx\/producto\/lampara-media-luna-laton-viejo\/#primaryimage","url":"https:\/\/teterete.com\/mx\/wp-content\/uploads\/2019\/08\/lampara_laton.jpeg","contentUrl":"https:\/\/teterete.com\/mx\/wp-content\/uploads\/2019\/08\/lampara_laton.jpeg","width":388,"height":388,"caption":"L\u00e1mpara Lat\u00f3n Viejo"},{"@type":"BreadcrumbList","@id":"https:\/\/teterete.com\/mx\/producto\/lampara-media-luna-laton-viejo\/#breadcrumb","itemListElement":[{"@type":"ListItem","position":1,"name":"Home","item":"https:\/\/teterete.com\/mx\/"},{"@type":"ListItem","position":2,"name":"Productos","item":"https:\/\/teterete.com\/mx\/shop\/"},{"@type":"ListItem","position":3,"name":"L\u00e1mpara Media Luna Lat\u00f3n Viejo"}]},{"@type":"WebSite","@id":"https:\/\/teterete.com\/mx\/#website","url":"https:\/\/teterete.com\/mx\/","name":"","description":"Tienda en L\u00ednea de Fina Artesanias y Dise\u00f1o Mexicano. Bellas piezas elaboradas a mano por los mejores artesanos del pa\u00eds as\u00ed como piezas de dise\u00f1o y decoraci\u00f3n con inspiraci\u00f3n artesanal.","potentialAction":[{"@type":"SearchAction","target":{"@type":"EntryPoint","urlTemplate":"https:\/\/teterete.com\/mx\/?s={search_term_string}"},"query-input":{"@type":"PropertyValueSpecification","valueRequired":true,"valueName":"search_term_string"}}],"inLanguage":"es"}]}},"_links":{"self":[{"href":"https:\/\/teterete.com\/mx\/wp-json\/wp\/v2\/product\/6671"}],"collection":[{"href":"https:\/\/teterete.com\/mx\/wp-json\/wp\/v2\/product"}],"about":[{"href":"https:\/\/teterete.com\/mx\/wp-json\/wp\/v2\/types\/product"}],"replies":[{"embeddable":true,"href":"https:\/\/teterete.com\/mx\/wp-json\/wp\/v2\/comments?post=6671"}],"wp:featuredmedia":[{"embeddable":true,"href":"https:\/\/teterete.com\/mx\/wp-json\/wp\/v2\/media\/6673"}],"wp:attachment":[{"href":"https:\/\/teterete.com\/mx\/wp-json\/wp\/v2\/media?parent=6671"}],"wp:term":[{"taxonomy":"product_cat","embeddable":true,"href":"https:\/\/teterete.com\/mx\/wp-json\/wp\/v2\/product_cat?post=6671"},{"taxonomy":"product_tag","embeddable":true,"href":"https:\/\/teterete.com\/mx\/wp-json\/wp\/v2\/product_tag?post=6671"}],"curies":[{"name":"wp","href":"https:\/\/api.w.org\/{rel}","templated":true}]}}