{"id":6690,"date":"2019-08-13T16:10:57","date_gmt":"2019-08-13T16:10:57","guid":{"rendered":"https:\/\/teterete.com\/mx\/?post_type=product&#038;p=6690"},"modified":"2025-05-13T18:14:09","modified_gmt":"2025-05-13T18:14:09","slug":"maceta-eva-grande-de-pedestal","status":"publish","type":"product","link":"https:\/\/teterete.com\/mx\/producto\/maceta-eva-grande-de-pedestal\/","title":{"rendered":"Maceta Eva Grande de Pedestal"},"content":{"rendered":"<p>Medidas: 45 cms de di\u00e1metro x 1.1 M de altura<\/p>\n<p>Color: Blanca<\/p>\n<p>Material: Madera y Cer\u00e1mica<\/p>\n<p>**Considerar que en caso de no contar con existencias la producci\u00f3n lleva 3 semanas.<\/p>\n","protected":false},"excerpt":{"rendered":"<p>Base en madera y maceta en forma de gota elaborada en cer\u00e1mica blanca. Gran pieza para interior<\/p>\n","protected":false},"featured_media":6692,"comment_status":"open","ping_status":"closed","template":"","meta":{"sfsi_plus_gutenberg_text_before_share":"","sfsi_plus_gutenberg_show_text_before_share":"","sfsi_plus_gutenberg_icon_type":"","sfsi_plus_gutenberg_icon_alignemt":"","sfsi_plus_gutenburg_max_per_row":""},"product_cat":[1499,334,682],"product_tag":[236,232,1491,1494,1493,1496,1495],"acf":[],"yoast_head":"<!-- This site is optimized with the Yoast SEO plugin v23.5 - https:\/\/yoast.com\/wordpress\/plugins\/seo\/ -->\n<title>Maceta Eva Grande de Pedestal -<\/title>\n<meta name=\"robots\" content=\"index, follow, max-snippet:-1, max-image-preview:large, max-video-preview:-1\" \/>\n<link rel=\"canonical\" href=\"https:\/\/teterete.com\/mx\/producto\/maceta-eva-grande-de-pedestal\/\" \/>\n<meta property=\"og:locale\" content=\"es_ES\" \/>\n<meta property=\"og:type\" content=\"article\" \/>\n<meta property=\"og:title\" content=\"Maceta Eva Grande de Pedestal -\" \/>\n<meta property=\"og:description\" content=\"Base en madera y maceta en forma de gota elaborada en cer\u00e1mica blanca. Gran pieza para interior\" \/>\n<meta property=\"og:url\" content=\"https:\/\/teterete.com\/mx\/producto\/maceta-eva-grande-de-pedestal\/\" \/>\n<meta property=\"article:publisher\" content=\"https:\/\/www.facebook.com\/TetereteHome\/\" \/>\n<meta property=\"article:modified_time\" content=\"2025-05-13T18:14:09+00:00\" \/>\n<meta property=\"og:image\" content=\"https:\/\/teterete.com\/mx\/wp-content\/uploads\/2019\/08\/eva.pedestal.grande.jpg\" \/>\n\t<meta property=\"og:image:width\" content=\"800\" \/>\n\t<meta property=\"og:image:height\" content=\"800\" \/>\n\t<meta property=\"og:image:type\" content=\"image\/jpeg\" \/>\n<meta name=\"twitter:card\" content=\"summary_large_image\" \/>\n<meta name=\"twitter:site\" content=\"@Teterete_Home\" \/>\n<meta name=\"twitter:label1\" content=\"Tiempo de lectura\" \/>\n\t<meta name=\"twitter:data1\" content=\"1 minuto\" \/>\n<script type=\"application\/ld+json\" class=\"yoast-schema-graph\">{\"@context\":\"https:\/\/schema.org\",\"@graph\":[{\"@type\":\"WebPage\",\"@id\":\"https:\/\/teterete.com\/mx\/producto\/maceta-eva-grande-de-pedestal\/\",\"url\":\"https:\/\/teterete.com\/mx\/producto\/maceta-eva-grande-de-pedestal\/\",\"name\":\"Maceta Eva Grande de Pedestal -\",\"isPartOf\":{\"@id\":\"https:\/\/teterete.com\/mx\/#website\"},\"primaryImageOfPage\":{\"@id\":\"https:\/\/teterete.com\/mx\/producto\/maceta-eva-grande-de-pedestal\/#primaryimage\"},\"image\":{\"@id\":\"https:\/\/teterete.com\/mx\/producto\/maceta-eva-grande-de-pedestal\/#primaryimage\"},\"thumbnailUrl\":\"https:\/\/teterete.com\/mx\/wp-content\/uploads\/2019\/08\/eva.pedestal.grande.jpg\",\"datePublished\":\"2019-08-13T16:10:57+00:00\",\"dateModified\":\"2025-05-13T18:14:09+00:00\",\"breadcrumb\":{\"@id\":\"https:\/\/teterete.com\/mx\/producto\/maceta-eva-grande-de-pedestal\/#breadcrumb\"},\"inLanguage\":\"es\",\"potentialAction\":[{\"@type\":\"ReadAction\",\"target\":[\"https:\/\/teterete.com\/mx\/producto\/maceta-eva-grande-de-pedestal\/\"]}]},{\"@type\":\"ImageObject\",\"inLanguage\":\"es\",\"@id\":\"https:\/\/teterete.com\/mx\/producto\/maceta-eva-grande-de-pedestal\/#primaryimage\",\"url\":\"https:\/\/teterete.com\/mx\/wp-content\/uploads\/2019\/08\/eva.pedestal.grande.jpg\",\"contentUrl\":\"https:\/\/teterete.com\/mx\/wp-content\/uploads\/2019\/08\/eva.pedestal.grande.jpg\",\"width\":800,\"height\":800,\"caption\":\"Eva Pedestal Grande\"},{\"@type\":\"BreadcrumbList\",\"@id\":\"https:\/\/teterete.com\/mx\/producto\/maceta-eva-grande-de-pedestal\/#breadcrumb\",\"itemListElement\":[{\"@type\":\"ListItem\",\"position\":1,\"name\":\"Home\",\"item\":\"https:\/\/teterete.com\/mx\/\"},{\"@type\":\"ListItem\",\"position\":2,\"name\":\"Productos\",\"item\":\"https:\/\/teterete.com\/mx\/shop\/\"},{\"@type\":\"ListItem\",\"position\":3,\"name\":\"Maceta Eva Grande de Pedestal\"}]},{\"@type\":\"WebSite\",\"@id\":\"https:\/\/teterete.com\/mx\/#website\",\"url\":\"https:\/\/teterete.com\/mx\/\",\"name\":\"\",\"description\":\"Tienda en L\u00ednea de Fina Artesanias y Dise\u00f1o Mexicano. Bellas piezas elaboradas a mano por los mejores artesanos del pa\u00eds as\u00ed como piezas de dise\u00f1o y decoraci\u00f3n con inspiraci\u00f3n artesanal.\",\"potentialAction\":[{\"@type\":\"SearchAction\",\"target\":{\"@type\":\"EntryPoint\",\"urlTemplate\":\"https:\/\/teterete.com\/mx\/?s={search_term_string}\"},\"query-input\":{\"@type\":\"PropertyValueSpecification\",\"valueRequired\":true,\"valueName\":\"search_term_string\"}}],\"inLanguage\":\"es\"}]}<\/script>\n<!-- \/ Yoast SEO plugin. -->","yoast_head_json":{"title":"Maceta Eva Grande de Pedestal -","robots":{"index":"index","follow":"follow","max-snippet":"max-snippet:-1","max-image-preview":"max-image-preview:large","max-video-preview":"max-video-preview:-1"},"canonical":"https:\/\/teterete.com\/mx\/producto\/maceta-eva-grande-de-pedestal\/","og_locale":"es_ES","og_type":"article","og_title":"Maceta Eva Grande de Pedestal -","og_description":"Base en madera y maceta en forma de gota elaborada en cer\u00e1mica blanca. Gran pieza para interior","og_url":"https:\/\/teterete.com\/mx\/producto\/maceta-eva-grande-de-pedestal\/","article_publisher":"https:\/\/www.facebook.com\/TetereteHome\/","article_modified_time":"2025-05-13T18:14:09+00:00","og_image":[{"width":800,"height":800,"url":"https:\/\/teterete.com\/mx\/wp-content\/uploads\/2019\/08\/eva.pedestal.grande.jpg","type":"image\/jpeg"}],"twitter_card":"summary_large_image","twitter_site":"@Teterete_Home","twitter_misc":{"Tiempo de lectura":"1 minuto"},"schema":{"@context":"https:\/\/schema.org","@graph":[{"@type":"WebPage","@id":"https:\/\/teterete.com\/mx\/producto\/maceta-eva-grande-de-pedestal\/","url":"https:\/\/teterete.com\/mx\/producto\/maceta-eva-grande-de-pedestal\/","name":"Maceta Eva Grande de Pedestal -","isPartOf":{"@id":"https:\/\/teterete.com\/mx\/#website"},"primaryImageOfPage":{"@id":"https:\/\/teterete.com\/mx\/producto\/maceta-eva-grande-de-pedestal\/#primaryimage"},"image":{"@id":"https:\/\/teterete.com\/mx\/producto\/maceta-eva-grande-de-pedestal\/#primaryimage"},"thumbnailUrl":"https:\/\/teterete.com\/mx\/wp-content\/uploads\/2019\/08\/eva.pedestal.grande.jpg","datePublished":"2019-08-13T16:10:57+00:00","dateModified":"2025-05-13T18:14:09+00:00","breadcrumb":{"@id":"https:\/\/teterete.com\/mx\/producto\/maceta-eva-grande-de-pedestal\/#breadcrumb"},"inLanguage":"es","potentialAction":[{"@type":"ReadAction","target":["https:\/\/teterete.com\/mx\/producto\/maceta-eva-grande-de-pedestal\/"]}]},{"@type":"ImageObject","inLanguage":"es","@id":"https:\/\/teterete.com\/mx\/producto\/maceta-eva-grande-de-pedestal\/#primaryimage","url":"https:\/\/teterete.com\/mx\/wp-content\/uploads\/2019\/08\/eva.pedestal.grande.jpg","contentUrl":"https:\/\/teterete.com\/mx\/wp-content\/uploads\/2019\/08\/eva.pedestal.grande.jpg","width":800,"height":800,"caption":"Eva Pedestal Grande"},{"@type":"BreadcrumbList","@id":"https:\/\/teterete.com\/mx\/producto\/maceta-eva-grande-de-pedestal\/#breadcrumb","itemListElement":[{"@type":"ListItem","position":1,"name":"Home","item":"https:\/\/teterete.com\/mx\/"},{"@type":"ListItem","position":2,"name":"Productos","item":"https:\/\/teterete.com\/mx\/shop\/"},{"@type":"ListItem","position":3,"name":"Maceta Eva Grande de Pedestal"}]},{"@type":"WebSite","@id":"https:\/\/teterete.com\/mx\/#website","url":"https:\/\/teterete.com\/mx\/","name":"","description":"Tienda en L\u00ednea de Fina Artesanias y Dise\u00f1o Mexicano. Bellas piezas elaboradas a mano por los mejores artesanos del pa\u00eds as\u00ed como piezas de dise\u00f1o y decoraci\u00f3n con inspiraci\u00f3n artesanal.","potentialAction":[{"@type":"SearchAction","target":{"@type":"EntryPoint","urlTemplate":"https:\/\/teterete.com\/mx\/?s={search_term_string}"},"query-input":{"@type":"PropertyValueSpecification","valueRequired":true,"valueName":"search_term_string"}}],"inLanguage":"es"}]}},"_links":{"self":[{"href":"https:\/\/teterete.com\/mx\/wp-json\/wp\/v2\/product\/6690"}],"collection":[{"href":"https:\/\/teterete.com\/mx\/wp-json\/wp\/v2\/product"}],"about":[{"href":"https:\/\/teterete.com\/mx\/wp-json\/wp\/v2\/types\/product"}],"replies":[{"embeddable":true,"href":"https:\/\/teterete.com\/mx\/wp-json\/wp\/v2\/comments?post=6690"}],"wp:featuredmedia":[{"embeddable":true,"href":"https:\/\/teterete.com\/mx\/wp-json\/wp\/v2\/media\/6692"}],"wp:attachment":[{"href":"https:\/\/teterete.com\/mx\/wp-json\/wp\/v2\/media?parent=6690"}],"wp:term":[{"taxonomy":"product_cat","embeddable":true,"href":"https:\/\/teterete.com\/mx\/wp-json\/wp\/v2\/product_cat?post=6690"},{"taxonomy":"product_tag","embeddable":true,"href":"https:\/\/teterete.com\/mx\/wp-json\/wp\/v2\/product_tag?post=6690"}],"curies":[{"name":"wp","href":"https:\/\/api.w.org\/{rel}","templated":true}]}}