{"id":6766,"date":"2019-09-06T16:30:14","date_gmt":"2019-09-06T16:30:14","guid":{"rendered":"https:\/\/teterete.com\/mx\/?post_type=product&#038;p=6766"},"modified":"2025-11-17T17:40:52","modified_gmt":"2025-11-17T17:40:52","slug":"contenedor-de-agua","status":"publish","type":"product","link":"https:\/\/teterete.com\/mx\/producto\/contenedor-de-agua\/","title":{"rendered":"Contenedor de agua"},"content":{"rendered":"<p>Medidas: 13&#8243; x 10.5&#8243; x 13&#8243;<\/p>\n<p>Material: Cer\u00e1mica pintada a mano<\/p>\n","protected":false},"excerpt":{"rendered":"<p>Contenedor de agua en cer\u00e1mica.<\/p>\n","protected":false},"featured_media":6767,"comment_status":"open","ping_status":"closed","template":"","meta":{"_acf_changed":false,"sfsi_plus_gutenberg_text_before_share":"","sfsi_plus_gutenberg_show_text_before_share":"","sfsi_plus_gutenberg_icon_type":"","sfsi_plus_gutenberg_icon_alignemt":"","sfsi_plus_gutenburg_max_per_row":""},"product_brand":[],"product_cat":[354,15,2646,658,338,2606],"product_tag":[1519,1518],"class_list":{"0":"post-6766","1":"product","2":"type-product","3":"status-publish","4":"has-post-thumbnail","6":"product_cat-barro-decorativo","7":"product_cat-ceramica","8":"product_cat-ciber-monday","9":"product_cat-rebajas","10":"product_cat-utensilio","11":"product_cat-venta-de-verano","12":"product_tag-barril-de-ceramica","13":"product_tag-contenedor-de-agua","14":"product_shipping_class-especial","16":"first","17":"instock","18":"sale","19":"taxable","20":"shipping-taxable","21":"purchasable","22":"product-type-simple"},"acf":[],"yoast_head":"<!-- This site is optimized with the Yoast SEO plugin v27.5 - https:\/\/yoast.com\/product\/yoast-seo-wordpress\/ -->\n<title>Contenedor de agua -<\/title>\n<meta name=\"robots\" content=\"index, follow, max-snippet:-1, max-image-preview:large, max-video-preview:-1\" \/>\n<link rel=\"canonical\" href=\"https:\/\/teterete.com\/mx\/producto\/contenedor-de-agua\/\" \/>\n<meta property=\"og:locale\" content=\"es_ES\" \/>\n<meta property=\"og:type\" content=\"article\" \/>\n<meta property=\"og:title\" content=\"Contenedor de agua -\" \/>\n<meta property=\"og:description\" content=\"Contenedor de agua en cer\u00e1mica.\" \/>\n<meta property=\"og:url\" content=\"https:\/\/teterete.com\/mx\/producto\/contenedor-de-agua\/\" \/>\n<meta property=\"article:publisher\" content=\"https:\/\/www.facebook.com\/TetereteHome\/\" \/>\n<meta property=\"article:modified_time\" content=\"2025-11-17T17:40:52+00:00\" \/>\n<meta property=\"og:image\" content=\"https:\/\/teterete.com\/mx\/wp-content\/uploads\/2019\/09\/contenedor_de_agua.png\" \/>\n\t<meta property=\"og:image:width\" content=\"640\" \/>\n\t<meta property=\"og:image:height\" content=\"640\" \/>\n\t<meta property=\"og:image:type\" content=\"image\/png\" \/>\n<meta name=\"twitter:card\" content=\"summary_large_image\" \/>\n<meta name=\"twitter:site\" content=\"@Teterete_Home\" \/>\n<script type=\"application\/ld+json\" class=\"yoast-schema-graph\">{\"@context\":\"https:\\\/\\\/schema.org\",\"@graph\":[{\"@type\":\"WebPage\",\"@id\":\"https:\\\/\\\/teterete.com\\\/mx\\\/producto\\\/contenedor-de-agua\\\/\",\"url\":\"https:\\\/\\\/teterete.com\\\/mx\\\/producto\\\/contenedor-de-agua\\\/\",\"name\":\"Contenedor de agua -\",\"isPartOf\":{\"@id\":\"https:\\\/\\\/teterete.com\\\/mx\\\/#website\"},\"primaryImageOfPage\":{\"@id\":\"https:\\\/\\\/teterete.com\\\/mx\\\/producto\\\/contenedor-de-agua\\\/#primaryimage\"},\"image\":{\"@id\":\"https:\\\/\\\/teterete.com\\\/mx\\\/producto\\\/contenedor-de-agua\\\/#primaryimage\"},\"thumbnailUrl\":\"https:\\\/\\\/teterete.com\\\/mx\\\/wp-content\\\/uploads\\\/2019\\\/09\\\/contenedor_de_agua.png\",\"datePublished\":\"2019-09-06T16:30:14+00:00\",\"dateModified\":\"2025-11-17T17:40:52+00:00\",\"breadcrumb\":{\"@id\":\"https:\\\/\\\/teterete.com\\\/mx\\\/producto\\\/contenedor-de-agua\\\/#breadcrumb\"},\"inLanguage\":\"es\",\"potentialAction\":[{\"@type\":\"ReadAction\",\"target\":[\"https:\\\/\\\/teterete.com\\\/mx\\\/producto\\\/contenedor-de-agua\\\/\"]}]},{\"@type\":\"ImageObject\",\"inLanguage\":\"es\",\"@id\":\"https:\\\/\\\/teterete.com\\\/mx\\\/producto\\\/contenedor-de-agua\\\/#primaryimage\",\"url\":\"https:\\\/\\\/teterete.com\\\/mx\\\/wp-content\\\/uploads\\\/2019\\\/09\\\/contenedor_de_agua.png\",\"contentUrl\":\"https:\\\/\\\/teterete.com\\\/mx\\\/wp-content\\\/uploads\\\/2019\\\/09\\\/contenedor_de_agua.png\",\"width\":\"640\",\"height\":\"640\"},{\"@type\":\"BreadcrumbList\",\"@id\":\"https:\\\/\\\/teterete.com\\\/mx\\\/producto\\\/contenedor-de-agua\\\/#breadcrumb\",\"itemListElement\":[{\"@type\":\"ListItem\",\"position\":1,\"name\":\"Home\",\"item\":\"https:\\\/\\\/teterete.com\\\/mx\\\/\"},{\"@type\":\"ListItem\",\"position\":2,\"name\":\"Productos\",\"item\":\"https:\\\/\\\/teterete.com\\\/mx\\\/shop\\\/\"},{\"@type\":\"ListItem\",\"position\":3,\"name\":\"Contenedor de agua\"}]},{\"@type\":\"WebSite\",\"@id\":\"https:\\\/\\\/teterete.com\\\/mx\\\/#website\",\"url\":\"https:\\\/\\\/teterete.com\\\/mx\\\/\",\"name\":\"\",\"description\":\"Tienda en L\u00ednea de Fina Artesanias y Dise\u00f1o Mexicano. Bellas piezas elaboradas a mano por los mejores artesanos del pa\u00eds as\u00ed como piezas de dise\u00f1o y decoraci\u00f3n con inspiraci\u00f3n artesanal.\",\"potentialAction\":[{\"@type\":\"SearchAction\",\"target\":{\"@type\":\"EntryPoint\",\"urlTemplate\":\"https:\\\/\\\/teterete.com\\\/mx\\\/?s={search_term_string}\"},\"query-input\":{\"@type\":\"PropertyValueSpecification\",\"valueRequired\":true,\"valueName\":\"search_term_string\"}}],\"inLanguage\":\"es\"}]}<\/script>\n<!-- \/ Yoast SEO plugin. -->","yoast_head_json":{"title":"Contenedor de agua -","robots":{"index":"index","follow":"follow","max-snippet":"max-snippet:-1","max-image-preview":"max-image-preview:large","max-video-preview":"max-video-preview:-1"},"canonical":"https:\/\/teterete.com\/mx\/producto\/contenedor-de-agua\/","og_locale":"es_ES","og_type":"article","og_title":"Contenedor de agua -","og_description":"Contenedor de agua en cer\u00e1mica.","og_url":"https:\/\/teterete.com\/mx\/producto\/contenedor-de-agua\/","article_publisher":"https:\/\/www.facebook.com\/TetereteHome\/","article_modified_time":"2025-11-17T17:40:52+00:00","og_image":[{"width":640,"height":640,"url":"https:\/\/teterete.com\/mx\/wp-content\/uploads\/2019\/09\/contenedor_de_agua.png","type":"image\/png"}],"twitter_card":"summary_large_image","twitter_site":"@Teterete_Home","schema":{"@context":"https:\/\/schema.org","@graph":[{"@type":"WebPage","@id":"https:\/\/teterete.com\/mx\/producto\/contenedor-de-agua\/","url":"https:\/\/teterete.com\/mx\/producto\/contenedor-de-agua\/","name":"Contenedor de agua -","isPartOf":{"@id":"https:\/\/teterete.com\/mx\/#website"},"primaryImageOfPage":{"@id":"https:\/\/teterete.com\/mx\/producto\/contenedor-de-agua\/#primaryimage"},"image":{"@id":"https:\/\/teterete.com\/mx\/producto\/contenedor-de-agua\/#primaryimage"},"thumbnailUrl":"https:\/\/teterete.com\/mx\/wp-content\/uploads\/2019\/09\/contenedor_de_agua.png","datePublished":"2019-09-06T16:30:14+00:00","dateModified":"2025-11-17T17:40:52+00:00","breadcrumb":{"@id":"https:\/\/teterete.com\/mx\/producto\/contenedor-de-agua\/#breadcrumb"},"inLanguage":"es","potentialAction":[{"@type":"ReadAction","target":["https:\/\/teterete.com\/mx\/producto\/contenedor-de-agua\/"]}]},{"@type":"ImageObject","inLanguage":"es","@id":"https:\/\/teterete.com\/mx\/producto\/contenedor-de-agua\/#primaryimage","url":"https:\/\/teterete.com\/mx\/wp-content\/uploads\/2019\/09\/contenedor_de_agua.png","contentUrl":"https:\/\/teterete.com\/mx\/wp-content\/uploads\/2019\/09\/contenedor_de_agua.png","width":"640","height":"640"},{"@type":"BreadcrumbList","@id":"https:\/\/teterete.com\/mx\/producto\/contenedor-de-agua\/#breadcrumb","itemListElement":[{"@type":"ListItem","position":1,"name":"Home","item":"https:\/\/teterete.com\/mx\/"},{"@type":"ListItem","position":2,"name":"Productos","item":"https:\/\/teterete.com\/mx\/shop\/"},{"@type":"ListItem","position":3,"name":"Contenedor de agua"}]},{"@type":"WebSite","@id":"https:\/\/teterete.com\/mx\/#website","url":"https:\/\/teterete.com\/mx\/","name":"","description":"Tienda en L\u00ednea de Fina Artesanias y Dise\u00f1o Mexicano. Bellas piezas elaboradas a mano por los mejores artesanos del pa\u00eds as\u00ed como piezas de dise\u00f1o y decoraci\u00f3n con inspiraci\u00f3n artesanal.","potentialAction":[{"@type":"SearchAction","target":{"@type":"EntryPoint","urlTemplate":"https:\/\/teterete.com\/mx\/?s={search_term_string}"},"query-input":{"@type":"PropertyValueSpecification","valueRequired":true,"valueName":"search_term_string"}}],"inLanguage":"es"}]}},"_links":{"self":[{"href":"https:\/\/teterete.com\/mx\/wp-json\/wp\/v2\/product\/6766","targetHints":{"allow":["GET"]}}],"collection":[{"href":"https:\/\/teterete.com\/mx\/wp-json\/wp\/v2\/product"}],"about":[{"href":"https:\/\/teterete.com\/mx\/wp-json\/wp\/v2\/types\/product"}],"replies":[{"embeddable":true,"href":"https:\/\/teterete.com\/mx\/wp-json\/wp\/v2\/comments?post=6766"}],"wp:featuredmedia":[{"embeddable":true,"href":"https:\/\/teterete.com\/mx\/wp-json\/wp\/v2\/media\/6767"}],"wp:attachment":[{"href":"https:\/\/teterete.com\/mx\/wp-json\/wp\/v2\/media?parent=6766"}],"wp:term":[{"taxonomy":"product_brand","embeddable":true,"href":"https:\/\/teterete.com\/mx\/wp-json\/wp\/v2\/product_brand?post=6766"},{"taxonomy":"product_cat","embeddable":true,"href":"https:\/\/teterete.com\/mx\/wp-json\/wp\/v2\/product_cat?post=6766"},{"taxonomy":"product_tag","embeddable":true,"href":"https:\/\/teterete.com\/mx\/wp-json\/wp\/v2\/product_tag?post=6766"}],"curies":[{"name":"wp","href":"https:\/\/api.w.org\/{rel}","templated":true}]}}