{"id":6843,"date":"2019-10-17T17:18:22","date_gmt":"2019-10-17T17:18:22","guid":{"rendered":"https:\/\/teterete.com\/mx\/?post_type=product&#038;p=6843"},"modified":"2022-11-14T22:23:53","modified_gmt":"2022-11-14T22:23:53","slug":"cenicero-de-piedra","status":"publish","type":"product","link":"https:\/\/teterete.com\/mx\/producto\/cenicero-de-piedra\/","title":{"rendered":"Cenicero MOLI"},"content":{"rendered":"<p>Cuidados piedra volc\u00e1nica: Lavar con un cepillo con agua y jab\u00f3n, cuando lo requiera, para mantener su estado natural<\/p>\n<p>Diametro: 12.5 cms x 10 cms x 12.5 cms<\/p>\n<p>*En caso de no contar con stock en tiempo de entrega es de 2 semanas<\/p>\n","protected":false},"excerpt":{"rendered":"<p>Cenicero de piedra volc\u00e1nica y cer\u00e1mica<\/p>\n","protected":false},"featured_media":6914,"comment_status":"open","ping_status":"closed","template":"","meta":{"sfsi_plus_gutenberg_text_before_share":"","sfsi_plus_gutenberg_show_text_before_share":"","sfsi_plus_gutenberg_icon_type":"","sfsi_plus_gutenberg_icon_alignemt":"","sfsi_plus_gutenburg_max_per_row":""},"product_cat":[1882,1524,1584,354,334,538],"product_tag":[222,1585,1586,232],"acf":[],"yoast_head":"<!-- This site is optimized with the Yoast SEO plugin v23.5 - https:\/\/yoast.com\/wordpress\/plugins\/seo\/ -->\n<title>Cenicero MOLI -<\/title>\n<meta name=\"robots\" content=\"index, follow, max-snippet:-1, max-image-preview:large, max-video-preview:-1\" \/>\n<link rel=\"canonical\" href=\"https:\/\/teterete.com\/mx\/producto\/cenicero-de-piedra\/\" \/>\n<meta property=\"og:locale\" content=\"es_ES\" \/>\n<meta property=\"og:type\" content=\"article\" \/>\n<meta property=\"og:title\" content=\"Cenicero MOLI -\" \/>\n<meta property=\"og:description\" content=\"Cenicero de piedra volc\u00e1nica y cer\u00e1mica\" \/>\n<meta property=\"og:url\" content=\"https:\/\/teterete.com\/mx\/producto\/cenicero-de-piedra\/\" \/>\n<meta property=\"article:publisher\" content=\"https:\/\/www.facebook.com\/TetereteHome\/\" \/>\n<meta property=\"article:modified_time\" content=\"2022-11-14T22:23:53+00:00\" \/>\n<meta property=\"og:image\" content=\"https:\/\/teterete.com\/mx\/wp-content\/uploads\/2019\/10\/09.png\" \/>\n\t<meta property=\"og:image:width\" content=\"640\" \/>\n\t<meta property=\"og:image:height\" content=\"640\" \/>\n\t<meta property=\"og:image:type\" content=\"image\/png\" \/>\n<meta name=\"twitter:card\" content=\"summary_large_image\" \/>\n<meta name=\"twitter:site\" content=\"@Teterete_Home\" \/>\n<script type=\"application\/ld+json\" class=\"yoast-schema-graph\">{\"@context\":\"https:\/\/schema.org\",\"@graph\":[{\"@type\":\"WebPage\",\"@id\":\"https:\/\/teterete.com\/mx\/producto\/cenicero-de-piedra\/\",\"url\":\"https:\/\/teterete.com\/mx\/producto\/cenicero-de-piedra\/\",\"name\":\"Cenicero MOLI -\",\"isPartOf\":{\"@id\":\"https:\/\/teterete.com\/mx\/#website\"},\"primaryImageOfPage\":{\"@id\":\"https:\/\/teterete.com\/mx\/producto\/cenicero-de-piedra\/#primaryimage\"},\"image\":{\"@id\":\"https:\/\/teterete.com\/mx\/producto\/cenicero-de-piedra\/#primaryimage\"},\"thumbnailUrl\":\"https:\/\/teterete.com\/mx\/wp-content\/uploads\/2019\/10\/09.png\",\"datePublished\":\"2019-10-17T17:18:22+00:00\",\"dateModified\":\"2022-11-14T22:23:53+00:00\",\"breadcrumb\":{\"@id\":\"https:\/\/teterete.com\/mx\/producto\/cenicero-de-piedra\/#breadcrumb\"},\"inLanguage\":\"es\",\"potentialAction\":[{\"@type\":\"ReadAction\",\"target\":[\"https:\/\/teterete.com\/mx\/producto\/cenicero-de-piedra\/\"]}]},{\"@type\":\"ImageObject\",\"inLanguage\":\"es\",\"@id\":\"https:\/\/teterete.com\/mx\/producto\/cenicero-de-piedra\/#primaryimage\",\"url\":\"https:\/\/teterete.com\/mx\/wp-content\/uploads\/2019\/10\/09.png\",\"contentUrl\":\"https:\/\/teterete.com\/mx\/wp-content\/uploads\/2019\/10\/09.png\",\"width\":\"640\",\"height\":\"640\",\"caption\":\"Cenicero Piedra\"},{\"@type\":\"BreadcrumbList\",\"@id\":\"https:\/\/teterete.com\/mx\/producto\/cenicero-de-piedra\/#breadcrumb\",\"itemListElement\":[{\"@type\":\"ListItem\",\"position\":1,\"name\":\"Home\",\"item\":\"https:\/\/teterete.com\/mx\/\"},{\"@type\":\"ListItem\",\"position\":2,\"name\":\"Productos\",\"item\":\"https:\/\/teterete.com\/mx\/shop\/\"},{\"@type\":\"ListItem\",\"position\":3,\"name\":\"Cenicero MOLI\"}]},{\"@type\":\"WebSite\",\"@id\":\"https:\/\/teterete.com\/mx\/#website\",\"url\":\"https:\/\/teterete.com\/mx\/\",\"name\":\"\",\"description\":\"Tienda en L\u00ednea de Fina Artesanias y Dise\u00f1o Mexicano. Bellas piezas elaboradas a mano por los mejores artesanos del pa\u00eds as\u00ed como piezas de dise\u00f1o y decoraci\u00f3n con inspiraci\u00f3n artesanal.\",\"potentialAction\":[{\"@type\":\"SearchAction\",\"target\":{\"@type\":\"EntryPoint\",\"urlTemplate\":\"https:\/\/teterete.com\/mx\/?s={search_term_string}\"},\"query-input\":{\"@type\":\"PropertyValueSpecification\",\"valueRequired\":true,\"valueName\":\"search_term_string\"}}],\"inLanguage\":\"es\"}]}<\/script>\n<!-- \/ Yoast SEO plugin. -->","yoast_head_json":{"title":"Cenicero MOLI -","robots":{"index":"index","follow":"follow","max-snippet":"max-snippet:-1","max-image-preview":"max-image-preview:large","max-video-preview":"max-video-preview:-1"},"canonical":"https:\/\/teterete.com\/mx\/producto\/cenicero-de-piedra\/","og_locale":"es_ES","og_type":"article","og_title":"Cenicero MOLI -","og_description":"Cenicero de piedra volc\u00e1nica y cer\u00e1mica","og_url":"https:\/\/teterete.com\/mx\/producto\/cenicero-de-piedra\/","article_publisher":"https:\/\/www.facebook.com\/TetereteHome\/","article_modified_time":"2022-11-14T22:23:53+00:00","og_image":[{"width":640,"height":640,"url":"https:\/\/teterete.com\/mx\/wp-content\/uploads\/2019\/10\/09.png","type":"image\/png"}],"twitter_card":"summary_large_image","twitter_site":"@Teterete_Home","schema":{"@context":"https:\/\/schema.org","@graph":[{"@type":"WebPage","@id":"https:\/\/teterete.com\/mx\/producto\/cenicero-de-piedra\/","url":"https:\/\/teterete.com\/mx\/producto\/cenicero-de-piedra\/","name":"Cenicero MOLI -","isPartOf":{"@id":"https:\/\/teterete.com\/mx\/#website"},"primaryImageOfPage":{"@id":"https:\/\/teterete.com\/mx\/producto\/cenicero-de-piedra\/#primaryimage"},"image":{"@id":"https:\/\/teterete.com\/mx\/producto\/cenicero-de-piedra\/#primaryimage"},"thumbnailUrl":"https:\/\/teterete.com\/mx\/wp-content\/uploads\/2019\/10\/09.png","datePublished":"2019-10-17T17:18:22+00:00","dateModified":"2022-11-14T22:23:53+00:00","breadcrumb":{"@id":"https:\/\/teterete.com\/mx\/producto\/cenicero-de-piedra\/#breadcrumb"},"inLanguage":"es","potentialAction":[{"@type":"ReadAction","target":["https:\/\/teterete.com\/mx\/producto\/cenicero-de-piedra\/"]}]},{"@type":"ImageObject","inLanguage":"es","@id":"https:\/\/teterete.com\/mx\/producto\/cenicero-de-piedra\/#primaryimage","url":"https:\/\/teterete.com\/mx\/wp-content\/uploads\/2019\/10\/09.png","contentUrl":"https:\/\/teterete.com\/mx\/wp-content\/uploads\/2019\/10\/09.png","width":"640","height":"640","caption":"Cenicero Piedra"},{"@type":"BreadcrumbList","@id":"https:\/\/teterete.com\/mx\/producto\/cenicero-de-piedra\/#breadcrumb","itemListElement":[{"@type":"ListItem","position":1,"name":"Home","item":"https:\/\/teterete.com\/mx\/"},{"@type":"ListItem","position":2,"name":"Productos","item":"https:\/\/teterete.com\/mx\/shop\/"},{"@type":"ListItem","position":3,"name":"Cenicero MOLI"}]},{"@type":"WebSite","@id":"https:\/\/teterete.com\/mx\/#website","url":"https:\/\/teterete.com\/mx\/","name":"","description":"Tienda en L\u00ednea de Fina Artesanias y Dise\u00f1o Mexicano. Bellas piezas elaboradas a mano por los mejores artesanos del pa\u00eds as\u00ed como piezas de dise\u00f1o y decoraci\u00f3n con inspiraci\u00f3n artesanal.","potentialAction":[{"@type":"SearchAction","target":{"@type":"EntryPoint","urlTemplate":"https:\/\/teterete.com\/mx\/?s={search_term_string}"},"query-input":{"@type":"PropertyValueSpecification","valueRequired":true,"valueName":"search_term_string"}}],"inLanguage":"es"}]}},"_links":{"self":[{"href":"https:\/\/teterete.com\/mx\/wp-json\/wp\/v2\/product\/6843"}],"collection":[{"href":"https:\/\/teterete.com\/mx\/wp-json\/wp\/v2\/product"}],"about":[{"href":"https:\/\/teterete.com\/mx\/wp-json\/wp\/v2\/types\/product"}],"replies":[{"embeddable":true,"href":"https:\/\/teterete.com\/mx\/wp-json\/wp\/v2\/comments?post=6843"}],"wp:featuredmedia":[{"embeddable":true,"href":"https:\/\/teterete.com\/mx\/wp-json\/wp\/v2\/media\/6914"}],"wp:attachment":[{"href":"https:\/\/teterete.com\/mx\/wp-json\/wp\/v2\/media?parent=6843"}],"wp:term":[{"taxonomy":"product_cat","embeddable":true,"href":"https:\/\/teterete.com\/mx\/wp-json\/wp\/v2\/product_cat?post=6843"},{"taxonomy":"product_tag","embeddable":true,"href":"https:\/\/teterete.com\/mx\/wp-json\/wp\/v2\/product_tag?post=6843"}],"curies":[{"name":"wp","href":"https:\/\/api.w.org\/{rel}","templated":true}]}}