{"id":6928,"date":"2019-10-31T18:27:30","date_gmt":"2019-10-31T18:27:30","guid":{"rendered":"https:\/\/teterete.com\/mx\/?post_type=product&#038;p=6928"},"modified":"2020-10-09T00:14:03","modified_gmt":"2020-10-09T00:14:03","slug":"gaban-abierto-con-tintes-naturales","status":"publish","type":"product","link":"https:\/\/teterete.com\/mx\/producto\/gaban-abierto-con-tintes-naturales\/","title":{"rendered":"Gab\u00e1n Abierto con Tintes Naturales"},"content":{"rendered":"<p>Medidas: 110 cms x 200 cms<\/p>\n<p>Peso: .800 gr<\/p>\n<p>Producci\u00f3n: En caso de no haber disponible la elaboraci\u00f3n lleva 3 meses<\/p>\n","protected":false},"excerpt":{"rendered":"<p>Tejido en Telar de Pedal con lanas delgadas, te\u00f1ido con diversos tintes naturales, urdimbre de lana por materos artesanos en Tlaxcala.<\/p>\n<p>&nbsp;<\/p>\n","protected":false},"featured_media":6930,"comment_status":"open","ping_status":"closed","template":"","meta":{"sfsi_plus_gutenberg_text_before_share":"","sfsi_plus_gutenberg_show_text_before_share":"","sfsi_plus_gutenberg_icon_type":"","sfsi_plus_gutenberg_icon_alignemt":"","sfsi_plus_gutenburg_max_per_row":""},"product_cat":[1515,1263,341,538,350,55],"product_tag":[236,1366,232,1594,1595,1593,223,1591],"acf":[],"yoast_head":"<!-- This site is optimized with the Yoast SEO plugin v23.5 - https:\/\/yoast.com\/wordpress\/plugins\/seo\/ -->\n<title>Gab\u00e1n Abierto con Tintes Naturales -<\/title>\n<meta name=\"robots\" content=\"index, follow, max-snippet:-1, max-image-preview:large, max-video-preview:-1\" \/>\n<link rel=\"canonical\" href=\"https:\/\/teterete.com\/mx\/producto\/gaban-abierto-con-tintes-naturales\/\" \/>\n<meta property=\"og:locale\" content=\"es_ES\" \/>\n<meta property=\"og:type\" content=\"article\" \/>\n<meta property=\"og:title\" content=\"Gab\u00e1n Abierto con Tintes Naturales -\" \/>\n<meta property=\"og:description\" content=\"Tejido en Telar de Pedal con lanas delgadas, te\u00f1ido con diversos tintes naturales, urdimbre de lana por materos artesanos en Tlaxcala.  &nbsp;\" \/>\n<meta property=\"og:url\" content=\"https:\/\/teterete.com\/mx\/producto\/gaban-abierto-con-tintes-naturales\/\" \/>\n<meta property=\"article:publisher\" content=\"https:\/\/www.facebook.com\/TetereteHome\/\" \/>\n<meta property=\"article:modified_time\" content=\"2020-10-09T00:14:03+00:00\" \/>\n<meta property=\"og:image\" content=\"https:\/\/teterete.com\/mx\/wp-content\/uploads\/2019\/10\/gaban-tintes-naturales.png\" \/>\n\t<meta property=\"og:image:width\" content=\"500\" \/>\n\t<meta property=\"og:image:height\" content=\"500\" \/>\n\t<meta property=\"og:image:type\" content=\"image\/png\" \/>\n<meta name=\"twitter:card\" content=\"summary_large_image\" \/>\n<meta name=\"twitter:site\" content=\"@Teterete_Home\" \/>\n<script type=\"application\/ld+json\" class=\"yoast-schema-graph\">{\"@context\":\"https:\/\/schema.org\",\"@graph\":[{\"@type\":\"WebPage\",\"@id\":\"https:\/\/teterete.com\/mx\/producto\/gaban-abierto-con-tintes-naturales\/\",\"url\":\"https:\/\/teterete.com\/mx\/producto\/gaban-abierto-con-tintes-naturales\/\",\"name\":\"Gab\u00e1n Abierto con Tintes Naturales -\",\"isPartOf\":{\"@id\":\"https:\/\/teterete.com\/mx\/#website\"},\"primaryImageOfPage\":{\"@id\":\"https:\/\/teterete.com\/mx\/producto\/gaban-abierto-con-tintes-naturales\/#primaryimage\"},\"image\":{\"@id\":\"https:\/\/teterete.com\/mx\/producto\/gaban-abierto-con-tintes-naturales\/#primaryimage\"},\"thumbnailUrl\":\"https:\/\/teterete.com\/mx\/wp-content\/uploads\/2019\/10\/gaban-tintes-naturales.png\",\"datePublished\":\"2019-10-31T18:27:30+00:00\",\"dateModified\":\"2020-10-09T00:14:03+00:00\",\"breadcrumb\":{\"@id\":\"https:\/\/teterete.com\/mx\/producto\/gaban-abierto-con-tintes-naturales\/#breadcrumb\"},\"inLanguage\":\"es\",\"potentialAction\":[{\"@type\":\"ReadAction\",\"target\":[\"https:\/\/teterete.com\/mx\/producto\/gaban-abierto-con-tintes-naturales\/\"]}]},{\"@type\":\"ImageObject\",\"inLanguage\":\"es\",\"@id\":\"https:\/\/teterete.com\/mx\/producto\/gaban-abierto-con-tintes-naturales\/#primaryimage\",\"url\":\"https:\/\/teterete.com\/mx\/wp-content\/uploads\/2019\/10\/gaban-tintes-naturales.png\",\"contentUrl\":\"https:\/\/teterete.com\/mx\/wp-content\/uploads\/2019\/10\/gaban-tintes-naturales.png\",\"width\":\"500\",\"height\":\"500\",\"caption\":\"Gab\u00e1n Tintes Naturales\"},{\"@type\":\"BreadcrumbList\",\"@id\":\"https:\/\/teterete.com\/mx\/producto\/gaban-abierto-con-tintes-naturales\/#breadcrumb\",\"itemListElement\":[{\"@type\":\"ListItem\",\"position\":1,\"name\":\"Home\",\"item\":\"https:\/\/teterete.com\/mx\/\"},{\"@type\":\"ListItem\",\"position\":2,\"name\":\"Productos\",\"item\":\"https:\/\/teterete.com\/mx\/shop\/\"},{\"@type\":\"ListItem\",\"position\":3,\"name\":\"Gab\u00e1n Abierto con Tintes Naturales\"}]},{\"@type\":\"WebSite\",\"@id\":\"https:\/\/teterete.com\/mx\/#website\",\"url\":\"https:\/\/teterete.com\/mx\/\",\"name\":\"\",\"description\":\"Tienda en L\u00ednea de Fina Artesanias y Dise\u00f1o Mexicano. Bellas piezas elaboradas a mano por los mejores artesanos del pa\u00eds as\u00ed como piezas de dise\u00f1o y decoraci\u00f3n con inspiraci\u00f3n artesanal.\",\"potentialAction\":[{\"@type\":\"SearchAction\",\"target\":{\"@type\":\"EntryPoint\",\"urlTemplate\":\"https:\/\/teterete.com\/mx\/?s={search_term_string}\"},\"query-input\":{\"@type\":\"PropertyValueSpecification\",\"valueRequired\":true,\"valueName\":\"search_term_string\"}}],\"inLanguage\":\"es\"}]}<\/script>\n<!-- \/ Yoast SEO plugin. -->","yoast_head_json":{"title":"Gab\u00e1n Abierto con Tintes Naturales -","robots":{"index":"index","follow":"follow","max-snippet":"max-snippet:-1","max-image-preview":"max-image-preview:large","max-video-preview":"max-video-preview:-1"},"canonical":"https:\/\/teterete.com\/mx\/producto\/gaban-abierto-con-tintes-naturales\/","og_locale":"es_ES","og_type":"article","og_title":"Gab\u00e1n Abierto con Tintes Naturales -","og_description":"Tejido en Telar de Pedal con lanas delgadas, te\u00f1ido con diversos tintes naturales, urdimbre de lana por materos artesanos en Tlaxcala.  &nbsp;","og_url":"https:\/\/teterete.com\/mx\/producto\/gaban-abierto-con-tintes-naturales\/","article_publisher":"https:\/\/www.facebook.com\/TetereteHome\/","article_modified_time":"2020-10-09T00:14:03+00:00","og_image":[{"width":500,"height":500,"url":"https:\/\/teterete.com\/mx\/wp-content\/uploads\/2019\/10\/gaban-tintes-naturales.png","type":"image\/png"}],"twitter_card":"summary_large_image","twitter_site":"@Teterete_Home","schema":{"@context":"https:\/\/schema.org","@graph":[{"@type":"WebPage","@id":"https:\/\/teterete.com\/mx\/producto\/gaban-abierto-con-tintes-naturales\/","url":"https:\/\/teterete.com\/mx\/producto\/gaban-abierto-con-tintes-naturales\/","name":"Gab\u00e1n Abierto con Tintes Naturales -","isPartOf":{"@id":"https:\/\/teterete.com\/mx\/#website"},"primaryImageOfPage":{"@id":"https:\/\/teterete.com\/mx\/producto\/gaban-abierto-con-tintes-naturales\/#primaryimage"},"image":{"@id":"https:\/\/teterete.com\/mx\/producto\/gaban-abierto-con-tintes-naturales\/#primaryimage"},"thumbnailUrl":"https:\/\/teterete.com\/mx\/wp-content\/uploads\/2019\/10\/gaban-tintes-naturales.png","datePublished":"2019-10-31T18:27:30+00:00","dateModified":"2020-10-09T00:14:03+00:00","breadcrumb":{"@id":"https:\/\/teterete.com\/mx\/producto\/gaban-abierto-con-tintes-naturales\/#breadcrumb"},"inLanguage":"es","potentialAction":[{"@type":"ReadAction","target":["https:\/\/teterete.com\/mx\/producto\/gaban-abierto-con-tintes-naturales\/"]}]},{"@type":"ImageObject","inLanguage":"es","@id":"https:\/\/teterete.com\/mx\/producto\/gaban-abierto-con-tintes-naturales\/#primaryimage","url":"https:\/\/teterete.com\/mx\/wp-content\/uploads\/2019\/10\/gaban-tintes-naturales.png","contentUrl":"https:\/\/teterete.com\/mx\/wp-content\/uploads\/2019\/10\/gaban-tintes-naturales.png","width":"500","height":"500","caption":"Gab\u00e1n Tintes Naturales"},{"@type":"BreadcrumbList","@id":"https:\/\/teterete.com\/mx\/producto\/gaban-abierto-con-tintes-naturales\/#breadcrumb","itemListElement":[{"@type":"ListItem","position":1,"name":"Home","item":"https:\/\/teterete.com\/mx\/"},{"@type":"ListItem","position":2,"name":"Productos","item":"https:\/\/teterete.com\/mx\/shop\/"},{"@type":"ListItem","position":3,"name":"Gab\u00e1n Abierto con Tintes Naturales"}]},{"@type":"WebSite","@id":"https:\/\/teterete.com\/mx\/#website","url":"https:\/\/teterete.com\/mx\/","name":"","description":"Tienda en L\u00ednea de Fina Artesanias y Dise\u00f1o Mexicano. Bellas piezas elaboradas a mano por los mejores artesanos del pa\u00eds as\u00ed como piezas de dise\u00f1o y decoraci\u00f3n con inspiraci\u00f3n artesanal.","potentialAction":[{"@type":"SearchAction","target":{"@type":"EntryPoint","urlTemplate":"https:\/\/teterete.com\/mx\/?s={search_term_string}"},"query-input":{"@type":"PropertyValueSpecification","valueRequired":true,"valueName":"search_term_string"}}],"inLanguage":"es"}]}},"_links":{"self":[{"href":"https:\/\/teterete.com\/mx\/wp-json\/wp\/v2\/product\/6928"}],"collection":[{"href":"https:\/\/teterete.com\/mx\/wp-json\/wp\/v2\/product"}],"about":[{"href":"https:\/\/teterete.com\/mx\/wp-json\/wp\/v2\/types\/product"}],"replies":[{"embeddable":true,"href":"https:\/\/teterete.com\/mx\/wp-json\/wp\/v2\/comments?post=6928"}],"wp:featuredmedia":[{"embeddable":true,"href":"https:\/\/teterete.com\/mx\/wp-json\/wp\/v2\/media\/6930"}],"wp:attachment":[{"href":"https:\/\/teterete.com\/mx\/wp-json\/wp\/v2\/media?parent=6928"}],"wp:term":[{"taxonomy":"product_cat","embeddable":true,"href":"https:\/\/teterete.com\/mx\/wp-json\/wp\/v2\/product_cat?post=6928"},{"taxonomy":"product_tag","embeddable":true,"href":"https:\/\/teterete.com\/mx\/wp-json\/wp\/v2\/product_tag?post=6928"}],"curies":[{"name":"wp","href":"https:\/\/api.w.org\/{rel}","templated":true}]}}