{"id":6992,"date":"2019-12-12T18:22:18","date_gmt":"2019-12-12T18:22:18","guid":{"rendered":"https:\/\/teterete.com\/mx\/?post_type=product&#038;p=6992"},"modified":"2024-09-13T22:42:55","modified_gmt":"2024-09-13T22:42:55","slug":"cojin-en-lana-ritmo-multicolor","status":"publish","type":"product","link":"https:\/\/teterete.com\/mx\/producto\/cojin-en-lana-ritmo-multicolor\/","title":{"rendered":"Cojin en Lana Ritmo Multicolor"},"content":{"rendered":"<p>Tama\u00f1o: 50 x 50 cm<\/p>\n<p>Colores obtenidos de tintes naturales.<\/p>\n<p>Material:<\/p>\n<p>Frente: 100% lana mexicana<br \/>\nTrasero: Pa\u00f1o de lana color gris<\/p>\n<p>**En caso de no contar con inventario al momento de su compra la producci\u00f3n lleva de 15 a 20 d\u00edas<\/p>\n<p>Cuidados:<\/p>\n<p>-Evitar contacto con cloro y detergentes fuertes.<\/p>\n<p>-No lavar en casa, para limpieza profunda se recomienda lavado profesional en seco.<\/p>\n<p>-Evitar exposici\u00f3n directa al sol.<\/p>\n<p>*NO INCLUYE EL RELLENO*<\/p>\n","protected":false},"excerpt":{"rendered":"<p>Dale un toque especial a tu espacio con esta funda de coj\u00edn tejida en telar de pedal por artesanos mexicanos. Pieza ideal para usarse como una bella pieza artesanal.<\/p>\n","protected":false},"featured_media":6993,"comment_status":"open","ping_status":"closed","template":"","meta":{"sfsi_plus_gutenberg_text_before_share":"","sfsi_plus_gutenberg_show_text_before_share":"","sfsi_plus_gutenberg_icon_type":"","sfsi_plus_gutenberg_icon_alignemt":"","sfsi_plus_gutenburg_max_per_row":""},"product_cat":[1842,210,1048,336,538],"product_tag":[236,1045,1046,1047,1018,1017,517,232,1003,963,1016,223,1019],"acf":[],"yoast_head":"<!-- This site is optimized with the Yoast SEO plugin v23.5 - https:\/\/yoast.com\/wordpress\/plugins\/seo\/ -->\n<title>Cojin en Lana Ritmo Multicolor -<\/title>\n<meta name=\"robots\" content=\"index, follow, max-snippet:-1, max-image-preview:large, max-video-preview:-1\" \/>\n<link rel=\"canonical\" href=\"https:\/\/teterete.com\/mx\/producto\/cojin-en-lana-ritmo-multicolor\/\" \/>\n<meta property=\"og:locale\" content=\"es_ES\" \/>\n<meta property=\"og:type\" content=\"article\" \/>\n<meta property=\"og:title\" content=\"Cojin en Lana Ritmo Multicolor -\" \/>\n<meta property=\"og:description\" content=\"Dale un toque especial a tu espacio con esta funda de coj\u00edn tejida en telar de pedal por artesanos mexicanos. Pieza ideal para usarse como una bella pieza artesanal.\" \/>\n<meta property=\"og:url\" content=\"https:\/\/teterete.com\/mx\/producto\/cojin-en-lana-ritmo-multicolor\/\" \/>\n<meta property=\"article:publisher\" content=\"https:\/\/www.facebook.com\/TetereteHome\/\" \/>\n<meta property=\"article:modified_time\" content=\"2024-09-13T22:42:55+00:00\" \/>\n<meta property=\"og:image\" content=\"https:\/\/teterete.com\/mx\/wp-content\/uploads\/2019\/12\/Ritmo-Multicolor.jpg\" \/>\n\t<meta property=\"og:image:width\" content=\"640\" \/>\n\t<meta property=\"og:image:height\" content=\"427\" \/>\n\t<meta property=\"og:image:type\" content=\"image\/jpeg\" \/>\n<meta name=\"twitter:card\" content=\"summary_large_image\" \/>\n<meta name=\"twitter:site\" content=\"@Teterete_Home\" \/>\n<script type=\"application\/ld+json\" class=\"yoast-schema-graph\">{\"@context\":\"https:\/\/schema.org\",\"@graph\":[{\"@type\":\"WebPage\",\"@id\":\"https:\/\/teterete.com\/mx\/producto\/cojin-en-lana-ritmo-multicolor\/\",\"url\":\"https:\/\/teterete.com\/mx\/producto\/cojin-en-lana-ritmo-multicolor\/\",\"name\":\"Cojin en Lana Ritmo Multicolor -\",\"isPartOf\":{\"@id\":\"https:\/\/teterete.com\/mx\/#website\"},\"primaryImageOfPage\":{\"@id\":\"https:\/\/teterete.com\/mx\/producto\/cojin-en-lana-ritmo-multicolor\/#primaryimage\"},\"image\":{\"@id\":\"https:\/\/teterete.com\/mx\/producto\/cojin-en-lana-ritmo-multicolor\/#primaryimage\"},\"thumbnailUrl\":\"https:\/\/teterete.com\/mx\/wp-content\/uploads\/2019\/12\/Ritmo-Multicolor.jpg\",\"datePublished\":\"2019-12-12T18:22:18+00:00\",\"dateModified\":\"2024-09-13T22:42:55+00:00\",\"breadcrumb\":{\"@id\":\"https:\/\/teterete.com\/mx\/producto\/cojin-en-lana-ritmo-multicolor\/#breadcrumb\"},\"inLanguage\":\"es\",\"potentialAction\":[{\"@type\":\"ReadAction\",\"target\":[\"https:\/\/teterete.com\/mx\/producto\/cojin-en-lana-ritmo-multicolor\/\"]}]},{\"@type\":\"ImageObject\",\"inLanguage\":\"es\",\"@id\":\"https:\/\/teterete.com\/mx\/producto\/cojin-en-lana-ritmo-multicolor\/#primaryimage\",\"url\":\"https:\/\/teterete.com\/mx\/wp-content\/uploads\/2019\/12\/Ritmo-Multicolor.jpg\",\"contentUrl\":\"https:\/\/teterete.com\/mx\/wp-content\/uploads\/2019\/12\/Ritmo-Multicolor.jpg\",\"width\":\"640\",\"height\":\"427\",\"caption\":\"Cojin Multicolor\"},{\"@type\":\"BreadcrumbList\",\"@id\":\"https:\/\/teterete.com\/mx\/producto\/cojin-en-lana-ritmo-multicolor\/#breadcrumb\",\"itemListElement\":[{\"@type\":\"ListItem\",\"position\":1,\"name\":\"Home\",\"item\":\"https:\/\/teterete.com\/mx\/\"},{\"@type\":\"ListItem\",\"position\":2,\"name\":\"Productos\",\"item\":\"https:\/\/teterete.com\/mx\/shop\/\"},{\"@type\":\"ListItem\",\"position\":3,\"name\":\"Cojin en Lana Ritmo Multicolor\"}]},{\"@type\":\"WebSite\",\"@id\":\"https:\/\/teterete.com\/mx\/#website\",\"url\":\"https:\/\/teterete.com\/mx\/\",\"name\":\"\",\"description\":\"Tienda en L\u00ednea de Fina Artesanias y Dise\u00f1o Mexicano. Bellas piezas elaboradas a mano por los mejores artesanos del pa\u00eds as\u00ed como piezas de dise\u00f1o y decoraci\u00f3n con inspiraci\u00f3n artesanal.\",\"potentialAction\":[{\"@type\":\"SearchAction\",\"target\":{\"@type\":\"EntryPoint\",\"urlTemplate\":\"https:\/\/teterete.com\/mx\/?s={search_term_string}\"},\"query-input\":{\"@type\":\"PropertyValueSpecification\",\"valueRequired\":true,\"valueName\":\"search_term_string\"}}],\"inLanguage\":\"es\"}]}<\/script>\n<!-- \/ Yoast SEO plugin. -->","yoast_head_json":{"title":"Cojin en Lana Ritmo Multicolor -","robots":{"index":"index","follow":"follow","max-snippet":"max-snippet:-1","max-image-preview":"max-image-preview:large","max-video-preview":"max-video-preview:-1"},"canonical":"https:\/\/teterete.com\/mx\/producto\/cojin-en-lana-ritmo-multicolor\/","og_locale":"es_ES","og_type":"article","og_title":"Cojin en Lana Ritmo Multicolor -","og_description":"Dale un toque especial a tu espacio con esta funda de coj\u00edn tejida en telar de pedal por artesanos mexicanos. Pieza ideal para usarse como una bella pieza artesanal.","og_url":"https:\/\/teterete.com\/mx\/producto\/cojin-en-lana-ritmo-multicolor\/","article_publisher":"https:\/\/www.facebook.com\/TetereteHome\/","article_modified_time":"2024-09-13T22:42:55+00:00","og_image":[{"width":640,"height":427,"url":"https:\/\/teterete.com\/mx\/wp-content\/uploads\/2019\/12\/Ritmo-Multicolor.jpg","type":"image\/jpeg"}],"twitter_card":"summary_large_image","twitter_site":"@Teterete_Home","schema":{"@context":"https:\/\/schema.org","@graph":[{"@type":"WebPage","@id":"https:\/\/teterete.com\/mx\/producto\/cojin-en-lana-ritmo-multicolor\/","url":"https:\/\/teterete.com\/mx\/producto\/cojin-en-lana-ritmo-multicolor\/","name":"Cojin en Lana Ritmo Multicolor -","isPartOf":{"@id":"https:\/\/teterete.com\/mx\/#website"},"primaryImageOfPage":{"@id":"https:\/\/teterete.com\/mx\/producto\/cojin-en-lana-ritmo-multicolor\/#primaryimage"},"image":{"@id":"https:\/\/teterete.com\/mx\/producto\/cojin-en-lana-ritmo-multicolor\/#primaryimage"},"thumbnailUrl":"https:\/\/teterete.com\/mx\/wp-content\/uploads\/2019\/12\/Ritmo-Multicolor.jpg","datePublished":"2019-12-12T18:22:18+00:00","dateModified":"2024-09-13T22:42:55+00:00","breadcrumb":{"@id":"https:\/\/teterete.com\/mx\/producto\/cojin-en-lana-ritmo-multicolor\/#breadcrumb"},"inLanguage":"es","potentialAction":[{"@type":"ReadAction","target":["https:\/\/teterete.com\/mx\/producto\/cojin-en-lana-ritmo-multicolor\/"]}]},{"@type":"ImageObject","inLanguage":"es","@id":"https:\/\/teterete.com\/mx\/producto\/cojin-en-lana-ritmo-multicolor\/#primaryimage","url":"https:\/\/teterete.com\/mx\/wp-content\/uploads\/2019\/12\/Ritmo-Multicolor.jpg","contentUrl":"https:\/\/teterete.com\/mx\/wp-content\/uploads\/2019\/12\/Ritmo-Multicolor.jpg","width":"640","height":"427","caption":"Cojin Multicolor"},{"@type":"BreadcrumbList","@id":"https:\/\/teterete.com\/mx\/producto\/cojin-en-lana-ritmo-multicolor\/#breadcrumb","itemListElement":[{"@type":"ListItem","position":1,"name":"Home","item":"https:\/\/teterete.com\/mx\/"},{"@type":"ListItem","position":2,"name":"Productos","item":"https:\/\/teterete.com\/mx\/shop\/"},{"@type":"ListItem","position":3,"name":"Cojin en Lana Ritmo Multicolor"}]},{"@type":"WebSite","@id":"https:\/\/teterete.com\/mx\/#website","url":"https:\/\/teterete.com\/mx\/","name":"","description":"Tienda en L\u00ednea de Fina Artesanias y Dise\u00f1o Mexicano. Bellas piezas elaboradas a mano por los mejores artesanos del pa\u00eds as\u00ed como piezas de dise\u00f1o y decoraci\u00f3n con inspiraci\u00f3n artesanal.","potentialAction":[{"@type":"SearchAction","target":{"@type":"EntryPoint","urlTemplate":"https:\/\/teterete.com\/mx\/?s={search_term_string}"},"query-input":{"@type":"PropertyValueSpecification","valueRequired":true,"valueName":"search_term_string"}}],"inLanguage":"es"}]}},"_links":{"self":[{"href":"https:\/\/teterete.com\/mx\/wp-json\/wp\/v2\/product\/6992"}],"collection":[{"href":"https:\/\/teterete.com\/mx\/wp-json\/wp\/v2\/product"}],"about":[{"href":"https:\/\/teterete.com\/mx\/wp-json\/wp\/v2\/types\/product"}],"replies":[{"embeddable":true,"href":"https:\/\/teterete.com\/mx\/wp-json\/wp\/v2\/comments?post=6992"}],"wp:featuredmedia":[{"embeddable":true,"href":"https:\/\/teterete.com\/mx\/wp-json\/wp\/v2\/media\/6993"}],"wp:attachment":[{"href":"https:\/\/teterete.com\/mx\/wp-json\/wp\/v2\/media?parent=6992"}],"wp:term":[{"taxonomy":"product_cat","embeddable":true,"href":"https:\/\/teterete.com\/mx\/wp-json\/wp\/v2\/product_cat?post=6992"},{"taxonomy":"product_tag","embeddable":true,"href":"https:\/\/teterete.com\/mx\/wp-json\/wp\/v2\/product_tag?post=6992"}],"curies":[{"name":"wp","href":"https:\/\/api.w.org\/{rel}","templated":true}]}}