{"id":7003,"date":"2019-12-12T18:42:52","date_gmt":"2019-12-12T18:42:52","guid":{"rendered":"https:\/\/teterete.com\/mx\/?post_type=product&#038;p=7003"},"modified":"2025-06-08T19:11:42","modified_gmt":"2025-06-08T19:11:42","slug":"cojin-artesanal-con-flecos","status":"publish","type":"product","link":"https:\/\/teterete.com\/mx\/producto\/cojin-artesanal-con-flecos\/","title":{"rendered":"Cojin Artesanal con Flecos"},"content":{"rendered":"<p>Tama\u00f1o: 35 x 55 cm<\/p>\n<p>Colores obtenidos de tintes naturales.<\/p>\n<p>Material:<\/p>\n<p>Frente: 100% lana mexicana<br \/>\nTrasero: Pa\u00f1o de lana color gris<\/p>\n<p>**En caso de no contar con inventario al momento de su compra la producci\u00f3n lleva de 15 a 20 d\u00edas<\/p>\n<p>Cuidados:<\/p>\n<p>-Evitar contacto con cloro y detergentes fuertes.<\/p>\n<p>-No lavar en casa, para limpieza profunda se recomienda lavado profesional en seco.<\/p>\n<p>-Evitar exposici\u00f3n directa al sol.<\/p>\n<p>*NO INCLUYE EL RELLENO*<\/p>\n","protected":false},"excerpt":{"rendered":"<p>Funda de ri\u00f1onera tejida en telar de pedal por artesanos mexicanos.<\/p>\n","protected":false},"featured_media":7004,"comment_status":"open","ping_status":"closed","template":"","meta":{"_acf_changed":false,"sfsi_plus_gutenberg_text_before_share":"","sfsi_plus_gutenberg_show_text_before_share":"","sfsi_plus_gutenberg_icon_type":"","sfsi_plus_gutenberg_icon_alignemt":"","sfsi_plus_gutenburg_max_per_row":""},"product_brand":[],"product_cat":[1048,210,336,1842],"product_tag":[236,1045,1046,1047,1018,1017,517,232,1003,963,1016,1604,223,1019],"class_list":{"0":"post-7003","1":"product","2":"type-product","3":"status-publish","4":"has-post-thumbnail","6":"product_cat-arudeko","7":"product_cat-cojines","8":"product_cat-cojines-decorativos","9":"product_cat-oaxaca","10":"product_tag-arte-mexicano","11":"product_tag-cojin-de-lana","12":"product_tag-cojin-de-oaxaca","13":"product_tag-cojin-diseno-artesanal","14":"product_tag-cojin-sustentable","15":"product_tag-cojines","16":"product_tag-cojines-mexicanos","17":"product_tag-decoracion-mexicana","18":"product_tag-diseno-artesanal","19":"product_tag-diseno-mexicano","20":"product_tag-mexico-artesanal","21":"product_tag-rinonera","22":"product_tag-textiles-mexicanos","23":"product_tag-textiles-para-casa","24":"product_shipping_class-fast-delivery","26":"first","27":"onbackorder","28":"taxable","29":"shipping-taxable","30":"purchasable","31":"product-type-simple"},"acf":[],"yoast_head":"<!-- This site is optimized with the Yoast SEO plugin v27.5 - https:\/\/yoast.com\/product\/yoast-seo-wordpress\/ -->\n<title>Cojin Artesanal con Flecos -<\/title>\n<meta name=\"robots\" content=\"index, follow, max-snippet:-1, max-image-preview:large, max-video-preview:-1\" \/>\n<link rel=\"canonical\" href=\"https:\/\/teterete.com\/mx\/producto\/cojin-artesanal-con-flecos\/\" \/>\n<meta property=\"og:locale\" content=\"es_ES\" \/>\n<meta property=\"og:type\" content=\"article\" \/>\n<meta property=\"og:title\" content=\"Cojin Artesanal con Flecos -\" \/>\n<meta property=\"og:description\" content=\"Funda de ri\u00f1onera tejida en telar de pedal por artesanos mexicanos.\" \/>\n<meta property=\"og:url\" content=\"https:\/\/teterete.com\/mx\/producto\/cojin-artesanal-con-flecos\/\" \/>\n<meta property=\"article:publisher\" content=\"https:\/\/www.facebook.com\/TetereteHome\/\" \/>\n<meta property=\"article:modified_time\" content=\"2025-06-08T19:11:42+00:00\" \/>\n<meta property=\"og:image\" content=\"https:\/\/teterete.com\/mx\/wp-content\/uploads\/2019\/12\/Cojin-Camino-Flecos-I-.jpg\" \/>\n\t<meta property=\"og:image:width\" content=\"640\" \/>\n\t<meta property=\"og:image:height\" content=\"427\" \/>\n\t<meta property=\"og:image:type\" content=\"image\/jpeg\" \/>\n<meta name=\"twitter:card\" content=\"summary_large_image\" \/>\n<meta name=\"twitter:site\" content=\"@Teterete_Home\" \/>\n<script type=\"application\/ld+json\" class=\"yoast-schema-graph\">{\"@context\":\"https:\\\/\\\/schema.org\",\"@graph\":[{\"@type\":\"WebPage\",\"@id\":\"https:\\\/\\\/teterete.com\\\/mx\\\/producto\\\/cojin-artesanal-con-flecos\\\/\",\"url\":\"https:\\\/\\\/teterete.com\\\/mx\\\/producto\\\/cojin-artesanal-con-flecos\\\/\",\"name\":\"Cojin Artesanal con Flecos -\",\"isPartOf\":{\"@id\":\"https:\\\/\\\/teterete.com\\\/mx\\\/#website\"},\"primaryImageOfPage\":{\"@id\":\"https:\\\/\\\/teterete.com\\\/mx\\\/producto\\\/cojin-artesanal-con-flecos\\\/#primaryimage\"},\"image\":{\"@id\":\"https:\\\/\\\/teterete.com\\\/mx\\\/producto\\\/cojin-artesanal-con-flecos\\\/#primaryimage\"},\"thumbnailUrl\":\"https:\\\/\\\/teterete.com\\\/mx\\\/wp-content\\\/uploads\\\/2019\\\/12\\\/Cojin-Camino-Flecos-I-.jpg\",\"datePublished\":\"2019-12-12T18:42:52+00:00\",\"dateModified\":\"2025-06-08T19:11:42+00:00\",\"breadcrumb\":{\"@id\":\"https:\\\/\\\/teterete.com\\\/mx\\\/producto\\\/cojin-artesanal-con-flecos\\\/#breadcrumb\"},\"inLanguage\":\"es\",\"potentialAction\":[{\"@type\":\"ReadAction\",\"target\":[\"https:\\\/\\\/teterete.com\\\/mx\\\/producto\\\/cojin-artesanal-con-flecos\\\/\"]}]},{\"@type\":\"ImageObject\",\"inLanguage\":\"es\",\"@id\":\"https:\\\/\\\/teterete.com\\\/mx\\\/producto\\\/cojin-artesanal-con-flecos\\\/#primaryimage\",\"url\":\"https:\\\/\\\/teterete.com\\\/mx\\\/wp-content\\\/uploads\\\/2019\\\/12\\\/Cojin-Camino-Flecos-I-.jpg\",\"contentUrl\":\"https:\\\/\\\/teterete.com\\\/mx\\\/wp-content\\\/uploads\\\/2019\\\/12\\\/Cojin-Camino-Flecos-I-.jpg\",\"width\":\"640\",\"height\":\"427\",\"caption\":\"Cojin Camino Flecos\"},{\"@type\":\"BreadcrumbList\",\"@id\":\"https:\\\/\\\/teterete.com\\\/mx\\\/producto\\\/cojin-artesanal-con-flecos\\\/#breadcrumb\",\"itemListElement\":[{\"@type\":\"ListItem\",\"position\":1,\"name\":\"Home\",\"item\":\"https:\\\/\\\/teterete.com\\\/mx\\\/\"},{\"@type\":\"ListItem\",\"position\":2,\"name\":\"Productos\",\"item\":\"https:\\\/\\\/teterete.com\\\/mx\\\/shop\\\/\"},{\"@type\":\"ListItem\",\"position\":3,\"name\":\"Cojin Artesanal con Flecos\"}]},{\"@type\":\"WebSite\",\"@id\":\"https:\\\/\\\/teterete.com\\\/mx\\\/#website\",\"url\":\"https:\\\/\\\/teterete.com\\\/mx\\\/\",\"name\":\"\",\"description\":\"Tienda en L\u00ednea de Fina Artesanias y Dise\u00f1o Mexicano. Bellas piezas elaboradas a mano por los mejores artesanos del pa\u00eds as\u00ed como piezas de dise\u00f1o y decoraci\u00f3n con inspiraci\u00f3n artesanal.\",\"potentialAction\":[{\"@type\":\"SearchAction\",\"target\":{\"@type\":\"EntryPoint\",\"urlTemplate\":\"https:\\\/\\\/teterete.com\\\/mx\\\/?s={search_term_string}\"},\"query-input\":{\"@type\":\"PropertyValueSpecification\",\"valueRequired\":true,\"valueName\":\"search_term_string\"}}],\"inLanguage\":\"es\"}]}<\/script>\n<!-- \/ Yoast SEO plugin. -->","yoast_head_json":{"title":"Cojin Artesanal con Flecos -","robots":{"index":"index","follow":"follow","max-snippet":"max-snippet:-1","max-image-preview":"max-image-preview:large","max-video-preview":"max-video-preview:-1"},"canonical":"https:\/\/teterete.com\/mx\/producto\/cojin-artesanal-con-flecos\/","og_locale":"es_ES","og_type":"article","og_title":"Cojin Artesanal con Flecos -","og_description":"Funda de ri\u00f1onera tejida en telar de pedal por artesanos mexicanos.","og_url":"https:\/\/teterete.com\/mx\/producto\/cojin-artesanal-con-flecos\/","article_publisher":"https:\/\/www.facebook.com\/TetereteHome\/","article_modified_time":"2025-06-08T19:11:42+00:00","og_image":[{"width":640,"height":427,"url":"https:\/\/teterete.com\/mx\/wp-content\/uploads\/2019\/12\/Cojin-Camino-Flecos-I-.jpg","type":"image\/jpeg"}],"twitter_card":"summary_large_image","twitter_site":"@Teterete_Home","schema":{"@context":"https:\/\/schema.org","@graph":[{"@type":"WebPage","@id":"https:\/\/teterete.com\/mx\/producto\/cojin-artesanal-con-flecos\/","url":"https:\/\/teterete.com\/mx\/producto\/cojin-artesanal-con-flecos\/","name":"Cojin Artesanal con Flecos -","isPartOf":{"@id":"https:\/\/teterete.com\/mx\/#website"},"primaryImageOfPage":{"@id":"https:\/\/teterete.com\/mx\/producto\/cojin-artesanal-con-flecos\/#primaryimage"},"image":{"@id":"https:\/\/teterete.com\/mx\/producto\/cojin-artesanal-con-flecos\/#primaryimage"},"thumbnailUrl":"https:\/\/teterete.com\/mx\/wp-content\/uploads\/2019\/12\/Cojin-Camino-Flecos-I-.jpg","datePublished":"2019-12-12T18:42:52+00:00","dateModified":"2025-06-08T19:11:42+00:00","breadcrumb":{"@id":"https:\/\/teterete.com\/mx\/producto\/cojin-artesanal-con-flecos\/#breadcrumb"},"inLanguage":"es","potentialAction":[{"@type":"ReadAction","target":["https:\/\/teterete.com\/mx\/producto\/cojin-artesanal-con-flecos\/"]}]},{"@type":"ImageObject","inLanguage":"es","@id":"https:\/\/teterete.com\/mx\/producto\/cojin-artesanal-con-flecos\/#primaryimage","url":"https:\/\/teterete.com\/mx\/wp-content\/uploads\/2019\/12\/Cojin-Camino-Flecos-I-.jpg","contentUrl":"https:\/\/teterete.com\/mx\/wp-content\/uploads\/2019\/12\/Cojin-Camino-Flecos-I-.jpg","width":"640","height":"427","caption":"Cojin Camino Flecos"},{"@type":"BreadcrumbList","@id":"https:\/\/teterete.com\/mx\/producto\/cojin-artesanal-con-flecos\/#breadcrumb","itemListElement":[{"@type":"ListItem","position":1,"name":"Home","item":"https:\/\/teterete.com\/mx\/"},{"@type":"ListItem","position":2,"name":"Productos","item":"https:\/\/teterete.com\/mx\/shop\/"},{"@type":"ListItem","position":3,"name":"Cojin Artesanal con Flecos"}]},{"@type":"WebSite","@id":"https:\/\/teterete.com\/mx\/#website","url":"https:\/\/teterete.com\/mx\/","name":"","description":"Tienda en L\u00ednea de Fina Artesanias y Dise\u00f1o Mexicano. Bellas piezas elaboradas a mano por los mejores artesanos del pa\u00eds as\u00ed como piezas de dise\u00f1o y decoraci\u00f3n con inspiraci\u00f3n artesanal.","potentialAction":[{"@type":"SearchAction","target":{"@type":"EntryPoint","urlTemplate":"https:\/\/teterete.com\/mx\/?s={search_term_string}"},"query-input":{"@type":"PropertyValueSpecification","valueRequired":true,"valueName":"search_term_string"}}],"inLanguage":"es"}]}},"_links":{"self":[{"href":"https:\/\/teterete.com\/mx\/wp-json\/wp\/v2\/product\/7003","targetHints":{"allow":["GET"]}}],"collection":[{"href":"https:\/\/teterete.com\/mx\/wp-json\/wp\/v2\/product"}],"about":[{"href":"https:\/\/teterete.com\/mx\/wp-json\/wp\/v2\/types\/product"}],"replies":[{"embeddable":true,"href":"https:\/\/teterete.com\/mx\/wp-json\/wp\/v2\/comments?post=7003"}],"wp:featuredmedia":[{"embeddable":true,"href":"https:\/\/teterete.com\/mx\/wp-json\/wp\/v2\/media\/7004"}],"wp:attachment":[{"href":"https:\/\/teterete.com\/mx\/wp-json\/wp\/v2\/media?parent=7003"}],"wp:term":[{"taxonomy":"product_brand","embeddable":true,"href":"https:\/\/teterete.com\/mx\/wp-json\/wp\/v2\/product_brand?post=7003"},{"taxonomy":"product_cat","embeddable":true,"href":"https:\/\/teterete.com\/mx\/wp-json\/wp\/v2\/product_cat?post=7003"},{"taxonomy":"product_tag","embeddable":true,"href":"https:\/\/teterete.com\/mx\/wp-json\/wp\/v2\/product_tag?post=7003"}],"curies":[{"name":"wp","href":"https:\/\/api.w.org\/{rel}","templated":true}]}}