{"id":7051,"date":"2019-12-13T18:10:41","date_gmt":"2019-12-13T18:10:41","guid":{"rendered":"https:\/\/teterete.com\/mx\/?post_type=product&#038;p=7051"},"modified":"2024-08-28T23:03:20","modified_gmt":"2024-08-28T23:03:20","slug":"collar-cenote","status":"publish","type":"product","link":"https:\/\/teterete.com\/mx\/producto\/collar-cenote\/","title":{"rendered":"Collar Cenote"},"content":{"rendered":"<p>Inspirada en la riqueza natural y la sabidur\u00eda en torno al uso de los recursos naturales en la regi\u00f3n maya, esta colecci\u00f3n se llena de vida al introducirse en el concepto mismo de naturaleza para los pueblos mayas, dando auge a su car\u00e1cter cultural, medicinal y armonioso en los que tierra y hombre son uno mismo. El uso de tintes naturales extra\u00eddos de plantas medicinales de la regi\u00f3n, de la fibra extra\u00edda de la sansevieria y del reciclaje del cuerno de toro, congregan en cada pieza la esencia de la filosof\u00eda maya sobre su entorno natural, en el que la innovaci\u00f3n y el desarrollo no est\u00e1n peleados con la naturaleza ni la reemplazan, sino que la honran y la cuidan como ella los cuida a ellos.<\/p>\n<p>Dos t\u00e9cnicas ancestrales, materiales con historia, amor por la tierra, el dise\u00f1o de vanguardia de Caralarga y la pasi\u00f3n, talento y compromiso de artesanos de Taller Maya se unen para formar una colecci\u00f3n \u00fanica y con un significado que va m\u00e1s all\u00e1 de cualquier tendencia, la preservaci\u00f3n de la riqueza bio cultural de M\u00e9xico, el reconocimiento a sus guardianes y el pago justo a un trabajo hecho a mano.<\/p>\n","protected":false},"excerpt":{"rendered":"<p>Collar elaborado a mano por artesanos de la zona maya usando la t\u00e9cnica de cuerno tallado con fibra de Sansevieria y tenida con planas medicinales.<\/p>\n<p>Color: Natural<\/p>\n<p>Disponible en otros colores dependiendo de la temporada: Ocre<\/p>\n","protected":false},"featured_media":7035,"comment_status":"open","ping_status":"closed","template":"","meta":{"sfsi_plus_gutenberg_text_before_share":"","sfsi_plus_gutenberg_show_text_before_share":"","sfsi_plus_gutenberg_icon_type":"","sfsi_plus_gutenberg_icon_alignemt":"","sfsi_plus_gutenburg_max_per_row":""},"product_cat":[1671,1263,1434,61],"product_tag":[236,1605,1607,1003,1608,1030],"acf":[],"yoast_head":"<!-- This site is optimized with the Yoast SEO plugin v23.5 - https:\/\/yoast.com\/wordpress\/plugins\/seo\/ -->\n<title>Collar Cenote -<\/title>\n<meta name=\"robots\" content=\"index, follow, max-snippet:-1, max-image-preview:large, max-video-preview:-1\" \/>\n<link rel=\"canonical\" href=\"https:\/\/teterete.com\/mx\/producto\/collar-cenote\/\" \/>\n<meta property=\"og:locale\" content=\"es_ES\" \/>\n<meta property=\"og:type\" content=\"article\" \/>\n<meta property=\"og:title\" content=\"Collar Cenote -\" \/>\n<meta property=\"og:description\" content=\"Collar elaborado a mano por artesanos de la zona maya usando la t\u00e9cnica de cuerno tallado con fibra de Sansevieria y tenida con planas medicinales.  Color: Natural  Disponible en otros colores dependiendo de la temporada: Ocre\" \/>\n<meta property=\"og:url\" content=\"https:\/\/teterete.com\/mx\/producto\/collar-cenote\/\" \/>\n<meta property=\"article:publisher\" content=\"https:\/\/www.facebook.com\/TetereteHome\/\" \/>\n<meta property=\"article:modified_time\" content=\"2024-08-28T23:03:20+00:00\" \/>\n<meta property=\"og:image\" content=\"https:\/\/teterete.com\/mx\/wp-content\/uploads\/2019\/12\/Screen-Shot-2019-12-12-at-6.36.14-PM.png\" \/>\n\t<meta property=\"og:image:width\" content=\"600\" \/>\n\t<meta property=\"og:image:height\" content=\"600\" \/>\n\t<meta property=\"og:image:type\" content=\"image\/png\" \/>\n<meta name=\"twitter:card\" content=\"summary_large_image\" \/>\n<meta name=\"twitter:site\" content=\"@Teterete_Home\" \/>\n<meta name=\"twitter:label1\" content=\"Tiempo de lectura\" \/>\n\t<meta name=\"twitter:data1\" content=\"1 minuto\" \/>\n<script type=\"application\/ld+json\" class=\"yoast-schema-graph\">{\"@context\":\"https:\/\/schema.org\",\"@graph\":[{\"@type\":\"WebPage\",\"@id\":\"https:\/\/teterete.com\/mx\/producto\/collar-cenote\/\",\"url\":\"https:\/\/teterete.com\/mx\/producto\/collar-cenote\/\",\"name\":\"Collar Cenote -\",\"isPartOf\":{\"@id\":\"https:\/\/teterete.com\/mx\/#website\"},\"primaryImageOfPage\":{\"@id\":\"https:\/\/teterete.com\/mx\/producto\/collar-cenote\/#primaryimage\"},\"image\":{\"@id\":\"https:\/\/teterete.com\/mx\/producto\/collar-cenote\/#primaryimage\"},\"thumbnailUrl\":\"https:\/\/teterete.com\/mx\/wp-content\/uploads\/2019\/12\/Screen-Shot-2019-12-12-at-6.36.14-PM.png\",\"datePublished\":\"2019-12-13T18:10:41+00:00\",\"dateModified\":\"2024-08-28T23:03:20+00:00\",\"breadcrumb\":{\"@id\":\"https:\/\/teterete.com\/mx\/producto\/collar-cenote\/#breadcrumb\"},\"inLanguage\":\"es\",\"potentialAction\":[{\"@type\":\"ReadAction\",\"target\":[\"https:\/\/teterete.com\/mx\/producto\/collar-cenote\/\"]}]},{\"@type\":\"ImageObject\",\"inLanguage\":\"es\",\"@id\":\"https:\/\/teterete.com\/mx\/producto\/collar-cenote\/#primaryimage\",\"url\":\"https:\/\/teterete.com\/mx\/wp-content\/uploads\/2019\/12\/Screen-Shot-2019-12-12-at-6.36.14-PM.png\",\"contentUrl\":\"https:\/\/teterete.com\/mx\/wp-content\/uploads\/2019\/12\/Screen-Shot-2019-12-12-at-6.36.14-PM.png\",\"width\":\"600\",\"height\":\"600\",\"caption\":\"Collar Moda Mexicana\"},{\"@type\":\"BreadcrumbList\",\"@id\":\"https:\/\/teterete.com\/mx\/producto\/collar-cenote\/#breadcrumb\",\"itemListElement\":[{\"@type\":\"ListItem\",\"position\":1,\"name\":\"Home\",\"item\":\"https:\/\/teterete.com\/mx\/\"},{\"@type\":\"ListItem\",\"position\":2,\"name\":\"Productos\",\"item\":\"https:\/\/teterete.com\/mx\/shop\/\"},{\"@type\":\"ListItem\",\"position\":3,\"name\":\"Collar Cenote\"}]},{\"@type\":\"WebSite\",\"@id\":\"https:\/\/teterete.com\/mx\/#website\",\"url\":\"https:\/\/teterete.com\/mx\/\",\"name\":\"\",\"description\":\"Tienda en L\u00ednea de Fina Artesanias y Dise\u00f1o Mexicano. Bellas piezas elaboradas a mano por los mejores artesanos del pa\u00eds as\u00ed como piezas de dise\u00f1o y decoraci\u00f3n con inspiraci\u00f3n artesanal.\",\"potentialAction\":[{\"@type\":\"SearchAction\",\"target\":{\"@type\":\"EntryPoint\",\"urlTemplate\":\"https:\/\/teterete.com\/mx\/?s={search_term_string}\"},\"query-input\":{\"@type\":\"PropertyValueSpecification\",\"valueRequired\":true,\"valueName\":\"search_term_string\"}}],\"inLanguage\":\"es\"}]}<\/script>\n<!-- \/ Yoast SEO plugin. -->","yoast_head_json":{"title":"Collar Cenote -","robots":{"index":"index","follow":"follow","max-snippet":"max-snippet:-1","max-image-preview":"max-image-preview:large","max-video-preview":"max-video-preview:-1"},"canonical":"https:\/\/teterete.com\/mx\/producto\/collar-cenote\/","og_locale":"es_ES","og_type":"article","og_title":"Collar Cenote -","og_description":"Collar elaborado a mano por artesanos de la zona maya usando la t\u00e9cnica de cuerno tallado con fibra de Sansevieria y tenida con planas medicinales.  Color: Natural  Disponible en otros colores dependiendo de la temporada: Ocre","og_url":"https:\/\/teterete.com\/mx\/producto\/collar-cenote\/","article_publisher":"https:\/\/www.facebook.com\/TetereteHome\/","article_modified_time":"2024-08-28T23:03:20+00:00","og_image":[{"width":600,"height":600,"url":"https:\/\/teterete.com\/mx\/wp-content\/uploads\/2019\/12\/Screen-Shot-2019-12-12-at-6.36.14-PM.png","type":"image\/png"}],"twitter_card":"summary_large_image","twitter_site":"@Teterete_Home","twitter_misc":{"Tiempo de lectura":"1 minuto"},"schema":{"@context":"https:\/\/schema.org","@graph":[{"@type":"WebPage","@id":"https:\/\/teterete.com\/mx\/producto\/collar-cenote\/","url":"https:\/\/teterete.com\/mx\/producto\/collar-cenote\/","name":"Collar Cenote -","isPartOf":{"@id":"https:\/\/teterete.com\/mx\/#website"},"primaryImageOfPage":{"@id":"https:\/\/teterete.com\/mx\/producto\/collar-cenote\/#primaryimage"},"image":{"@id":"https:\/\/teterete.com\/mx\/producto\/collar-cenote\/#primaryimage"},"thumbnailUrl":"https:\/\/teterete.com\/mx\/wp-content\/uploads\/2019\/12\/Screen-Shot-2019-12-12-at-6.36.14-PM.png","datePublished":"2019-12-13T18:10:41+00:00","dateModified":"2024-08-28T23:03:20+00:00","breadcrumb":{"@id":"https:\/\/teterete.com\/mx\/producto\/collar-cenote\/#breadcrumb"},"inLanguage":"es","potentialAction":[{"@type":"ReadAction","target":["https:\/\/teterete.com\/mx\/producto\/collar-cenote\/"]}]},{"@type":"ImageObject","inLanguage":"es","@id":"https:\/\/teterete.com\/mx\/producto\/collar-cenote\/#primaryimage","url":"https:\/\/teterete.com\/mx\/wp-content\/uploads\/2019\/12\/Screen-Shot-2019-12-12-at-6.36.14-PM.png","contentUrl":"https:\/\/teterete.com\/mx\/wp-content\/uploads\/2019\/12\/Screen-Shot-2019-12-12-at-6.36.14-PM.png","width":"600","height":"600","caption":"Collar Moda Mexicana"},{"@type":"BreadcrumbList","@id":"https:\/\/teterete.com\/mx\/producto\/collar-cenote\/#breadcrumb","itemListElement":[{"@type":"ListItem","position":1,"name":"Home","item":"https:\/\/teterete.com\/mx\/"},{"@type":"ListItem","position":2,"name":"Productos","item":"https:\/\/teterete.com\/mx\/shop\/"},{"@type":"ListItem","position":3,"name":"Collar Cenote"}]},{"@type":"WebSite","@id":"https:\/\/teterete.com\/mx\/#website","url":"https:\/\/teterete.com\/mx\/","name":"","description":"Tienda en L\u00ednea de Fina Artesanias y Dise\u00f1o Mexicano. Bellas piezas elaboradas a mano por los mejores artesanos del pa\u00eds as\u00ed como piezas de dise\u00f1o y decoraci\u00f3n con inspiraci\u00f3n artesanal.","potentialAction":[{"@type":"SearchAction","target":{"@type":"EntryPoint","urlTemplate":"https:\/\/teterete.com\/mx\/?s={search_term_string}"},"query-input":{"@type":"PropertyValueSpecification","valueRequired":true,"valueName":"search_term_string"}}],"inLanguage":"es"}]}},"_links":{"self":[{"href":"https:\/\/teterete.com\/mx\/wp-json\/wp\/v2\/product\/7051"}],"collection":[{"href":"https:\/\/teterete.com\/mx\/wp-json\/wp\/v2\/product"}],"about":[{"href":"https:\/\/teterete.com\/mx\/wp-json\/wp\/v2\/types\/product"}],"replies":[{"embeddable":true,"href":"https:\/\/teterete.com\/mx\/wp-json\/wp\/v2\/comments?post=7051"}],"wp:featuredmedia":[{"embeddable":true,"href":"https:\/\/teterete.com\/mx\/wp-json\/wp\/v2\/media\/7035"}],"wp:attachment":[{"href":"https:\/\/teterete.com\/mx\/wp-json\/wp\/v2\/media?parent=7051"}],"wp:term":[{"taxonomy":"product_cat","embeddable":true,"href":"https:\/\/teterete.com\/mx\/wp-json\/wp\/v2\/product_cat?post=7051"},{"taxonomy":"product_tag","embeddable":true,"href":"https:\/\/teterete.com\/mx\/wp-json\/wp\/v2\/product_tag?post=7051"}],"curies":[{"name":"wp","href":"https:\/\/api.w.org\/{rel}","templated":true}]}}