{"id":7060,"date":"2019-12-13T18:59:49","date_gmt":"2019-12-13T18:59:49","guid":{"rendered":"https:\/\/teterete.com\/mx\/?post_type=product&#038;p=7060"},"modified":"2022-05-02T23:04:21","modified_gmt":"2022-05-02T23:04:21","slug":"mancuernillas-cuadradas-plata","status":"publish","type":"product","link":"https:\/\/teterete.com\/mx\/producto\/mancuernillas-cuadradas-plata\/","title":{"rendered":"Mancuernillas Cuadradas Plata"},"content":{"rendered":"<p>Las primeras Relaciones de los encomenderos, las Cartas de Indias y las Cr\u00f3nicas de Lizana, Landa y Cogolludo relatan que entre los primeros soldados de Francisco de Montejo y los primeros frailes llegaron artesanos que introdujeron las artes mec\u00e1nicas y manuales difundiendolas por la pen\u00ednsula.Con el tiempo se formaron grupos de ofebres que perfeccionaron en Yucat\u00e1n el arte de la filigrana. Entre los frailes llegaron algunos plateros que comenzaron a labrar y pulir ornamentos, luego sus disc\u00edpulos, muchos de ellos ind\u00edgenas, extendieron este arte hasta la confeccion de alhajas y toda clase de oro y esmaltes.<\/p>\n<p>En la actualidad las t\u00e9cnicas tradicionales de la joyer\u00eda se conservan y trabajan en 15 poblaciones del estado de Yucat\u00e1n: M\u00e9rida, Valladolid, Peto, Motul, Tekax, Halach\u00f3, Oxkutzcab, Izamal, Ticul, Hunucm\u00e1, Maxcan\u00fa, Temax, Tizim\u00edn, Baca y Muna.<\/p>\n<p>Como muestra estas bellas piezas realizadas en filigrana por artesanos locales.<\/p>\n<p>***En caso de no contar con inventario la entrega puede variar de 10 a 15 d\u00eda h\u00e1biles<\/p>\n","protected":false},"excerpt":{"rendered":"<p>Bellas piezas trabajadas bajo la t\u00e9cnica de filigrana por artesanos de la Pen\u00ednsula Maya. Plata con gran detalle hecho a mano.<\/p>\n","protected":false},"featured_media":7018,"comment_status":"open","ping_status":"closed","template":"","meta":{"sfsi_plus_gutenberg_text_before_share":"","sfsi_plus_gutenberg_show_text_before_share":"","sfsi_plus_gutenberg_icon_type":"","sfsi_plus_gutenberg_icon_alignemt":"","sfsi_plus_gutenburg_max_per_row":""},"product_cat":[1671,1263,1434,538],"product_tag":[1443,236,1607,1003,1608,1612,1113,1030,1613],"acf":[],"yoast_head":"<!-- This site is optimized with the Yoast SEO plugin v23.5 - https:\/\/yoast.com\/wordpress\/plugins\/seo\/ -->\n<title>Mancuernillas Cuadradas Plata -<\/title>\n<meta name=\"robots\" content=\"index, follow, max-snippet:-1, max-image-preview:large, max-video-preview:-1\" \/>\n<link rel=\"canonical\" href=\"https:\/\/teterete.com\/mx\/producto\/mancuernillas-cuadradas-plata\/\" \/>\n<meta property=\"og:locale\" content=\"es_ES\" \/>\n<meta property=\"og:type\" content=\"article\" \/>\n<meta property=\"og:title\" content=\"Mancuernillas Cuadradas Plata -\" \/>\n<meta property=\"og:description\" content=\"Bellas piezas trabajadas bajo la t\u00e9cnica de filigrana por artesanos de la Pen\u00ednsula Maya. Plata con gran detalle hecho a mano.\" \/>\n<meta property=\"og:url\" content=\"https:\/\/teterete.com\/mx\/producto\/mancuernillas-cuadradas-plata\/\" \/>\n<meta property=\"article:publisher\" content=\"https:\/\/www.facebook.com\/TetereteHome\/\" \/>\n<meta property=\"article:modified_time\" content=\"2022-05-02T23:04:21+00:00\" \/>\n<meta property=\"og:image\" content=\"https:\/\/teterete.com\/mx\/wp-content\/uploads\/2019\/12\/Screen-Shot-2019-12-12-at-6.10.43-PM.png\" \/>\n\t<meta property=\"og:image:width\" content=\"500\" \/>\n\t<meta property=\"og:image:height\" content=\"500\" \/>\n\t<meta property=\"og:image:type\" content=\"image\/png\" \/>\n<meta name=\"twitter:card\" content=\"summary_large_image\" \/>\n<meta name=\"twitter:site\" content=\"@Teterete_Home\" \/>\n<meta name=\"twitter:label1\" content=\"Tiempo de lectura\" \/>\n\t<meta name=\"twitter:data1\" content=\"1 minuto\" \/>\n<script type=\"application\/ld+json\" class=\"yoast-schema-graph\">{\"@context\":\"https:\/\/schema.org\",\"@graph\":[{\"@type\":\"WebPage\",\"@id\":\"https:\/\/teterete.com\/mx\/producto\/mancuernillas-cuadradas-plata\/\",\"url\":\"https:\/\/teterete.com\/mx\/producto\/mancuernillas-cuadradas-plata\/\",\"name\":\"Mancuernillas Cuadradas Plata -\",\"isPartOf\":{\"@id\":\"https:\/\/teterete.com\/mx\/#website\"},\"primaryImageOfPage\":{\"@id\":\"https:\/\/teterete.com\/mx\/producto\/mancuernillas-cuadradas-plata\/#primaryimage\"},\"image\":{\"@id\":\"https:\/\/teterete.com\/mx\/producto\/mancuernillas-cuadradas-plata\/#primaryimage\"},\"thumbnailUrl\":\"https:\/\/teterete.com\/mx\/wp-content\/uploads\/2019\/12\/Screen-Shot-2019-12-12-at-6.10.43-PM.png\",\"datePublished\":\"2019-12-13T18:59:49+00:00\",\"dateModified\":\"2022-05-02T23:04:21+00:00\",\"breadcrumb\":{\"@id\":\"https:\/\/teterete.com\/mx\/producto\/mancuernillas-cuadradas-plata\/#breadcrumb\"},\"inLanguage\":\"es\",\"potentialAction\":[{\"@type\":\"ReadAction\",\"target\":[\"https:\/\/teterete.com\/mx\/producto\/mancuernillas-cuadradas-plata\/\"]}]},{\"@type\":\"ImageObject\",\"inLanguage\":\"es\",\"@id\":\"https:\/\/teterete.com\/mx\/producto\/mancuernillas-cuadradas-plata\/#primaryimage\",\"url\":\"https:\/\/teterete.com\/mx\/wp-content\/uploads\/2019\/12\/Screen-Shot-2019-12-12-at-6.10.43-PM.png\",\"contentUrl\":\"https:\/\/teterete.com\/mx\/wp-content\/uploads\/2019\/12\/Screen-Shot-2019-12-12-at-6.10.43-PM.png\",\"width\":\"500\",\"height\":\"500\",\"caption\":\"Mancuernillas Cuadradas\"},{\"@type\":\"BreadcrumbList\",\"@id\":\"https:\/\/teterete.com\/mx\/producto\/mancuernillas-cuadradas-plata\/#breadcrumb\",\"itemListElement\":[{\"@type\":\"ListItem\",\"position\":1,\"name\":\"Home\",\"item\":\"https:\/\/teterete.com\/mx\/\"},{\"@type\":\"ListItem\",\"position\":2,\"name\":\"Productos\",\"item\":\"https:\/\/teterete.com\/mx\/shop\/\"},{\"@type\":\"ListItem\",\"position\":3,\"name\":\"Mancuernillas Cuadradas Plata\"}]},{\"@type\":\"WebSite\",\"@id\":\"https:\/\/teterete.com\/mx\/#website\",\"url\":\"https:\/\/teterete.com\/mx\/\",\"name\":\"\",\"description\":\"Tienda en L\u00ednea de Fina Artesanias y Dise\u00f1o Mexicano. Bellas piezas elaboradas a mano por los mejores artesanos del pa\u00eds as\u00ed como piezas de dise\u00f1o y decoraci\u00f3n con inspiraci\u00f3n artesanal.\",\"potentialAction\":[{\"@type\":\"SearchAction\",\"target\":{\"@type\":\"EntryPoint\",\"urlTemplate\":\"https:\/\/teterete.com\/mx\/?s={search_term_string}\"},\"query-input\":{\"@type\":\"PropertyValueSpecification\",\"valueRequired\":true,\"valueName\":\"search_term_string\"}}],\"inLanguage\":\"es\"}]}<\/script>\n<!-- \/ Yoast SEO plugin. -->","yoast_head_json":{"title":"Mancuernillas Cuadradas Plata -","robots":{"index":"index","follow":"follow","max-snippet":"max-snippet:-1","max-image-preview":"max-image-preview:large","max-video-preview":"max-video-preview:-1"},"canonical":"https:\/\/teterete.com\/mx\/producto\/mancuernillas-cuadradas-plata\/","og_locale":"es_ES","og_type":"article","og_title":"Mancuernillas Cuadradas Plata -","og_description":"Bellas piezas trabajadas bajo la t\u00e9cnica de filigrana por artesanos de la Pen\u00ednsula Maya. Plata con gran detalle hecho a mano.","og_url":"https:\/\/teterete.com\/mx\/producto\/mancuernillas-cuadradas-plata\/","article_publisher":"https:\/\/www.facebook.com\/TetereteHome\/","article_modified_time":"2022-05-02T23:04:21+00:00","og_image":[{"width":500,"height":500,"url":"https:\/\/teterete.com\/mx\/wp-content\/uploads\/2019\/12\/Screen-Shot-2019-12-12-at-6.10.43-PM.png","type":"image\/png"}],"twitter_card":"summary_large_image","twitter_site":"@Teterete_Home","twitter_misc":{"Tiempo de lectura":"1 minuto"},"schema":{"@context":"https:\/\/schema.org","@graph":[{"@type":"WebPage","@id":"https:\/\/teterete.com\/mx\/producto\/mancuernillas-cuadradas-plata\/","url":"https:\/\/teterete.com\/mx\/producto\/mancuernillas-cuadradas-plata\/","name":"Mancuernillas Cuadradas Plata -","isPartOf":{"@id":"https:\/\/teterete.com\/mx\/#website"},"primaryImageOfPage":{"@id":"https:\/\/teterete.com\/mx\/producto\/mancuernillas-cuadradas-plata\/#primaryimage"},"image":{"@id":"https:\/\/teterete.com\/mx\/producto\/mancuernillas-cuadradas-plata\/#primaryimage"},"thumbnailUrl":"https:\/\/teterete.com\/mx\/wp-content\/uploads\/2019\/12\/Screen-Shot-2019-12-12-at-6.10.43-PM.png","datePublished":"2019-12-13T18:59:49+00:00","dateModified":"2022-05-02T23:04:21+00:00","breadcrumb":{"@id":"https:\/\/teterete.com\/mx\/producto\/mancuernillas-cuadradas-plata\/#breadcrumb"},"inLanguage":"es","potentialAction":[{"@type":"ReadAction","target":["https:\/\/teterete.com\/mx\/producto\/mancuernillas-cuadradas-plata\/"]}]},{"@type":"ImageObject","inLanguage":"es","@id":"https:\/\/teterete.com\/mx\/producto\/mancuernillas-cuadradas-plata\/#primaryimage","url":"https:\/\/teterete.com\/mx\/wp-content\/uploads\/2019\/12\/Screen-Shot-2019-12-12-at-6.10.43-PM.png","contentUrl":"https:\/\/teterete.com\/mx\/wp-content\/uploads\/2019\/12\/Screen-Shot-2019-12-12-at-6.10.43-PM.png","width":"500","height":"500","caption":"Mancuernillas Cuadradas"},{"@type":"BreadcrumbList","@id":"https:\/\/teterete.com\/mx\/producto\/mancuernillas-cuadradas-plata\/#breadcrumb","itemListElement":[{"@type":"ListItem","position":1,"name":"Home","item":"https:\/\/teterete.com\/mx\/"},{"@type":"ListItem","position":2,"name":"Productos","item":"https:\/\/teterete.com\/mx\/shop\/"},{"@type":"ListItem","position":3,"name":"Mancuernillas Cuadradas Plata"}]},{"@type":"WebSite","@id":"https:\/\/teterete.com\/mx\/#website","url":"https:\/\/teterete.com\/mx\/","name":"","description":"Tienda en L\u00ednea de Fina Artesanias y Dise\u00f1o Mexicano. Bellas piezas elaboradas a mano por los mejores artesanos del pa\u00eds as\u00ed como piezas de dise\u00f1o y decoraci\u00f3n con inspiraci\u00f3n artesanal.","potentialAction":[{"@type":"SearchAction","target":{"@type":"EntryPoint","urlTemplate":"https:\/\/teterete.com\/mx\/?s={search_term_string}"},"query-input":{"@type":"PropertyValueSpecification","valueRequired":true,"valueName":"search_term_string"}}],"inLanguage":"es"}]}},"_links":{"self":[{"href":"https:\/\/teterete.com\/mx\/wp-json\/wp\/v2\/product\/7060"}],"collection":[{"href":"https:\/\/teterete.com\/mx\/wp-json\/wp\/v2\/product"}],"about":[{"href":"https:\/\/teterete.com\/mx\/wp-json\/wp\/v2\/types\/product"}],"replies":[{"embeddable":true,"href":"https:\/\/teterete.com\/mx\/wp-json\/wp\/v2\/comments?post=7060"}],"wp:featuredmedia":[{"embeddable":true,"href":"https:\/\/teterete.com\/mx\/wp-json\/wp\/v2\/media\/7018"}],"wp:attachment":[{"href":"https:\/\/teterete.com\/mx\/wp-json\/wp\/v2\/media?parent=7060"}],"wp:term":[{"taxonomy":"product_cat","embeddable":true,"href":"https:\/\/teterete.com\/mx\/wp-json\/wp\/v2\/product_cat?post=7060"},{"taxonomy":"product_tag","embeddable":true,"href":"https:\/\/teterete.com\/mx\/wp-json\/wp\/v2\/product_tag?post=7060"}],"curies":[{"name":"wp","href":"https:\/\/api.w.org\/{rel}","templated":true}]}}