{"id":7064,"date":"2019-12-13T19:23:40","date_gmt":"2019-12-13T19:23:40","guid":{"rendered":"https:\/\/teterete.com\/mx\/?post_type=product&#038;p=7064"},"modified":"2025-05-23T22:07:54","modified_gmt":"2025-05-23T22:07:54","slug":"brazalete-pequeno-sienna","status":"publish","type":"product","link":"https:\/\/teterete.com\/mx\/producto\/brazalete-pequeno-sienna\/","title":{"rendered":"Brazalete Peque\u00f1o Sienna"},"content":{"rendered":"<p>Esta colecci\u00f3n esta inspirada por las flores del mar, viajes a playas remotas realizados durante la ni\u00f1ez de la dise\u00f1adora.<\/p>\n<p>Material: Ba\u00f1o en Oro de 22K<\/p>\n<p>Color: Oro<\/p>\n","protected":false},"excerpt":{"rendered":"<p>Esta colecci\u00f3n esta inspirada por las flores del mar, viajes a playas remotas realizados durante la ni\u00f1ez de la dise\u00f1adora.<\/p>\n","protected":false},"featured_media":7065,"comment_status":"open","ping_status":"closed","template":"","meta":{"sfsi_plus_gutenberg_text_before_share":"","sfsi_plus_gutenberg_show_text_before_share":"","sfsi_plus_gutenberg_icon_type":"","sfsi_plus_gutenberg_icon_alignemt":"","sfsi_plus_gutenburg_max_per_row":""},"product_cat":[1216,1617,1671,1263,2057,61],"product_tag":[236,1092,1107,963,1091,1030],"acf":[],"yoast_head":"<!-- This site is optimized with the Yoast SEO plugin v23.5 - https:\/\/yoast.com\/wordpress\/plugins\/seo\/ -->\n<title>Brazalete Peque\u00f1o Sienna -<\/title>\n<meta name=\"robots\" content=\"index, follow, max-snippet:-1, max-image-preview:large, max-video-preview:-1\" \/>\n<link rel=\"canonical\" href=\"https:\/\/teterete.com\/mx\/producto\/brazalete-pequeno-sienna\/\" \/>\n<meta property=\"og:locale\" content=\"es_ES\" \/>\n<meta property=\"og:type\" content=\"article\" \/>\n<meta property=\"og:title\" content=\"Brazalete Peque\u00f1o Sienna -\" \/>\n<meta property=\"og:description\" content=\"Esta colecci\u00f3n esta inspirada por las flores del mar, viajes a playas remotas realizados durante la ni\u00f1ez de la dise\u00f1adora.\" \/>\n<meta property=\"og:url\" content=\"https:\/\/teterete.com\/mx\/producto\/brazalete-pequeno-sienna\/\" \/>\n<meta property=\"article:publisher\" content=\"https:\/\/www.facebook.com\/TetereteHome\/\" \/>\n<meta property=\"article:modified_time\" content=\"2025-05-23T22:07:54+00:00\" \/>\n<meta property=\"og:image\" content=\"https:\/\/teterete.com\/mx\/wp-content\/uploads\/2019\/12\/Screen-Shot-2019-12-12-at-7.03.21-PM.png\" \/>\n\t<meta property=\"og:image:width\" content=\"552\" \/>\n\t<meta property=\"og:image:height\" content=\"552\" \/>\n\t<meta property=\"og:image:type\" content=\"image\/png\" \/>\n<meta name=\"twitter:card\" content=\"summary_large_image\" \/>\n<meta name=\"twitter:site\" content=\"@Teterete_Home\" \/>\n<meta name=\"twitter:label1\" content=\"Tiempo de lectura\" \/>\n\t<meta name=\"twitter:data1\" content=\"1 minuto\" \/>\n<script type=\"application\/ld+json\" class=\"yoast-schema-graph\">{\"@context\":\"https:\/\/schema.org\",\"@graph\":[{\"@type\":\"WebPage\",\"@id\":\"https:\/\/teterete.com\/mx\/producto\/brazalete-pequeno-sienna\/\",\"url\":\"https:\/\/teterete.com\/mx\/producto\/brazalete-pequeno-sienna\/\",\"name\":\"Brazalete Peque\u00f1o Sienna -\",\"isPartOf\":{\"@id\":\"https:\/\/teterete.com\/mx\/#website\"},\"primaryImageOfPage\":{\"@id\":\"https:\/\/teterete.com\/mx\/producto\/brazalete-pequeno-sienna\/#primaryimage\"},\"image\":{\"@id\":\"https:\/\/teterete.com\/mx\/producto\/brazalete-pequeno-sienna\/#primaryimage\"},\"thumbnailUrl\":\"https:\/\/teterete.com\/mx\/wp-content\/uploads\/2019\/12\/Screen-Shot-2019-12-12-at-7.03.21-PM.png\",\"datePublished\":\"2019-12-13T19:23:40+00:00\",\"dateModified\":\"2025-05-23T22:07:54+00:00\",\"breadcrumb\":{\"@id\":\"https:\/\/teterete.com\/mx\/producto\/brazalete-pequeno-sienna\/#breadcrumb\"},\"inLanguage\":\"es\",\"potentialAction\":[{\"@type\":\"ReadAction\",\"target\":[\"https:\/\/teterete.com\/mx\/producto\/brazalete-pequeno-sienna\/\"]}]},{\"@type\":\"ImageObject\",\"inLanguage\":\"es\",\"@id\":\"https:\/\/teterete.com\/mx\/producto\/brazalete-pequeno-sienna\/#primaryimage\",\"url\":\"https:\/\/teterete.com\/mx\/wp-content\/uploads\/2019\/12\/Screen-Shot-2019-12-12-at-7.03.21-PM.png\",\"contentUrl\":\"https:\/\/teterete.com\/mx\/wp-content\/uploads\/2019\/12\/Screen-Shot-2019-12-12-at-7.03.21-PM.png\",\"width\":\"552\",\"height\":\"552\",\"caption\":\"Brazalete Sienna\"},{\"@type\":\"BreadcrumbList\",\"@id\":\"https:\/\/teterete.com\/mx\/producto\/brazalete-pequeno-sienna\/#breadcrumb\",\"itemListElement\":[{\"@type\":\"ListItem\",\"position\":1,\"name\":\"Home\",\"item\":\"https:\/\/teterete.com\/mx\/\"},{\"@type\":\"ListItem\",\"position\":2,\"name\":\"Productos\",\"item\":\"https:\/\/teterete.com\/mx\/shop\/\"},{\"@type\":\"ListItem\",\"position\":3,\"name\":\"Brazalete Peque\u00f1o Sienna\"}]},{\"@type\":\"WebSite\",\"@id\":\"https:\/\/teterete.com\/mx\/#website\",\"url\":\"https:\/\/teterete.com\/mx\/\",\"name\":\"\",\"description\":\"Tienda en L\u00ednea de Fina Artesanias y Dise\u00f1o Mexicano. Bellas piezas elaboradas a mano por los mejores artesanos del pa\u00eds as\u00ed como piezas de dise\u00f1o y decoraci\u00f3n con inspiraci\u00f3n artesanal.\",\"potentialAction\":[{\"@type\":\"SearchAction\",\"target\":{\"@type\":\"EntryPoint\",\"urlTemplate\":\"https:\/\/teterete.com\/mx\/?s={search_term_string}\"},\"query-input\":{\"@type\":\"PropertyValueSpecification\",\"valueRequired\":true,\"valueName\":\"search_term_string\"}}],\"inLanguage\":\"es\"}]}<\/script>\n<!-- \/ Yoast SEO plugin. -->","yoast_head_json":{"title":"Brazalete Peque\u00f1o Sienna -","robots":{"index":"index","follow":"follow","max-snippet":"max-snippet:-1","max-image-preview":"max-image-preview:large","max-video-preview":"max-video-preview:-1"},"canonical":"https:\/\/teterete.com\/mx\/producto\/brazalete-pequeno-sienna\/","og_locale":"es_ES","og_type":"article","og_title":"Brazalete Peque\u00f1o Sienna -","og_description":"Esta colecci\u00f3n esta inspirada por las flores del mar, viajes a playas remotas realizados durante la ni\u00f1ez de la dise\u00f1adora.","og_url":"https:\/\/teterete.com\/mx\/producto\/brazalete-pequeno-sienna\/","article_publisher":"https:\/\/www.facebook.com\/TetereteHome\/","article_modified_time":"2025-05-23T22:07:54+00:00","og_image":[{"width":552,"height":552,"url":"https:\/\/teterete.com\/mx\/wp-content\/uploads\/2019\/12\/Screen-Shot-2019-12-12-at-7.03.21-PM.png","type":"image\/png"}],"twitter_card":"summary_large_image","twitter_site":"@Teterete_Home","twitter_misc":{"Tiempo de lectura":"1 minuto"},"schema":{"@context":"https:\/\/schema.org","@graph":[{"@type":"WebPage","@id":"https:\/\/teterete.com\/mx\/producto\/brazalete-pequeno-sienna\/","url":"https:\/\/teterete.com\/mx\/producto\/brazalete-pequeno-sienna\/","name":"Brazalete Peque\u00f1o Sienna -","isPartOf":{"@id":"https:\/\/teterete.com\/mx\/#website"},"primaryImageOfPage":{"@id":"https:\/\/teterete.com\/mx\/producto\/brazalete-pequeno-sienna\/#primaryimage"},"image":{"@id":"https:\/\/teterete.com\/mx\/producto\/brazalete-pequeno-sienna\/#primaryimage"},"thumbnailUrl":"https:\/\/teterete.com\/mx\/wp-content\/uploads\/2019\/12\/Screen-Shot-2019-12-12-at-7.03.21-PM.png","datePublished":"2019-12-13T19:23:40+00:00","dateModified":"2025-05-23T22:07:54+00:00","breadcrumb":{"@id":"https:\/\/teterete.com\/mx\/producto\/brazalete-pequeno-sienna\/#breadcrumb"},"inLanguage":"es","potentialAction":[{"@type":"ReadAction","target":["https:\/\/teterete.com\/mx\/producto\/brazalete-pequeno-sienna\/"]}]},{"@type":"ImageObject","inLanguage":"es","@id":"https:\/\/teterete.com\/mx\/producto\/brazalete-pequeno-sienna\/#primaryimage","url":"https:\/\/teterete.com\/mx\/wp-content\/uploads\/2019\/12\/Screen-Shot-2019-12-12-at-7.03.21-PM.png","contentUrl":"https:\/\/teterete.com\/mx\/wp-content\/uploads\/2019\/12\/Screen-Shot-2019-12-12-at-7.03.21-PM.png","width":"552","height":"552","caption":"Brazalete Sienna"},{"@type":"BreadcrumbList","@id":"https:\/\/teterete.com\/mx\/producto\/brazalete-pequeno-sienna\/#breadcrumb","itemListElement":[{"@type":"ListItem","position":1,"name":"Home","item":"https:\/\/teterete.com\/mx\/"},{"@type":"ListItem","position":2,"name":"Productos","item":"https:\/\/teterete.com\/mx\/shop\/"},{"@type":"ListItem","position":3,"name":"Brazalete Peque\u00f1o Sienna"}]},{"@type":"WebSite","@id":"https:\/\/teterete.com\/mx\/#website","url":"https:\/\/teterete.com\/mx\/","name":"","description":"Tienda en L\u00ednea de Fina Artesanias y Dise\u00f1o Mexicano. Bellas piezas elaboradas a mano por los mejores artesanos del pa\u00eds as\u00ed como piezas de dise\u00f1o y decoraci\u00f3n con inspiraci\u00f3n artesanal.","potentialAction":[{"@type":"SearchAction","target":{"@type":"EntryPoint","urlTemplate":"https:\/\/teterete.com\/mx\/?s={search_term_string}"},"query-input":{"@type":"PropertyValueSpecification","valueRequired":true,"valueName":"search_term_string"}}],"inLanguage":"es"}]}},"_links":{"self":[{"href":"https:\/\/teterete.com\/mx\/wp-json\/wp\/v2\/product\/7064"}],"collection":[{"href":"https:\/\/teterete.com\/mx\/wp-json\/wp\/v2\/product"}],"about":[{"href":"https:\/\/teterete.com\/mx\/wp-json\/wp\/v2\/types\/product"}],"replies":[{"embeddable":true,"href":"https:\/\/teterete.com\/mx\/wp-json\/wp\/v2\/comments?post=7064"}],"wp:featuredmedia":[{"embeddable":true,"href":"https:\/\/teterete.com\/mx\/wp-json\/wp\/v2\/media\/7065"}],"wp:attachment":[{"href":"https:\/\/teterete.com\/mx\/wp-json\/wp\/v2\/media?parent=7064"}],"wp:term":[{"taxonomy":"product_cat","embeddable":true,"href":"https:\/\/teterete.com\/mx\/wp-json\/wp\/v2\/product_cat?post=7064"},{"taxonomy":"product_tag","embeddable":true,"href":"https:\/\/teterete.com\/mx\/wp-json\/wp\/v2\/product_tag?post=7064"}],"curies":[{"name":"wp","href":"https:\/\/api.w.org\/{rel}","templated":true}]}}