{"id":7118,"date":"2020-01-09T19:04:55","date_gmt":"2020-01-09T19:04:55","guid":{"rendered":"https:\/\/teterete.com\/mx\/?post_type=product&#038;p=7118"},"modified":"2025-05-13T21:12:41","modified_gmt":"2025-05-13T21:12:41","slug":"candelabro-artesanal-25-velas","status":"publish","type":"product","link":"https:\/\/teterete.com\/mx\/producto\/candelabro-artesanal-25-velas\/","title":{"rendered":"Candelabro Artesanal 25 Velas"},"content":{"rendered":"<p>Medidas: 1.10 metros de alto por 1 metro de ancho aproximadamente<\/p>\n<p>Material: Barro vidriado<\/p>\n<p>Elaborado por reconocido maestro artesano de Michoac\u00e1n<\/p>\n<p>**Piezas sobre pedido, tiempo aproximado de entrega 20 a 25 d\u00edas.<\/p>\n","protected":false},"excerpt":{"rendered":"<p>Una joya de la artesan\u00eda mexicana elaborada por maestros artesanos de Michoac\u00e1n. Bella pieza elaborada a mano con arcilla y con t\u00e9cnica de vidriado.<\/p>\n","protected":false},"featured_media":7119,"comment_status":"open","ping_status":"closed","template":"","meta":{"_acf_changed":false,"sfsi_plus_gutenberg_text_before_share":"","sfsi_plus_gutenberg_show_text_before_share":"","sfsi_plus_gutenberg_icon_type":"","sfsi_plus_gutenberg_icon_alignemt":"","sfsi_plus_gutenburg_max_per_row":""},"product_brand":[],"product_cat":[354,15,350],"product_tag":[222,1627,1626,232,810],"class_list":{"0":"post-7118","1":"product","2":"type-product","3":"status-publish","4":"has-post-thumbnail","6":"product_cat-barro-decorativo","7":"product_cat-ceramica","8":"product_cat-piezas-unicas","9":"product_tag-artesania-mexicana","10":"product_tag-candelabro-artesanal","11":"product_tag-candelabro-mexicano","12":"product_tag-decoracion-mexicana","13":"product_tag-piezas-artesanales","14":"product_shipping_class-consolidado","16":"first","17":"instock","18":"taxable","19":"shipping-taxable","20":"purchasable","21":"product-type-simple"},"acf":[],"yoast_head":"<!-- This site is optimized with the Yoast SEO plugin v27.5 - https:\/\/yoast.com\/product\/yoast-seo-wordpress\/ -->\n<title>Candelabro Artesanal 25 Velas -<\/title>\n<meta name=\"description\" content=\"Una joya de la artesan\u00eda mexicana elaborada por maestros artesanos de Michoac\u00e1n. bello candelabro elaborado a mano con arcilla y con t\u00e9cnica de vidriado.\" \/>\n<meta name=\"robots\" content=\"index, follow, max-snippet:-1, max-image-preview:large, max-video-preview:-1\" \/>\n<link rel=\"canonical\" href=\"https:\/\/teterete.com\/mx\/producto\/candelabro-artesanal-25-velas\/\" \/>\n<meta property=\"og:locale\" content=\"es_ES\" \/>\n<meta property=\"og:type\" content=\"article\" \/>\n<meta property=\"og:title\" content=\"Candelabro Artesanal 25 Velas -\" \/>\n<meta property=\"og:description\" content=\"Una joya de la artesan\u00eda mexicana elaborada por maestros artesanos de Michoac\u00e1n. bello candelabro elaborado a mano con arcilla y con t\u00e9cnica de vidriado.\" \/>\n<meta property=\"og:url\" content=\"https:\/\/teterete.com\/mx\/producto\/candelabro-artesanal-25-velas\/\" \/>\n<meta property=\"article:publisher\" content=\"https:\/\/www.facebook.com\/TetereteHome\/\" \/>\n<meta property=\"article:modified_time\" content=\"2025-05-13T21:12:41+00:00\" \/>\n<meta property=\"og:image\" content=\"https:\/\/teterete.com\/mx\/wp-content\/uploads\/2020\/01\/candelabro-artesanal.jpg\" \/>\n\t<meta property=\"og:image:width\" content=\"640\" \/>\n\t<meta property=\"og:image:height\" content=\"640\" \/>\n\t<meta property=\"og:image:type\" content=\"image\/jpeg\" \/>\n<meta name=\"twitter:card\" content=\"summary_large_image\" \/>\n<meta name=\"twitter:site\" content=\"@Teterete_Home\" \/>\n<meta name=\"twitter:label1\" content=\"Tiempo de lectura\" \/>\n\t<meta name=\"twitter:data1\" content=\"1 minuto\" \/>\n<script type=\"application\/ld+json\" class=\"yoast-schema-graph\">{\"@context\":\"https:\\\/\\\/schema.org\",\"@graph\":[{\"@type\":\"WebPage\",\"@id\":\"https:\\\/\\\/teterete.com\\\/mx\\\/producto\\\/candelabro-artesanal-25-velas\\\/\",\"url\":\"https:\\\/\\\/teterete.com\\\/mx\\\/producto\\\/candelabro-artesanal-25-velas\\\/\",\"name\":\"Candelabro Artesanal 25 Velas -\",\"isPartOf\":{\"@id\":\"https:\\\/\\\/teterete.com\\\/mx\\\/#website\"},\"primaryImageOfPage\":{\"@id\":\"https:\\\/\\\/teterete.com\\\/mx\\\/producto\\\/candelabro-artesanal-25-velas\\\/#primaryimage\"},\"image\":{\"@id\":\"https:\\\/\\\/teterete.com\\\/mx\\\/producto\\\/candelabro-artesanal-25-velas\\\/#primaryimage\"},\"thumbnailUrl\":\"https:\\\/\\\/teterete.com\\\/mx\\\/wp-content\\\/uploads\\\/2020\\\/01\\\/candelabro-artesanal.jpg\",\"datePublished\":\"2020-01-09T19:04:55+00:00\",\"dateModified\":\"2025-05-13T21:12:41+00:00\",\"description\":\"Una joya de la artesan\u00eda mexicana elaborada por maestros artesanos de Michoac\u00e1n. bello candelabro elaborado a mano con arcilla y con t\u00e9cnica de vidriado.\",\"breadcrumb\":{\"@id\":\"https:\\\/\\\/teterete.com\\\/mx\\\/producto\\\/candelabro-artesanal-25-velas\\\/#breadcrumb\"},\"inLanguage\":\"es\",\"potentialAction\":[{\"@type\":\"ReadAction\",\"target\":[\"https:\\\/\\\/teterete.com\\\/mx\\\/producto\\\/candelabro-artesanal-25-velas\\\/\"]}]},{\"@type\":\"ImageObject\",\"inLanguage\":\"es\",\"@id\":\"https:\\\/\\\/teterete.com\\\/mx\\\/producto\\\/candelabro-artesanal-25-velas\\\/#primaryimage\",\"url\":\"https:\\\/\\\/teterete.com\\\/mx\\\/wp-content\\\/uploads\\\/2020\\\/01\\\/candelabro-artesanal.jpg\",\"contentUrl\":\"https:\\\/\\\/teterete.com\\\/mx\\\/wp-content\\\/uploads\\\/2020\\\/01\\\/candelabro-artesanal.jpg\",\"width\":\"640\",\"height\":\"640\",\"caption\":\"Candelabro Artesanal\"},{\"@type\":\"BreadcrumbList\",\"@id\":\"https:\\\/\\\/teterete.com\\\/mx\\\/producto\\\/candelabro-artesanal-25-velas\\\/#breadcrumb\",\"itemListElement\":[{\"@type\":\"ListItem\",\"position\":1,\"name\":\"Home\",\"item\":\"https:\\\/\\\/teterete.com\\\/mx\\\/\"},{\"@type\":\"ListItem\",\"position\":2,\"name\":\"Productos\",\"item\":\"https:\\\/\\\/teterete.com\\\/mx\\\/shop\\\/\"},{\"@type\":\"ListItem\",\"position\":3,\"name\":\"Candelabro Artesanal 25 Velas\"}]},{\"@type\":\"WebSite\",\"@id\":\"https:\\\/\\\/teterete.com\\\/mx\\\/#website\",\"url\":\"https:\\\/\\\/teterete.com\\\/mx\\\/\",\"name\":\"\",\"description\":\"Tienda en L\u00ednea de Fina Artesanias y Dise\u00f1o Mexicano. Bellas piezas elaboradas a mano por los mejores artesanos del pa\u00eds as\u00ed como piezas de dise\u00f1o y decoraci\u00f3n con inspiraci\u00f3n artesanal.\",\"potentialAction\":[{\"@type\":\"SearchAction\",\"target\":{\"@type\":\"EntryPoint\",\"urlTemplate\":\"https:\\\/\\\/teterete.com\\\/mx\\\/?s={search_term_string}\"},\"query-input\":{\"@type\":\"PropertyValueSpecification\",\"valueRequired\":true,\"valueName\":\"search_term_string\"}}],\"inLanguage\":\"es\"}]}<\/script>\n<!-- \/ Yoast SEO plugin. -->","yoast_head_json":{"title":"Candelabro Artesanal 25 Velas -","description":"Una joya de la artesan\u00eda mexicana elaborada por maestros artesanos de Michoac\u00e1n. bello candelabro elaborado a mano con arcilla y con t\u00e9cnica de vidriado.","robots":{"index":"index","follow":"follow","max-snippet":"max-snippet:-1","max-image-preview":"max-image-preview:large","max-video-preview":"max-video-preview:-1"},"canonical":"https:\/\/teterete.com\/mx\/producto\/candelabro-artesanal-25-velas\/","og_locale":"es_ES","og_type":"article","og_title":"Candelabro Artesanal 25 Velas -","og_description":"Una joya de la artesan\u00eda mexicana elaborada por maestros artesanos de Michoac\u00e1n. bello candelabro elaborado a mano con arcilla y con t\u00e9cnica de vidriado.","og_url":"https:\/\/teterete.com\/mx\/producto\/candelabro-artesanal-25-velas\/","article_publisher":"https:\/\/www.facebook.com\/TetereteHome\/","article_modified_time":"2025-05-13T21:12:41+00:00","og_image":[{"width":640,"height":640,"url":"https:\/\/teterete.com\/mx\/wp-content\/uploads\/2020\/01\/candelabro-artesanal.jpg","type":"image\/jpeg"}],"twitter_card":"summary_large_image","twitter_site":"@Teterete_Home","twitter_misc":{"Tiempo de lectura":"1 minuto"},"schema":{"@context":"https:\/\/schema.org","@graph":[{"@type":"WebPage","@id":"https:\/\/teterete.com\/mx\/producto\/candelabro-artesanal-25-velas\/","url":"https:\/\/teterete.com\/mx\/producto\/candelabro-artesanal-25-velas\/","name":"Candelabro Artesanal 25 Velas -","isPartOf":{"@id":"https:\/\/teterete.com\/mx\/#website"},"primaryImageOfPage":{"@id":"https:\/\/teterete.com\/mx\/producto\/candelabro-artesanal-25-velas\/#primaryimage"},"image":{"@id":"https:\/\/teterete.com\/mx\/producto\/candelabro-artesanal-25-velas\/#primaryimage"},"thumbnailUrl":"https:\/\/teterete.com\/mx\/wp-content\/uploads\/2020\/01\/candelabro-artesanal.jpg","datePublished":"2020-01-09T19:04:55+00:00","dateModified":"2025-05-13T21:12:41+00:00","description":"Una joya de la artesan\u00eda mexicana elaborada por maestros artesanos de Michoac\u00e1n. bello candelabro elaborado a mano con arcilla y con t\u00e9cnica de vidriado.","breadcrumb":{"@id":"https:\/\/teterete.com\/mx\/producto\/candelabro-artesanal-25-velas\/#breadcrumb"},"inLanguage":"es","potentialAction":[{"@type":"ReadAction","target":["https:\/\/teterete.com\/mx\/producto\/candelabro-artesanal-25-velas\/"]}]},{"@type":"ImageObject","inLanguage":"es","@id":"https:\/\/teterete.com\/mx\/producto\/candelabro-artesanal-25-velas\/#primaryimage","url":"https:\/\/teterete.com\/mx\/wp-content\/uploads\/2020\/01\/candelabro-artesanal.jpg","contentUrl":"https:\/\/teterete.com\/mx\/wp-content\/uploads\/2020\/01\/candelabro-artesanal.jpg","width":"640","height":"640","caption":"Candelabro Artesanal"},{"@type":"BreadcrumbList","@id":"https:\/\/teterete.com\/mx\/producto\/candelabro-artesanal-25-velas\/#breadcrumb","itemListElement":[{"@type":"ListItem","position":1,"name":"Home","item":"https:\/\/teterete.com\/mx\/"},{"@type":"ListItem","position":2,"name":"Productos","item":"https:\/\/teterete.com\/mx\/shop\/"},{"@type":"ListItem","position":3,"name":"Candelabro Artesanal 25 Velas"}]},{"@type":"WebSite","@id":"https:\/\/teterete.com\/mx\/#website","url":"https:\/\/teterete.com\/mx\/","name":"","description":"Tienda en L\u00ednea de Fina Artesanias y Dise\u00f1o Mexicano. Bellas piezas elaboradas a mano por los mejores artesanos del pa\u00eds as\u00ed como piezas de dise\u00f1o y decoraci\u00f3n con inspiraci\u00f3n artesanal.","potentialAction":[{"@type":"SearchAction","target":{"@type":"EntryPoint","urlTemplate":"https:\/\/teterete.com\/mx\/?s={search_term_string}"},"query-input":{"@type":"PropertyValueSpecification","valueRequired":true,"valueName":"search_term_string"}}],"inLanguage":"es"}]}},"_links":{"self":[{"href":"https:\/\/teterete.com\/mx\/wp-json\/wp\/v2\/product\/7118","targetHints":{"allow":["GET"]}}],"collection":[{"href":"https:\/\/teterete.com\/mx\/wp-json\/wp\/v2\/product"}],"about":[{"href":"https:\/\/teterete.com\/mx\/wp-json\/wp\/v2\/types\/product"}],"replies":[{"embeddable":true,"href":"https:\/\/teterete.com\/mx\/wp-json\/wp\/v2\/comments?post=7118"}],"wp:featuredmedia":[{"embeddable":true,"href":"https:\/\/teterete.com\/mx\/wp-json\/wp\/v2\/media\/7119"}],"wp:attachment":[{"href":"https:\/\/teterete.com\/mx\/wp-json\/wp\/v2\/media?parent=7118"}],"wp:term":[{"taxonomy":"product_brand","embeddable":true,"href":"https:\/\/teterete.com\/mx\/wp-json\/wp\/v2\/product_brand?post=7118"},{"taxonomy":"product_cat","embeddable":true,"href":"https:\/\/teterete.com\/mx\/wp-json\/wp\/v2\/product_cat?post=7118"},{"taxonomy":"product_tag","embeddable":true,"href":"https:\/\/teterete.com\/mx\/wp-json\/wp\/v2\/product_tag?post=7118"}],"curies":[{"name":"wp","href":"https:\/\/api.w.org\/{rel}","templated":true}]}}