{"id":7142,"date":"2020-01-10T00:09:12","date_gmt":"2020-01-10T00:09:12","guid":{"rendered":"https:\/\/teterete.com\/mx\/?post_type=product&#038;p=7142"},"modified":"2026-03-24T22:05:53","modified_gmt":"2026-03-24T22:05:53","slug":"candelabro-pavo-real","status":"publish","type":"product","link":"https:\/\/teterete.com\/mx\/producto\/candelabro-pavo-real\/","title":{"rendered":"Candelabro Pavo Real"},"content":{"rendered":"<p>Medidas: 34 cms de alto x 28 cms de largo y 15 cms de ancho<\/p>\n<p>Material: Barro Bru\u00f1ido<\/p>\n<p>Origen: Acatl\u00e1n, Puebla.<\/p>\n","protected":false},"excerpt":{"rendered":"<p>Hermoso Pavo real elaborado en Acatl\u00e1n, Puebla. Bello candelabro para 1 vela con un dise\u00f1o \u00fanico de la zona elaborado por artesanos poblanos.<\/p>\n","protected":false},"featured_media":11509,"comment_status":"open","ping_status":"closed","template":"","meta":{"_acf_changed":false,"sfsi_plus_gutenberg_text_before_share":"","sfsi_plus_gutenberg_show_text_before_share":"","sfsi_plus_gutenberg_icon_type":"","sfsi_plus_gutenberg_icon_alignemt":"","sfsi_plus_gutenburg_max_per_row":""},"product_brand":[],"product_cat":[354,15,2646,658,2057,2606],"product_tag":[236,222,1627,1626,1631,1632,232],"class_list":{"0":"post-7142","1":"product","2":"type-product","3":"status-publish","4":"has-post-thumbnail","6":"product_cat-barro-decorativo","7":"product_cat-ceramica","8":"product_cat-ciber-monday","9":"product_cat-rebajas","10":"product_cat-regalos-mama","11":"product_cat-venta-de-verano","12":"product_tag-arte-mexicano","13":"product_tag-artesania-mexicana","14":"product_tag-candelabro-artesanal","15":"product_tag-candelabro-mexicano","16":"product_tag-candelabro-pavo-real","17":"product_tag-candelabro-poblano","18":"product_tag-decoracion-mexicana","19":"product_shipping_class-standard","21":"first","22":"instock","23":"sale","24":"taxable","25":"shipping-taxable","26":"purchasable","27":"product-type-simple"},"acf":[],"yoast_head":"<!-- This site is optimized with the Yoast SEO plugin v27.5 - https:\/\/yoast.com\/product\/yoast-seo-wordpress\/ -->\n<title>Candelabro Pavo Real -<\/title>\n<meta name=\"description\" content=\"Hermoso Pavo real elaborado en Acatl\u00e1n, Puebla. Bello candelabro para 1 vela con un dise\u00f1o \u00fanico de la zona elaborado por artesanos poblanos.\" \/>\n<meta name=\"robots\" content=\"index, follow, max-snippet:-1, max-image-preview:large, max-video-preview:-1\" \/>\n<link rel=\"canonical\" href=\"https:\/\/teterete.com\/mx\/producto\/candelabro-pavo-real\/\" \/>\n<meta property=\"og:locale\" content=\"es_ES\" \/>\n<meta property=\"og:type\" content=\"article\" \/>\n<meta property=\"og:title\" content=\"Candelabro Pavo Real -\" \/>\n<meta property=\"og:description\" content=\"Hermoso Pavo real elaborado en Acatl\u00e1n, Puebla. Bello candelabro para 1 vela con un dise\u00f1o \u00fanico de la zona elaborado por artesanos poblanos.\" \/>\n<meta property=\"og:url\" content=\"https:\/\/teterete.com\/mx\/producto\/candelabro-pavo-real\/\" \/>\n<meta property=\"article:publisher\" content=\"https:\/\/www.facebook.com\/TetereteHome\/\" \/>\n<meta property=\"article:modified_time\" content=\"2026-03-24T22:05:53+00:00\" \/>\n<meta property=\"og:image\" content=\"https:\/\/teterete.com\/mx\/wp-content\/uploads\/2020\/01\/candelabro-pavo-real.jpeg\" \/>\n\t<meta property=\"og:image:width\" content=\"800\" \/>\n\t<meta property=\"og:image:height\" content=\"800\" \/>\n\t<meta property=\"og:image:type\" content=\"image\/jpeg\" \/>\n<meta name=\"twitter:card\" content=\"summary_large_image\" \/>\n<meta name=\"twitter:site\" content=\"@Teterete_Home\" \/>\n<meta name=\"twitter:label1\" content=\"Tiempo de lectura\" \/>\n\t<meta name=\"twitter:data1\" content=\"1 minuto\" \/>\n<script type=\"application\/ld+json\" class=\"yoast-schema-graph\">{\"@context\":\"https:\\\/\\\/schema.org\",\"@graph\":[{\"@type\":\"WebPage\",\"@id\":\"https:\\\/\\\/teterete.com\\\/mx\\\/producto\\\/candelabro-pavo-real\\\/\",\"url\":\"https:\\\/\\\/teterete.com\\\/mx\\\/producto\\\/candelabro-pavo-real\\\/\",\"name\":\"Candelabro Pavo Real -\",\"isPartOf\":{\"@id\":\"https:\\\/\\\/teterete.com\\\/mx\\\/#website\"},\"primaryImageOfPage\":{\"@id\":\"https:\\\/\\\/teterete.com\\\/mx\\\/producto\\\/candelabro-pavo-real\\\/#primaryimage\"},\"image\":{\"@id\":\"https:\\\/\\\/teterete.com\\\/mx\\\/producto\\\/candelabro-pavo-real\\\/#primaryimage\"},\"thumbnailUrl\":\"https:\\\/\\\/teterete.com\\\/mx\\\/wp-content\\\/uploads\\\/2020\\\/01\\\/candelabro-pavo-real.jpeg\",\"datePublished\":\"2020-01-10T00:09:12+00:00\",\"dateModified\":\"2026-03-24T22:05:53+00:00\",\"description\":\"Hermoso Pavo real elaborado en Acatl\u00e1n, Puebla. Bello candelabro para 1 vela con un dise\u00f1o \u00fanico de la zona elaborado por artesanos poblanos.\",\"breadcrumb\":{\"@id\":\"https:\\\/\\\/teterete.com\\\/mx\\\/producto\\\/candelabro-pavo-real\\\/#breadcrumb\"},\"inLanguage\":\"es\",\"potentialAction\":[{\"@type\":\"ReadAction\",\"target\":[\"https:\\\/\\\/teterete.com\\\/mx\\\/producto\\\/candelabro-pavo-real\\\/\"]}]},{\"@type\":\"ImageObject\",\"inLanguage\":\"es\",\"@id\":\"https:\\\/\\\/teterete.com\\\/mx\\\/producto\\\/candelabro-pavo-real\\\/#primaryimage\",\"url\":\"https:\\\/\\\/teterete.com\\\/mx\\\/wp-content\\\/uploads\\\/2020\\\/01\\\/candelabro-pavo-real.jpeg\",\"contentUrl\":\"https:\\\/\\\/teterete.com\\\/mx\\\/wp-content\\\/uploads\\\/2020\\\/01\\\/candelabro-pavo-real.jpeg\",\"width\":800,\"height\":800,\"caption\":\"Candelabro Pavo Real\"},{\"@type\":\"BreadcrumbList\",\"@id\":\"https:\\\/\\\/teterete.com\\\/mx\\\/producto\\\/candelabro-pavo-real\\\/#breadcrumb\",\"itemListElement\":[{\"@type\":\"ListItem\",\"position\":1,\"name\":\"Home\",\"item\":\"https:\\\/\\\/teterete.com\\\/mx\\\/\"},{\"@type\":\"ListItem\",\"position\":2,\"name\":\"Productos\",\"item\":\"https:\\\/\\\/teterete.com\\\/mx\\\/shop\\\/\"},{\"@type\":\"ListItem\",\"position\":3,\"name\":\"Candelabro Pavo Real\"}]},{\"@type\":\"WebSite\",\"@id\":\"https:\\\/\\\/teterete.com\\\/mx\\\/#website\",\"url\":\"https:\\\/\\\/teterete.com\\\/mx\\\/\",\"name\":\"\",\"description\":\"Tienda en L\u00ednea de Fina Artesanias y Dise\u00f1o Mexicano. Bellas piezas elaboradas a mano por los mejores artesanos del pa\u00eds as\u00ed como piezas de dise\u00f1o y decoraci\u00f3n con inspiraci\u00f3n artesanal.\",\"potentialAction\":[{\"@type\":\"SearchAction\",\"target\":{\"@type\":\"EntryPoint\",\"urlTemplate\":\"https:\\\/\\\/teterete.com\\\/mx\\\/?s={search_term_string}\"},\"query-input\":{\"@type\":\"PropertyValueSpecification\",\"valueRequired\":true,\"valueName\":\"search_term_string\"}}],\"inLanguage\":\"es\"}]}<\/script>\n<!-- \/ Yoast SEO plugin. -->","yoast_head_json":{"title":"Candelabro Pavo Real -","description":"Hermoso Pavo real elaborado en Acatl\u00e1n, Puebla. Bello candelabro para 1 vela con un dise\u00f1o \u00fanico de la zona elaborado por artesanos poblanos.","robots":{"index":"index","follow":"follow","max-snippet":"max-snippet:-1","max-image-preview":"max-image-preview:large","max-video-preview":"max-video-preview:-1"},"canonical":"https:\/\/teterete.com\/mx\/producto\/candelabro-pavo-real\/","og_locale":"es_ES","og_type":"article","og_title":"Candelabro Pavo Real -","og_description":"Hermoso Pavo real elaborado en Acatl\u00e1n, Puebla. Bello candelabro para 1 vela con un dise\u00f1o \u00fanico de la zona elaborado por artesanos poblanos.","og_url":"https:\/\/teterete.com\/mx\/producto\/candelabro-pavo-real\/","article_publisher":"https:\/\/www.facebook.com\/TetereteHome\/","article_modified_time":"2026-03-24T22:05:53+00:00","og_image":[{"width":800,"height":800,"url":"https:\/\/teterete.com\/mx\/wp-content\/uploads\/2020\/01\/candelabro-pavo-real.jpeg","type":"image\/jpeg"}],"twitter_card":"summary_large_image","twitter_site":"@Teterete_Home","twitter_misc":{"Tiempo de lectura":"1 minuto"},"schema":{"@context":"https:\/\/schema.org","@graph":[{"@type":"WebPage","@id":"https:\/\/teterete.com\/mx\/producto\/candelabro-pavo-real\/","url":"https:\/\/teterete.com\/mx\/producto\/candelabro-pavo-real\/","name":"Candelabro Pavo Real -","isPartOf":{"@id":"https:\/\/teterete.com\/mx\/#website"},"primaryImageOfPage":{"@id":"https:\/\/teterete.com\/mx\/producto\/candelabro-pavo-real\/#primaryimage"},"image":{"@id":"https:\/\/teterete.com\/mx\/producto\/candelabro-pavo-real\/#primaryimage"},"thumbnailUrl":"https:\/\/teterete.com\/mx\/wp-content\/uploads\/2020\/01\/candelabro-pavo-real.jpeg","datePublished":"2020-01-10T00:09:12+00:00","dateModified":"2026-03-24T22:05:53+00:00","description":"Hermoso Pavo real elaborado en Acatl\u00e1n, Puebla. Bello candelabro para 1 vela con un dise\u00f1o \u00fanico de la zona elaborado por artesanos poblanos.","breadcrumb":{"@id":"https:\/\/teterete.com\/mx\/producto\/candelabro-pavo-real\/#breadcrumb"},"inLanguage":"es","potentialAction":[{"@type":"ReadAction","target":["https:\/\/teterete.com\/mx\/producto\/candelabro-pavo-real\/"]}]},{"@type":"ImageObject","inLanguage":"es","@id":"https:\/\/teterete.com\/mx\/producto\/candelabro-pavo-real\/#primaryimage","url":"https:\/\/teterete.com\/mx\/wp-content\/uploads\/2020\/01\/candelabro-pavo-real.jpeg","contentUrl":"https:\/\/teterete.com\/mx\/wp-content\/uploads\/2020\/01\/candelabro-pavo-real.jpeg","width":800,"height":800,"caption":"Candelabro Pavo Real"},{"@type":"BreadcrumbList","@id":"https:\/\/teterete.com\/mx\/producto\/candelabro-pavo-real\/#breadcrumb","itemListElement":[{"@type":"ListItem","position":1,"name":"Home","item":"https:\/\/teterete.com\/mx\/"},{"@type":"ListItem","position":2,"name":"Productos","item":"https:\/\/teterete.com\/mx\/shop\/"},{"@type":"ListItem","position":3,"name":"Candelabro Pavo Real"}]},{"@type":"WebSite","@id":"https:\/\/teterete.com\/mx\/#website","url":"https:\/\/teterete.com\/mx\/","name":"","description":"Tienda en L\u00ednea de Fina Artesanias y Dise\u00f1o Mexicano. Bellas piezas elaboradas a mano por los mejores artesanos del pa\u00eds as\u00ed como piezas de dise\u00f1o y decoraci\u00f3n con inspiraci\u00f3n artesanal.","potentialAction":[{"@type":"SearchAction","target":{"@type":"EntryPoint","urlTemplate":"https:\/\/teterete.com\/mx\/?s={search_term_string}"},"query-input":{"@type":"PropertyValueSpecification","valueRequired":true,"valueName":"search_term_string"}}],"inLanguage":"es"}]}},"_links":{"self":[{"href":"https:\/\/teterete.com\/mx\/wp-json\/wp\/v2\/product\/7142","targetHints":{"allow":["GET"]}}],"collection":[{"href":"https:\/\/teterete.com\/mx\/wp-json\/wp\/v2\/product"}],"about":[{"href":"https:\/\/teterete.com\/mx\/wp-json\/wp\/v2\/types\/product"}],"replies":[{"embeddable":true,"href":"https:\/\/teterete.com\/mx\/wp-json\/wp\/v2\/comments?post=7142"}],"wp:featuredmedia":[{"embeddable":true,"href":"https:\/\/teterete.com\/mx\/wp-json\/wp\/v2\/media\/11509"}],"wp:attachment":[{"href":"https:\/\/teterete.com\/mx\/wp-json\/wp\/v2\/media?parent=7142"}],"wp:term":[{"taxonomy":"product_brand","embeddable":true,"href":"https:\/\/teterete.com\/mx\/wp-json\/wp\/v2\/product_brand?post=7142"},{"taxonomy":"product_cat","embeddable":true,"href":"https:\/\/teterete.com\/mx\/wp-json\/wp\/v2\/product_cat?post=7142"},{"taxonomy":"product_tag","embeddable":true,"href":"https:\/\/teterete.com\/mx\/wp-json\/wp\/v2\/product_tag?post=7142"}],"curies":[{"name":"wp","href":"https:\/\/api.w.org\/{rel}","templated":true}]}}