{"id":7159,"date":"2020-01-10T03:24:04","date_gmt":"2020-01-10T03:24:04","guid":{"rendered":"https:\/\/teterete.com\/mx\/?post_type=product&#038;p=7159"},"modified":"2026-03-24T22:05:17","modified_gmt":"2026-03-24T22:05:17","slug":"iglesia-artesanal-de-barro","status":"publish","type":"product","link":"https:\/\/teterete.com\/mx\/producto\/iglesia-artesanal-de-barro\/","title":{"rendered":"Iglesia Artesanal de Barro"},"content":{"rendered":"<p>Material: Barro pigmentado<\/p>\n<p>Origen: Acatl\u00e1n, Puebla.<\/p>\n<p>Medidas: 17 cms de largo x 16 cms de ancho y 26 cms de alto<\/p>\n<p>&nbsp;<\/p>\n","protected":false},"excerpt":{"rendered":"<p>Iglesia elaborada a mano con barro previamente pigmentado. Original pieza que destacar\u00e1 cualquier lugar donde la coloques.<\/p>\n<p>&nbsp;<\/p>\n","protected":false},"featured_media":7160,"comment_status":"open","ping_status":"closed","template":"","meta":{"sfsi_plus_gutenberg_text_before_share":"","sfsi_plus_gutenberg_show_text_before_share":"","sfsi_plus_gutenberg_icon_type":"","sfsi_plus_gutenberg_icon_alignemt":"","sfsi_plus_gutenburg_max_per_row":""},"product_cat":[354,15,538],"product_tag":[222,1636,1634,1635,1637],"acf":[],"yoast_head":"<!-- This site is optimized with the Yoast SEO plugin v23.5 - https:\/\/yoast.com\/wordpress\/plugins\/seo\/ -->\n<title>Iglesia Artesanal de Barro -<\/title>\n<meta name=\"robots\" content=\"index, follow, max-snippet:-1, max-image-preview:large, max-video-preview:-1\" \/>\n<link rel=\"canonical\" href=\"https:\/\/teterete.com\/mx\/producto\/iglesia-artesanal-de-barro\/\" \/>\n<meta property=\"og:locale\" content=\"es_ES\" \/>\n<meta property=\"og:type\" content=\"article\" \/>\n<meta property=\"og:title\" content=\"Iglesia Artesanal de Barro -\" \/>\n<meta property=\"og:description\" content=\"Iglesia elaborada a mano con barro previamente pigmentado. Original pieza que destacar\u00e1 cualquier lugar donde la coloques.  &nbsp;\" \/>\n<meta property=\"og:url\" content=\"https:\/\/teterete.com\/mx\/producto\/iglesia-artesanal-de-barro\/\" \/>\n<meta property=\"article:publisher\" content=\"https:\/\/www.facebook.com\/TetereteHome\/\" \/>\n<meta property=\"article:modified_time\" content=\"2026-03-24T22:05:17+00:00\" \/>\n<meta property=\"og:image\" content=\"https:\/\/teterete.com\/mx\/wp-content\/uploads\/2020\/01\/iglesia-de-barro.jpg\" \/>\n\t<meta property=\"og:image:width\" content=\"640\" \/>\n\t<meta property=\"og:image:height\" content=\"640\" \/>\n\t<meta property=\"og:image:type\" content=\"image\/jpeg\" \/>\n<meta name=\"twitter:card\" content=\"summary_large_image\" \/>\n<meta name=\"twitter:site\" content=\"@Teterete_Home\" \/>\n<script type=\"application\/ld+json\" class=\"yoast-schema-graph\">{\"@context\":\"https:\/\/schema.org\",\"@graph\":[{\"@type\":\"WebPage\",\"@id\":\"https:\/\/teterete.com\/mx\/producto\/iglesia-artesanal-de-barro\/\",\"url\":\"https:\/\/teterete.com\/mx\/producto\/iglesia-artesanal-de-barro\/\",\"name\":\"Iglesia Artesanal de Barro -\",\"isPartOf\":{\"@id\":\"https:\/\/teterete.com\/mx\/#website\"},\"primaryImageOfPage\":{\"@id\":\"https:\/\/teterete.com\/mx\/producto\/iglesia-artesanal-de-barro\/#primaryimage\"},\"image\":{\"@id\":\"https:\/\/teterete.com\/mx\/producto\/iglesia-artesanal-de-barro\/#primaryimage\"},\"thumbnailUrl\":\"https:\/\/teterete.com\/mx\/wp-content\/uploads\/2020\/01\/iglesia-de-barro.jpg\",\"datePublished\":\"2020-01-10T03:24:04+00:00\",\"dateModified\":\"2026-03-24T22:05:17+00:00\",\"breadcrumb\":{\"@id\":\"https:\/\/teterete.com\/mx\/producto\/iglesia-artesanal-de-barro\/#breadcrumb\"},\"inLanguage\":\"es\",\"potentialAction\":[{\"@type\":\"ReadAction\",\"target\":[\"https:\/\/teterete.com\/mx\/producto\/iglesia-artesanal-de-barro\/\"]}]},{\"@type\":\"ImageObject\",\"inLanguage\":\"es\",\"@id\":\"https:\/\/teterete.com\/mx\/producto\/iglesia-artesanal-de-barro\/#primaryimage\",\"url\":\"https:\/\/teterete.com\/mx\/wp-content\/uploads\/2020\/01\/iglesia-de-barro.jpg\",\"contentUrl\":\"https:\/\/teterete.com\/mx\/wp-content\/uploads\/2020\/01\/iglesia-de-barro.jpg\",\"width\":\"640\",\"height\":\"640\",\"caption\":\"Iglesia de Barro\"},{\"@type\":\"BreadcrumbList\",\"@id\":\"https:\/\/teterete.com\/mx\/producto\/iglesia-artesanal-de-barro\/#breadcrumb\",\"itemListElement\":[{\"@type\":\"ListItem\",\"position\":1,\"name\":\"Home\",\"item\":\"https:\/\/teterete.com\/mx\/\"},{\"@type\":\"ListItem\",\"position\":2,\"name\":\"Productos\",\"item\":\"https:\/\/teterete.com\/mx\/shop\/\"},{\"@type\":\"ListItem\",\"position\":3,\"name\":\"Iglesia Artesanal de Barro\"}]},{\"@type\":\"WebSite\",\"@id\":\"https:\/\/teterete.com\/mx\/#website\",\"url\":\"https:\/\/teterete.com\/mx\/\",\"name\":\"\",\"description\":\"Tienda en L\u00ednea de Fina Artesanias y Dise\u00f1o Mexicano. Bellas piezas elaboradas a mano por los mejores artesanos del pa\u00eds as\u00ed como piezas de dise\u00f1o y decoraci\u00f3n con inspiraci\u00f3n artesanal.\",\"potentialAction\":[{\"@type\":\"SearchAction\",\"target\":{\"@type\":\"EntryPoint\",\"urlTemplate\":\"https:\/\/teterete.com\/mx\/?s={search_term_string}\"},\"query-input\":{\"@type\":\"PropertyValueSpecification\",\"valueRequired\":true,\"valueName\":\"search_term_string\"}}],\"inLanguage\":\"es\"}]}<\/script>\n<!-- \/ Yoast SEO plugin. -->","yoast_head_json":{"title":"Iglesia Artesanal de Barro -","robots":{"index":"index","follow":"follow","max-snippet":"max-snippet:-1","max-image-preview":"max-image-preview:large","max-video-preview":"max-video-preview:-1"},"canonical":"https:\/\/teterete.com\/mx\/producto\/iglesia-artesanal-de-barro\/","og_locale":"es_ES","og_type":"article","og_title":"Iglesia Artesanal de Barro -","og_description":"Iglesia elaborada a mano con barro previamente pigmentado. Original pieza que destacar\u00e1 cualquier lugar donde la coloques.  &nbsp;","og_url":"https:\/\/teterete.com\/mx\/producto\/iglesia-artesanal-de-barro\/","article_publisher":"https:\/\/www.facebook.com\/TetereteHome\/","article_modified_time":"2026-03-24T22:05:17+00:00","og_image":[{"width":640,"height":640,"url":"https:\/\/teterete.com\/mx\/wp-content\/uploads\/2020\/01\/iglesia-de-barro.jpg","type":"image\/jpeg"}],"twitter_card":"summary_large_image","twitter_site":"@Teterete_Home","schema":{"@context":"https:\/\/schema.org","@graph":[{"@type":"WebPage","@id":"https:\/\/teterete.com\/mx\/producto\/iglesia-artesanal-de-barro\/","url":"https:\/\/teterete.com\/mx\/producto\/iglesia-artesanal-de-barro\/","name":"Iglesia Artesanal de Barro -","isPartOf":{"@id":"https:\/\/teterete.com\/mx\/#website"},"primaryImageOfPage":{"@id":"https:\/\/teterete.com\/mx\/producto\/iglesia-artesanal-de-barro\/#primaryimage"},"image":{"@id":"https:\/\/teterete.com\/mx\/producto\/iglesia-artesanal-de-barro\/#primaryimage"},"thumbnailUrl":"https:\/\/teterete.com\/mx\/wp-content\/uploads\/2020\/01\/iglesia-de-barro.jpg","datePublished":"2020-01-10T03:24:04+00:00","dateModified":"2026-03-24T22:05:17+00:00","breadcrumb":{"@id":"https:\/\/teterete.com\/mx\/producto\/iglesia-artesanal-de-barro\/#breadcrumb"},"inLanguage":"es","potentialAction":[{"@type":"ReadAction","target":["https:\/\/teterete.com\/mx\/producto\/iglesia-artesanal-de-barro\/"]}]},{"@type":"ImageObject","inLanguage":"es","@id":"https:\/\/teterete.com\/mx\/producto\/iglesia-artesanal-de-barro\/#primaryimage","url":"https:\/\/teterete.com\/mx\/wp-content\/uploads\/2020\/01\/iglesia-de-barro.jpg","contentUrl":"https:\/\/teterete.com\/mx\/wp-content\/uploads\/2020\/01\/iglesia-de-barro.jpg","width":"640","height":"640","caption":"Iglesia de Barro"},{"@type":"BreadcrumbList","@id":"https:\/\/teterete.com\/mx\/producto\/iglesia-artesanal-de-barro\/#breadcrumb","itemListElement":[{"@type":"ListItem","position":1,"name":"Home","item":"https:\/\/teterete.com\/mx\/"},{"@type":"ListItem","position":2,"name":"Productos","item":"https:\/\/teterete.com\/mx\/shop\/"},{"@type":"ListItem","position":3,"name":"Iglesia Artesanal de Barro"}]},{"@type":"WebSite","@id":"https:\/\/teterete.com\/mx\/#website","url":"https:\/\/teterete.com\/mx\/","name":"","description":"Tienda en L\u00ednea de Fina Artesanias y Dise\u00f1o Mexicano. Bellas piezas elaboradas a mano por los mejores artesanos del pa\u00eds as\u00ed como piezas de dise\u00f1o y decoraci\u00f3n con inspiraci\u00f3n artesanal.","potentialAction":[{"@type":"SearchAction","target":{"@type":"EntryPoint","urlTemplate":"https:\/\/teterete.com\/mx\/?s={search_term_string}"},"query-input":{"@type":"PropertyValueSpecification","valueRequired":true,"valueName":"search_term_string"}}],"inLanguage":"es"}]}},"_links":{"self":[{"href":"https:\/\/teterete.com\/mx\/wp-json\/wp\/v2\/product\/7159"}],"collection":[{"href":"https:\/\/teterete.com\/mx\/wp-json\/wp\/v2\/product"}],"about":[{"href":"https:\/\/teterete.com\/mx\/wp-json\/wp\/v2\/types\/product"}],"replies":[{"embeddable":true,"href":"https:\/\/teterete.com\/mx\/wp-json\/wp\/v2\/comments?post=7159"}],"wp:featuredmedia":[{"embeddable":true,"href":"https:\/\/teterete.com\/mx\/wp-json\/wp\/v2\/media\/7160"}],"wp:attachment":[{"href":"https:\/\/teterete.com\/mx\/wp-json\/wp\/v2\/media?parent=7159"}],"wp:term":[{"taxonomy":"product_cat","embeddable":true,"href":"https:\/\/teterete.com\/mx\/wp-json\/wp\/v2\/product_cat?post=7159"},{"taxonomy":"product_tag","embeddable":true,"href":"https:\/\/teterete.com\/mx\/wp-json\/wp\/v2\/product_tag?post=7159"}],"curies":[{"name":"wp","href":"https:\/\/api.w.org\/{rel}","templated":true}]}}