{"id":7178,"date":"2020-01-16T16:34:04","date_gmt":"2020-01-16T16:34:04","guid":{"rendered":"https:\/\/teterete.com\/mx\/?post_type=product&#038;p=7178"},"modified":"2026-03-24T22:05:01","modified_gmt":"2026-03-24T22:05:01","slug":"individuales-redondos-para-mesa","status":"publish","type":"product","link":"https:\/\/teterete.com\/mx\/producto\/individuales-redondos-para-mesa\/","title":{"rendered":"Individuales Redondos para Mesa"},"content":{"rendered":"<p>Medidas: 35 cm<\/p>\n<p>T\u00e9cnica: Henequ\u00e9n Costurado<\/p>\n<p>Colores: Amarillo, Verde, Tzalam, Crudo<\/p>\n<p>**Favor de indicar color requerido en notas al momento de realizar su compra<\/p>\n<p>***En caso de no contar con existencias el tiempo de producci\u00f3n es de aproximadamente 2 semanas<\/p>\n","protected":false},"excerpt":{"rendered":"<p>Individuales o mantelitos de mesa elaborados con fibras de Henequ\u00e9n bajo la t\u00e9cnica de costurado por artesanos de la zona Maya. Bellas piezas que dar\u00e1n un toque muy mexicano en tu mesa<\/p>\n","protected":false},"featured_media":9264,"comment_status":"open","ping_status":"closed","template":"","meta":{"sfsi_plus_gutenberg_text_before_share":"","sfsi_plus_gutenberg_show_text_before_share":"","sfsi_plus_gutenberg_icon_type":"","sfsi_plus_gutenberg_icon_alignemt":"","sfsi_plus_gutenburg_max_per_row":""},"product_cat":[1584,1434,2606,683,347,346],"product_tag":[222,232,1646,1466,1647,1644,1150,1645],"acf":[],"yoast_head":"<!-- This site is optimized with the Yoast SEO plugin v23.5 - https:\/\/yoast.com\/wordpress\/plugins\/seo\/ -->\n<title>Individuales Redondos para Mesa -<\/title>\n<meta name=\"robots\" content=\"index, follow, max-snippet:-1, max-image-preview:large, max-video-preview:-1\" \/>\n<link rel=\"canonical\" href=\"https:\/\/teterete.com\/mx\/producto\/individuales-redondos-para-mesa\/\" \/>\n<meta property=\"og:locale\" content=\"es_ES\" \/>\n<meta property=\"og:type\" content=\"article\" \/>\n<meta property=\"og:title\" content=\"Individuales Redondos para Mesa -\" \/>\n<meta property=\"og:description\" content=\"Individuales o mantelitos de mesa elaborados con fibras de Henequ\u00e9n bajo la t\u00e9cnica de costurado por artesanos de la zona Maya. Bellas piezas que dar\u00e1n un toque muy mexicano en tu mesa\" \/>\n<meta property=\"og:url\" content=\"https:\/\/teterete.com\/mx\/producto\/individuales-redondos-para-mesa\/\" \/>\n<meta property=\"article:publisher\" content=\"https:\/\/www.facebook.com\/TetereteHome\/\" \/>\n<meta property=\"article:modified_time\" content=\"2026-03-24T22:05:01+00:00\" \/>\n<meta property=\"og:image\" content=\"https:\/\/teterete.com\/mx\/wp-content\/uploads\/2020\/01\/mantelitos-redondos.jpg\" \/>\n\t<meta property=\"og:image:width\" content=\"500\" \/>\n\t<meta property=\"og:image:height\" content=\"500\" \/>\n\t<meta property=\"og:image:type\" content=\"image\/jpeg\" \/>\n<meta name=\"twitter:card\" content=\"summary_large_image\" \/>\n<meta name=\"twitter:site\" content=\"@Teterete_Home\" \/>\n<script type=\"application\/ld+json\" class=\"yoast-schema-graph\">{\"@context\":\"https:\/\/schema.org\",\"@graph\":[{\"@type\":\"WebPage\",\"@id\":\"https:\/\/teterete.com\/mx\/producto\/individuales-redondos-para-mesa\/\",\"url\":\"https:\/\/teterete.com\/mx\/producto\/individuales-redondos-para-mesa\/\",\"name\":\"Individuales Redondos para Mesa -\",\"isPartOf\":{\"@id\":\"https:\/\/teterete.com\/mx\/#website\"},\"primaryImageOfPage\":{\"@id\":\"https:\/\/teterete.com\/mx\/producto\/individuales-redondos-para-mesa\/#primaryimage\"},\"image\":{\"@id\":\"https:\/\/teterete.com\/mx\/producto\/individuales-redondos-para-mesa\/#primaryimage\"},\"thumbnailUrl\":\"https:\/\/teterete.com\/mx\/wp-content\/uploads\/2020\/01\/mantelitos-redondos.jpg\",\"datePublished\":\"2020-01-16T16:34:04+00:00\",\"dateModified\":\"2026-03-24T22:05:01+00:00\",\"breadcrumb\":{\"@id\":\"https:\/\/teterete.com\/mx\/producto\/individuales-redondos-para-mesa\/#breadcrumb\"},\"inLanguage\":\"es\",\"potentialAction\":[{\"@type\":\"ReadAction\",\"target\":[\"https:\/\/teterete.com\/mx\/producto\/individuales-redondos-para-mesa\/\"]}]},{\"@type\":\"ImageObject\",\"inLanguage\":\"es\",\"@id\":\"https:\/\/teterete.com\/mx\/producto\/individuales-redondos-para-mesa\/#primaryimage\",\"url\":\"https:\/\/teterete.com\/mx\/wp-content\/uploads\/2020\/01\/mantelitos-redondos.jpg\",\"contentUrl\":\"https:\/\/teterete.com\/mx\/wp-content\/uploads\/2020\/01\/mantelitos-redondos.jpg\",\"width\":500,\"height\":500,\"caption\":\"Mantenidos de Mesa Redondos.\"},{\"@type\":\"BreadcrumbList\",\"@id\":\"https:\/\/teterete.com\/mx\/producto\/individuales-redondos-para-mesa\/#breadcrumb\",\"itemListElement\":[{\"@type\":\"ListItem\",\"position\":1,\"name\":\"Home\",\"item\":\"https:\/\/teterete.com\/mx\/\"},{\"@type\":\"ListItem\",\"position\":2,\"name\":\"Productos\",\"item\":\"https:\/\/teterete.com\/mx\/shop\/\"},{\"@type\":\"ListItem\",\"position\":3,\"name\":\"Individuales Redondos para Mesa\"}]},{\"@type\":\"WebSite\",\"@id\":\"https:\/\/teterete.com\/mx\/#website\",\"url\":\"https:\/\/teterete.com\/mx\/\",\"name\":\"\",\"description\":\"Tienda en L\u00ednea de Fina Artesanias y Dise\u00f1o Mexicano. Bellas piezas elaboradas a mano por los mejores artesanos del pa\u00eds as\u00ed como piezas de dise\u00f1o y decoraci\u00f3n con inspiraci\u00f3n artesanal.\",\"potentialAction\":[{\"@type\":\"SearchAction\",\"target\":{\"@type\":\"EntryPoint\",\"urlTemplate\":\"https:\/\/teterete.com\/mx\/?s={search_term_string}\"},\"query-input\":{\"@type\":\"PropertyValueSpecification\",\"valueRequired\":true,\"valueName\":\"search_term_string\"}}],\"inLanguage\":\"es\"}]}<\/script>\n<!-- \/ Yoast SEO plugin. -->","yoast_head_json":{"title":"Individuales Redondos para Mesa -","robots":{"index":"index","follow":"follow","max-snippet":"max-snippet:-1","max-image-preview":"max-image-preview:large","max-video-preview":"max-video-preview:-1"},"canonical":"https:\/\/teterete.com\/mx\/producto\/individuales-redondos-para-mesa\/","og_locale":"es_ES","og_type":"article","og_title":"Individuales Redondos para Mesa -","og_description":"Individuales o mantelitos de mesa elaborados con fibras de Henequ\u00e9n bajo la t\u00e9cnica de costurado por artesanos de la zona Maya. Bellas piezas que dar\u00e1n un toque muy mexicano en tu mesa","og_url":"https:\/\/teterete.com\/mx\/producto\/individuales-redondos-para-mesa\/","article_publisher":"https:\/\/www.facebook.com\/TetereteHome\/","article_modified_time":"2026-03-24T22:05:01+00:00","og_image":[{"width":500,"height":500,"url":"https:\/\/teterete.com\/mx\/wp-content\/uploads\/2020\/01\/mantelitos-redondos.jpg","type":"image\/jpeg"}],"twitter_card":"summary_large_image","twitter_site":"@Teterete_Home","schema":{"@context":"https:\/\/schema.org","@graph":[{"@type":"WebPage","@id":"https:\/\/teterete.com\/mx\/producto\/individuales-redondos-para-mesa\/","url":"https:\/\/teterete.com\/mx\/producto\/individuales-redondos-para-mesa\/","name":"Individuales Redondos para Mesa -","isPartOf":{"@id":"https:\/\/teterete.com\/mx\/#website"},"primaryImageOfPage":{"@id":"https:\/\/teterete.com\/mx\/producto\/individuales-redondos-para-mesa\/#primaryimage"},"image":{"@id":"https:\/\/teterete.com\/mx\/producto\/individuales-redondos-para-mesa\/#primaryimage"},"thumbnailUrl":"https:\/\/teterete.com\/mx\/wp-content\/uploads\/2020\/01\/mantelitos-redondos.jpg","datePublished":"2020-01-16T16:34:04+00:00","dateModified":"2026-03-24T22:05:01+00:00","breadcrumb":{"@id":"https:\/\/teterete.com\/mx\/producto\/individuales-redondos-para-mesa\/#breadcrumb"},"inLanguage":"es","potentialAction":[{"@type":"ReadAction","target":["https:\/\/teterete.com\/mx\/producto\/individuales-redondos-para-mesa\/"]}]},{"@type":"ImageObject","inLanguage":"es","@id":"https:\/\/teterete.com\/mx\/producto\/individuales-redondos-para-mesa\/#primaryimage","url":"https:\/\/teterete.com\/mx\/wp-content\/uploads\/2020\/01\/mantelitos-redondos.jpg","contentUrl":"https:\/\/teterete.com\/mx\/wp-content\/uploads\/2020\/01\/mantelitos-redondos.jpg","width":500,"height":500,"caption":"Mantenidos de Mesa Redondos."},{"@type":"BreadcrumbList","@id":"https:\/\/teterete.com\/mx\/producto\/individuales-redondos-para-mesa\/#breadcrumb","itemListElement":[{"@type":"ListItem","position":1,"name":"Home","item":"https:\/\/teterete.com\/mx\/"},{"@type":"ListItem","position":2,"name":"Productos","item":"https:\/\/teterete.com\/mx\/shop\/"},{"@type":"ListItem","position":3,"name":"Individuales Redondos para Mesa"}]},{"@type":"WebSite","@id":"https:\/\/teterete.com\/mx\/#website","url":"https:\/\/teterete.com\/mx\/","name":"","description":"Tienda en L\u00ednea de Fina Artesanias y Dise\u00f1o Mexicano. Bellas piezas elaboradas a mano por los mejores artesanos del pa\u00eds as\u00ed como piezas de dise\u00f1o y decoraci\u00f3n con inspiraci\u00f3n artesanal.","potentialAction":[{"@type":"SearchAction","target":{"@type":"EntryPoint","urlTemplate":"https:\/\/teterete.com\/mx\/?s={search_term_string}"},"query-input":{"@type":"PropertyValueSpecification","valueRequired":true,"valueName":"search_term_string"}}],"inLanguage":"es"}]}},"_links":{"self":[{"href":"https:\/\/teterete.com\/mx\/wp-json\/wp\/v2\/product\/7178"}],"collection":[{"href":"https:\/\/teterete.com\/mx\/wp-json\/wp\/v2\/product"}],"about":[{"href":"https:\/\/teterete.com\/mx\/wp-json\/wp\/v2\/types\/product"}],"replies":[{"embeddable":true,"href":"https:\/\/teterete.com\/mx\/wp-json\/wp\/v2\/comments?post=7178"}],"wp:featuredmedia":[{"embeddable":true,"href":"https:\/\/teterete.com\/mx\/wp-json\/wp\/v2\/media\/9264"}],"wp:attachment":[{"href":"https:\/\/teterete.com\/mx\/wp-json\/wp\/v2\/media?parent=7178"}],"wp:term":[{"taxonomy":"product_cat","embeddable":true,"href":"https:\/\/teterete.com\/mx\/wp-json\/wp\/v2\/product_cat?post=7178"},{"taxonomy":"product_tag","embeddable":true,"href":"https:\/\/teterete.com\/mx\/wp-json\/wp\/v2\/product_tag?post=7178"}],"curies":[{"name":"wp","href":"https:\/\/api.w.org\/{rel}","templated":true}]}}