{"id":7181,"date":"2020-01-16T16:44:00","date_gmt":"2020-01-16T16:44:00","guid":{"rendered":"https:\/\/teterete.com\/mx\/?post_type=product&#038;p=7181"},"modified":"2026-03-24T22:04:42","modified_gmt":"2026-03-24T22:04:42","slug":"juego-de-6-porta-vasos-de-henequen","status":"publish","type":"product","link":"https:\/\/teterete.com\/mx\/producto\/juego-de-6-porta-vasos-de-henequen\/","title":{"rendered":"Juego de 6 Porta-vasos de Henequ\u00e9n"},"content":{"rendered":"<p>Medidas: 10 cms<\/p>\n<p>T\u00e9cnica: Henequ\u00e9n Costurado<\/p>\n<p>Colores: Amarillo, Verde, Tzalam, Crudo<\/p>\n<p>**Favor de indicar color requerido en notas al momento de realizar su compra<\/p>\n<p>***En caso de no contar con existencias el tiempo de producci\u00f3n es de aproximadamente 2 semanas<\/p>\n","protected":false},"excerpt":{"rendered":"<p>6 Porta-vasos elaborados con fibras de Henequ\u00e9n bajo la t\u00e9cnica de costurado por artesanos de la zona Maya. Bellas piezas que dar\u00e1n un toque muy mexicano en tu mesa<\/p>\n","protected":false},"featured_media":7182,"comment_status":"open","ping_status":"closed","template":"","meta":{"_acf_changed":false,"sfsi_plus_gutenberg_text_before_share":"","sfsi_plus_gutenberg_show_text_before_share":"","sfsi_plus_gutenberg_icon_type":"","sfsi_plus_gutenberg_icon_alignemt":"","sfsi_plus_gutenburg_max_per_row":""},"product_brand":[],"product_cat":[1882,1584,683,658,346,1434,2606],"product_tag":[222,232,1646,1466,1647,1644,1150,1645],"class_list":{"0":"post-7181","1":"product","2":"type-product","3":"status-publish","4":"has-post-thumbnail","6":"product_cat-bar","7":"product_cat-mesa-mexicana","8":"product_cat-objetos_de_palma","9":"product_cat-rebajas","10":"product_cat-servicio-de-mesa","11":"product_cat-taller_maya","12":"product_cat-venta-de-verano","13":"product_tag-artesania-mexicana","14":"product_tag-decoracion-mexicana","15":"product_tag-individual-maya","16":"product_tag-individual-para-mesa","17":"product_tag-mantelito-de-henequen","18":"product_tag-mesa-mexicana","19":"product_tag-servicio-de-mesa","20":"product_tag-tienda-artesanias","21":"product_shipping_class-standard","23":"first","24":"instock","25":"sale","26":"taxable","27":"shipping-taxable","28":"purchasable","29":"product-type-simple"},"acf":[],"yoast_head":"<!-- This site is optimized with the Yoast SEO plugin v27.5 - https:\/\/yoast.com\/product\/yoast-seo-wordpress\/ -->\n<title>Juego de 6 Porta-vasos de Henequ\u00e9n -<\/title>\n<meta name=\"robots\" content=\"index, follow, max-snippet:-1, max-image-preview:large, max-video-preview:-1\" \/>\n<link rel=\"canonical\" href=\"https:\/\/teterete.com\/mx\/producto\/juego-de-6-porta-vasos-de-henequen\/\" \/>\n<meta property=\"og:locale\" content=\"es_ES\" \/>\n<meta property=\"og:type\" content=\"article\" \/>\n<meta property=\"og:title\" content=\"Juego de 6 Porta-vasos de Henequ\u00e9n -\" \/>\n<meta property=\"og:description\" content=\"6 Porta-vasos elaborados con fibras de Henequ\u00e9n bajo la t\u00e9cnica de costurado por artesanos de la zona Maya. Bellas piezas que dar\u00e1n un toque muy mexicano en tu mesa\" \/>\n<meta property=\"og:url\" content=\"https:\/\/teterete.com\/mx\/producto\/juego-de-6-porta-vasos-de-henequen\/\" \/>\n<meta property=\"article:publisher\" content=\"https:\/\/www.facebook.com\/TetereteHome\/\" \/>\n<meta property=\"article:modified_time\" content=\"2026-03-24T22:04:42+00:00\" \/>\n<meta property=\"og:image\" content=\"https:\/\/teterete.com\/mx\/wp-content\/uploads\/2020\/01\/juego.de-portavasos.jpg\" \/>\n\t<meta property=\"og:image:width\" content=\"908\" \/>\n\t<meta property=\"og:image:height\" content=\"612\" \/>\n\t<meta property=\"og:image:type\" content=\"image\/jpeg\" \/>\n<meta name=\"twitter:card\" content=\"summary_large_image\" \/>\n<meta name=\"twitter:site\" content=\"@Teterete_Home\" \/>\n<meta name=\"twitter:label1\" content=\"Tiempo de lectura\" \/>\n\t<meta name=\"twitter:data1\" content=\"1 minuto\" \/>\n<script type=\"application\/ld+json\" class=\"yoast-schema-graph\">{\"@context\":\"https:\\\/\\\/schema.org\",\"@graph\":[{\"@type\":\"WebPage\",\"@id\":\"https:\\\/\\\/teterete.com\\\/mx\\\/producto\\\/juego-de-6-porta-vasos-de-henequen\\\/\",\"url\":\"https:\\\/\\\/teterete.com\\\/mx\\\/producto\\\/juego-de-6-porta-vasos-de-henequen\\\/\",\"name\":\"Juego de 6 Porta-vasos de Henequ\u00e9n -\",\"isPartOf\":{\"@id\":\"https:\\\/\\\/teterete.com\\\/mx\\\/#website\"},\"primaryImageOfPage\":{\"@id\":\"https:\\\/\\\/teterete.com\\\/mx\\\/producto\\\/juego-de-6-porta-vasos-de-henequen\\\/#primaryimage\"},\"image\":{\"@id\":\"https:\\\/\\\/teterete.com\\\/mx\\\/producto\\\/juego-de-6-porta-vasos-de-henequen\\\/#primaryimage\"},\"thumbnailUrl\":\"https:\\\/\\\/teterete.com\\\/mx\\\/wp-content\\\/uploads\\\/2020\\\/01\\\/juego.de-portavasos.jpg\",\"datePublished\":\"2020-01-16T16:44:00+00:00\",\"dateModified\":\"2026-03-24T22:04:42+00:00\",\"breadcrumb\":{\"@id\":\"https:\\\/\\\/teterete.com\\\/mx\\\/producto\\\/juego-de-6-porta-vasos-de-henequen\\\/#breadcrumb\"},\"inLanguage\":\"es\",\"potentialAction\":[{\"@type\":\"ReadAction\",\"target\":[\"https:\\\/\\\/teterete.com\\\/mx\\\/producto\\\/juego-de-6-porta-vasos-de-henequen\\\/\"]}]},{\"@type\":\"ImageObject\",\"inLanguage\":\"es\",\"@id\":\"https:\\\/\\\/teterete.com\\\/mx\\\/producto\\\/juego-de-6-porta-vasos-de-henequen\\\/#primaryimage\",\"url\":\"https:\\\/\\\/teterete.com\\\/mx\\\/wp-content\\\/uploads\\\/2020\\\/01\\\/juego.de-portavasos.jpg\",\"contentUrl\":\"https:\\\/\\\/teterete.com\\\/mx\\\/wp-content\\\/uploads\\\/2020\\\/01\\\/juego.de-portavasos.jpg\",\"width\":\"908\",\"height\":\"612\",\"caption\":\"Juego de Porta-vasos\"},{\"@type\":\"BreadcrumbList\",\"@id\":\"https:\\\/\\\/teterete.com\\\/mx\\\/producto\\\/juego-de-6-porta-vasos-de-henequen\\\/#breadcrumb\",\"itemListElement\":[{\"@type\":\"ListItem\",\"position\":1,\"name\":\"Home\",\"item\":\"https:\\\/\\\/teterete.com\\\/mx\\\/\"},{\"@type\":\"ListItem\",\"position\":2,\"name\":\"Productos\",\"item\":\"https:\\\/\\\/teterete.com\\\/mx\\\/shop\\\/\"},{\"@type\":\"ListItem\",\"position\":3,\"name\":\"Juego de 6 Porta-vasos de Henequ\u00e9n\"}]},{\"@type\":\"WebSite\",\"@id\":\"https:\\\/\\\/teterete.com\\\/mx\\\/#website\",\"url\":\"https:\\\/\\\/teterete.com\\\/mx\\\/\",\"name\":\"\",\"description\":\"Tienda en L\u00ednea de Fina Artesanias y Dise\u00f1o Mexicano. Bellas piezas elaboradas a mano por los mejores artesanos del pa\u00eds as\u00ed como piezas de dise\u00f1o y decoraci\u00f3n con inspiraci\u00f3n artesanal.\",\"potentialAction\":[{\"@type\":\"SearchAction\",\"target\":{\"@type\":\"EntryPoint\",\"urlTemplate\":\"https:\\\/\\\/teterete.com\\\/mx\\\/?s={search_term_string}\"},\"query-input\":{\"@type\":\"PropertyValueSpecification\",\"valueRequired\":true,\"valueName\":\"search_term_string\"}}],\"inLanguage\":\"es\"}]}<\/script>\n<!-- \/ Yoast SEO plugin. -->","yoast_head_json":{"title":"Juego de 6 Porta-vasos de Henequ\u00e9n -","robots":{"index":"index","follow":"follow","max-snippet":"max-snippet:-1","max-image-preview":"max-image-preview:large","max-video-preview":"max-video-preview:-1"},"canonical":"https:\/\/teterete.com\/mx\/producto\/juego-de-6-porta-vasos-de-henequen\/","og_locale":"es_ES","og_type":"article","og_title":"Juego de 6 Porta-vasos de Henequ\u00e9n -","og_description":"6 Porta-vasos elaborados con fibras de Henequ\u00e9n bajo la t\u00e9cnica de costurado por artesanos de la zona Maya. Bellas piezas que dar\u00e1n un toque muy mexicano en tu mesa","og_url":"https:\/\/teterete.com\/mx\/producto\/juego-de-6-porta-vasos-de-henequen\/","article_publisher":"https:\/\/www.facebook.com\/TetereteHome\/","article_modified_time":"2026-03-24T22:04:42+00:00","og_image":[{"width":908,"height":612,"url":"https:\/\/teterete.com\/mx\/wp-content\/uploads\/2020\/01\/juego.de-portavasos.jpg","type":"image\/jpeg"}],"twitter_card":"summary_large_image","twitter_site":"@Teterete_Home","twitter_misc":{"Tiempo de lectura":"1 minuto"},"schema":{"@context":"https:\/\/schema.org","@graph":[{"@type":"WebPage","@id":"https:\/\/teterete.com\/mx\/producto\/juego-de-6-porta-vasos-de-henequen\/","url":"https:\/\/teterete.com\/mx\/producto\/juego-de-6-porta-vasos-de-henequen\/","name":"Juego de 6 Porta-vasos de Henequ\u00e9n -","isPartOf":{"@id":"https:\/\/teterete.com\/mx\/#website"},"primaryImageOfPage":{"@id":"https:\/\/teterete.com\/mx\/producto\/juego-de-6-porta-vasos-de-henequen\/#primaryimage"},"image":{"@id":"https:\/\/teterete.com\/mx\/producto\/juego-de-6-porta-vasos-de-henequen\/#primaryimage"},"thumbnailUrl":"https:\/\/teterete.com\/mx\/wp-content\/uploads\/2020\/01\/juego.de-portavasos.jpg","datePublished":"2020-01-16T16:44:00+00:00","dateModified":"2026-03-24T22:04:42+00:00","breadcrumb":{"@id":"https:\/\/teterete.com\/mx\/producto\/juego-de-6-porta-vasos-de-henequen\/#breadcrumb"},"inLanguage":"es","potentialAction":[{"@type":"ReadAction","target":["https:\/\/teterete.com\/mx\/producto\/juego-de-6-porta-vasos-de-henequen\/"]}]},{"@type":"ImageObject","inLanguage":"es","@id":"https:\/\/teterete.com\/mx\/producto\/juego-de-6-porta-vasos-de-henequen\/#primaryimage","url":"https:\/\/teterete.com\/mx\/wp-content\/uploads\/2020\/01\/juego.de-portavasos.jpg","contentUrl":"https:\/\/teterete.com\/mx\/wp-content\/uploads\/2020\/01\/juego.de-portavasos.jpg","width":"908","height":"612","caption":"Juego de Porta-vasos"},{"@type":"BreadcrumbList","@id":"https:\/\/teterete.com\/mx\/producto\/juego-de-6-porta-vasos-de-henequen\/#breadcrumb","itemListElement":[{"@type":"ListItem","position":1,"name":"Home","item":"https:\/\/teterete.com\/mx\/"},{"@type":"ListItem","position":2,"name":"Productos","item":"https:\/\/teterete.com\/mx\/shop\/"},{"@type":"ListItem","position":3,"name":"Juego de 6 Porta-vasos de Henequ\u00e9n"}]},{"@type":"WebSite","@id":"https:\/\/teterete.com\/mx\/#website","url":"https:\/\/teterete.com\/mx\/","name":"","description":"Tienda en L\u00ednea de Fina Artesanias y Dise\u00f1o Mexicano. Bellas piezas elaboradas a mano por los mejores artesanos del pa\u00eds as\u00ed como piezas de dise\u00f1o y decoraci\u00f3n con inspiraci\u00f3n artesanal.","potentialAction":[{"@type":"SearchAction","target":{"@type":"EntryPoint","urlTemplate":"https:\/\/teterete.com\/mx\/?s={search_term_string}"},"query-input":{"@type":"PropertyValueSpecification","valueRequired":true,"valueName":"search_term_string"}}],"inLanguage":"es"}]}},"_links":{"self":[{"href":"https:\/\/teterete.com\/mx\/wp-json\/wp\/v2\/product\/7181","targetHints":{"allow":["GET"]}}],"collection":[{"href":"https:\/\/teterete.com\/mx\/wp-json\/wp\/v2\/product"}],"about":[{"href":"https:\/\/teterete.com\/mx\/wp-json\/wp\/v2\/types\/product"}],"replies":[{"embeddable":true,"href":"https:\/\/teterete.com\/mx\/wp-json\/wp\/v2\/comments?post=7181"}],"wp:featuredmedia":[{"embeddable":true,"href":"https:\/\/teterete.com\/mx\/wp-json\/wp\/v2\/media\/7182"}],"wp:attachment":[{"href":"https:\/\/teterete.com\/mx\/wp-json\/wp\/v2\/media?parent=7181"}],"wp:term":[{"taxonomy":"product_brand","embeddable":true,"href":"https:\/\/teterete.com\/mx\/wp-json\/wp\/v2\/product_brand?post=7181"},{"taxonomy":"product_cat","embeddable":true,"href":"https:\/\/teterete.com\/mx\/wp-json\/wp\/v2\/product_cat?post=7181"},{"taxonomy":"product_tag","embeddable":true,"href":"https:\/\/teterete.com\/mx\/wp-json\/wp\/v2\/product_tag?post=7181"}],"curies":[{"name":"wp","href":"https:\/\/api.w.org\/{rel}","templated":true}]}}