{"id":7200,"date":"2020-01-23T20:31:26","date_gmt":"2020-01-23T20:31:26","guid":{"rendered":"https:\/\/teterete.com\/mx\/?post_type=product&#038;p=7200"},"modified":"2024-08-29T16:08:30","modified_gmt":"2024-08-29T16:08:30","slug":"huipil-orquidea","status":"publish","type":"product","link":"https:\/\/teterete.com\/mx\/producto\/huipil-orquidea\/","title":{"rendered":"Huipil Orqu\u00eddea"},"content":{"rendered":"<p>Medidas: Unitalla<\/p>\n<p>Color: Negro<\/p>\n<p>Lavar en seco\/ Lavar a mano delicadamente<\/p>\n<p>Material: 100% Lino estampado a mano.<\/p>\n","protected":false},"excerpt":{"rendered":"<p>Huipil de lino impreso con placas de madera grabada a mano. Unitalla. Edici\u00f3n limitada. Unisex.\u00a0Impreso con tintas amigables con el ambiente.<\/p>\n","protected":false},"featured_media":7202,"comment_status":"open","ping_status":"closed","template":"","meta":{"_acf_changed":false,"sfsi_plus_gutenberg_text_before_share":"","sfsi_plus_gutenberg_show_text_before_share":"","sfsi_plus_gutenberg_icon_type":"","sfsi_plus_gutenberg_icon_alignemt":"","sfsi_plus_gutenburg_max_per_row":""},"product_brand":[],"product_cat":[1263,61,1012,2057,55],"product_tag":[1652,87,1030,223,1651],"class_list":{"0":"post-7200","1":"product","2":"type-product","3":"status-publish","4":"has-post-thumbnail","6":"product_cat-moda-mexicana","7":"product_cat-para_ella","8":"product_cat-polypol","9":"product_cat-regalos-mama","10":"product_cat-ropa_tradicional","11":"product_tag-blusa-mexicana","12":"product_tag-huipil","13":"product_tag-moda-mexicana","14":"product_tag-textiles-mexicanos","15":"product_tag-tunica-de-lino","16":"product_shipping_class-fast-delivery","18":"first","19":"instock","20":"taxable","21":"shipping-taxable","22":"purchasable","23":"product-type-simple"},"acf":[],"yoast_head":"<!-- This site is optimized with the Yoast SEO plugin v27.6 - https:\/\/yoast.com\/product\/yoast-seo-wordpress\/ -->\n<title>Huipil Orqu\u00eddea -<\/title>\n<meta name=\"robots\" content=\"index, follow, max-snippet:-1, max-image-preview:large, max-video-preview:-1\" \/>\n<link rel=\"canonical\" href=\"https:\/\/teterete.com\/mx\/producto\/huipil-orquidea\/\" \/>\n<meta property=\"og:locale\" content=\"es_ES\" \/>\n<meta property=\"og:type\" content=\"article\" \/>\n<meta property=\"og:title\" content=\"Huipil Orqu\u00eddea -\" \/>\n<meta property=\"og:description\" content=\"Huipil de lino impreso con placas de madera grabada a mano. Unitalla. Edici\u00f3n limitada. Unisex.\u00a0Impreso con tintas amigables con el ambiente.\" \/>\n<meta property=\"og:url\" content=\"https:\/\/teterete.com\/mx\/producto\/huipil-orquidea\/\" \/>\n<meta property=\"article:publisher\" content=\"https:\/\/www.facebook.com\/TetereteHome\/\" \/>\n<meta property=\"article:modified_time\" content=\"2024-08-29T16:08:30+00:00\" \/>\n<meta property=\"og:image\" content=\"https:\/\/teterete.com\/mx\/wp-content\/uploads\/2020\/01\/huipil-orquidea.jpg\" \/>\n\t<meta property=\"og:image:width\" content=\"765\" \/>\n\t<meta property=\"og:image:height\" content=\"765\" \/>\n\t<meta property=\"og:image:type\" content=\"image\/jpeg\" \/>\n<meta name=\"twitter:card\" content=\"summary_large_image\" \/>\n<meta name=\"twitter:site\" content=\"@Teterete_Home\" \/>\n<script type=\"application\/ld+json\" class=\"yoast-schema-graph\">{\"@context\":\"https:\\\/\\\/schema.org\",\"@graph\":[{\"@type\":\"WebPage\",\"@id\":\"https:\\\/\\\/teterete.com\\\/mx\\\/producto\\\/huipil-orquidea\\\/\",\"url\":\"https:\\\/\\\/teterete.com\\\/mx\\\/producto\\\/huipil-orquidea\\\/\",\"name\":\"Huipil Orqu\u00eddea -\",\"isPartOf\":{\"@id\":\"https:\\\/\\\/teterete.com\\\/mx\\\/#website\"},\"primaryImageOfPage\":{\"@id\":\"https:\\\/\\\/teterete.com\\\/mx\\\/producto\\\/huipil-orquidea\\\/#primaryimage\"},\"image\":{\"@id\":\"https:\\\/\\\/teterete.com\\\/mx\\\/producto\\\/huipil-orquidea\\\/#primaryimage\"},\"thumbnailUrl\":\"https:\\\/\\\/teterete.com\\\/mx\\\/wp-content\\\/uploads\\\/2020\\\/01\\\/huipil-orquidea.jpg\",\"datePublished\":\"2020-01-23T20:31:26+00:00\",\"dateModified\":\"2024-08-29T16:08:30+00:00\",\"breadcrumb\":{\"@id\":\"https:\\\/\\\/teterete.com\\\/mx\\\/producto\\\/huipil-orquidea\\\/#breadcrumb\"},\"inLanguage\":\"es\",\"potentialAction\":[{\"@type\":\"ReadAction\",\"target\":[\"https:\\\/\\\/teterete.com\\\/mx\\\/producto\\\/huipil-orquidea\\\/\"]}]},{\"@type\":\"ImageObject\",\"inLanguage\":\"es\",\"@id\":\"https:\\\/\\\/teterete.com\\\/mx\\\/producto\\\/huipil-orquidea\\\/#primaryimage\",\"url\":\"https:\\\/\\\/teterete.com\\\/mx\\\/wp-content\\\/uploads\\\/2020\\\/01\\\/huipil-orquidea.jpg\",\"contentUrl\":\"https:\\\/\\\/teterete.com\\\/mx\\\/wp-content\\\/uploads\\\/2020\\\/01\\\/huipil-orquidea.jpg\",\"width\":\"765\",\"height\":\"765\",\"caption\":\"Huipil Orqu\u00eddea\"},{\"@type\":\"BreadcrumbList\",\"@id\":\"https:\\\/\\\/teterete.com\\\/mx\\\/producto\\\/huipil-orquidea\\\/#breadcrumb\",\"itemListElement\":[{\"@type\":\"ListItem\",\"position\":1,\"name\":\"Home\",\"item\":\"https:\\\/\\\/teterete.com\\\/mx\\\/\"},{\"@type\":\"ListItem\",\"position\":2,\"name\":\"Productos\",\"item\":\"https:\\\/\\\/teterete.com\\\/mx\\\/shop\\\/\"},{\"@type\":\"ListItem\",\"position\":3,\"name\":\"Huipil Orqu\u00eddea\"}]},{\"@type\":\"WebSite\",\"@id\":\"https:\\\/\\\/teterete.com\\\/mx\\\/#website\",\"url\":\"https:\\\/\\\/teterete.com\\\/mx\\\/\",\"name\":\"\",\"description\":\"Tienda en L\u00ednea de Fina Artesanias y Dise\u00f1o Mexicano. Bellas piezas elaboradas a mano por los mejores artesanos del pa\u00eds as\u00ed como piezas de dise\u00f1o y decoraci\u00f3n con inspiraci\u00f3n artesanal.\",\"potentialAction\":[{\"@type\":\"SearchAction\",\"target\":{\"@type\":\"EntryPoint\",\"urlTemplate\":\"https:\\\/\\\/teterete.com\\\/mx\\\/?s={search_term_string}\"},\"query-input\":{\"@type\":\"PropertyValueSpecification\",\"valueRequired\":true,\"valueName\":\"search_term_string\"}}],\"inLanguage\":\"es\"}]}<\/script>\n<!-- \/ Yoast SEO plugin. -->","yoast_head_json":{"title":"Huipil Orqu\u00eddea -","robots":{"index":"index","follow":"follow","max-snippet":"max-snippet:-1","max-image-preview":"max-image-preview:large","max-video-preview":"max-video-preview:-1"},"canonical":"https:\/\/teterete.com\/mx\/producto\/huipil-orquidea\/","og_locale":"es_ES","og_type":"article","og_title":"Huipil Orqu\u00eddea -","og_description":"Huipil de lino impreso con placas de madera grabada a mano. Unitalla. Edici\u00f3n limitada. Unisex.\u00a0Impreso con tintas amigables con el ambiente.","og_url":"https:\/\/teterete.com\/mx\/producto\/huipil-orquidea\/","article_publisher":"https:\/\/www.facebook.com\/TetereteHome\/","article_modified_time":"2024-08-29T16:08:30+00:00","og_image":[{"width":765,"height":765,"url":"https:\/\/teterete.com\/mx\/wp-content\/uploads\/2020\/01\/huipil-orquidea.jpg","type":"image\/jpeg"}],"twitter_card":"summary_large_image","twitter_site":"@Teterete_Home","schema":{"@context":"https:\/\/schema.org","@graph":[{"@type":"WebPage","@id":"https:\/\/teterete.com\/mx\/producto\/huipil-orquidea\/","url":"https:\/\/teterete.com\/mx\/producto\/huipil-orquidea\/","name":"Huipil Orqu\u00eddea -","isPartOf":{"@id":"https:\/\/teterete.com\/mx\/#website"},"primaryImageOfPage":{"@id":"https:\/\/teterete.com\/mx\/producto\/huipil-orquidea\/#primaryimage"},"image":{"@id":"https:\/\/teterete.com\/mx\/producto\/huipil-orquidea\/#primaryimage"},"thumbnailUrl":"https:\/\/teterete.com\/mx\/wp-content\/uploads\/2020\/01\/huipil-orquidea.jpg","datePublished":"2020-01-23T20:31:26+00:00","dateModified":"2024-08-29T16:08:30+00:00","breadcrumb":{"@id":"https:\/\/teterete.com\/mx\/producto\/huipil-orquidea\/#breadcrumb"},"inLanguage":"es","potentialAction":[{"@type":"ReadAction","target":["https:\/\/teterete.com\/mx\/producto\/huipil-orquidea\/"]}]},{"@type":"ImageObject","inLanguage":"es","@id":"https:\/\/teterete.com\/mx\/producto\/huipil-orquidea\/#primaryimage","url":"https:\/\/teterete.com\/mx\/wp-content\/uploads\/2020\/01\/huipil-orquidea.jpg","contentUrl":"https:\/\/teterete.com\/mx\/wp-content\/uploads\/2020\/01\/huipil-orquidea.jpg","width":"765","height":"765","caption":"Huipil Orqu\u00eddea"},{"@type":"BreadcrumbList","@id":"https:\/\/teterete.com\/mx\/producto\/huipil-orquidea\/#breadcrumb","itemListElement":[{"@type":"ListItem","position":1,"name":"Home","item":"https:\/\/teterete.com\/mx\/"},{"@type":"ListItem","position":2,"name":"Productos","item":"https:\/\/teterete.com\/mx\/shop\/"},{"@type":"ListItem","position":3,"name":"Huipil Orqu\u00eddea"}]},{"@type":"WebSite","@id":"https:\/\/teterete.com\/mx\/#website","url":"https:\/\/teterete.com\/mx\/","name":"","description":"Tienda en L\u00ednea de Fina Artesanias y Dise\u00f1o Mexicano. Bellas piezas elaboradas a mano por los mejores artesanos del pa\u00eds as\u00ed como piezas de dise\u00f1o y decoraci\u00f3n con inspiraci\u00f3n artesanal.","potentialAction":[{"@type":"SearchAction","target":{"@type":"EntryPoint","urlTemplate":"https:\/\/teterete.com\/mx\/?s={search_term_string}"},"query-input":{"@type":"PropertyValueSpecification","valueRequired":true,"valueName":"search_term_string"}}],"inLanguage":"es"}]}},"_links":{"self":[{"href":"https:\/\/teterete.com\/mx\/wp-json\/wp\/v2\/product\/7200","targetHints":{"allow":["GET"]}}],"collection":[{"href":"https:\/\/teterete.com\/mx\/wp-json\/wp\/v2\/product"}],"about":[{"href":"https:\/\/teterete.com\/mx\/wp-json\/wp\/v2\/types\/product"}],"replies":[{"embeddable":true,"href":"https:\/\/teterete.com\/mx\/wp-json\/wp\/v2\/comments?post=7200"}],"wp:featuredmedia":[{"embeddable":true,"href":"https:\/\/teterete.com\/mx\/wp-json\/wp\/v2\/media\/7202"}],"wp:attachment":[{"href":"https:\/\/teterete.com\/mx\/wp-json\/wp\/v2\/media?parent=7200"}],"wp:term":[{"taxonomy":"product_brand","embeddable":true,"href":"https:\/\/teterete.com\/mx\/wp-json\/wp\/v2\/product_brand?post=7200"},{"taxonomy":"product_cat","embeddable":true,"href":"https:\/\/teterete.com\/mx\/wp-json\/wp\/v2\/product_cat?post=7200"},{"taxonomy":"product_tag","embeddable":true,"href":"https:\/\/teterete.com\/mx\/wp-json\/wp\/v2\/product_tag?post=7200"}],"curies":[{"name":"wp","href":"https:\/\/api.w.org\/{rel}","templated":true}]}}