{"id":7203,"date":"2020-01-23T20:44:08","date_gmt":"2020-01-23T20:44:08","guid":{"rendered":"https:\/\/teterete.com\/mx\/?post_type=product&#038;p=7203"},"modified":"2021-08-22T14:23:36","modified_gmt":"2021-08-22T14:23:36","slug":"ruana-helecho","status":"publish","type":"product","link":"https:\/\/teterete.com\/mx\/producto\/ruana-helecho\/","title":{"rendered":"Ruana Helecho"},"content":{"rendered":"<p>Medidas: Unitalla<\/p>\n<p>Color: Crudo con Impreso en Negro<\/p>\n<p>Lavar en seco\/ Lavar a mano delicadamente<\/p>\n<p>Material: 100% Lino estampado a mano.<\/p>\n","protected":false},"excerpt":{"rendered":"<p>Ruana de lino impreso con placas de madera grabada a mano. Unitalla. Edici\u00f3n Limitada.\u00a0Impreso con tintas amigables con el ambiente.<\/p>\n","protected":false},"featured_media":7204,"comment_status":"open","ping_status":"closed","template":"","meta":{"_acf_changed":false,"sfsi_plus_gutenberg_text_before_share":"","sfsi_plus_gutenberg_show_text_before_share":"","sfsi_plus_gutenberg_icon_type":"","sfsi_plus_gutenberg_icon_alignemt":"","sfsi_plus_gutenburg_max_per_row":""},"product_brand":[],"product_cat":[1263,61,1012,2057,55],"product_tag":[1652,87,1030,223,1651],"class_list":{"0":"post-7203","1":"product","2":"type-product","3":"status-publish","4":"has-post-thumbnail","6":"product_cat-moda-mexicana","7":"product_cat-para_ella","8":"product_cat-polypol","9":"product_cat-regalos-mama","10":"product_cat-ropa_tradicional","11":"product_tag-blusa-mexicana","12":"product_tag-huipil","13":"product_tag-moda-mexicana","14":"product_tag-textiles-mexicanos","15":"product_tag-tunica-de-lino","16":"product_shipping_class-fast-delivery","18":"first","19":"outofstock","20":"taxable","21":"shipping-taxable","22":"purchasable","23":"product-type-simple"},"acf":[],"yoast_head":"<!-- This site is optimized with the Yoast SEO plugin v27.6 - https:\/\/yoast.com\/product\/yoast-seo-wordpress\/ -->\n<title>Ruana Helecho -<\/title>\n<meta name=\"robots\" content=\"index, follow, max-snippet:-1, max-image-preview:large, max-video-preview:-1\" \/>\n<link rel=\"canonical\" href=\"https:\/\/teterete.com\/mx\/producto\/ruana-helecho\/\" \/>\n<meta property=\"og:locale\" content=\"es_ES\" \/>\n<meta property=\"og:type\" content=\"article\" \/>\n<meta property=\"og:title\" content=\"Ruana Helecho -\" \/>\n<meta property=\"og:description\" content=\"Ruana de lino impreso con placas de madera grabada a mano. Unitalla. Edici\u00f3n Limitada.\u00a0Impreso con tintas amigables con el ambiente.\" \/>\n<meta property=\"og:url\" content=\"https:\/\/teterete.com\/mx\/producto\/ruana-helecho\/\" \/>\n<meta property=\"article:publisher\" content=\"https:\/\/www.facebook.com\/TetereteHome\/\" \/>\n<meta property=\"article:modified_time\" content=\"2021-08-22T14:23:36+00:00\" \/>\n<meta property=\"og:image\" content=\"https:\/\/teterete.com\/mx\/wp-content\/uploads\/2020\/01\/ruana-lino.jpg\" \/>\n\t<meta property=\"og:image:width\" content=\"756\" \/>\n\t<meta property=\"og:image:height\" content=\"756\" \/>\n\t<meta property=\"og:image:type\" content=\"image\/jpeg\" \/>\n<meta name=\"twitter:card\" content=\"summary_large_image\" \/>\n<meta name=\"twitter:site\" content=\"@Teterete_Home\" \/>\n<script type=\"application\/ld+json\" class=\"yoast-schema-graph\">{\"@context\":\"https:\\\/\\\/schema.org\",\"@graph\":[{\"@type\":\"WebPage\",\"@id\":\"https:\\\/\\\/teterete.com\\\/mx\\\/producto\\\/ruana-helecho\\\/\",\"url\":\"https:\\\/\\\/teterete.com\\\/mx\\\/producto\\\/ruana-helecho\\\/\",\"name\":\"Ruana Helecho -\",\"isPartOf\":{\"@id\":\"https:\\\/\\\/teterete.com\\\/mx\\\/#website\"},\"primaryImageOfPage\":{\"@id\":\"https:\\\/\\\/teterete.com\\\/mx\\\/producto\\\/ruana-helecho\\\/#primaryimage\"},\"image\":{\"@id\":\"https:\\\/\\\/teterete.com\\\/mx\\\/producto\\\/ruana-helecho\\\/#primaryimage\"},\"thumbnailUrl\":\"https:\\\/\\\/teterete.com\\\/mx\\\/wp-content\\\/uploads\\\/2020\\\/01\\\/ruana-lino.jpg\",\"datePublished\":\"2020-01-23T20:44:08+00:00\",\"dateModified\":\"2021-08-22T14:23:36+00:00\",\"breadcrumb\":{\"@id\":\"https:\\\/\\\/teterete.com\\\/mx\\\/producto\\\/ruana-helecho\\\/#breadcrumb\"},\"inLanguage\":\"es\",\"potentialAction\":[{\"@type\":\"ReadAction\",\"target\":[\"https:\\\/\\\/teterete.com\\\/mx\\\/producto\\\/ruana-helecho\\\/\"]}]},{\"@type\":\"ImageObject\",\"inLanguage\":\"es\",\"@id\":\"https:\\\/\\\/teterete.com\\\/mx\\\/producto\\\/ruana-helecho\\\/#primaryimage\",\"url\":\"https:\\\/\\\/teterete.com\\\/mx\\\/wp-content\\\/uploads\\\/2020\\\/01\\\/ruana-lino.jpg\",\"contentUrl\":\"https:\\\/\\\/teterete.com\\\/mx\\\/wp-content\\\/uploads\\\/2020\\\/01\\\/ruana-lino.jpg\",\"width\":\"756\",\"height\":\"756\",\"caption\":\"Ruana de Lino\"},{\"@type\":\"BreadcrumbList\",\"@id\":\"https:\\\/\\\/teterete.com\\\/mx\\\/producto\\\/ruana-helecho\\\/#breadcrumb\",\"itemListElement\":[{\"@type\":\"ListItem\",\"position\":1,\"name\":\"Home\",\"item\":\"https:\\\/\\\/teterete.com\\\/mx\\\/\"},{\"@type\":\"ListItem\",\"position\":2,\"name\":\"Productos\",\"item\":\"https:\\\/\\\/teterete.com\\\/mx\\\/shop\\\/\"},{\"@type\":\"ListItem\",\"position\":3,\"name\":\"Ruana Helecho\"}]},{\"@type\":\"WebSite\",\"@id\":\"https:\\\/\\\/teterete.com\\\/mx\\\/#website\",\"url\":\"https:\\\/\\\/teterete.com\\\/mx\\\/\",\"name\":\"\",\"description\":\"Tienda en L\u00ednea de Fina Artesanias y Dise\u00f1o Mexicano. Bellas piezas elaboradas a mano por los mejores artesanos del pa\u00eds as\u00ed como piezas de dise\u00f1o y decoraci\u00f3n con inspiraci\u00f3n artesanal.\",\"potentialAction\":[{\"@type\":\"SearchAction\",\"target\":{\"@type\":\"EntryPoint\",\"urlTemplate\":\"https:\\\/\\\/teterete.com\\\/mx\\\/?s={search_term_string}\"},\"query-input\":{\"@type\":\"PropertyValueSpecification\",\"valueRequired\":true,\"valueName\":\"search_term_string\"}}],\"inLanguage\":\"es\"}]}<\/script>\n<!-- \/ Yoast SEO plugin. -->","yoast_head_json":{"title":"Ruana Helecho -","robots":{"index":"index","follow":"follow","max-snippet":"max-snippet:-1","max-image-preview":"max-image-preview:large","max-video-preview":"max-video-preview:-1"},"canonical":"https:\/\/teterete.com\/mx\/producto\/ruana-helecho\/","og_locale":"es_ES","og_type":"article","og_title":"Ruana Helecho -","og_description":"Ruana de lino impreso con placas de madera grabada a mano. Unitalla. Edici\u00f3n Limitada.\u00a0Impreso con tintas amigables con el ambiente.","og_url":"https:\/\/teterete.com\/mx\/producto\/ruana-helecho\/","article_publisher":"https:\/\/www.facebook.com\/TetereteHome\/","article_modified_time":"2021-08-22T14:23:36+00:00","og_image":[{"width":756,"height":756,"url":"https:\/\/teterete.com\/mx\/wp-content\/uploads\/2020\/01\/ruana-lino.jpg","type":"image\/jpeg"}],"twitter_card":"summary_large_image","twitter_site":"@Teterete_Home","schema":{"@context":"https:\/\/schema.org","@graph":[{"@type":"WebPage","@id":"https:\/\/teterete.com\/mx\/producto\/ruana-helecho\/","url":"https:\/\/teterete.com\/mx\/producto\/ruana-helecho\/","name":"Ruana Helecho -","isPartOf":{"@id":"https:\/\/teterete.com\/mx\/#website"},"primaryImageOfPage":{"@id":"https:\/\/teterete.com\/mx\/producto\/ruana-helecho\/#primaryimage"},"image":{"@id":"https:\/\/teterete.com\/mx\/producto\/ruana-helecho\/#primaryimage"},"thumbnailUrl":"https:\/\/teterete.com\/mx\/wp-content\/uploads\/2020\/01\/ruana-lino.jpg","datePublished":"2020-01-23T20:44:08+00:00","dateModified":"2021-08-22T14:23:36+00:00","breadcrumb":{"@id":"https:\/\/teterete.com\/mx\/producto\/ruana-helecho\/#breadcrumb"},"inLanguage":"es","potentialAction":[{"@type":"ReadAction","target":["https:\/\/teterete.com\/mx\/producto\/ruana-helecho\/"]}]},{"@type":"ImageObject","inLanguage":"es","@id":"https:\/\/teterete.com\/mx\/producto\/ruana-helecho\/#primaryimage","url":"https:\/\/teterete.com\/mx\/wp-content\/uploads\/2020\/01\/ruana-lino.jpg","contentUrl":"https:\/\/teterete.com\/mx\/wp-content\/uploads\/2020\/01\/ruana-lino.jpg","width":"756","height":"756","caption":"Ruana de Lino"},{"@type":"BreadcrumbList","@id":"https:\/\/teterete.com\/mx\/producto\/ruana-helecho\/#breadcrumb","itemListElement":[{"@type":"ListItem","position":1,"name":"Home","item":"https:\/\/teterete.com\/mx\/"},{"@type":"ListItem","position":2,"name":"Productos","item":"https:\/\/teterete.com\/mx\/shop\/"},{"@type":"ListItem","position":3,"name":"Ruana Helecho"}]},{"@type":"WebSite","@id":"https:\/\/teterete.com\/mx\/#website","url":"https:\/\/teterete.com\/mx\/","name":"","description":"Tienda en L\u00ednea de Fina Artesanias y Dise\u00f1o Mexicano. Bellas piezas elaboradas a mano por los mejores artesanos del pa\u00eds as\u00ed como piezas de dise\u00f1o y decoraci\u00f3n con inspiraci\u00f3n artesanal.","potentialAction":[{"@type":"SearchAction","target":{"@type":"EntryPoint","urlTemplate":"https:\/\/teterete.com\/mx\/?s={search_term_string}"},"query-input":{"@type":"PropertyValueSpecification","valueRequired":true,"valueName":"search_term_string"}}],"inLanguage":"es"}]}},"_links":{"self":[{"href":"https:\/\/teterete.com\/mx\/wp-json\/wp\/v2\/product\/7203","targetHints":{"allow":["GET"]}}],"collection":[{"href":"https:\/\/teterete.com\/mx\/wp-json\/wp\/v2\/product"}],"about":[{"href":"https:\/\/teterete.com\/mx\/wp-json\/wp\/v2\/types\/product"}],"replies":[{"embeddable":true,"href":"https:\/\/teterete.com\/mx\/wp-json\/wp\/v2\/comments?post=7203"}],"wp:featuredmedia":[{"embeddable":true,"href":"https:\/\/teterete.com\/mx\/wp-json\/wp\/v2\/media\/7204"}],"wp:attachment":[{"href":"https:\/\/teterete.com\/mx\/wp-json\/wp\/v2\/media?parent=7203"}],"wp:term":[{"taxonomy":"product_brand","embeddable":true,"href":"https:\/\/teterete.com\/mx\/wp-json\/wp\/v2\/product_brand?post=7203"},{"taxonomy":"product_cat","embeddable":true,"href":"https:\/\/teterete.com\/mx\/wp-json\/wp\/v2\/product_cat?post=7203"},{"taxonomy":"product_tag","embeddable":true,"href":"https:\/\/teterete.com\/mx\/wp-json\/wp\/v2\/product_tag?post=7203"}],"curies":[{"name":"wp","href":"https:\/\/api.w.org\/{rel}","templated":true}]}}