{"id":7257,"date":"2020-02-10T23:59:34","date_gmt":"2020-02-10T23:59:34","guid":{"rendered":"https:\/\/teterete.com\/mx\/?post_type=product&#038;p=7257"},"modified":"2026-03-24T22:04:19","modified_gmt":"2026-03-24T22:04:19","slug":"camino-tenango-verde","status":"publish","type":"product","link":"https:\/\/teterete.com\/mx\/producto\/camino-tenango-verde\/","title":{"rendered":"Camino Tenango Verde"},"content":{"rendered":"<p>Hermosas pieza bordada a mano por artesanos Otomies en un hermoso colorido. Dale un toque m\u00e1gico a tu mesa \u00f3 credenza en tu hogar.<\/p>\n<p>Material: Manta e hilo de algod\u00f3n bordado a mano<\/p>\n<p>Medidas: 75 cms Largo x 17 cms de ancho.<\/p>\n<p>Color: Verde<\/p>\n","protected":false},"excerpt":{"rendered":"<p>Bordados Otomies en m\u00e1gicos colores. Este tipo de trabajo es hecho principalmente en Puebla y en Tenango de Doria en Hidalgo. Las tejedoras utilizan flores y animales de las zonas aleda\u00f1as d\u00e1ndoles su propia interpretaci\u00f3n resultados en textiles \u00fanicos por su belleza, dise\u00f1o y colorido. Bordado a mano con dise\u00f1o de conejos, venados, p\u00e1jaros, perros, caballos e infinidad de flores e insectos.<\/p>\n<p>A Mexican Otomi embroidered tapestry in rainbow colors! This kind of work is mainly made in San Pablito, Puebla and in the small town of Tenango de Doria in the state of Hidalgo, Mexico. This textile can be used as a tablecloth or framed as wall decor. It was hand woven with hand-dyed cotton embroidery, with patterns of chickens, rabbits, horses or dogs combined with frets that resemble poinsettia petals.<\/p>\n","protected":false},"featured_media":7251,"comment_status":"open","ping_status":"closed","template":"","meta":{"sfsi_plus_gutenberg_text_before_share":"","sfsi_plus_gutenberg_show_text_before_share":"","sfsi_plus_gutenberg_icon_type":"","sfsi_plus_gutenberg_icon_alignemt":"","sfsi_plus_gutenburg_max_per_row":""},"product_cat":[1584,2057,337,345],"product_tag":[376,381,1653,232,1654,223],"acf":[],"yoast_head":"<!-- This site is optimized with the Yoast SEO plugin v23.5 - https:\/\/yoast.com\/wordpress\/plugins\/seo\/ -->\n<title>Camino Tenango Verde -<\/title>\n<meta name=\"robots\" content=\"index, follow, max-snippet:-1, max-image-preview:large, max-video-preview:-1\" \/>\n<link rel=\"canonical\" href=\"https:\/\/teterete.com\/mx\/producto\/camino-tenango-verde\/\" \/>\n<meta property=\"og:locale\" content=\"es_ES\" \/>\n<meta property=\"og:type\" content=\"article\" \/>\n<meta property=\"og:title\" content=\"Camino Tenango Verde -\" \/>\n<meta property=\"og:description\" content=\"Bordados Otomies en m\u00e1gicos colores. Este tipo de trabajo es hecho principalmente en Puebla y en Tenango de Doria en Hidalgo. Las tejedoras utilizan flores y animales de las zonas aleda\u00f1as d\u00e1ndoles su propia interpretaci\u00f3n resultados en textiles \u00fanicos por su belleza, dise\u00f1o y colorido. Bordado a mano con dise\u00f1o de conejos, venados, p\u00e1jaros, perros, caballos e infinidad de flores e insectos.  A Mexican Otomi embroidered tapestry in rainbow colors! This kind of work is mainly made in San Pablito, Puebla and in the small town of Tenango de Doria in the state of Hidalgo, Mexico. This textile can be used as a tablecloth or framed as wall decor. It was hand woven with hand-dyed cotton embroidery, with patterns of chickens, rabbits, horses or dogs combined with frets that resemble poinsettia petals.\" \/>\n<meta property=\"og:url\" content=\"https:\/\/teterete.com\/mx\/producto\/camino-tenango-verde\/\" \/>\n<meta property=\"article:publisher\" content=\"https:\/\/www.facebook.com\/TetereteHome\/\" \/>\n<meta property=\"article:modified_time\" content=\"2026-03-24T22:04:19+00:00\" \/>\n<meta property=\"og:image\" content=\"https:\/\/teterete.com\/mx\/wp-content\/uploads\/2020\/02\/camino-de-mesa.jpg\" \/>\n\t<meta property=\"og:image:width\" content=\"1024\" \/>\n\t<meta property=\"og:image:height\" content=\"1024\" \/>\n\t<meta property=\"og:image:type\" content=\"image\/jpeg\" \/>\n<meta name=\"twitter:card\" content=\"summary_large_image\" \/>\n<meta name=\"twitter:site\" content=\"@Teterete_Home\" \/>\n<script type=\"application\/ld+json\" class=\"yoast-schema-graph\">{\"@context\":\"https:\/\/schema.org\",\"@graph\":[{\"@type\":\"WebPage\",\"@id\":\"https:\/\/teterete.com\/mx\/producto\/camino-tenango-verde\/\",\"url\":\"https:\/\/teterete.com\/mx\/producto\/camino-tenango-verde\/\",\"name\":\"Camino Tenango Verde -\",\"isPartOf\":{\"@id\":\"https:\/\/teterete.com\/mx\/#website\"},\"primaryImageOfPage\":{\"@id\":\"https:\/\/teterete.com\/mx\/producto\/camino-tenango-verde\/#primaryimage\"},\"image\":{\"@id\":\"https:\/\/teterete.com\/mx\/producto\/camino-tenango-verde\/#primaryimage\"},\"thumbnailUrl\":\"https:\/\/teterete.com\/mx\/wp-content\/uploads\/2020\/02\/camino-de-mesa.jpg\",\"datePublished\":\"2020-02-10T23:59:34+00:00\",\"dateModified\":\"2026-03-24T22:04:19+00:00\",\"breadcrumb\":{\"@id\":\"https:\/\/teterete.com\/mx\/producto\/camino-tenango-verde\/#breadcrumb\"},\"inLanguage\":\"es\",\"potentialAction\":[{\"@type\":\"ReadAction\",\"target\":[\"https:\/\/teterete.com\/mx\/producto\/camino-tenango-verde\/\"]}]},{\"@type\":\"ImageObject\",\"inLanguage\":\"es\",\"@id\":\"https:\/\/teterete.com\/mx\/producto\/camino-tenango-verde\/#primaryimage\",\"url\":\"https:\/\/teterete.com\/mx\/wp-content\/uploads\/2020\/02\/camino-de-mesa.jpg\",\"contentUrl\":\"https:\/\/teterete.com\/mx\/wp-content\/uploads\/2020\/02\/camino-de-mesa.jpg\",\"width\":\"1024\",\"height\":\"1024\",\"caption\":\"Camino de Mesa\"},{\"@type\":\"BreadcrumbList\",\"@id\":\"https:\/\/teterete.com\/mx\/producto\/camino-tenango-verde\/#breadcrumb\",\"itemListElement\":[{\"@type\":\"ListItem\",\"position\":1,\"name\":\"Home\",\"item\":\"https:\/\/teterete.com\/mx\/\"},{\"@type\":\"ListItem\",\"position\":2,\"name\":\"Productos\",\"item\":\"https:\/\/teterete.com\/mx\/shop\/\"},{\"@type\":\"ListItem\",\"position\":3,\"name\":\"Camino Tenango Verde\"}]},{\"@type\":\"WebSite\",\"@id\":\"https:\/\/teterete.com\/mx\/#website\",\"url\":\"https:\/\/teterete.com\/mx\/\",\"name\":\"\",\"description\":\"Tienda en L\u00ednea de Fina Artesanias y Dise\u00f1o Mexicano. Bellas piezas elaboradas a mano por los mejores artesanos del pa\u00eds as\u00ed como piezas de dise\u00f1o y decoraci\u00f3n con inspiraci\u00f3n artesanal.\",\"potentialAction\":[{\"@type\":\"SearchAction\",\"target\":{\"@type\":\"EntryPoint\",\"urlTemplate\":\"https:\/\/teterete.com\/mx\/?s={search_term_string}\"},\"query-input\":{\"@type\":\"PropertyValueSpecification\",\"valueRequired\":true,\"valueName\":\"search_term_string\"}}],\"inLanguage\":\"es\"}]}<\/script>\n<!-- \/ Yoast SEO plugin. -->","yoast_head_json":{"title":"Camino Tenango Verde -","robots":{"index":"index","follow":"follow","max-snippet":"max-snippet:-1","max-image-preview":"max-image-preview:large","max-video-preview":"max-video-preview:-1"},"canonical":"https:\/\/teterete.com\/mx\/producto\/camino-tenango-verde\/","og_locale":"es_ES","og_type":"article","og_title":"Camino Tenango Verde -","og_description":"Bordados Otomies en m\u00e1gicos colores. Este tipo de trabajo es hecho principalmente en Puebla y en Tenango de Doria en Hidalgo. Las tejedoras utilizan flores y animales de las zonas aleda\u00f1as d\u00e1ndoles su propia interpretaci\u00f3n resultados en textiles \u00fanicos por su belleza, dise\u00f1o y colorido. Bordado a mano con dise\u00f1o de conejos, venados, p\u00e1jaros, perros, caballos e infinidad de flores e insectos.  A Mexican Otomi embroidered tapestry in rainbow colors! This kind of work is mainly made in San Pablito, Puebla and in the small town of Tenango de Doria in the state of Hidalgo, Mexico. This textile can be used as a tablecloth or framed as wall decor. It was hand woven with hand-dyed cotton embroidery, with patterns of chickens, rabbits, horses or dogs combined with frets that resemble poinsettia petals.","og_url":"https:\/\/teterete.com\/mx\/producto\/camino-tenango-verde\/","article_publisher":"https:\/\/www.facebook.com\/TetereteHome\/","article_modified_time":"2026-03-24T22:04:19+00:00","og_image":[{"width":1024,"height":1024,"url":"https:\/\/teterete.com\/mx\/wp-content\/uploads\/2020\/02\/camino-de-mesa.jpg","type":"image\/jpeg"}],"twitter_card":"summary_large_image","twitter_site":"@Teterete_Home","schema":{"@context":"https:\/\/schema.org","@graph":[{"@type":"WebPage","@id":"https:\/\/teterete.com\/mx\/producto\/camino-tenango-verde\/","url":"https:\/\/teterete.com\/mx\/producto\/camino-tenango-verde\/","name":"Camino Tenango Verde -","isPartOf":{"@id":"https:\/\/teterete.com\/mx\/#website"},"primaryImageOfPage":{"@id":"https:\/\/teterete.com\/mx\/producto\/camino-tenango-verde\/#primaryimage"},"image":{"@id":"https:\/\/teterete.com\/mx\/producto\/camino-tenango-verde\/#primaryimage"},"thumbnailUrl":"https:\/\/teterete.com\/mx\/wp-content\/uploads\/2020\/02\/camino-de-mesa.jpg","datePublished":"2020-02-10T23:59:34+00:00","dateModified":"2026-03-24T22:04:19+00:00","breadcrumb":{"@id":"https:\/\/teterete.com\/mx\/producto\/camino-tenango-verde\/#breadcrumb"},"inLanguage":"es","potentialAction":[{"@type":"ReadAction","target":["https:\/\/teterete.com\/mx\/producto\/camino-tenango-verde\/"]}]},{"@type":"ImageObject","inLanguage":"es","@id":"https:\/\/teterete.com\/mx\/producto\/camino-tenango-verde\/#primaryimage","url":"https:\/\/teterete.com\/mx\/wp-content\/uploads\/2020\/02\/camino-de-mesa.jpg","contentUrl":"https:\/\/teterete.com\/mx\/wp-content\/uploads\/2020\/02\/camino-de-mesa.jpg","width":"1024","height":"1024","caption":"Camino de Mesa"},{"@type":"BreadcrumbList","@id":"https:\/\/teterete.com\/mx\/producto\/camino-tenango-verde\/#breadcrumb","itemListElement":[{"@type":"ListItem","position":1,"name":"Home","item":"https:\/\/teterete.com\/mx\/"},{"@type":"ListItem","position":2,"name":"Productos","item":"https:\/\/teterete.com\/mx\/shop\/"},{"@type":"ListItem","position":3,"name":"Camino Tenango Verde"}]},{"@type":"WebSite","@id":"https:\/\/teterete.com\/mx\/#website","url":"https:\/\/teterete.com\/mx\/","name":"","description":"Tienda en L\u00ednea de Fina Artesanias y Dise\u00f1o Mexicano. Bellas piezas elaboradas a mano por los mejores artesanos del pa\u00eds as\u00ed como piezas de dise\u00f1o y decoraci\u00f3n con inspiraci\u00f3n artesanal.","potentialAction":[{"@type":"SearchAction","target":{"@type":"EntryPoint","urlTemplate":"https:\/\/teterete.com\/mx\/?s={search_term_string}"},"query-input":{"@type":"PropertyValueSpecification","valueRequired":true,"valueName":"search_term_string"}}],"inLanguage":"es"}]}},"_links":{"self":[{"href":"https:\/\/teterete.com\/mx\/wp-json\/wp\/v2\/product\/7257"}],"collection":[{"href":"https:\/\/teterete.com\/mx\/wp-json\/wp\/v2\/product"}],"about":[{"href":"https:\/\/teterete.com\/mx\/wp-json\/wp\/v2\/types\/product"}],"replies":[{"embeddable":true,"href":"https:\/\/teterete.com\/mx\/wp-json\/wp\/v2\/comments?post=7257"}],"wp:featuredmedia":[{"embeddable":true,"href":"https:\/\/teterete.com\/mx\/wp-json\/wp\/v2\/media\/7251"}],"wp:attachment":[{"href":"https:\/\/teterete.com\/mx\/wp-json\/wp\/v2\/media?parent=7257"}],"wp:term":[{"taxonomy":"product_cat","embeddable":true,"href":"https:\/\/teterete.com\/mx\/wp-json\/wp\/v2\/product_cat?post=7257"},{"taxonomy":"product_tag","embeddable":true,"href":"https:\/\/teterete.com\/mx\/wp-json\/wp\/v2\/product_tag?post=7257"}],"curies":[{"name":"wp","href":"https:\/\/api.w.org\/{rel}","templated":true}]}}