{"id":7289,"date":"2020-02-26T18:46:05","date_gmt":"2020-02-26T18:46:05","guid":{"rendered":"https:\/\/teterete.com\/mx\/?post_type=product&#038;p=7289"},"modified":"2022-09-05T18:43:01","modified_gmt":"2022-09-05T18:43:01","slug":"cuadro-venado-huichol","status":"publish","type":"product","link":"https:\/\/teterete.com\/mx\/producto\/cuadro-venado-huichol\/","title":{"rendered":"Cuadro Venado Huichol"},"content":{"rendered":"<p>Set: Venta en set de cuatro piezas de acabado cedro. No. de piezas: 4<\/p>\n<p>Material: Madera de cedro &#8211; Chaquira &#8211; Estambre<\/p>\n<p>Piezas hecha a mano inspirada en Arte Huichol<\/p>\n<p>Medidas: 2.40 metros Altos x 1.90 metros de ancho x 5 cms de espesor.<\/p>\n<p>Peso: 11 Kilos<\/p>\n","protected":false},"excerpt":{"rendered":"<p>Los dioses venado son los <i>Tamatsime<\/i> o Hermanos Mayores, hijos del Padre sol y de las diosas madres <i>Tateiteime<\/i>. La manera de relacionarse con estas deidades es a trav\u00e9s de la cacer\u00eda.<br \/>\nEllos fueron el primer ser en convertirse en deidad al haberse sacrificado a los cinco primeros cazadores (<i>awatamete<\/i>). Su coraz\u00f3n (<i>iyari<\/i>) se transform\u00f3 en peyote (<i>hikuri<\/i>) para que lo comieran los <i>awatamete<\/i> y obtuvieran la visi\u00f3n del amanecer. Por eso casi todas las deidades tienen aspecto o atributos de venado.<\/p>\n<p>Est\u00e1 pieza decorativa en forma de venado incluye el trabajo artesanal en chaquira y estambre caracter\u00edstico del arte Huichol. Esta incre\u00edble pieza dar\u00e1 vida a cualquier pared donde la coloques.<\/p>\n","protected":false},"featured_media":7290,"comment_status":"open","ping_status":"closed","template":"","meta":{"_acf_changed":false,"sfsi_plus_gutenberg_text_before_share":"","sfsi_plus_gutenberg_show_text_before_share":"","sfsi_plus_gutenberg_icon_type":"","sfsi_plus_gutenberg_icon_alignemt":"","sfsi_plus_gutenburg_max_per_row":""},"product_brand":[],"product_cat":[341,1515,350,682],"product_tag":[230,236,1254,232,1668,963,1667],"class_list":{"0":"post-7289","1":"product","2":"type-product","3":"status-publish","4":"has-post-thumbnail","6":"product_cat-pared","7":"product_cat-decoracion-pared","8":"product_cat-piezas-unicas","9":"product_cat-terraza","10":"product_tag-arte-huichol","11":"product_tag-arte-mexicano","12":"product_tag-decoracion-artesanal","13":"product_tag-decoracion-mexicana","14":"product_tag-decoracion-para-pared","15":"product_tag-diseno-mexicano","16":"product_tag-venado-sagrado-huichol","17":"product_shipping_class-big-size","19":"first","20":"instock","21":"taxable","22":"shipping-taxable","23":"purchasable","24":"product-type-simple"},"acf":[],"yoast_head":"<!-- This site is optimized with the Yoast SEO plugin v27.5 - https:\/\/yoast.com\/product\/yoast-seo-wordpress\/ -->\n<title>Cuadro Venado Huichol -<\/title>\n<meta name=\"robots\" content=\"index, follow, max-snippet:-1, max-image-preview:large, max-video-preview:-1\" \/>\n<link rel=\"canonical\" href=\"https:\/\/teterete.com\/mx\/producto\/cuadro-venado-huichol\/\" \/>\n<meta property=\"og:locale\" content=\"es_ES\" \/>\n<meta property=\"og:type\" content=\"article\" \/>\n<meta property=\"og:title\" content=\"Cuadro Venado Huichol -\" \/>\n<meta property=\"og:description\" content=\"Los dioses venado son los Tamatsime o Hermanos Mayores, hijos del Padre sol y de las diosas madres Tateiteime. La manera de relacionarse con estas deidades es a trav\u00e9s de la cacer\u00eda. Ellos fueron el primer ser en convertirse en deidad al haberse sacrificado a los cinco primeros cazadores (awatamete). Su coraz\u00f3n (iyari) se transform\u00f3 en peyote (hikuri) para que lo comieran los awatamete y obtuvieran la visi\u00f3n del amanecer. Por eso casi todas las deidades tienen aspecto o atributos de venado.  Est\u00e1 pieza decorativa en forma de venado incluye el trabajo artesanal en chaquira y estambre caracter\u00edstico del arte Huichol. Esta incre\u00edble pieza dar\u00e1 vida a cualquier pared donde la coloques.\" \/>\n<meta property=\"og:url\" content=\"https:\/\/teterete.com\/mx\/producto\/cuadro-venado-huichol\/\" \/>\n<meta property=\"article:publisher\" content=\"https:\/\/www.facebook.com\/TetereteHome\/\" \/>\n<meta property=\"article:modified_time\" content=\"2022-09-05T18:43:01+00:00\" \/>\n<meta property=\"og:image\" content=\"https:\/\/teterete.com\/mx\/wp-content\/uploads\/2020\/02\/arte-huichol-decorativo.jpg\" \/>\n\t<meta property=\"og:image:width\" content=\"824\" \/>\n\t<meta property=\"og:image:height\" content=\"824\" \/>\n\t<meta property=\"og:image:type\" content=\"image\/jpeg\" \/>\n<meta name=\"twitter:card\" content=\"summary_large_image\" \/>\n<meta name=\"twitter:site\" content=\"@Teterete_Home\" \/>\n<script type=\"application\/ld+json\" class=\"yoast-schema-graph\">{\"@context\":\"https:\\\/\\\/schema.org\",\"@graph\":[{\"@type\":\"WebPage\",\"@id\":\"https:\\\/\\\/teterete.com\\\/mx\\\/producto\\\/cuadro-venado-huichol\\\/\",\"url\":\"https:\\\/\\\/teterete.com\\\/mx\\\/producto\\\/cuadro-venado-huichol\\\/\",\"name\":\"Cuadro Venado Huichol -\",\"isPartOf\":{\"@id\":\"https:\\\/\\\/teterete.com\\\/mx\\\/#website\"},\"primaryImageOfPage\":{\"@id\":\"https:\\\/\\\/teterete.com\\\/mx\\\/producto\\\/cuadro-venado-huichol\\\/#primaryimage\"},\"image\":{\"@id\":\"https:\\\/\\\/teterete.com\\\/mx\\\/producto\\\/cuadro-venado-huichol\\\/#primaryimage\"},\"thumbnailUrl\":\"https:\\\/\\\/teterete.com\\\/mx\\\/wp-content\\\/uploads\\\/2020\\\/02\\\/arte-huichol-decorativo.jpg\",\"datePublished\":\"2020-02-26T18:46:05+00:00\",\"dateModified\":\"2022-09-05T18:43:01+00:00\",\"breadcrumb\":{\"@id\":\"https:\\\/\\\/teterete.com\\\/mx\\\/producto\\\/cuadro-venado-huichol\\\/#breadcrumb\"},\"inLanguage\":\"es\",\"potentialAction\":[{\"@type\":\"ReadAction\",\"target\":[\"https:\\\/\\\/teterete.com\\\/mx\\\/producto\\\/cuadro-venado-huichol\\\/\"]}]},{\"@type\":\"ImageObject\",\"inLanguage\":\"es\",\"@id\":\"https:\\\/\\\/teterete.com\\\/mx\\\/producto\\\/cuadro-venado-huichol\\\/#primaryimage\",\"url\":\"https:\\\/\\\/teterete.com\\\/mx\\\/wp-content\\\/uploads\\\/2020\\\/02\\\/arte-huichol-decorativo.jpg\",\"contentUrl\":\"https:\\\/\\\/teterete.com\\\/mx\\\/wp-content\\\/uploads\\\/2020\\\/02\\\/arte-huichol-decorativo.jpg\",\"width\":\"824\",\"height\":\"824\",\"caption\":\"Arte Huichol Decorativo\"},{\"@type\":\"BreadcrumbList\",\"@id\":\"https:\\\/\\\/teterete.com\\\/mx\\\/producto\\\/cuadro-venado-huichol\\\/#breadcrumb\",\"itemListElement\":[{\"@type\":\"ListItem\",\"position\":1,\"name\":\"Home\",\"item\":\"https:\\\/\\\/teterete.com\\\/mx\\\/\"},{\"@type\":\"ListItem\",\"position\":2,\"name\":\"Productos\",\"item\":\"https:\\\/\\\/teterete.com\\\/mx\\\/shop\\\/\"},{\"@type\":\"ListItem\",\"position\":3,\"name\":\"Cuadro Venado Huichol\"}]},{\"@type\":\"WebSite\",\"@id\":\"https:\\\/\\\/teterete.com\\\/mx\\\/#website\",\"url\":\"https:\\\/\\\/teterete.com\\\/mx\\\/\",\"name\":\"\",\"description\":\"Tienda en L\u00ednea de Fina Artesanias y Dise\u00f1o Mexicano. Bellas piezas elaboradas a mano por los mejores artesanos del pa\u00eds as\u00ed como piezas de dise\u00f1o y decoraci\u00f3n con inspiraci\u00f3n artesanal.\",\"potentialAction\":[{\"@type\":\"SearchAction\",\"target\":{\"@type\":\"EntryPoint\",\"urlTemplate\":\"https:\\\/\\\/teterete.com\\\/mx\\\/?s={search_term_string}\"},\"query-input\":{\"@type\":\"PropertyValueSpecification\",\"valueRequired\":true,\"valueName\":\"search_term_string\"}}],\"inLanguage\":\"es\"}]}<\/script>\n<!-- \/ Yoast SEO plugin. -->","yoast_head_json":{"title":"Cuadro Venado Huichol -","robots":{"index":"index","follow":"follow","max-snippet":"max-snippet:-1","max-image-preview":"max-image-preview:large","max-video-preview":"max-video-preview:-1"},"canonical":"https:\/\/teterete.com\/mx\/producto\/cuadro-venado-huichol\/","og_locale":"es_ES","og_type":"article","og_title":"Cuadro Venado Huichol -","og_description":"Los dioses venado son los Tamatsime o Hermanos Mayores, hijos del Padre sol y de las diosas madres Tateiteime. La manera de relacionarse con estas deidades es a trav\u00e9s de la cacer\u00eda. Ellos fueron el primer ser en convertirse en deidad al haberse sacrificado a los cinco primeros cazadores (awatamete). Su coraz\u00f3n (iyari) se transform\u00f3 en peyote (hikuri) para que lo comieran los awatamete y obtuvieran la visi\u00f3n del amanecer. Por eso casi todas las deidades tienen aspecto o atributos de venado.  Est\u00e1 pieza decorativa en forma de venado incluye el trabajo artesanal en chaquira y estambre caracter\u00edstico del arte Huichol. Esta incre\u00edble pieza dar\u00e1 vida a cualquier pared donde la coloques.","og_url":"https:\/\/teterete.com\/mx\/producto\/cuadro-venado-huichol\/","article_publisher":"https:\/\/www.facebook.com\/TetereteHome\/","article_modified_time":"2022-09-05T18:43:01+00:00","og_image":[{"width":824,"height":824,"url":"https:\/\/teterete.com\/mx\/wp-content\/uploads\/2020\/02\/arte-huichol-decorativo.jpg","type":"image\/jpeg"}],"twitter_card":"summary_large_image","twitter_site":"@Teterete_Home","schema":{"@context":"https:\/\/schema.org","@graph":[{"@type":"WebPage","@id":"https:\/\/teterete.com\/mx\/producto\/cuadro-venado-huichol\/","url":"https:\/\/teterete.com\/mx\/producto\/cuadro-venado-huichol\/","name":"Cuadro Venado Huichol -","isPartOf":{"@id":"https:\/\/teterete.com\/mx\/#website"},"primaryImageOfPage":{"@id":"https:\/\/teterete.com\/mx\/producto\/cuadro-venado-huichol\/#primaryimage"},"image":{"@id":"https:\/\/teterete.com\/mx\/producto\/cuadro-venado-huichol\/#primaryimage"},"thumbnailUrl":"https:\/\/teterete.com\/mx\/wp-content\/uploads\/2020\/02\/arte-huichol-decorativo.jpg","datePublished":"2020-02-26T18:46:05+00:00","dateModified":"2022-09-05T18:43:01+00:00","breadcrumb":{"@id":"https:\/\/teterete.com\/mx\/producto\/cuadro-venado-huichol\/#breadcrumb"},"inLanguage":"es","potentialAction":[{"@type":"ReadAction","target":["https:\/\/teterete.com\/mx\/producto\/cuadro-venado-huichol\/"]}]},{"@type":"ImageObject","inLanguage":"es","@id":"https:\/\/teterete.com\/mx\/producto\/cuadro-venado-huichol\/#primaryimage","url":"https:\/\/teterete.com\/mx\/wp-content\/uploads\/2020\/02\/arte-huichol-decorativo.jpg","contentUrl":"https:\/\/teterete.com\/mx\/wp-content\/uploads\/2020\/02\/arte-huichol-decorativo.jpg","width":"824","height":"824","caption":"Arte Huichol Decorativo"},{"@type":"BreadcrumbList","@id":"https:\/\/teterete.com\/mx\/producto\/cuadro-venado-huichol\/#breadcrumb","itemListElement":[{"@type":"ListItem","position":1,"name":"Home","item":"https:\/\/teterete.com\/mx\/"},{"@type":"ListItem","position":2,"name":"Productos","item":"https:\/\/teterete.com\/mx\/shop\/"},{"@type":"ListItem","position":3,"name":"Cuadro Venado Huichol"}]},{"@type":"WebSite","@id":"https:\/\/teterete.com\/mx\/#website","url":"https:\/\/teterete.com\/mx\/","name":"","description":"Tienda en L\u00ednea de Fina Artesanias y Dise\u00f1o Mexicano. Bellas piezas elaboradas a mano por los mejores artesanos del pa\u00eds as\u00ed como piezas de dise\u00f1o y decoraci\u00f3n con inspiraci\u00f3n artesanal.","potentialAction":[{"@type":"SearchAction","target":{"@type":"EntryPoint","urlTemplate":"https:\/\/teterete.com\/mx\/?s={search_term_string}"},"query-input":{"@type":"PropertyValueSpecification","valueRequired":true,"valueName":"search_term_string"}}],"inLanguage":"es"}]}},"_links":{"self":[{"href":"https:\/\/teterete.com\/mx\/wp-json\/wp\/v2\/product\/7289","targetHints":{"allow":["GET"]}}],"collection":[{"href":"https:\/\/teterete.com\/mx\/wp-json\/wp\/v2\/product"}],"about":[{"href":"https:\/\/teterete.com\/mx\/wp-json\/wp\/v2\/types\/product"}],"replies":[{"embeddable":true,"href":"https:\/\/teterete.com\/mx\/wp-json\/wp\/v2\/comments?post=7289"}],"wp:featuredmedia":[{"embeddable":true,"href":"https:\/\/teterete.com\/mx\/wp-json\/wp\/v2\/media\/7290"}],"wp:attachment":[{"href":"https:\/\/teterete.com\/mx\/wp-json\/wp\/v2\/media?parent=7289"}],"wp:term":[{"taxonomy":"product_brand","embeddable":true,"href":"https:\/\/teterete.com\/mx\/wp-json\/wp\/v2\/product_brand?post=7289"},{"taxonomy":"product_cat","embeddable":true,"href":"https:\/\/teterete.com\/mx\/wp-json\/wp\/v2\/product_cat?post=7289"},{"taxonomy":"product_tag","embeddable":true,"href":"https:\/\/teterete.com\/mx\/wp-json\/wp\/v2\/product_tag?post=7289"}],"curies":[{"name":"wp","href":"https:\/\/api.w.org\/{rel}","templated":true}]}}