{"id":7370,"date":"2020-03-14T16:14:14","date_gmt":"2020-03-14T16:14:14","guid":{"rendered":"https:\/\/teterete.com\/mx\/?post_type=product&#038;p=7370"},"modified":"2020-11-15T19:47:24","modified_gmt":"2020-11-15T19:47:24","slug":"vajilla-de-talavera-puebla-2-personas","status":"publish","type":"product","link":"https:\/\/teterete.com\/mx\/producto\/vajilla-de-talavera-puebla-2-personas\/","title":{"rendered":"Vajilla de Talavera Puebla (2 Personas)"},"content":{"rendered":"<p>SET INDIVIDUAL (x 2)<br \/>\nPato Trinche de 28 cms. &#8211; Plato Trinche de 24 cms. &#8211; Plato Sopero &#8211; Plato Postre &#8211; Taza y plato para caf\u00e9 (Son 6 piezas por Set)<\/p>\n<p>**Cafetera no incluida en Set, se desea incluirla el costo adicional es de $1,650.00<\/p>\n","protected":false},"excerpt":{"rendered":"<p>Vajilla de Talavera Uriarte con certificado de autenticidad. Hermosas piezas elaboradas por artesanos poblanos siguiendo el proceso tradicional de elaboraci\u00f3n de la Talavera.<\/p>\n","protected":false},"featured_media":7376,"comment_status":"open","ping_status":"closed","template":"","meta":{"_acf_changed":false,"sfsi_plus_gutenberg_text_before_share":"","sfsi_plus_gutenberg_show_text_before_share":"","sfsi_plus_gutenberg_icon_type":"","sfsi_plus_gutenberg_icon_alignemt":"","sfsi_plus_gutenburg_max_per_row":""},"product_brand":[],"product_cat":[1584,60],"product_tag":[1287,236,854,232,1674,226,426,1672,1673],"class_list":{"0":"post-7370","1":"product","2":"type-product","3":"status-publish","4":"has-post-thumbnail","6":"product_cat-mesa-mexicana","7":"product_cat-vajillas","8":"product_tag-accesorios-cocina","9":"product_tag-arte-mexicano","10":"product_tag-cocina-mexicana","11":"product_tag-decoracion-mexicana","12":"product_tag-talavera-mexicana","13":"product_tag-talavera-poblana","14":"product_tag-vajilla-de-talavera","15":"product_tag-vajilla-mexicana","16":"product_tag-vajilla-uriarte","17":"product_shipping_class-especial","19":"first","20":"instock","21":"taxable","22":"shipping-taxable","23":"purchasable","24":"product-type-simple"},"acf":[],"yoast_head":"<!-- This site is optimized with the Yoast SEO plugin v27.6 - https:\/\/yoast.com\/product\/yoast-seo-wordpress\/ -->\n<title>Vajilla de Talavera Puebla (2 Personas) -<\/title>\n<meta name=\"robots\" content=\"index, follow, max-snippet:-1, max-image-preview:large, max-video-preview:-1\" \/>\n<link rel=\"canonical\" href=\"https:\/\/teterete.com\/mx\/producto\/vajilla-de-talavera-puebla-2-personas\/\" \/>\n<meta property=\"og:locale\" content=\"es_ES\" \/>\n<meta property=\"og:type\" content=\"article\" \/>\n<meta property=\"og:title\" content=\"Vajilla de Talavera Puebla (2 Personas) -\" \/>\n<meta property=\"og:description\" content=\"Vajilla de Talavera Uriarte con certificado de autenticidad. Hermosas piezas elaboradas por artesanos poblanos siguiendo el proceso tradicional de elaboraci\u00f3n de la Talavera.\" \/>\n<meta property=\"og:url\" content=\"https:\/\/teterete.com\/mx\/producto\/vajilla-de-talavera-puebla-2-personas\/\" \/>\n<meta property=\"article:publisher\" content=\"https:\/\/www.facebook.com\/TetereteHome\/\" \/>\n<meta property=\"article:modified_time\" content=\"2020-11-15T19:47:24+00:00\" \/>\n<meta property=\"og:image\" content=\"https:\/\/teterete.com\/mx\/wp-content\/uploads\/2020\/03\/Vajilla-Talavera-Puebla.jpg\" \/>\n\t<meta property=\"og:image:width\" content=\"380\" \/>\n\t<meta property=\"og:image:height\" content=\"380\" \/>\n\t<meta property=\"og:image:type\" content=\"image\/jpeg\" \/>\n<meta name=\"twitter:card\" content=\"summary_large_image\" \/>\n<meta name=\"twitter:site\" content=\"@Teterete_Home\" \/>\n<script type=\"application\/ld+json\" class=\"yoast-schema-graph\">{\"@context\":\"https:\\\/\\\/schema.org\",\"@graph\":[{\"@type\":\"WebPage\",\"@id\":\"https:\\\/\\\/teterete.com\\\/mx\\\/producto\\\/vajilla-de-talavera-puebla-2-personas\\\/\",\"url\":\"https:\\\/\\\/teterete.com\\\/mx\\\/producto\\\/vajilla-de-talavera-puebla-2-personas\\\/\",\"name\":\"Vajilla de Talavera Puebla (2 Personas) -\",\"isPartOf\":{\"@id\":\"https:\\\/\\\/teterete.com\\\/mx\\\/#website\"},\"primaryImageOfPage\":{\"@id\":\"https:\\\/\\\/teterete.com\\\/mx\\\/producto\\\/vajilla-de-talavera-puebla-2-personas\\\/#primaryimage\"},\"image\":{\"@id\":\"https:\\\/\\\/teterete.com\\\/mx\\\/producto\\\/vajilla-de-talavera-puebla-2-personas\\\/#primaryimage\"},\"thumbnailUrl\":\"https:\\\/\\\/teterete.com\\\/mx\\\/wp-content\\\/uploads\\\/2020\\\/03\\\/Vajilla-Talavera-Puebla.jpg\",\"datePublished\":\"2020-03-14T16:14:14+00:00\",\"dateModified\":\"2020-11-15T19:47:24+00:00\",\"breadcrumb\":{\"@id\":\"https:\\\/\\\/teterete.com\\\/mx\\\/producto\\\/vajilla-de-talavera-puebla-2-personas\\\/#breadcrumb\"},\"inLanguage\":\"es\",\"potentialAction\":[{\"@type\":\"ReadAction\",\"target\":[\"https:\\\/\\\/teterete.com\\\/mx\\\/producto\\\/vajilla-de-talavera-puebla-2-personas\\\/\"]}]},{\"@type\":\"ImageObject\",\"inLanguage\":\"es\",\"@id\":\"https:\\\/\\\/teterete.com\\\/mx\\\/producto\\\/vajilla-de-talavera-puebla-2-personas\\\/#primaryimage\",\"url\":\"https:\\\/\\\/teterete.com\\\/mx\\\/wp-content\\\/uploads\\\/2020\\\/03\\\/Vajilla-Talavera-Puebla.jpg\",\"contentUrl\":\"https:\\\/\\\/teterete.com\\\/mx\\\/wp-content\\\/uploads\\\/2020\\\/03\\\/Vajilla-Talavera-Puebla.jpg\",\"width\":\"380\",\"height\":\"380\",\"caption\":\"Vajilla Talavera Puebla\"},{\"@type\":\"BreadcrumbList\",\"@id\":\"https:\\\/\\\/teterete.com\\\/mx\\\/producto\\\/vajilla-de-talavera-puebla-2-personas\\\/#breadcrumb\",\"itemListElement\":[{\"@type\":\"ListItem\",\"position\":1,\"name\":\"Home\",\"item\":\"https:\\\/\\\/teterete.com\\\/mx\\\/\"},{\"@type\":\"ListItem\",\"position\":2,\"name\":\"Productos\",\"item\":\"https:\\\/\\\/teterete.com\\\/mx\\\/shop\\\/\"},{\"@type\":\"ListItem\",\"position\":3,\"name\":\"Vajilla de Talavera Puebla (2 Personas)\"}]},{\"@type\":\"WebSite\",\"@id\":\"https:\\\/\\\/teterete.com\\\/mx\\\/#website\",\"url\":\"https:\\\/\\\/teterete.com\\\/mx\\\/\",\"name\":\"\",\"description\":\"Tienda en L\u00ednea de Fina Artesanias y Dise\u00f1o Mexicano. Bellas piezas elaboradas a mano por los mejores artesanos del pa\u00eds as\u00ed como piezas de dise\u00f1o y decoraci\u00f3n con inspiraci\u00f3n artesanal.\",\"potentialAction\":[{\"@type\":\"SearchAction\",\"target\":{\"@type\":\"EntryPoint\",\"urlTemplate\":\"https:\\\/\\\/teterete.com\\\/mx\\\/?s={search_term_string}\"},\"query-input\":{\"@type\":\"PropertyValueSpecification\",\"valueRequired\":true,\"valueName\":\"search_term_string\"}}],\"inLanguage\":\"es\"}]}<\/script>\n<!-- \/ Yoast SEO plugin. -->","yoast_head_json":{"title":"Vajilla de Talavera Puebla (2 Personas) -","robots":{"index":"index","follow":"follow","max-snippet":"max-snippet:-1","max-image-preview":"max-image-preview:large","max-video-preview":"max-video-preview:-1"},"canonical":"https:\/\/teterete.com\/mx\/producto\/vajilla-de-talavera-puebla-2-personas\/","og_locale":"es_ES","og_type":"article","og_title":"Vajilla de Talavera Puebla (2 Personas) -","og_description":"Vajilla de Talavera Uriarte con certificado de autenticidad. Hermosas piezas elaboradas por artesanos poblanos siguiendo el proceso tradicional de elaboraci\u00f3n de la Talavera.","og_url":"https:\/\/teterete.com\/mx\/producto\/vajilla-de-talavera-puebla-2-personas\/","article_publisher":"https:\/\/www.facebook.com\/TetereteHome\/","article_modified_time":"2020-11-15T19:47:24+00:00","og_image":[{"width":380,"height":380,"url":"https:\/\/teterete.com\/mx\/wp-content\/uploads\/2020\/03\/Vajilla-Talavera-Puebla.jpg","type":"image\/jpeg"}],"twitter_card":"summary_large_image","twitter_site":"@Teterete_Home","schema":{"@context":"https:\/\/schema.org","@graph":[{"@type":"WebPage","@id":"https:\/\/teterete.com\/mx\/producto\/vajilla-de-talavera-puebla-2-personas\/","url":"https:\/\/teterete.com\/mx\/producto\/vajilla-de-talavera-puebla-2-personas\/","name":"Vajilla de Talavera Puebla (2 Personas) -","isPartOf":{"@id":"https:\/\/teterete.com\/mx\/#website"},"primaryImageOfPage":{"@id":"https:\/\/teterete.com\/mx\/producto\/vajilla-de-talavera-puebla-2-personas\/#primaryimage"},"image":{"@id":"https:\/\/teterete.com\/mx\/producto\/vajilla-de-talavera-puebla-2-personas\/#primaryimage"},"thumbnailUrl":"https:\/\/teterete.com\/mx\/wp-content\/uploads\/2020\/03\/Vajilla-Talavera-Puebla.jpg","datePublished":"2020-03-14T16:14:14+00:00","dateModified":"2020-11-15T19:47:24+00:00","breadcrumb":{"@id":"https:\/\/teterete.com\/mx\/producto\/vajilla-de-talavera-puebla-2-personas\/#breadcrumb"},"inLanguage":"es","potentialAction":[{"@type":"ReadAction","target":["https:\/\/teterete.com\/mx\/producto\/vajilla-de-talavera-puebla-2-personas\/"]}]},{"@type":"ImageObject","inLanguage":"es","@id":"https:\/\/teterete.com\/mx\/producto\/vajilla-de-talavera-puebla-2-personas\/#primaryimage","url":"https:\/\/teterete.com\/mx\/wp-content\/uploads\/2020\/03\/Vajilla-Talavera-Puebla.jpg","contentUrl":"https:\/\/teterete.com\/mx\/wp-content\/uploads\/2020\/03\/Vajilla-Talavera-Puebla.jpg","width":"380","height":"380","caption":"Vajilla Talavera Puebla"},{"@type":"BreadcrumbList","@id":"https:\/\/teterete.com\/mx\/producto\/vajilla-de-talavera-puebla-2-personas\/#breadcrumb","itemListElement":[{"@type":"ListItem","position":1,"name":"Home","item":"https:\/\/teterete.com\/mx\/"},{"@type":"ListItem","position":2,"name":"Productos","item":"https:\/\/teterete.com\/mx\/shop\/"},{"@type":"ListItem","position":3,"name":"Vajilla de Talavera Puebla (2 Personas)"}]},{"@type":"WebSite","@id":"https:\/\/teterete.com\/mx\/#website","url":"https:\/\/teterete.com\/mx\/","name":"","description":"Tienda en L\u00ednea de Fina Artesanias y Dise\u00f1o Mexicano. Bellas piezas elaboradas a mano por los mejores artesanos del pa\u00eds as\u00ed como piezas de dise\u00f1o y decoraci\u00f3n con inspiraci\u00f3n artesanal.","potentialAction":[{"@type":"SearchAction","target":{"@type":"EntryPoint","urlTemplate":"https:\/\/teterete.com\/mx\/?s={search_term_string}"},"query-input":{"@type":"PropertyValueSpecification","valueRequired":true,"valueName":"search_term_string"}}],"inLanguage":"es"}]}},"_links":{"self":[{"href":"https:\/\/teterete.com\/mx\/wp-json\/wp\/v2\/product\/7370","targetHints":{"allow":["GET"]}}],"collection":[{"href":"https:\/\/teterete.com\/mx\/wp-json\/wp\/v2\/product"}],"about":[{"href":"https:\/\/teterete.com\/mx\/wp-json\/wp\/v2\/types\/product"}],"replies":[{"embeddable":true,"href":"https:\/\/teterete.com\/mx\/wp-json\/wp\/v2\/comments?post=7370"}],"wp:featuredmedia":[{"embeddable":true,"href":"https:\/\/teterete.com\/mx\/wp-json\/wp\/v2\/media\/7376"}],"wp:attachment":[{"href":"https:\/\/teterete.com\/mx\/wp-json\/wp\/v2\/media?parent=7370"}],"wp:term":[{"taxonomy":"product_brand","embeddable":true,"href":"https:\/\/teterete.com\/mx\/wp-json\/wp\/v2\/product_brand?post=7370"},{"taxonomy":"product_cat","embeddable":true,"href":"https:\/\/teterete.com\/mx\/wp-json\/wp\/v2\/product_cat?post=7370"},{"taxonomy":"product_tag","embeddable":true,"href":"https:\/\/teterete.com\/mx\/wp-json\/wp\/v2\/product_tag?post=7370"}],"curies":[{"name":"wp","href":"https:\/\/api.w.org\/{rel}","templated":true}]}}