{"id":7381,"date":"2020-03-14T18:34:04","date_gmt":"2020-03-14T18:34:04","guid":{"rendered":"https:\/\/teterete.com\/mx\/?post_type=product&#038;p=7381"},"modified":"2025-01-18T16:48:11","modified_gmt":"2025-01-18T16:48:11","slug":"luminarias-cenote-de-piso-y-techo","status":"publish","type":"product","link":"https:\/\/teterete.com\/mx\/producto\/luminarias-cenote-de-piso-y-techo\/","title":{"rendered":"Luminarias Cenote de Piso y Techo"},"content":{"rendered":"<div class=\"page\" title=\"Page 4\">\n<div class=\"layoutArea\">\n<div class=\"column\">\n<p>T\u00e9cnica: Urdido y Macram\u00e9<\/p>\n<p>Dise\u00f1ador: Adri\u00e1n Garc\u00eda \u00c1lvarez<br \/>\nArtesanas: Catalina Tec Chan, Ces\u00e1rea Canul Poot, Enedina Canul Poot, Filiberta Caamal Koyok, Landy Leticia Chan Tec, Loida Chan Tec, Mar\u00eda Lidia Tamay Canul, Mar\u00eda Osorio, Melba Chan Tec, Noem\u00ed Tamay Canul, Reny Selene Tun Osorio, Rosa Mar\u00eda Ay Chan, Rub\u00ed Canul Mex y Yenny Maricela Canul Tamay. Milka Mej\u00eda Medina, Yanil Centeno y Yolanda Cahum<\/p>\n<\/div>\n<\/div>\n<\/div>\n","protected":false},"excerpt":{"rendered":"<p>&#8220;Revisamos entre nuevas adquisiciones culturales y situamos al cenote como eje simb\u00f3lico de la pieza, esta l\u00e1mparas hacen homenaje a un icono natural del territorio yucateco\u201d.<\/p>\n","protected":false},"featured_media":7383,"comment_status":"open","ping_status":"closed","template":"","meta":{"_acf_changed":false,"sfsi_plus_gutenberg_text_before_share":"","sfsi_plus_gutenberg_show_text_before_share":"","sfsi_plus_gutenberg_icon_type":"","sfsi_plus_gutenberg_icon_alignemt":"","sfsi_plus_gutenburg_max_per_row":""},"product_brand":[],"product_cat":[1200,351,683,350,1434],"product_tag":[236,232,1681,1680,1684,974,1683,1679,1682,1685,310],"class_list":{"0":"post-7381","1":"product","2":"type-product","3":"status-publish","4":"has-post-thumbnail","6":"product_cat-iluminacion","7":"product_cat-lamparas","8":"product_cat-objetos_de_palma","9":"product_cat-piezas-unicas","10":"product_cat-taller_maya","11":"product_tag-arte-mexicano","12":"product_tag-decoracion-mexicana","13":"product_tag-lamparas-artesanales","14":"product_tag-lamparas-cenote","15":"product_tag-lamparas-decorativas","16":"product_tag-lamparas-mexicanas","17":"product_tag-lamparas-para-hotel","18":"product_tag-lamparas-yucatecas","19":"product_tag-luminarias-artesanales","20":"product_tag-luminarias-decorativas","21":"product_tag-teterete-decoracion","22":"product_shipping_class-big-size","24":"first","25":"instock","26":"taxable","27":"shipping-taxable","28":"purchasable","29":"product-type-variable","30":"has-default-attributes"},"acf":[],"yoast_head":"<!-- This site is optimized with the Yoast SEO plugin v27.5 - https:\/\/yoast.com\/product\/yoast-seo-wordpress\/ -->\n<title>Luminarias Cenote de Piso y Techo -<\/title>\n<meta name=\"description\" content=\"Revisamos entre nuevas adquisiciones culturales y situamos al cenote como eje simb\u00f3lico de la pieza, esta l\u00e1mparas hacen homenaje a un icono natural del territorio yucateco\" \/>\n<meta name=\"robots\" content=\"index, follow, max-snippet:-1, max-image-preview:large, max-video-preview:-1\" \/>\n<link rel=\"canonical\" href=\"https:\/\/teterete.com\/mx\/producto\/luminarias-cenote-de-piso-y-techo\/\" \/>\n<meta property=\"og:locale\" content=\"es_ES\" \/>\n<meta property=\"og:type\" content=\"article\" \/>\n<meta property=\"og:title\" content=\"Luminarias Cenote de Piso y Techo -\" \/>\n<meta property=\"og:description\" content=\"Revisamos entre nuevas adquisiciones culturales y situamos al cenote como eje simb\u00f3lico de la pieza, esta l\u00e1mparas hacen homenaje a un icono natural del territorio yucateco\" \/>\n<meta property=\"og:url\" content=\"https:\/\/teterete.com\/mx\/producto\/luminarias-cenote-de-piso-y-techo\/\" \/>\n<meta property=\"article:publisher\" content=\"https:\/\/www.facebook.com\/TetereteHome\/\" \/>\n<meta property=\"article:modified_time\" content=\"2025-01-18T16:48:11+00:00\" \/>\n<meta property=\"og:image\" content=\"https:\/\/teterete.com\/mx\/wp-content\/uploads\/2020\/03\/Luminarias-Mexicanas.jpg\" \/>\n\t<meta property=\"og:image:width\" content=\"853\" \/>\n\t<meta property=\"og:image:height\" content=\"853\" \/>\n\t<meta property=\"og:image:type\" content=\"image\/jpeg\" \/>\n<meta name=\"twitter:card\" content=\"summary_large_image\" \/>\n<meta name=\"twitter:site\" content=\"@Teterete_Home\" \/>\n<meta name=\"twitter:label1\" content=\"Tiempo de lectura\" \/>\n\t<meta name=\"twitter:data1\" content=\"1 minuto\" \/>\n<script type=\"application\/ld+json\" class=\"yoast-schema-graph\">{\"@context\":\"https:\\\/\\\/schema.org\",\"@graph\":[{\"@type\":\"WebPage\",\"@id\":\"https:\\\/\\\/teterete.com\\\/mx\\\/producto\\\/luminarias-cenote-de-piso-y-techo\\\/\",\"url\":\"https:\\\/\\\/teterete.com\\\/mx\\\/producto\\\/luminarias-cenote-de-piso-y-techo\\\/\",\"name\":\"Luminarias Cenote de Piso y Techo -\",\"isPartOf\":{\"@id\":\"https:\\\/\\\/teterete.com\\\/mx\\\/#website\"},\"primaryImageOfPage\":{\"@id\":\"https:\\\/\\\/teterete.com\\\/mx\\\/producto\\\/luminarias-cenote-de-piso-y-techo\\\/#primaryimage\"},\"image\":{\"@id\":\"https:\\\/\\\/teterete.com\\\/mx\\\/producto\\\/luminarias-cenote-de-piso-y-techo\\\/#primaryimage\"},\"thumbnailUrl\":\"https:\\\/\\\/teterete.com\\\/mx\\\/wp-content\\\/uploads\\\/2020\\\/03\\\/Luminarias-Mexicanas.jpg\",\"datePublished\":\"2020-03-14T18:34:04+00:00\",\"dateModified\":\"2025-01-18T16:48:11+00:00\",\"description\":\"Revisamos entre nuevas adquisiciones culturales y situamos al cenote como eje simb\u00f3lico de la pieza, esta l\u00e1mparas hacen homenaje a un icono natural del territorio yucateco\",\"breadcrumb\":{\"@id\":\"https:\\\/\\\/teterete.com\\\/mx\\\/producto\\\/luminarias-cenote-de-piso-y-techo\\\/#breadcrumb\"},\"inLanguage\":\"es\",\"potentialAction\":[{\"@type\":\"ReadAction\",\"target\":[\"https:\\\/\\\/teterete.com\\\/mx\\\/producto\\\/luminarias-cenote-de-piso-y-techo\\\/\"]}]},{\"@type\":\"ImageObject\",\"inLanguage\":\"es\",\"@id\":\"https:\\\/\\\/teterete.com\\\/mx\\\/producto\\\/luminarias-cenote-de-piso-y-techo\\\/#primaryimage\",\"url\":\"https:\\\/\\\/teterete.com\\\/mx\\\/wp-content\\\/uploads\\\/2020\\\/03\\\/Luminarias-Mexicanas.jpg\",\"contentUrl\":\"https:\\\/\\\/teterete.com\\\/mx\\\/wp-content\\\/uploads\\\/2020\\\/03\\\/Luminarias-Mexicanas.jpg\",\"width\":\"853\",\"height\":\"853\",\"caption\":\"Luminarias Mexicanas\"},{\"@type\":\"BreadcrumbList\",\"@id\":\"https:\\\/\\\/teterete.com\\\/mx\\\/producto\\\/luminarias-cenote-de-piso-y-techo\\\/#breadcrumb\",\"itemListElement\":[{\"@type\":\"ListItem\",\"position\":1,\"name\":\"Home\",\"item\":\"https:\\\/\\\/teterete.com\\\/mx\\\/\"},{\"@type\":\"ListItem\",\"position\":2,\"name\":\"Productos\",\"item\":\"https:\\\/\\\/teterete.com\\\/mx\\\/shop\\\/\"},{\"@type\":\"ListItem\",\"position\":3,\"name\":\"Luminarias Cenote de Piso y Techo\"}]},{\"@type\":\"WebSite\",\"@id\":\"https:\\\/\\\/teterete.com\\\/mx\\\/#website\",\"url\":\"https:\\\/\\\/teterete.com\\\/mx\\\/\",\"name\":\"\",\"description\":\"Tienda en L\u00ednea de Fina Artesanias y Dise\u00f1o Mexicano. Bellas piezas elaboradas a mano por los mejores artesanos del pa\u00eds as\u00ed como piezas de dise\u00f1o y decoraci\u00f3n con inspiraci\u00f3n artesanal.\",\"potentialAction\":[{\"@type\":\"SearchAction\",\"target\":{\"@type\":\"EntryPoint\",\"urlTemplate\":\"https:\\\/\\\/teterete.com\\\/mx\\\/?s={search_term_string}\"},\"query-input\":{\"@type\":\"PropertyValueSpecification\",\"valueRequired\":true,\"valueName\":\"search_term_string\"}}],\"inLanguage\":\"es\"}]}<\/script>\n<!-- \/ Yoast SEO plugin. -->","yoast_head_json":{"title":"Luminarias Cenote de Piso y Techo -","description":"Revisamos entre nuevas adquisiciones culturales y situamos al cenote como eje simb\u00f3lico de la pieza, esta l\u00e1mparas hacen homenaje a un icono natural del territorio yucateco","robots":{"index":"index","follow":"follow","max-snippet":"max-snippet:-1","max-image-preview":"max-image-preview:large","max-video-preview":"max-video-preview:-1"},"canonical":"https:\/\/teterete.com\/mx\/producto\/luminarias-cenote-de-piso-y-techo\/","og_locale":"es_ES","og_type":"article","og_title":"Luminarias Cenote de Piso y Techo -","og_description":"Revisamos entre nuevas adquisiciones culturales y situamos al cenote como eje simb\u00f3lico de la pieza, esta l\u00e1mparas hacen homenaje a un icono natural del territorio yucateco","og_url":"https:\/\/teterete.com\/mx\/producto\/luminarias-cenote-de-piso-y-techo\/","article_publisher":"https:\/\/www.facebook.com\/TetereteHome\/","article_modified_time":"2025-01-18T16:48:11+00:00","og_image":[{"width":853,"height":853,"url":"https:\/\/teterete.com\/mx\/wp-content\/uploads\/2020\/03\/Luminarias-Mexicanas.jpg","type":"image\/jpeg"}],"twitter_card":"summary_large_image","twitter_site":"@Teterete_Home","twitter_misc":{"Tiempo de lectura":"1 minuto"},"schema":{"@context":"https:\/\/schema.org","@graph":[{"@type":"WebPage","@id":"https:\/\/teterete.com\/mx\/producto\/luminarias-cenote-de-piso-y-techo\/","url":"https:\/\/teterete.com\/mx\/producto\/luminarias-cenote-de-piso-y-techo\/","name":"Luminarias Cenote de Piso y Techo -","isPartOf":{"@id":"https:\/\/teterete.com\/mx\/#website"},"primaryImageOfPage":{"@id":"https:\/\/teterete.com\/mx\/producto\/luminarias-cenote-de-piso-y-techo\/#primaryimage"},"image":{"@id":"https:\/\/teterete.com\/mx\/producto\/luminarias-cenote-de-piso-y-techo\/#primaryimage"},"thumbnailUrl":"https:\/\/teterete.com\/mx\/wp-content\/uploads\/2020\/03\/Luminarias-Mexicanas.jpg","datePublished":"2020-03-14T18:34:04+00:00","dateModified":"2025-01-18T16:48:11+00:00","description":"Revisamos entre nuevas adquisiciones culturales y situamos al cenote como eje simb\u00f3lico de la pieza, esta l\u00e1mparas hacen homenaje a un icono natural del territorio yucateco","breadcrumb":{"@id":"https:\/\/teterete.com\/mx\/producto\/luminarias-cenote-de-piso-y-techo\/#breadcrumb"},"inLanguage":"es","potentialAction":[{"@type":"ReadAction","target":["https:\/\/teterete.com\/mx\/producto\/luminarias-cenote-de-piso-y-techo\/"]}]},{"@type":"ImageObject","inLanguage":"es","@id":"https:\/\/teterete.com\/mx\/producto\/luminarias-cenote-de-piso-y-techo\/#primaryimage","url":"https:\/\/teterete.com\/mx\/wp-content\/uploads\/2020\/03\/Luminarias-Mexicanas.jpg","contentUrl":"https:\/\/teterete.com\/mx\/wp-content\/uploads\/2020\/03\/Luminarias-Mexicanas.jpg","width":"853","height":"853","caption":"Luminarias Mexicanas"},{"@type":"BreadcrumbList","@id":"https:\/\/teterete.com\/mx\/producto\/luminarias-cenote-de-piso-y-techo\/#breadcrumb","itemListElement":[{"@type":"ListItem","position":1,"name":"Home","item":"https:\/\/teterete.com\/mx\/"},{"@type":"ListItem","position":2,"name":"Productos","item":"https:\/\/teterete.com\/mx\/shop\/"},{"@type":"ListItem","position":3,"name":"Luminarias Cenote de Piso y Techo"}]},{"@type":"WebSite","@id":"https:\/\/teterete.com\/mx\/#website","url":"https:\/\/teterete.com\/mx\/","name":"","description":"Tienda en L\u00ednea de Fina Artesanias y Dise\u00f1o Mexicano. Bellas piezas elaboradas a mano por los mejores artesanos del pa\u00eds as\u00ed como piezas de dise\u00f1o y decoraci\u00f3n con inspiraci\u00f3n artesanal.","potentialAction":[{"@type":"SearchAction","target":{"@type":"EntryPoint","urlTemplate":"https:\/\/teterete.com\/mx\/?s={search_term_string}"},"query-input":{"@type":"PropertyValueSpecification","valueRequired":true,"valueName":"search_term_string"}}],"inLanguage":"es"}]}},"_links":{"self":[{"href":"https:\/\/teterete.com\/mx\/wp-json\/wp\/v2\/product\/7381","targetHints":{"allow":["GET"]}}],"collection":[{"href":"https:\/\/teterete.com\/mx\/wp-json\/wp\/v2\/product"}],"about":[{"href":"https:\/\/teterete.com\/mx\/wp-json\/wp\/v2\/types\/product"}],"replies":[{"embeddable":true,"href":"https:\/\/teterete.com\/mx\/wp-json\/wp\/v2\/comments?post=7381"}],"wp:featuredmedia":[{"embeddable":true,"href":"https:\/\/teterete.com\/mx\/wp-json\/wp\/v2\/media\/7383"}],"wp:attachment":[{"href":"https:\/\/teterete.com\/mx\/wp-json\/wp\/v2\/media?parent=7381"}],"wp:term":[{"taxonomy":"product_brand","embeddable":true,"href":"https:\/\/teterete.com\/mx\/wp-json\/wp\/v2\/product_brand?post=7381"},{"taxonomy":"product_cat","embeddable":true,"href":"https:\/\/teterete.com\/mx\/wp-json\/wp\/v2\/product_cat?post=7381"},{"taxonomy":"product_tag","embeddable":true,"href":"https:\/\/teterete.com\/mx\/wp-json\/wp\/v2\/product_tag?post=7381"}],"curies":[{"name":"wp","href":"https:\/\/api.w.org\/{rel}","templated":true}]}}