{"id":7427,"date":"2020-03-15T17:52:22","date_gmt":"2020-03-15T17:52:22","guid":{"rendered":"https:\/\/teterete.com\/mx\/?post_type=product&#038;p=7427"},"modified":"2026-01-21T23:09:54","modified_gmt":"2026-01-21T23:09:54","slug":"banco-de-piedra-maya-uxmal","status":"publish","type":"product","link":"https:\/\/teterete.com\/mx\/producto\/banco-de-piedra-maya-uxmal\/","title":{"rendered":"Banco de Piedra Maya Uxmal"},"content":{"rendered":"<p>T\u00e9cnica: Tallado de Piedra Maya<\/p>\n<ul>\n<li>Banco y Mesa se venden por separado<\/li>\n<\/ul>\n<p>**En caso de no contar con inventarios el tiempo de producci\u00f3n es de 1 mes<\/p>\n<p>Dise\u00f1ador: Xavier Lorand<br \/>\nArtesanos: Abraham Tzab, Erik Dom\u00ednguez y Rogelio Lara<\/p>\n","protected":false},"excerpt":{"rendered":"<p>Crema de Piedra es un material local parecido al m\u00e1rmol que permite lograr dise\u00f1os y acabados incre\u00edbles como este banco tallado a mano por artesanos Mayas.\u00a0Banco y Mesa se venden por separado<\/p>\n","protected":false},"featured_media":11235,"comment_status":"open","ping_status":"closed","template":"","meta":{"_acf_changed":false,"sfsi_plus_gutenberg_text_before_share":"","sfsi_plus_gutenberg_show_text_before_share":"","sfsi_plus_gutenberg_icon_type":"","sfsi_plus_gutenberg_icon_alignemt":"","sfsi_plus_gutenburg_max_per_row":""},"product_brand":[],"product_cat":[334,15,2577,538,350,2080,1434,682],"product_tag":[1443,236,1462,1698,1697,1699,232,806,1460],"class_list":{"0":"post-7427","1":"product","2":"type-product","3":"status-publish","4":"has-post-thumbnail","6":"product_cat-accesorios-bano","7":"product_cat-ceramica","8":"product_cat-coleccion-monocromatico","9":"product_cat-para_el","10":"product_cat-piezas-unicas","11":"product_cat-sillas-y-sillones","12":"product_cat-taller_maya","13":"product_cat-terraza","14":"product_tag-arte-maya","15":"product_tag-arte-mexicano","16":"product_tag-banco-artesanal","17":"product_tag-banco-de-piedra","18":"product_tag-banco-para-bano","19":"product_tag-decoracion-banos","20":"product_tag-decoracion-mexicana","21":"product_tag-decoracion-terraza","22":"product_tag-teterete-arte-mexicano","23":"product_shipping_class-especial","25":"first","26":"instock","27":"taxable","28":"shipping-taxable","29":"purchasable","30":"product-type-simple"},"acf":[],"yoast_head":"<!-- This site is optimized with the Yoast SEO plugin v27.5 - https:\/\/yoast.com\/product\/yoast-seo-wordpress\/ -->\n<title>Banco de Piedra Maya Uxmal -<\/title>\n<meta name=\"description\" content=\"Crema de Piedra es un material local parecido al m\u00e1rmol que permite lograr dise\u00f1os y acabados incre\u00edbles como este banco tallado a mano por artesanos Mayas.\" \/>\n<meta name=\"robots\" content=\"index, follow, max-snippet:-1, max-image-preview:large, max-video-preview:-1\" \/>\n<link rel=\"canonical\" href=\"https:\/\/teterete.com\/mx\/producto\/banco-de-piedra-maya-uxmal\/\" \/>\n<meta property=\"og:locale\" content=\"es_ES\" \/>\n<meta property=\"og:type\" content=\"article\" \/>\n<meta property=\"og:title\" content=\"Banco de Piedra Maya Uxmal -\" \/>\n<meta property=\"og:description\" content=\"Crema de Piedra es un material local parecido al m\u00e1rmol que permite lograr dise\u00f1os y acabados incre\u00edbles como este banco tallado a mano por artesanos Mayas.\" \/>\n<meta property=\"og:url\" content=\"https:\/\/teterete.com\/mx\/producto\/banco-de-piedra-maya-uxmal\/\" \/>\n<meta property=\"article:publisher\" content=\"https:\/\/www.facebook.com\/TetereteHome\/\" \/>\n<meta property=\"article:modified_time\" content=\"2026-01-21T23:09:54+00:00\" \/>\n<meta property=\"og:image\" content=\"https:\/\/teterete.com\/mx\/wp-content\/uploads\/2023\/07\/banco-uxmal.jpeg\" \/>\n\t<meta property=\"og:image:width\" content=\"760\" \/>\n\t<meta property=\"og:image:height\" content=\"760\" \/>\n\t<meta property=\"og:image:type\" content=\"image\/jpeg\" \/>\n<meta name=\"twitter:card\" content=\"summary_large_image\" \/>\n<meta name=\"twitter:site\" content=\"@Teterete_Home\" \/>\n<meta name=\"twitter:label1\" content=\"Tiempo de lectura\" \/>\n\t<meta name=\"twitter:data1\" content=\"1 minuto\" \/>\n<script type=\"application\/ld+json\" class=\"yoast-schema-graph\">{\"@context\":\"https:\\\/\\\/schema.org\",\"@graph\":[{\"@type\":\"WebPage\",\"@id\":\"https:\\\/\\\/teterete.com\\\/mx\\\/producto\\\/banco-de-piedra-maya-uxmal\\\/\",\"url\":\"https:\\\/\\\/teterete.com\\\/mx\\\/producto\\\/banco-de-piedra-maya-uxmal\\\/\",\"name\":\"Banco de Piedra Maya Uxmal -\",\"isPartOf\":{\"@id\":\"https:\\\/\\\/teterete.com\\\/mx\\\/#website\"},\"primaryImageOfPage\":{\"@id\":\"https:\\\/\\\/teterete.com\\\/mx\\\/producto\\\/banco-de-piedra-maya-uxmal\\\/#primaryimage\"},\"image\":{\"@id\":\"https:\\\/\\\/teterete.com\\\/mx\\\/producto\\\/banco-de-piedra-maya-uxmal\\\/#primaryimage\"},\"thumbnailUrl\":\"https:\\\/\\\/teterete.com\\\/mx\\\/wp-content\\\/uploads\\\/2023\\\/07\\\/banco-uxmal.jpeg\",\"datePublished\":\"2020-03-15T17:52:22+00:00\",\"dateModified\":\"2026-01-21T23:09:54+00:00\",\"description\":\"Crema de Piedra es un material local parecido al m\u00e1rmol que permite lograr dise\u00f1os y acabados incre\u00edbles como este banco tallado a mano por artesanos Mayas.\",\"breadcrumb\":{\"@id\":\"https:\\\/\\\/teterete.com\\\/mx\\\/producto\\\/banco-de-piedra-maya-uxmal\\\/#breadcrumb\"},\"inLanguage\":\"es\",\"potentialAction\":[{\"@type\":\"ReadAction\",\"target\":[\"https:\\\/\\\/teterete.com\\\/mx\\\/producto\\\/banco-de-piedra-maya-uxmal\\\/\"]}]},{\"@type\":\"ImageObject\",\"inLanguage\":\"es\",\"@id\":\"https:\\\/\\\/teterete.com\\\/mx\\\/producto\\\/banco-de-piedra-maya-uxmal\\\/#primaryimage\",\"url\":\"https:\\\/\\\/teterete.com\\\/mx\\\/wp-content\\\/uploads\\\/2023\\\/07\\\/banco-uxmal.jpeg\",\"contentUrl\":\"https:\\\/\\\/teterete.com\\\/mx\\\/wp-content\\\/uploads\\\/2023\\\/07\\\/banco-uxmal.jpeg\",\"width\":760,\"height\":760,\"caption\":\"Banco Uxmal\"},{\"@type\":\"BreadcrumbList\",\"@id\":\"https:\\\/\\\/teterete.com\\\/mx\\\/producto\\\/banco-de-piedra-maya-uxmal\\\/#breadcrumb\",\"itemListElement\":[{\"@type\":\"ListItem\",\"position\":1,\"name\":\"Home\",\"item\":\"https:\\\/\\\/teterete.com\\\/mx\\\/\"},{\"@type\":\"ListItem\",\"position\":2,\"name\":\"Productos\",\"item\":\"https:\\\/\\\/teterete.com\\\/mx\\\/shop\\\/\"},{\"@type\":\"ListItem\",\"position\":3,\"name\":\"Banco de Piedra Maya Uxmal\"}]},{\"@type\":\"WebSite\",\"@id\":\"https:\\\/\\\/teterete.com\\\/mx\\\/#website\",\"url\":\"https:\\\/\\\/teterete.com\\\/mx\\\/\",\"name\":\"\",\"description\":\"Tienda en L\u00ednea de Fina Artesanias y Dise\u00f1o Mexicano. Bellas piezas elaboradas a mano por los mejores artesanos del pa\u00eds as\u00ed como piezas de dise\u00f1o y decoraci\u00f3n con inspiraci\u00f3n artesanal.\",\"potentialAction\":[{\"@type\":\"SearchAction\",\"target\":{\"@type\":\"EntryPoint\",\"urlTemplate\":\"https:\\\/\\\/teterete.com\\\/mx\\\/?s={search_term_string}\"},\"query-input\":{\"@type\":\"PropertyValueSpecification\",\"valueRequired\":true,\"valueName\":\"search_term_string\"}}],\"inLanguage\":\"es\"}]}<\/script>\n<!-- \/ Yoast SEO plugin. -->","yoast_head_json":{"title":"Banco de Piedra Maya Uxmal -","description":"Crema de Piedra es un material local parecido al m\u00e1rmol que permite lograr dise\u00f1os y acabados incre\u00edbles como este banco tallado a mano por artesanos Mayas.","robots":{"index":"index","follow":"follow","max-snippet":"max-snippet:-1","max-image-preview":"max-image-preview:large","max-video-preview":"max-video-preview:-1"},"canonical":"https:\/\/teterete.com\/mx\/producto\/banco-de-piedra-maya-uxmal\/","og_locale":"es_ES","og_type":"article","og_title":"Banco de Piedra Maya Uxmal -","og_description":"Crema de Piedra es un material local parecido al m\u00e1rmol que permite lograr dise\u00f1os y acabados incre\u00edbles como este banco tallado a mano por artesanos Mayas.","og_url":"https:\/\/teterete.com\/mx\/producto\/banco-de-piedra-maya-uxmal\/","article_publisher":"https:\/\/www.facebook.com\/TetereteHome\/","article_modified_time":"2026-01-21T23:09:54+00:00","og_image":[{"width":760,"height":760,"url":"https:\/\/teterete.com\/mx\/wp-content\/uploads\/2023\/07\/banco-uxmal.jpeg","type":"image\/jpeg"}],"twitter_card":"summary_large_image","twitter_site":"@Teterete_Home","twitter_misc":{"Tiempo de lectura":"1 minuto"},"schema":{"@context":"https:\/\/schema.org","@graph":[{"@type":"WebPage","@id":"https:\/\/teterete.com\/mx\/producto\/banco-de-piedra-maya-uxmal\/","url":"https:\/\/teterete.com\/mx\/producto\/banco-de-piedra-maya-uxmal\/","name":"Banco de Piedra Maya Uxmal -","isPartOf":{"@id":"https:\/\/teterete.com\/mx\/#website"},"primaryImageOfPage":{"@id":"https:\/\/teterete.com\/mx\/producto\/banco-de-piedra-maya-uxmal\/#primaryimage"},"image":{"@id":"https:\/\/teterete.com\/mx\/producto\/banco-de-piedra-maya-uxmal\/#primaryimage"},"thumbnailUrl":"https:\/\/teterete.com\/mx\/wp-content\/uploads\/2023\/07\/banco-uxmal.jpeg","datePublished":"2020-03-15T17:52:22+00:00","dateModified":"2026-01-21T23:09:54+00:00","description":"Crema de Piedra es un material local parecido al m\u00e1rmol que permite lograr dise\u00f1os y acabados incre\u00edbles como este banco tallado a mano por artesanos Mayas.","breadcrumb":{"@id":"https:\/\/teterete.com\/mx\/producto\/banco-de-piedra-maya-uxmal\/#breadcrumb"},"inLanguage":"es","potentialAction":[{"@type":"ReadAction","target":["https:\/\/teterete.com\/mx\/producto\/banco-de-piedra-maya-uxmal\/"]}]},{"@type":"ImageObject","inLanguage":"es","@id":"https:\/\/teterete.com\/mx\/producto\/banco-de-piedra-maya-uxmal\/#primaryimage","url":"https:\/\/teterete.com\/mx\/wp-content\/uploads\/2023\/07\/banco-uxmal.jpeg","contentUrl":"https:\/\/teterete.com\/mx\/wp-content\/uploads\/2023\/07\/banco-uxmal.jpeg","width":760,"height":760,"caption":"Banco Uxmal"},{"@type":"BreadcrumbList","@id":"https:\/\/teterete.com\/mx\/producto\/banco-de-piedra-maya-uxmal\/#breadcrumb","itemListElement":[{"@type":"ListItem","position":1,"name":"Home","item":"https:\/\/teterete.com\/mx\/"},{"@type":"ListItem","position":2,"name":"Productos","item":"https:\/\/teterete.com\/mx\/shop\/"},{"@type":"ListItem","position":3,"name":"Banco de Piedra Maya Uxmal"}]},{"@type":"WebSite","@id":"https:\/\/teterete.com\/mx\/#website","url":"https:\/\/teterete.com\/mx\/","name":"","description":"Tienda en L\u00ednea de Fina Artesanias y Dise\u00f1o Mexicano. Bellas piezas elaboradas a mano por los mejores artesanos del pa\u00eds as\u00ed como piezas de dise\u00f1o y decoraci\u00f3n con inspiraci\u00f3n artesanal.","potentialAction":[{"@type":"SearchAction","target":{"@type":"EntryPoint","urlTemplate":"https:\/\/teterete.com\/mx\/?s={search_term_string}"},"query-input":{"@type":"PropertyValueSpecification","valueRequired":true,"valueName":"search_term_string"}}],"inLanguage":"es"}]}},"_links":{"self":[{"href":"https:\/\/teterete.com\/mx\/wp-json\/wp\/v2\/product\/7427","targetHints":{"allow":["GET"]}}],"collection":[{"href":"https:\/\/teterete.com\/mx\/wp-json\/wp\/v2\/product"}],"about":[{"href":"https:\/\/teterete.com\/mx\/wp-json\/wp\/v2\/types\/product"}],"replies":[{"embeddable":true,"href":"https:\/\/teterete.com\/mx\/wp-json\/wp\/v2\/comments?post=7427"}],"wp:featuredmedia":[{"embeddable":true,"href":"https:\/\/teterete.com\/mx\/wp-json\/wp\/v2\/media\/11235"}],"wp:attachment":[{"href":"https:\/\/teterete.com\/mx\/wp-json\/wp\/v2\/media?parent=7427"}],"wp:term":[{"taxonomy":"product_brand","embeddable":true,"href":"https:\/\/teterete.com\/mx\/wp-json\/wp\/v2\/product_brand?post=7427"},{"taxonomy":"product_cat","embeddable":true,"href":"https:\/\/teterete.com\/mx\/wp-json\/wp\/v2\/product_cat?post=7427"},{"taxonomy":"product_tag","embeddable":true,"href":"https:\/\/teterete.com\/mx\/wp-json\/wp\/v2\/product_tag?post=7427"}],"curies":[{"name":"wp","href":"https:\/\/api.w.org\/{rel}","templated":true}]}}