{"id":7473,"date":"2020-04-07T01:07:40","date_gmt":"2020-04-07T01:07:40","guid":{"rendered":"https:\/\/teterete.com\/mx\/?post_type=product&#038;p=7473"},"modified":"2022-09-05T18:41:45","modified_gmt":"2022-09-05T18:41:45","slug":"toalla-oaxaca-gris","status":"publish","type":"product","link":"https:\/\/teterete.com\/mx\/producto\/toalla-oaxaca-gris\/","title":{"rendered":"Toalla Oaxaca Gris"},"content":{"rendered":"<p>T\u00e9cnica: Telar de Pedal<\/p>\n<p>Medidas: 210 x .80 cm<\/p>\n<p>Colores: Crudo y Amarillo<\/p>\n<p>*La producci\u00f3n de las piezas es de 2 a 3 semanas en caso de no contar con inventario.<\/p>\n","protected":false},"excerpt":{"rendered":"<p>Toalla de algod\u00f3n elaborada por artesanos de Oaxaca en telar de pedal.<\/p>\n","protected":false},"featured_media":7464,"comment_status":"open","ping_status":"closed","template":"","meta":{"sfsi_plus_gutenberg_text_before_share":"","sfsi_plus_gutenberg_show_text_before_share":"","sfsi_plus_gutenberg_icon_type":"","sfsi_plus_gutenberg_icon_alignemt":"","sfsi_plus_gutenburg_max_per_row":""},"product_cat":[1842,335],"product_tag":[1712,1709,1708,1710,1711],"acf":[],"yoast_head":"<!-- This site is optimized with the Yoast SEO plugin v23.5 - https:\/\/yoast.com\/wordpress\/plugins\/seo\/ -->\n<title>Toalla Oaxaca Gris -<\/title>\n<meta name=\"robots\" content=\"index, follow, max-snippet:-1, max-image-preview:large, max-video-preview:-1\" \/>\n<link rel=\"canonical\" href=\"https:\/\/teterete.com\/mx\/producto\/toalla-oaxaca-gris\/\" \/>\n<meta property=\"og:locale\" content=\"es_ES\" \/>\n<meta property=\"og:type\" content=\"article\" \/>\n<meta property=\"og:title\" content=\"Toalla Oaxaca Gris -\" \/>\n<meta property=\"og:description\" content=\"Toalla de algod\u00f3n elaborada por artesanos de Oaxaca en telar de pedal.\" \/>\n<meta property=\"og:url\" content=\"https:\/\/teterete.com\/mx\/producto\/toalla-oaxaca-gris\/\" \/>\n<meta property=\"article:publisher\" content=\"https:\/\/www.facebook.com\/TetereteHome\/\" \/>\n<meta property=\"article:modified_time\" content=\"2022-09-05T18:41:45+00:00\" \/>\n<meta property=\"og:image\" content=\"https:\/\/teterete.com\/mx\/wp-content\/uploads\/2020\/04\/toalla-textil-mexicano.jpg\" \/>\n\t<meta property=\"og:image:width\" content=\"468\" \/>\n\t<meta property=\"og:image:height\" content=\"468\" \/>\n\t<meta property=\"og:image:type\" content=\"image\/jpeg\" \/>\n<meta name=\"twitter:card\" content=\"summary_large_image\" \/>\n<meta name=\"twitter:site\" content=\"@Teterete_Home\" \/>\n<script type=\"application\/ld+json\" class=\"yoast-schema-graph\">{\"@context\":\"https:\/\/schema.org\",\"@graph\":[{\"@type\":\"WebPage\",\"@id\":\"https:\/\/teterete.com\/mx\/producto\/toalla-oaxaca-gris\/\",\"url\":\"https:\/\/teterete.com\/mx\/producto\/toalla-oaxaca-gris\/\",\"name\":\"Toalla Oaxaca Gris -\",\"isPartOf\":{\"@id\":\"https:\/\/teterete.com\/mx\/#website\"},\"primaryImageOfPage\":{\"@id\":\"https:\/\/teterete.com\/mx\/producto\/toalla-oaxaca-gris\/#primaryimage\"},\"image\":{\"@id\":\"https:\/\/teterete.com\/mx\/producto\/toalla-oaxaca-gris\/#primaryimage\"},\"thumbnailUrl\":\"https:\/\/teterete.com\/mx\/wp-content\/uploads\/2020\/04\/toalla-textil-mexicano.jpg\",\"datePublished\":\"2020-04-07T01:07:40+00:00\",\"dateModified\":\"2022-09-05T18:41:45+00:00\",\"breadcrumb\":{\"@id\":\"https:\/\/teterete.com\/mx\/producto\/toalla-oaxaca-gris\/#breadcrumb\"},\"inLanguage\":\"es\",\"potentialAction\":[{\"@type\":\"ReadAction\",\"target\":[\"https:\/\/teterete.com\/mx\/producto\/toalla-oaxaca-gris\/\"]}]},{\"@type\":\"ImageObject\",\"inLanguage\":\"es\",\"@id\":\"https:\/\/teterete.com\/mx\/producto\/toalla-oaxaca-gris\/#primaryimage\",\"url\":\"https:\/\/teterete.com\/mx\/wp-content\/uploads\/2020\/04\/toalla-textil-mexicano.jpg\",\"contentUrl\":\"https:\/\/teterete.com\/mx\/wp-content\/uploads\/2020\/04\/toalla-textil-mexicano.jpg\",\"width\":\"468\",\"height\":\"468\",\"caption\":\"Toalla Textil Mexicano\"},{\"@type\":\"BreadcrumbList\",\"@id\":\"https:\/\/teterete.com\/mx\/producto\/toalla-oaxaca-gris\/#breadcrumb\",\"itemListElement\":[{\"@type\":\"ListItem\",\"position\":1,\"name\":\"Home\",\"item\":\"https:\/\/teterete.com\/mx\/\"},{\"@type\":\"ListItem\",\"position\":2,\"name\":\"Productos\",\"item\":\"https:\/\/teterete.com\/mx\/shop\/\"},{\"@type\":\"ListItem\",\"position\":3,\"name\":\"Toalla Oaxaca Gris\"}]},{\"@type\":\"WebSite\",\"@id\":\"https:\/\/teterete.com\/mx\/#website\",\"url\":\"https:\/\/teterete.com\/mx\/\",\"name\":\"\",\"description\":\"Tienda en L\u00ednea de Fina Artesanias y Dise\u00f1o Mexicano. Bellas piezas elaboradas a mano por los mejores artesanos del pa\u00eds as\u00ed como piezas de dise\u00f1o y decoraci\u00f3n con inspiraci\u00f3n artesanal.\",\"potentialAction\":[{\"@type\":\"SearchAction\",\"target\":{\"@type\":\"EntryPoint\",\"urlTemplate\":\"https:\/\/teterete.com\/mx\/?s={search_term_string}\"},\"query-input\":{\"@type\":\"PropertyValueSpecification\",\"valueRequired\":true,\"valueName\":\"search_term_string\"}}],\"inLanguage\":\"es\"}]}<\/script>\n<!-- \/ Yoast SEO plugin. -->","yoast_head_json":{"title":"Toalla Oaxaca Gris -","robots":{"index":"index","follow":"follow","max-snippet":"max-snippet:-1","max-image-preview":"max-image-preview:large","max-video-preview":"max-video-preview:-1"},"canonical":"https:\/\/teterete.com\/mx\/producto\/toalla-oaxaca-gris\/","og_locale":"es_ES","og_type":"article","og_title":"Toalla Oaxaca Gris -","og_description":"Toalla de algod\u00f3n elaborada por artesanos de Oaxaca en telar de pedal.","og_url":"https:\/\/teterete.com\/mx\/producto\/toalla-oaxaca-gris\/","article_publisher":"https:\/\/www.facebook.com\/TetereteHome\/","article_modified_time":"2022-09-05T18:41:45+00:00","og_image":[{"width":468,"height":468,"url":"https:\/\/teterete.com\/mx\/wp-content\/uploads\/2020\/04\/toalla-textil-mexicano.jpg","type":"image\/jpeg"}],"twitter_card":"summary_large_image","twitter_site":"@Teterete_Home","schema":{"@context":"https:\/\/schema.org","@graph":[{"@type":"WebPage","@id":"https:\/\/teterete.com\/mx\/producto\/toalla-oaxaca-gris\/","url":"https:\/\/teterete.com\/mx\/producto\/toalla-oaxaca-gris\/","name":"Toalla Oaxaca Gris -","isPartOf":{"@id":"https:\/\/teterete.com\/mx\/#website"},"primaryImageOfPage":{"@id":"https:\/\/teterete.com\/mx\/producto\/toalla-oaxaca-gris\/#primaryimage"},"image":{"@id":"https:\/\/teterete.com\/mx\/producto\/toalla-oaxaca-gris\/#primaryimage"},"thumbnailUrl":"https:\/\/teterete.com\/mx\/wp-content\/uploads\/2020\/04\/toalla-textil-mexicano.jpg","datePublished":"2020-04-07T01:07:40+00:00","dateModified":"2022-09-05T18:41:45+00:00","breadcrumb":{"@id":"https:\/\/teterete.com\/mx\/producto\/toalla-oaxaca-gris\/#breadcrumb"},"inLanguage":"es","potentialAction":[{"@type":"ReadAction","target":["https:\/\/teterete.com\/mx\/producto\/toalla-oaxaca-gris\/"]}]},{"@type":"ImageObject","inLanguage":"es","@id":"https:\/\/teterete.com\/mx\/producto\/toalla-oaxaca-gris\/#primaryimage","url":"https:\/\/teterete.com\/mx\/wp-content\/uploads\/2020\/04\/toalla-textil-mexicano.jpg","contentUrl":"https:\/\/teterete.com\/mx\/wp-content\/uploads\/2020\/04\/toalla-textil-mexicano.jpg","width":"468","height":"468","caption":"Toalla Textil Mexicano"},{"@type":"BreadcrumbList","@id":"https:\/\/teterete.com\/mx\/producto\/toalla-oaxaca-gris\/#breadcrumb","itemListElement":[{"@type":"ListItem","position":1,"name":"Home","item":"https:\/\/teterete.com\/mx\/"},{"@type":"ListItem","position":2,"name":"Productos","item":"https:\/\/teterete.com\/mx\/shop\/"},{"@type":"ListItem","position":3,"name":"Toalla Oaxaca Gris"}]},{"@type":"WebSite","@id":"https:\/\/teterete.com\/mx\/#website","url":"https:\/\/teterete.com\/mx\/","name":"","description":"Tienda en L\u00ednea de Fina Artesanias y Dise\u00f1o Mexicano. Bellas piezas elaboradas a mano por los mejores artesanos del pa\u00eds as\u00ed como piezas de dise\u00f1o y decoraci\u00f3n con inspiraci\u00f3n artesanal.","potentialAction":[{"@type":"SearchAction","target":{"@type":"EntryPoint","urlTemplate":"https:\/\/teterete.com\/mx\/?s={search_term_string}"},"query-input":{"@type":"PropertyValueSpecification","valueRequired":true,"valueName":"search_term_string"}}],"inLanguage":"es"}]}},"_links":{"self":[{"href":"https:\/\/teterete.com\/mx\/wp-json\/wp\/v2\/product\/7473"}],"collection":[{"href":"https:\/\/teterete.com\/mx\/wp-json\/wp\/v2\/product"}],"about":[{"href":"https:\/\/teterete.com\/mx\/wp-json\/wp\/v2\/types\/product"}],"replies":[{"embeddable":true,"href":"https:\/\/teterete.com\/mx\/wp-json\/wp\/v2\/comments?post=7473"}],"wp:featuredmedia":[{"embeddable":true,"href":"https:\/\/teterete.com\/mx\/wp-json\/wp\/v2\/media\/7464"}],"wp:attachment":[{"href":"https:\/\/teterete.com\/mx\/wp-json\/wp\/v2\/media?parent=7473"}],"wp:term":[{"taxonomy":"product_cat","embeddable":true,"href":"https:\/\/teterete.com\/mx\/wp-json\/wp\/v2\/product_cat?post=7473"},{"taxonomy":"product_tag","embeddable":true,"href":"https:\/\/teterete.com\/mx\/wp-json\/wp\/v2\/product_tag?post=7473"}],"curies":[{"name":"wp","href":"https:\/\/api.w.org\/{rel}","templated":true}]}}