{"id":7530,"date":"2020-05-14T19:39:46","date_gmt":"2020-05-14T19:39:46","guid":{"rendered":"https:\/\/teterete.com\/mx\/?post_type=product&#038;p=7530"},"modified":"2025-10-19T23:19:41","modified_gmt":"2025-10-19T23:19:41","slug":"cazo-de-cobre-martillado","status":"publish","type":"product","link":"https:\/\/teterete.com\/mx\/producto\/cazo-de-cobre-martillado\/","title":{"rendered":"Cazo de Cobre Martillado"},"content":{"rendered":"<p>Material: Cobre Martillado<\/p>\n<p>Medidas: 52 cms de di\u00e1metro x 23 cms de altura<\/p>\n<p>Capacidad 30 litros o 15-23 kilos de carne<\/p>\n<p>Peso: 8 kilos<\/p>\n<p>&nbsp;<\/p>\n","protected":false},"excerpt":{"rendered":"<p>Bello cazo \u00a0elaborada a mano por artesanos de Santa Clara del Cobre en Michoacan. Con asas de herradura hecho con t\u00e9cnica de martillado.<\/p>\n","protected":false},"featured_media":7535,"comment_status":"open","ping_status":"closed","template":"","meta":{"_acf_changed":false,"sfsi_plus_gutenberg_text_before_share":"","sfsi_plus_gutenberg_show_text_before_share":"","sfsi_plus_gutenberg_icon_type":"","sfsi_plus_gutenberg_icon_alignemt":"","sfsi_plus_gutenburg_max_per_row":""},"product_brand":[],"product_cat":[338],"product_tag":[1722],"class_list":{"0":"post-7530","1":"product","2":"type-product","3":"status-publish","4":"has-post-thumbnail","6":"product_cat-utensilio","7":"product_tag-cazuela-de-cobre","8":"product_shipping_class-big-size","10":"first","11":"instock","12":"taxable","13":"shipping-taxable","14":"product-type-simple"},"acf":[],"yoast_head":"<!-- This site is optimized with the Yoast SEO plugin v27.5 - https:\/\/yoast.com\/product\/yoast-seo-wordpress\/ -->\n<title>Cazo de Cobre Martillado -<\/title>\n<meta name=\"robots\" content=\"index, follow, max-snippet:-1, max-image-preview:large, max-video-preview:-1\" \/>\n<link rel=\"canonical\" href=\"https:\/\/teterete.com\/mx\/producto\/cazo-de-cobre-martillado\/\" \/>\n<meta property=\"og:locale\" content=\"es_ES\" \/>\n<meta property=\"og:type\" content=\"article\" \/>\n<meta property=\"og:title\" content=\"Cazo de Cobre Martillado -\" \/>\n<meta property=\"og:description\" content=\"Bello cazo \u00a0elaborada a mano por artesanos de Santa Clara del Cobre en Michoacan. Con asas de herradura hecho con t\u00e9cnica de martillado.\" \/>\n<meta property=\"og:url\" content=\"https:\/\/teterete.com\/mx\/producto\/cazo-de-cobre-martillado\/\" \/>\n<meta property=\"article:publisher\" content=\"https:\/\/www.facebook.com\/TetereteHome\/\" \/>\n<meta property=\"article:modified_time\" content=\"2025-10-19T23:19:41+00:00\" \/>\n<meta property=\"og:image\" content=\"https:\/\/teterete.com\/mx\/wp-content\/uploads\/2020\/05\/FA4F1BC3-2B4F-42EC-989D-C7AF0C6FEACD.jpeg\" \/>\n\t<meta property=\"og:image:width\" content=\"853\" \/>\n\t<meta property=\"og:image:height\" content=\"853\" \/>\n\t<meta property=\"og:image:type\" content=\"image\/jpeg\" \/>\n<meta name=\"twitter:card\" content=\"summary_large_image\" \/>\n<meta name=\"twitter:site\" content=\"@Teterete_Home\" \/>\n<meta name=\"twitter:label1\" content=\"Tiempo de lectura\" \/>\n\t<meta name=\"twitter:data1\" content=\"1 minuto\" \/>\n<script type=\"application\/ld+json\" class=\"yoast-schema-graph\">{\"@context\":\"https:\\\/\\\/schema.org\",\"@graph\":[{\"@type\":\"WebPage\",\"@id\":\"https:\\\/\\\/teterete.com\\\/mx\\\/producto\\\/cazo-de-cobre-martillado\\\/\",\"url\":\"https:\\\/\\\/teterete.com\\\/mx\\\/producto\\\/cazo-de-cobre-martillado\\\/\",\"name\":\"Cazo de Cobre Martillado -\",\"isPartOf\":{\"@id\":\"https:\\\/\\\/teterete.com\\\/mx\\\/#website\"},\"primaryImageOfPage\":{\"@id\":\"https:\\\/\\\/teterete.com\\\/mx\\\/producto\\\/cazo-de-cobre-martillado\\\/#primaryimage\"},\"image\":{\"@id\":\"https:\\\/\\\/teterete.com\\\/mx\\\/producto\\\/cazo-de-cobre-martillado\\\/#primaryimage\"},\"thumbnailUrl\":\"https:\\\/\\\/teterete.com\\\/mx\\\/wp-content\\\/uploads\\\/2020\\\/05\\\/FA4F1BC3-2B4F-42EC-989D-C7AF0C6FEACD.jpeg\",\"datePublished\":\"2020-05-14T19:39:46+00:00\",\"dateModified\":\"2025-10-19T23:19:41+00:00\",\"breadcrumb\":{\"@id\":\"https:\\\/\\\/teterete.com\\\/mx\\\/producto\\\/cazo-de-cobre-martillado\\\/#breadcrumb\"},\"inLanguage\":\"es\",\"potentialAction\":[{\"@type\":\"ReadAction\",\"target\":[\"https:\\\/\\\/teterete.com\\\/mx\\\/producto\\\/cazo-de-cobre-martillado\\\/\"]}]},{\"@type\":\"ImageObject\",\"inLanguage\":\"es\",\"@id\":\"https:\\\/\\\/teterete.com\\\/mx\\\/producto\\\/cazo-de-cobre-martillado\\\/#primaryimage\",\"url\":\"https:\\\/\\\/teterete.com\\\/mx\\\/wp-content\\\/uploads\\\/2020\\\/05\\\/FA4F1BC3-2B4F-42EC-989D-C7AF0C6FEACD.jpeg\",\"contentUrl\":\"https:\\\/\\\/teterete.com\\\/mx\\\/wp-content\\\/uploads\\\/2020\\\/05\\\/FA4F1BC3-2B4F-42EC-989D-C7AF0C6FEACD.jpeg\",\"width\":\"853\",\"height\":\"853\"},{\"@type\":\"BreadcrumbList\",\"@id\":\"https:\\\/\\\/teterete.com\\\/mx\\\/producto\\\/cazo-de-cobre-martillado\\\/#breadcrumb\",\"itemListElement\":[{\"@type\":\"ListItem\",\"position\":1,\"name\":\"Home\",\"item\":\"https:\\\/\\\/teterete.com\\\/mx\\\/\"},{\"@type\":\"ListItem\",\"position\":2,\"name\":\"Productos\",\"item\":\"https:\\\/\\\/teterete.com\\\/mx\\\/shop\\\/\"},{\"@type\":\"ListItem\",\"position\":3,\"name\":\"Cazo de Cobre Martillado\"}]},{\"@type\":\"WebSite\",\"@id\":\"https:\\\/\\\/teterete.com\\\/mx\\\/#website\",\"url\":\"https:\\\/\\\/teterete.com\\\/mx\\\/\",\"name\":\"\",\"description\":\"Tienda en L\u00ednea de Fina Artesanias y Dise\u00f1o Mexicano. Bellas piezas elaboradas a mano por los mejores artesanos del pa\u00eds as\u00ed como piezas de dise\u00f1o y decoraci\u00f3n con inspiraci\u00f3n artesanal.\",\"potentialAction\":[{\"@type\":\"SearchAction\",\"target\":{\"@type\":\"EntryPoint\",\"urlTemplate\":\"https:\\\/\\\/teterete.com\\\/mx\\\/?s={search_term_string}\"},\"query-input\":{\"@type\":\"PropertyValueSpecification\",\"valueRequired\":true,\"valueName\":\"search_term_string\"}}],\"inLanguage\":\"es\"}]}<\/script>\n<!-- \/ Yoast SEO plugin. -->","yoast_head_json":{"title":"Cazo de Cobre Martillado -","robots":{"index":"index","follow":"follow","max-snippet":"max-snippet:-1","max-image-preview":"max-image-preview:large","max-video-preview":"max-video-preview:-1"},"canonical":"https:\/\/teterete.com\/mx\/producto\/cazo-de-cobre-martillado\/","og_locale":"es_ES","og_type":"article","og_title":"Cazo de Cobre Martillado -","og_description":"Bello cazo \u00a0elaborada a mano por artesanos de Santa Clara del Cobre en Michoacan. Con asas de herradura hecho con t\u00e9cnica de martillado.","og_url":"https:\/\/teterete.com\/mx\/producto\/cazo-de-cobre-martillado\/","article_publisher":"https:\/\/www.facebook.com\/TetereteHome\/","article_modified_time":"2025-10-19T23:19:41+00:00","og_image":[{"width":853,"height":853,"url":"https:\/\/teterete.com\/mx\/wp-content\/uploads\/2020\/05\/FA4F1BC3-2B4F-42EC-989D-C7AF0C6FEACD.jpeg","type":"image\/jpeg"}],"twitter_card":"summary_large_image","twitter_site":"@Teterete_Home","twitter_misc":{"Tiempo de lectura":"1 minuto"},"schema":{"@context":"https:\/\/schema.org","@graph":[{"@type":"WebPage","@id":"https:\/\/teterete.com\/mx\/producto\/cazo-de-cobre-martillado\/","url":"https:\/\/teterete.com\/mx\/producto\/cazo-de-cobre-martillado\/","name":"Cazo de Cobre Martillado -","isPartOf":{"@id":"https:\/\/teterete.com\/mx\/#website"},"primaryImageOfPage":{"@id":"https:\/\/teterete.com\/mx\/producto\/cazo-de-cobre-martillado\/#primaryimage"},"image":{"@id":"https:\/\/teterete.com\/mx\/producto\/cazo-de-cobre-martillado\/#primaryimage"},"thumbnailUrl":"https:\/\/teterete.com\/mx\/wp-content\/uploads\/2020\/05\/FA4F1BC3-2B4F-42EC-989D-C7AF0C6FEACD.jpeg","datePublished":"2020-05-14T19:39:46+00:00","dateModified":"2025-10-19T23:19:41+00:00","breadcrumb":{"@id":"https:\/\/teterete.com\/mx\/producto\/cazo-de-cobre-martillado\/#breadcrumb"},"inLanguage":"es","potentialAction":[{"@type":"ReadAction","target":["https:\/\/teterete.com\/mx\/producto\/cazo-de-cobre-martillado\/"]}]},{"@type":"ImageObject","inLanguage":"es","@id":"https:\/\/teterete.com\/mx\/producto\/cazo-de-cobre-martillado\/#primaryimage","url":"https:\/\/teterete.com\/mx\/wp-content\/uploads\/2020\/05\/FA4F1BC3-2B4F-42EC-989D-C7AF0C6FEACD.jpeg","contentUrl":"https:\/\/teterete.com\/mx\/wp-content\/uploads\/2020\/05\/FA4F1BC3-2B4F-42EC-989D-C7AF0C6FEACD.jpeg","width":"853","height":"853"},{"@type":"BreadcrumbList","@id":"https:\/\/teterete.com\/mx\/producto\/cazo-de-cobre-martillado\/#breadcrumb","itemListElement":[{"@type":"ListItem","position":1,"name":"Home","item":"https:\/\/teterete.com\/mx\/"},{"@type":"ListItem","position":2,"name":"Productos","item":"https:\/\/teterete.com\/mx\/shop\/"},{"@type":"ListItem","position":3,"name":"Cazo de Cobre Martillado"}]},{"@type":"WebSite","@id":"https:\/\/teterete.com\/mx\/#website","url":"https:\/\/teterete.com\/mx\/","name":"","description":"Tienda en L\u00ednea de Fina Artesanias y Dise\u00f1o Mexicano. Bellas piezas elaboradas a mano por los mejores artesanos del pa\u00eds as\u00ed como piezas de dise\u00f1o y decoraci\u00f3n con inspiraci\u00f3n artesanal.","potentialAction":[{"@type":"SearchAction","target":{"@type":"EntryPoint","urlTemplate":"https:\/\/teterete.com\/mx\/?s={search_term_string}"},"query-input":{"@type":"PropertyValueSpecification","valueRequired":true,"valueName":"search_term_string"}}],"inLanguage":"es"}]}},"_links":{"self":[{"href":"https:\/\/teterete.com\/mx\/wp-json\/wp\/v2\/product\/7530","targetHints":{"allow":["GET"]}}],"collection":[{"href":"https:\/\/teterete.com\/mx\/wp-json\/wp\/v2\/product"}],"about":[{"href":"https:\/\/teterete.com\/mx\/wp-json\/wp\/v2\/types\/product"}],"replies":[{"embeddable":true,"href":"https:\/\/teterete.com\/mx\/wp-json\/wp\/v2\/comments?post=7530"}],"wp:featuredmedia":[{"embeddable":true,"href":"https:\/\/teterete.com\/mx\/wp-json\/wp\/v2\/media\/7535"}],"wp:attachment":[{"href":"https:\/\/teterete.com\/mx\/wp-json\/wp\/v2\/media?parent=7530"}],"wp:term":[{"taxonomy":"product_brand","embeddable":true,"href":"https:\/\/teterete.com\/mx\/wp-json\/wp\/v2\/product_brand?post=7530"},{"taxonomy":"product_cat","embeddable":true,"href":"https:\/\/teterete.com\/mx\/wp-json\/wp\/v2\/product_cat?post=7530"},{"taxonomy":"product_tag","embeddable":true,"href":"https:\/\/teterete.com\/mx\/wp-json\/wp\/v2\/product_tag?post=7530"}],"curies":[{"name":"wp","href":"https:\/\/api.w.org\/{rel}","templated":true}]}}