{"id":7536,"date":"2020-05-14T19:40:08","date_gmt":"2020-05-14T19:40:08","guid":{"rendered":"https:\/\/teterete.com\/mx\/?post_type=product&#038;p=7536"},"modified":"2022-09-05T19:42:30","modified_gmt":"2022-09-05T19:42:30","slug":"jarra-de-cobre-martillado","status":"publish","type":"product","link":"https:\/\/teterete.com\/mx\/producto\/jarra-de-cobre-martillado\/","title":{"rendered":"Jarra de Cobre Martillado"},"content":{"rendered":"<p>Material: Cobre Martillado<\/p>\n<p>Medidas: 48 cms de di\u00e1metro x 46 cms de altura<\/p>\n<p>Peso: 10 kilos<\/p>\n<p>&nbsp;<\/p>\n","protected":false},"excerpt":{"rendered":"<p>Bello jarra elaborada a mano por artesanos de Santa Clara del Cobre en Michoacan. Con asas de La misma pieza, dise\u00f1o con diamantes labrados y tr\u00edpode.<\/p>\n","protected":false},"featured_media":7533,"comment_status":"open","ping_status":"closed","template":"","meta":{"_acf_changed":false,"sfsi_plus_gutenberg_text_before_share":"","sfsi_plus_gutenberg_show_text_before_share":"","sfsi_plus_gutenberg_icon_type":"","sfsi_plus_gutenberg_icon_alignemt":"","sfsi_plus_gutenburg_max_per_row":""},"product_brand":[],"product_cat":[334,538,350,682,338],"product_tag":[1723],"class_list":{"0":"post-7536","1":"product","2":"type-product","3":"status-publish","4":"has-post-thumbnail","6":"product_cat-accesorios-bano","7":"product_cat-para_el","8":"product_cat-piezas-unicas","9":"product_cat-terraza","10":"product_cat-utensilio","11":"product_tag-jarra-de-cobre","12":"product_shipping_class-big-size","14":"first","15":"instock","16":"taxable","17":"shipping-taxable","18":"product-type-simple"},"acf":[],"yoast_head":"<!-- This site is optimized with the Yoast SEO plugin v27.5 - https:\/\/yoast.com\/product\/yoast-seo-wordpress\/ -->\n<title>Jarra de Cobre Martillado -<\/title>\n<meta name=\"robots\" content=\"index, follow, max-snippet:-1, max-image-preview:large, max-video-preview:-1\" \/>\n<link rel=\"canonical\" href=\"https:\/\/teterete.com\/mx\/producto\/jarra-de-cobre-martillado\/\" \/>\n<meta property=\"og:locale\" content=\"es_ES\" \/>\n<meta property=\"og:type\" content=\"article\" \/>\n<meta property=\"og:title\" content=\"Jarra de Cobre Martillado -\" \/>\n<meta property=\"og:description\" content=\"Bello jarra elaborada a mano por artesanos de Santa Clara del Cobre en Michoacan. Con asas de La misma pieza, dise\u00f1o con diamantes labrados y tr\u00edpode.\" \/>\n<meta property=\"og:url\" content=\"https:\/\/teterete.com\/mx\/producto\/jarra-de-cobre-martillado\/\" \/>\n<meta property=\"article:publisher\" content=\"https:\/\/www.facebook.com\/TetereteHome\/\" \/>\n<meta property=\"article:modified_time\" content=\"2022-09-05T19:42:30+00:00\" \/>\n<meta property=\"og:image\" content=\"https:\/\/teterete.com\/mx\/wp-content\/uploads\/2020\/05\/900FDD85-597D-4DB3-ABA0-8650BCF3DE84.jpeg\" \/>\n\t<meta property=\"og:image:width\" content=\"839\" \/>\n\t<meta property=\"og:image:height\" content=\"856\" \/>\n\t<meta property=\"og:image:type\" content=\"image\/jpeg\" \/>\n<meta name=\"twitter:card\" content=\"summary_large_image\" \/>\n<meta name=\"twitter:site\" content=\"@Teterete_Home\" \/>\n<script type=\"application\/ld+json\" class=\"yoast-schema-graph\">{\"@context\":\"https:\\\/\\\/schema.org\",\"@graph\":[{\"@type\":\"WebPage\",\"@id\":\"https:\\\/\\\/teterete.com\\\/mx\\\/producto\\\/jarra-de-cobre-martillado\\\/\",\"url\":\"https:\\\/\\\/teterete.com\\\/mx\\\/producto\\\/jarra-de-cobre-martillado\\\/\",\"name\":\"Jarra de Cobre Martillado -\",\"isPartOf\":{\"@id\":\"https:\\\/\\\/teterete.com\\\/mx\\\/#website\"},\"primaryImageOfPage\":{\"@id\":\"https:\\\/\\\/teterete.com\\\/mx\\\/producto\\\/jarra-de-cobre-martillado\\\/#primaryimage\"},\"image\":{\"@id\":\"https:\\\/\\\/teterete.com\\\/mx\\\/producto\\\/jarra-de-cobre-martillado\\\/#primaryimage\"},\"thumbnailUrl\":\"https:\\\/\\\/teterete.com\\\/mx\\\/wp-content\\\/uploads\\\/2020\\\/05\\\/900FDD85-597D-4DB3-ABA0-8650BCF3DE84.jpeg\",\"datePublished\":\"2020-05-14T19:40:08+00:00\",\"dateModified\":\"2022-09-05T19:42:30+00:00\",\"breadcrumb\":{\"@id\":\"https:\\\/\\\/teterete.com\\\/mx\\\/producto\\\/jarra-de-cobre-martillado\\\/#breadcrumb\"},\"inLanguage\":\"es\",\"potentialAction\":[{\"@type\":\"ReadAction\",\"target\":[\"https:\\\/\\\/teterete.com\\\/mx\\\/producto\\\/jarra-de-cobre-martillado\\\/\"]}]},{\"@type\":\"ImageObject\",\"inLanguage\":\"es\",\"@id\":\"https:\\\/\\\/teterete.com\\\/mx\\\/producto\\\/jarra-de-cobre-martillado\\\/#primaryimage\",\"url\":\"https:\\\/\\\/teterete.com\\\/mx\\\/wp-content\\\/uploads\\\/2020\\\/05\\\/900FDD85-597D-4DB3-ABA0-8650BCF3DE84.jpeg\",\"contentUrl\":\"https:\\\/\\\/teterete.com\\\/mx\\\/wp-content\\\/uploads\\\/2020\\\/05\\\/900FDD85-597D-4DB3-ABA0-8650BCF3DE84.jpeg\",\"width\":\"839\",\"height\":\"856\"},{\"@type\":\"BreadcrumbList\",\"@id\":\"https:\\\/\\\/teterete.com\\\/mx\\\/producto\\\/jarra-de-cobre-martillado\\\/#breadcrumb\",\"itemListElement\":[{\"@type\":\"ListItem\",\"position\":1,\"name\":\"Home\",\"item\":\"https:\\\/\\\/teterete.com\\\/mx\\\/\"},{\"@type\":\"ListItem\",\"position\":2,\"name\":\"Productos\",\"item\":\"https:\\\/\\\/teterete.com\\\/mx\\\/shop\\\/\"},{\"@type\":\"ListItem\",\"position\":3,\"name\":\"Jarra de Cobre Martillado\"}]},{\"@type\":\"WebSite\",\"@id\":\"https:\\\/\\\/teterete.com\\\/mx\\\/#website\",\"url\":\"https:\\\/\\\/teterete.com\\\/mx\\\/\",\"name\":\"\",\"description\":\"Tienda en L\u00ednea de Fina Artesanias y Dise\u00f1o Mexicano. Bellas piezas elaboradas a mano por los mejores artesanos del pa\u00eds as\u00ed como piezas de dise\u00f1o y decoraci\u00f3n con inspiraci\u00f3n artesanal.\",\"potentialAction\":[{\"@type\":\"SearchAction\",\"target\":{\"@type\":\"EntryPoint\",\"urlTemplate\":\"https:\\\/\\\/teterete.com\\\/mx\\\/?s={search_term_string}\"},\"query-input\":{\"@type\":\"PropertyValueSpecification\",\"valueRequired\":true,\"valueName\":\"search_term_string\"}}],\"inLanguage\":\"es\"}]}<\/script>\n<!-- \/ Yoast SEO plugin. -->","yoast_head_json":{"title":"Jarra de Cobre Martillado -","robots":{"index":"index","follow":"follow","max-snippet":"max-snippet:-1","max-image-preview":"max-image-preview:large","max-video-preview":"max-video-preview:-1"},"canonical":"https:\/\/teterete.com\/mx\/producto\/jarra-de-cobre-martillado\/","og_locale":"es_ES","og_type":"article","og_title":"Jarra de Cobre Martillado -","og_description":"Bello jarra elaborada a mano por artesanos de Santa Clara del Cobre en Michoacan. Con asas de La misma pieza, dise\u00f1o con diamantes labrados y tr\u00edpode.","og_url":"https:\/\/teterete.com\/mx\/producto\/jarra-de-cobre-martillado\/","article_publisher":"https:\/\/www.facebook.com\/TetereteHome\/","article_modified_time":"2022-09-05T19:42:30+00:00","og_image":[{"width":839,"height":856,"url":"https:\/\/teterete.com\/mx\/wp-content\/uploads\/2020\/05\/900FDD85-597D-4DB3-ABA0-8650BCF3DE84.jpeg","type":"image\/jpeg"}],"twitter_card":"summary_large_image","twitter_site":"@Teterete_Home","schema":{"@context":"https:\/\/schema.org","@graph":[{"@type":"WebPage","@id":"https:\/\/teterete.com\/mx\/producto\/jarra-de-cobre-martillado\/","url":"https:\/\/teterete.com\/mx\/producto\/jarra-de-cobre-martillado\/","name":"Jarra de Cobre Martillado -","isPartOf":{"@id":"https:\/\/teterete.com\/mx\/#website"},"primaryImageOfPage":{"@id":"https:\/\/teterete.com\/mx\/producto\/jarra-de-cobre-martillado\/#primaryimage"},"image":{"@id":"https:\/\/teterete.com\/mx\/producto\/jarra-de-cobre-martillado\/#primaryimage"},"thumbnailUrl":"https:\/\/teterete.com\/mx\/wp-content\/uploads\/2020\/05\/900FDD85-597D-4DB3-ABA0-8650BCF3DE84.jpeg","datePublished":"2020-05-14T19:40:08+00:00","dateModified":"2022-09-05T19:42:30+00:00","breadcrumb":{"@id":"https:\/\/teterete.com\/mx\/producto\/jarra-de-cobre-martillado\/#breadcrumb"},"inLanguage":"es","potentialAction":[{"@type":"ReadAction","target":["https:\/\/teterete.com\/mx\/producto\/jarra-de-cobre-martillado\/"]}]},{"@type":"ImageObject","inLanguage":"es","@id":"https:\/\/teterete.com\/mx\/producto\/jarra-de-cobre-martillado\/#primaryimage","url":"https:\/\/teterete.com\/mx\/wp-content\/uploads\/2020\/05\/900FDD85-597D-4DB3-ABA0-8650BCF3DE84.jpeg","contentUrl":"https:\/\/teterete.com\/mx\/wp-content\/uploads\/2020\/05\/900FDD85-597D-4DB3-ABA0-8650BCF3DE84.jpeg","width":"839","height":"856"},{"@type":"BreadcrumbList","@id":"https:\/\/teterete.com\/mx\/producto\/jarra-de-cobre-martillado\/#breadcrumb","itemListElement":[{"@type":"ListItem","position":1,"name":"Home","item":"https:\/\/teterete.com\/mx\/"},{"@type":"ListItem","position":2,"name":"Productos","item":"https:\/\/teterete.com\/mx\/shop\/"},{"@type":"ListItem","position":3,"name":"Jarra de Cobre Martillado"}]},{"@type":"WebSite","@id":"https:\/\/teterete.com\/mx\/#website","url":"https:\/\/teterete.com\/mx\/","name":"","description":"Tienda en L\u00ednea de Fina Artesanias y Dise\u00f1o Mexicano. Bellas piezas elaboradas a mano por los mejores artesanos del pa\u00eds as\u00ed como piezas de dise\u00f1o y decoraci\u00f3n con inspiraci\u00f3n artesanal.","potentialAction":[{"@type":"SearchAction","target":{"@type":"EntryPoint","urlTemplate":"https:\/\/teterete.com\/mx\/?s={search_term_string}"},"query-input":{"@type":"PropertyValueSpecification","valueRequired":true,"valueName":"search_term_string"}}],"inLanguage":"es"}]}},"_links":{"self":[{"href":"https:\/\/teterete.com\/mx\/wp-json\/wp\/v2\/product\/7536","targetHints":{"allow":["GET"]}}],"collection":[{"href":"https:\/\/teterete.com\/mx\/wp-json\/wp\/v2\/product"}],"about":[{"href":"https:\/\/teterete.com\/mx\/wp-json\/wp\/v2\/types\/product"}],"replies":[{"embeddable":true,"href":"https:\/\/teterete.com\/mx\/wp-json\/wp\/v2\/comments?post=7536"}],"wp:featuredmedia":[{"embeddable":true,"href":"https:\/\/teterete.com\/mx\/wp-json\/wp\/v2\/media\/7533"}],"wp:attachment":[{"href":"https:\/\/teterete.com\/mx\/wp-json\/wp\/v2\/media?parent=7536"}],"wp:term":[{"taxonomy":"product_brand","embeddable":true,"href":"https:\/\/teterete.com\/mx\/wp-json\/wp\/v2\/product_brand?post=7536"},{"taxonomy":"product_cat","embeddable":true,"href":"https:\/\/teterete.com\/mx\/wp-json\/wp\/v2\/product_cat?post=7536"},{"taxonomy":"product_tag","embeddable":true,"href":"https:\/\/teterete.com\/mx\/wp-json\/wp\/v2\/product_tag?post=7536"}],"curies":[{"name":"wp","href":"https:\/\/api.w.org\/{rel}","templated":true}]}}