{"id":7558,"date":"2020-05-16T14:41:45","date_gmt":"2020-05-16T14:41:45","guid":{"rendered":"https:\/\/teterete.com\/mx\/?post_type=product&#038;p=7558"},"modified":"2024-08-28T19:43:43","modified_gmt":"2024-08-28T19:43:43","slug":"set-de-4-individuales-servilletas","status":"publish","type":"product","link":"https:\/\/teterete.com\/mx\/producto\/set-de-4-individuales-servilletas\/","title":{"rendered":"Set de 4 Individuales + Servilletas"},"content":{"rendered":"<p>Material: 100% lino Hera con bordado azul punto de cruz<\/p>\n<p>Almidonadas, hecho a mano.<\/p>\n<p>Medidas: 45 cms x 36 cms Individual. 42 x 42 cms Servilletas.<\/p>\n<p>Lavar a mano<\/p>\n<p>Musgo es un proyecto artesanal productivo de la Fundaci\u00f3n VIA, I.A.P. que busca elevar la calidad de vida de los habitantes de El Manzano en Valle de Bravo, Estado de M\u00e9xico y de otras comunidades aleda\u00f1as, a trav\u00e9s de la capacitaci\u00f3n para el trabajo, la educaci\u00f3n y el comercio justo.<\/p>\n","protected":false},"excerpt":{"rendered":"<p>Juego de 4 servilletas y 4 manteles individuales en lino con bordado punto de cruz todo hecho a mano por artesanos mexicanos.<\/p>\n","protected":false},"featured_media":7571,"comment_status":"open","ping_status":"closed","template":"","meta":{"sfsi_plus_gutenberg_text_before_share":"","sfsi_plus_gutenberg_show_text_before_share":"","sfsi_plus_gutenberg_icon_type":"","sfsi_plus_gutenberg_icon_alignemt":"","sfsi_plus_gutenburg_max_per_row":""},"product_cat":[1584,2057,774,995,347,346],"product_tag":[376,232,998,996,997,223,824],"acf":[],"yoast_head":"<!-- This site is optimized with the Yoast SEO plugin v23.5 - https:\/\/yoast.com\/wordpress\/plugins\/seo\/ -->\n<title>Set de 4 Individuales + Servilletas -<\/title>\n<meta name=\"robots\" content=\"index, follow, max-snippet:-1, max-image-preview:large, max-video-preview:-1\" \/>\n<link rel=\"canonical\" href=\"https:\/\/teterete.com\/mx\/producto\/set-de-4-individuales-servilletas\/\" \/>\n<meta property=\"og:locale\" content=\"es_ES\" \/>\n<meta property=\"og:type\" content=\"article\" \/>\n<meta property=\"og:title\" content=\"Set de 4 Individuales + Servilletas -\" \/>\n<meta property=\"og:description\" content=\"Juego de 4 servilletas y 4 manteles individuales en lino con bordado punto de cruz todo hecho a mano por artesanos mexicanos.\" \/>\n<meta property=\"og:url\" content=\"https:\/\/teterete.com\/mx\/producto\/set-de-4-individuales-servilletas\/\" \/>\n<meta property=\"article:publisher\" content=\"https:\/\/www.facebook.com\/TetereteHome\/\" \/>\n<meta property=\"article:modified_time\" content=\"2024-08-28T19:43:43+00:00\" \/>\n<meta property=\"og:image\" content=\"https:\/\/teterete.com\/mx\/wp-content\/uploads\/2020\/05\/6546F0A3-93C3-4807-9562-47396B9054CA.jpeg\" \/>\n\t<meta property=\"og:image:width\" content=\"320\" \/>\n\t<meta property=\"og:image:height\" content=\"213\" \/>\n\t<meta property=\"og:image:type\" content=\"image\/jpeg\" \/>\n<meta name=\"twitter:card\" content=\"summary_large_image\" \/>\n<meta name=\"twitter:site\" content=\"@Teterete_Home\" \/>\n<script type=\"application\/ld+json\" class=\"yoast-schema-graph\">{\"@context\":\"https:\/\/schema.org\",\"@graph\":[{\"@type\":\"WebPage\",\"@id\":\"https:\/\/teterete.com\/mx\/producto\/set-de-4-individuales-servilletas\/\",\"url\":\"https:\/\/teterete.com\/mx\/producto\/set-de-4-individuales-servilletas\/\",\"name\":\"Set de 4 Individuales + Servilletas -\",\"isPartOf\":{\"@id\":\"https:\/\/teterete.com\/mx\/#website\"},\"primaryImageOfPage\":{\"@id\":\"https:\/\/teterete.com\/mx\/producto\/set-de-4-individuales-servilletas\/#primaryimage\"},\"image\":{\"@id\":\"https:\/\/teterete.com\/mx\/producto\/set-de-4-individuales-servilletas\/#primaryimage\"},\"thumbnailUrl\":\"https:\/\/teterete.com\/mx\/wp-content\/uploads\/2020\/05\/6546F0A3-93C3-4807-9562-47396B9054CA.jpeg\",\"datePublished\":\"2020-05-16T14:41:45+00:00\",\"dateModified\":\"2024-08-28T19:43:43+00:00\",\"breadcrumb\":{\"@id\":\"https:\/\/teterete.com\/mx\/producto\/set-de-4-individuales-servilletas\/#breadcrumb\"},\"inLanguage\":\"es\",\"potentialAction\":[{\"@type\":\"ReadAction\",\"target\":[\"https:\/\/teterete.com\/mx\/producto\/set-de-4-individuales-servilletas\/\"]}]},{\"@type\":\"ImageObject\",\"inLanguage\":\"es\",\"@id\":\"https:\/\/teterete.com\/mx\/producto\/set-de-4-individuales-servilletas\/#primaryimage\",\"url\":\"https:\/\/teterete.com\/mx\/wp-content\/uploads\/2020\/05\/6546F0A3-93C3-4807-9562-47396B9054CA.jpeg\",\"contentUrl\":\"https:\/\/teterete.com\/mx\/wp-content\/uploads\/2020\/05\/6546F0A3-93C3-4807-9562-47396B9054CA.jpeg\",\"width\":\"320\",\"height\":\"213\"},{\"@type\":\"BreadcrumbList\",\"@id\":\"https:\/\/teterete.com\/mx\/producto\/set-de-4-individuales-servilletas\/#breadcrumb\",\"itemListElement\":[{\"@type\":\"ListItem\",\"position\":1,\"name\":\"Home\",\"item\":\"https:\/\/teterete.com\/mx\/\"},{\"@type\":\"ListItem\",\"position\":2,\"name\":\"Productos\",\"item\":\"https:\/\/teterete.com\/mx\/shop\/\"},{\"@type\":\"ListItem\",\"position\":3,\"name\":\"Set de 4 Individuales + Servilletas\"}]},{\"@type\":\"WebSite\",\"@id\":\"https:\/\/teterete.com\/mx\/#website\",\"url\":\"https:\/\/teterete.com\/mx\/\",\"name\":\"\",\"description\":\"Tienda en L\u00ednea de Fina Artesanias y Dise\u00f1o Mexicano. Bellas piezas elaboradas a mano por los mejores artesanos del pa\u00eds as\u00ed como piezas de dise\u00f1o y decoraci\u00f3n con inspiraci\u00f3n artesanal.\",\"potentialAction\":[{\"@type\":\"SearchAction\",\"target\":{\"@type\":\"EntryPoint\",\"urlTemplate\":\"https:\/\/teterete.com\/mx\/?s={search_term_string}\"},\"query-input\":{\"@type\":\"PropertyValueSpecification\",\"valueRequired\":true,\"valueName\":\"search_term_string\"}}],\"inLanguage\":\"es\"}]}<\/script>\n<!-- \/ Yoast SEO plugin. -->","yoast_head_json":{"title":"Set de 4 Individuales + Servilletas -","robots":{"index":"index","follow":"follow","max-snippet":"max-snippet:-1","max-image-preview":"max-image-preview:large","max-video-preview":"max-video-preview:-1"},"canonical":"https:\/\/teterete.com\/mx\/producto\/set-de-4-individuales-servilletas\/","og_locale":"es_ES","og_type":"article","og_title":"Set de 4 Individuales + Servilletas -","og_description":"Juego de 4 servilletas y 4 manteles individuales en lino con bordado punto de cruz todo hecho a mano por artesanos mexicanos.","og_url":"https:\/\/teterete.com\/mx\/producto\/set-de-4-individuales-servilletas\/","article_publisher":"https:\/\/www.facebook.com\/TetereteHome\/","article_modified_time":"2024-08-28T19:43:43+00:00","og_image":[{"width":320,"height":213,"url":"https:\/\/teterete.com\/mx\/wp-content\/uploads\/2020\/05\/6546F0A3-93C3-4807-9562-47396B9054CA.jpeg","type":"image\/jpeg"}],"twitter_card":"summary_large_image","twitter_site":"@Teterete_Home","schema":{"@context":"https:\/\/schema.org","@graph":[{"@type":"WebPage","@id":"https:\/\/teterete.com\/mx\/producto\/set-de-4-individuales-servilletas\/","url":"https:\/\/teterete.com\/mx\/producto\/set-de-4-individuales-servilletas\/","name":"Set de 4 Individuales + Servilletas -","isPartOf":{"@id":"https:\/\/teterete.com\/mx\/#website"},"primaryImageOfPage":{"@id":"https:\/\/teterete.com\/mx\/producto\/set-de-4-individuales-servilletas\/#primaryimage"},"image":{"@id":"https:\/\/teterete.com\/mx\/producto\/set-de-4-individuales-servilletas\/#primaryimage"},"thumbnailUrl":"https:\/\/teterete.com\/mx\/wp-content\/uploads\/2020\/05\/6546F0A3-93C3-4807-9562-47396B9054CA.jpeg","datePublished":"2020-05-16T14:41:45+00:00","dateModified":"2024-08-28T19:43:43+00:00","breadcrumb":{"@id":"https:\/\/teterete.com\/mx\/producto\/set-de-4-individuales-servilletas\/#breadcrumb"},"inLanguage":"es","potentialAction":[{"@type":"ReadAction","target":["https:\/\/teterete.com\/mx\/producto\/set-de-4-individuales-servilletas\/"]}]},{"@type":"ImageObject","inLanguage":"es","@id":"https:\/\/teterete.com\/mx\/producto\/set-de-4-individuales-servilletas\/#primaryimage","url":"https:\/\/teterete.com\/mx\/wp-content\/uploads\/2020\/05\/6546F0A3-93C3-4807-9562-47396B9054CA.jpeg","contentUrl":"https:\/\/teterete.com\/mx\/wp-content\/uploads\/2020\/05\/6546F0A3-93C3-4807-9562-47396B9054CA.jpeg","width":"320","height":"213"},{"@type":"BreadcrumbList","@id":"https:\/\/teterete.com\/mx\/producto\/set-de-4-individuales-servilletas\/#breadcrumb","itemListElement":[{"@type":"ListItem","position":1,"name":"Home","item":"https:\/\/teterete.com\/mx\/"},{"@type":"ListItem","position":2,"name":"Productos","item":"https:\/\/teterete.com\/mx\/shop\/"},{"@type":"ListItem","position":3,"name":"Set de 4 Individuales + Servilletas"}]},{"@type":"WebSite","@id":"https:\/\/teterete.com\/mx\/#website","url":"https:\/\/teterete.com\/mx\/","name":"","description":"Tienda en L\u00ednea de Fina Artesanias y Dise\u00f1o Mexicano. Bellas piezas elaboradas a mano por los mejores artesanos del pa\u00eds as\u00ed como piezas de dise\u00f1o y decoraci\u00f3n con inspiraci\u00f3n artesanal.","potentialAction":[{"@type":"SearchAction","target":{"@type":"EntryPoint","urlTemplate":"https:\/\/teterete.com\/mx\/?s={search_term_string}"},"query-input":{"@type":"PropertyValueSpecification","valueRequired":true,"valueName":"search_term_string"}}],"inLanguage":"es"}]}},"_links":{"self":[{"href":"https:\/\/teterete.com\/mx\/wp-json\/wp\/v2\/product\/7558"}],"collection":[{"href":"https:\/\/teterete.com\/mx\/wp-json\/wp\/v2\/product"}],"about":[{"href":"https:\/\/teterete.com\/mx\/wp-json\/wp\/v2\/types\/product"}],"replies":[{"embeddable":true,"href":"https:\/\/teterete.com\/mx\/wp-json\/wp\/v2\/comments?post=7558"}],"wp:featuredmedia":[{"embeddable":true,"href":"https:\/\/teterete.com\/mx\/wp-json\/wp\/v2\/media\/7571"}],"wp:attachment":[{"href":"https:\/\/teterete.com\/mx\/wp-json\/wp\/v2\/media?parent=7558"}],"wp:term":[{"taxonomy":"product_cat","embeddable":true,"href":"https:\/\/teterete.com\/mx\/wp-json\/wp\/v2\/product_cat?post=7558"},{"taxonomy":"product_tag","embeddable":true,"href":"https:\/\/teterete.com\/mx\/wp-json\/wp\/v2\/product_tag?post=7558"}],"curies":[{"name":"wp","href":"https:\/\/api.w.org\/{rel}","templated":true}]}}