{"id":7583,"date":"2020-05-21T14:32:14","date_gmt":"2020-05-21T14:32:14","guid":{"rendered":"https:\/\/teterete.com\/mx\/?post_type=product&#038;p=7583"},"modified":"2026-01-04T19:27:26","modified_gmt":"2026-01-04T19:27:26","slug":"banco-prehispanico-chimpestle","status":"publish","type":"product","link":"https:\/\/teterete.com\/mx\/producto\/banco-prehispanico-chimpestle\/","title":{"rendered":"Banco Prehisp\u00e1nico Chimpestle"},"content":{"rendered":"<p>Medidas: 35 cm de di\u00e1metro x 45 cm de largo<\/p>\n<p>Material: Varas de Tule<\/p>\n<p>&nbsp;<\/p>\n","protected":false},"excerpt":{"rendered":"<p>Bello banco de origen prehisp\u00e1nico vuelto a la vida por txt.ture como una incre\u00edble pieza utilitaria y decorativa.<\/p>\n","protected":false},"featured_media":7586,"comment_status":"open","ping_status":"closed","template":"","meta":{"sfsi_plus_gutenberg_text_before_share":"","sfsi_plus_gutenberg_show_text_before_share":"","sfsi_plus_gutenberg_icon_type":"","sfsi_plus_gutenberg_icon_alignemt":"","sfsi_plus_gutenburg_max_per_row":""},"product_cat":[2080,2606,334,683,682],"product_tag":[1462,1732,1461,1733],"acf":[],"yoast_head":"<!-- This site is optimized with the Yoast SEO plugin v23.5 - https:\/\/yoast.com\/wordpress\/plugins\/seo\/ -->\n<title>Banco Prehisp\u00e1nico Chimpestle -<\/title>\n<meta name=\"robots\" content=\"index, follow, max-snippet:-1, max-image-preview:large, max-video-preview:-1\" \/>\n<link rel=\"canonical\" href=\"https:\/\/teterete.com\/mx\/producto\/banco-prehispanico-chimpestle\/\" \/>\n<meta property=\"og:locale\" content=\"es_ES\" \/>\n<meta property=\"og:type\" content=\"article\" \/>\n<meta property=\"og:title\" content=\"Banco Prehisp\u00e1nico Chimpestle -\" \/>\n<meta property=\"og:description\" content=\"Bello banco de origen prehisp\u00e1nico vuelto a la vida por txt.ture como una incre\u00edble pieza utilitaria y decorativa.\" \/>\n<meta property=\"og:url\" content=\"https:\/\/teterete.com\/mx\/producto\/banco-prehispanico-chimpestle\/\" \/>\n<meta property=\"article:publisher\" content=\"https:\/\/www.facebook.com\/TetereteHome\/\" \/>\n<meta property=\"article:modified_time\" content=\"2026-01-04T19:27:26+00:00\" \/>\n<meta property=\"og:image\" content=\"https:\/\/teterete.com\/mx\/wp-content\/uploads\/2020\/05\/banco-mexicano.jpg\" \/>\n\t<meta property=\"og:image:width\" content=\"1030\" \/>\n\t<meta property=\"og:image:height\" content=\"1032\" \/>\n\t<meta property=\"og:image:type\" content=\"image\/jpeg\" \/>\n<meta name=\"twitter:card\" content=\"summary_large_image\" \/>\n<meta name=\"twitter:site\" content=\"@Teterete_Home\" \/>\n<meta name=\"twitter:label1\" content=\"Tiempo de lectura\" \/>\n\t<meta name=\"twitter:data1\" content=\"1 minuto\" \/>\n<script type=\"application\/ld+json\" class=\"yoast-schema-graph\">{\"@context\":\"https:\/\/schema.org\",\"@graph\":[{\"@type\":\"WebPage\",\"@id\":\"https:\/\/teterete.com\/mx\/producto\/banco-prehispanico-chimpestle\/\",\"url\":\"https:\/\/teterete.com\/mx\/producto\/banco-prehispanico-chimpestle\/\",\"name\":\"Banco Prehisp\u00e1nico Chimpestle -\",\"isPartOf\":{\"@id\":\"https:\/\/teterete.com\/mx\/#website\"},\"primaryImageOfPage\":{\"@id\":\"https:\/\/teterete.com\/mx\/producto\/banco-prehispanico-chimpestle\/#primaryimage\"},\"image\":{\"@id\":\"https:\/\/teterete.com\/mx\/producto\/banco-prehispanico-chimpestle\/#primaryimage\"},\"thumbnailUrl\":\"https:\/\/teterete.com\/mx\/wp-content\/uploads\/2020\/05\/banco-mexicano.jpg\",\"datePublished\":\"2020-05-21T14:32:14+00:00\",\"dateModified\":\"2026-01-04T19:27:26+00:00\",\"breadcrumb\":{\"@id\":\"https:\/\/teterete.com\/mx\/producto\/banco-prehispanico-chimpestle\/#breadcrumb\"},\"inLanguage\":\"es\",\"potentialAction\":[{\"@type\":\"ReadAction\",\"target\":[\"https:\/\/teterete.com\/mx\/producto\/banco-prehispanico-chimpestle\/\"]}]},{\"@type\":\"ImageObject\",\"inLanguage\":\"es\",\"@id\":\"https:\/\/teterete.com\/mx\/producto\/banco-prehispanico-chimpestle\/#primaryimage\",\"url\":\"https:\/\/teterete.com\/mx\/wp-content\/uploads\/2020\/05\/banco-mexicano.jpg\",\"contentUrl\":\"https:\/\/teterete.com\/mx\/wp-content\/uploads\/2020\/05\/banco-mexicano.jpg\",\"width\":\"1030\",\"height\":\"1032\",\"caption\":\"Banco Mexicano\"},{\"@type\":\"BreadcrumbList\",\"@id\":\"https:\/\/teterete.com\/mx\/producto\/banco-prehispanico-chimpestle\/#breadcrumb\",\"itemListElement\":[{\"@type\":\"ListItem\",\"position\":1,\"name\":\"Home\",\"item\":\"https:\/\/teterete.com\/mx\/\"},{\"@type\":\"ListItem\",\"position\":2,\"name\":\"Productos\",\"item\":\"https:\/\/teterete.com\/mx\/shop\/\"},{\"@type\":\"ListItem\",\"position\":3,\"name\":\"Banco Prehisp\u00e1nico Chimpestle\"}]},{\"@type\":\"WebSite\",\"@id\":\"https:\/\/teterete.com\/mx\/#website\",\"url\":\"https:\/\/teterete.com\/mx\/\",\"name\":\"\",\"description\":\"Tienda en L\u00ednea de Fina Artesanias y Dise\u00f1o Mexicano. Bellas piezas elaboradas a mano por los mejores artesanos del pa\u00eds as\u00ed como piezas de dise\u00f1o y decoraci\u00f3n con inspiraci\u00f3n artesanal.\",\"potentialAction\":[{\"@type\":\"SearchAction\",\"target\":{\"@type\":\"EntryPoint\",\"urlTemplate\":\"https:\/\/teterete.com\/mx\/?s={search_term_string}\"},\"query-input\":{\"@type\":\"PropertyValueSpecification\",\"valueRequired\":true,\"valueName\":\"search_term_string\"}}],\"inLanguage\":\"es\"}]}<\/script>\n<!-- \/ Yoast SEO plugin. -->","yoast_head_json":{"title":"Banco Prehisp\u00e1nico Chimpestle -","robots":{"index":"index","follow":"follow","max-snippet":"max-snippet:-1","max-image-preview":"max-image-preview:large","max-video-preview":"max-video-preview:-1"},"canonical":"https:\/\/teterete.com\/mx\/producto\/banco-prehispanico-chimpestle\/","og_locale":"es_ES","og_type":"article","og_title":"Banco Prehisp\u00e1nico Chimpestle -","og_description":"Bello banco de origen prehisp\u00e1nico vuelto a la vida por txt.ture como una incre\u00edble pieza utilitaria y decorativa.","og_url":"https:\/\/teterete.com\/mx\/producto\/banco-prehispanico-chimpestle\/","article_publisher":"https:\/\/www.facebook.com\/TetereteHome\/","article_modified_time":"2026-01-04T19:27:26+00:00","og_image":[{"width":1030,"height":1032,"url":"https:\/\/teterete.com\/mx\/wp-content\/uploads\/2020\/05\/banco-mexicano.jpg","type":"image\/jpeg"}],"twitter_card":"summary_large_image","twitter_site":"@Teterete_Home","twitter_misc":{"Tiempo de lectura":"1 minuto"},"schema":{"@context":"https:\/\/schema.org","@graph":[{"@type":"WebPage","@id":"https:\/\/teterete.com\/mx\/producto\/banco-prehispanico-chimpestle\/","url":"https:\/\/teterete.com\/mx\/producto\/banco-prehispanico-chimpestle\/","name":"Banco Prehisp\u00e1nico Chimpestle -","isPartOf":{"@id":"https:\/\/teterete.com\/mx\/#website"},"primaryImageOfPage":{"@id":"https:\/\/teterete.com\/mx\/producto\/banco-prehispanico-chimpestle\/#primaryimage"},"image":{"@id":"https:\/\/teterete.com\/mx\/producto\/banco-prehispanico-chimpestle\/#primaryimage"},"thumbnailUrl":"https:\/\/teterete.com\/mx\/wp-content\/uploads\/2020\/05\/banco-mexicano.jpg","datePublished":"2020-05-21T14:32:14+00:00","dateModified":"2026-01-04T19:27:26+00:00","breadcrumb":{"@id":"https:\/\/teterete.com\/mx\/producto\/banco-prehispanico-chimpestle\/#breadcrumb"},"inLanguage":"es","potentialAction":[{"@type":"ReadAction","target":["https:\/\/teterete.com\/mx\/producto\/banco-prehispanico-chimpestle\/"]}]},{"@type":"ImageObject","inLanguage":"es","@id":"https:\/\/teterete.com\/mx\/producto\/banco-prehispanico-chimpestle\/#primaryimage","url":"https:\/\/teterete.com\/mx\/wp-content\/uploads\/2020\/05\/banco-mexicano.jpg","contentUrl":"https:\/\/teterete.com\/mx\/wp-content\/uploads\/2020\/05\/banco-mexicano.jpg","width":"1030","height":"1032","caption":"Banco Mexicano"},{"@type":"BreadcrumbList","@id":"https:\/\/teterete.com\/mx\/producto\/banco-prehispanico-chimpestle\/#breadcrumb","itemListElement":[{"@type":"ListItem","position":1,"name":"Home","item":"https:\/\/teterete.com\/mx\/"},{"@type":"ListItem","position":2,"name":"Productos","item":"https:\/\/teterete.com\/mx\/shop\/"},{"@type":"ListItem","position":3,"name":"Banco Prehisp\u00e1nico Chimpestle"}]},{"@type":"WebSite","@id":"https:\/\/teterete.com\/mx\/#website","url":"https:\/\/teterete.com\/mx\/","name":"","description":"Tienda en L\u00ednea de Fina Artesanias y Dise\u00f1o Mexicano. Bellas piezas elaboradas a mano por los mejores artesanos del pa\u00eds as\u00ed como piezas de dise\u00f1o y decoraci\u00f3n con inspiraci\u00f3n artesanal.","potentialAction":[{"@type":"SearchAction","target":{"@type":"EntryPoint","urlTemplate":"https:\/\/teterete.com\/mx\/?s={search_term_string}"},"query-input":{"@type":"PropertyValueSpecification","valueRequired":true,"valueName":"search_term_string"}}],"inLanguage":"es"}]}},"_links":{"self":[{"href":"https:\/\/teterete.com\/mx\/wp-json\/wp\/v2\/product\/7583"}],"collection":[{"href":"https:\/\/teterete.com\/mx\/wp-json\/wp\/v2\/product"}],"about":[{"href":"https:\/\/teterete.com\/mx\/wp-json\/wp\/v2\/types\/product"}],"replies":[{"embeddable":true,"href":"https:\/\/teterete.com\/mx\/wp-json\/wp\/v2\/comments?post=7583"}],"wp:featuredmedia":[{"embeddable":true,"href":"https:\/\/teterete.com\/mx\/wp-json\/wp\/v2\/media\/7586"}],"wp:attachment":[{"href":"https:\/\/teterete.com\/mx\/wp-json\/wp\/v2\/media?parent=7583"}],"wp:term":[{"taxonomy":"product_cat","embeddable":true,"href":"https:\/\/teterete.com\/mx\/wp-json\/wp\/v2\/product_cat?post=7583"},{"taxonomy":"product_tag","embeddable":true,"href":"https:\/\/teterete.com\/mx\/wp-json\/wp\/v2\/product_tag?post=7583"}],"curies":[{"name":"wp","href":"https:\/\/api.w.org\/{rel}","templated":true}]}}