{"id":7600,"date":"2020-06-06T20:04:43","date_gmt":"2020-06-06T20:04:43","guid":{"rendered":"https:\/\/teterete.com\/mx\/?post_type=product&#038;p=7600"},"modified":"2023-07-28T21:52:27","modified_gmt":"2023-07-28T21:52:27","slug":"set-de-cama-arbol-de-la-vida","status":"publish","type":"product","link":"https:\/\/teterete.com\/mx\/producto\/set-de-cama-arbol-de-la-vida\/","title":{"rendered":"Set de Cama \u00c1rbol de la Vida"},"content":{"rendered":"<p>Incluye: 2 cojines de 50 x 50, 1 de 35 x 55 y pie de cama 270 x 50 cms<br \/>\nColores beige, rojo, gris, negro.<\/p>\n<p>En caso de no contar con existencia el tiempo de elaboraci\u00f3n es de 4 a 6 semanas.<\/p>\n<p>*LOS COJINES NO INCLUYEN RELLENO<br \/>\n100% ALGOD\u00d3N<\/p>\n","protected":false},"excerpt":{"rendered":"<p>Bell\u00edsimo juego de cama bordado en telar por tejedoras de San Andres Larraizar, Chiapas. Con dise\u00f1o de \u00e1rbol de la vida, hecho en telar.<\/p>\n","protected":false},"featured_media":7601,"comment_status":"open","ping_status":"closed","template":"","meta":{"sfsi_plus_gutenberg_text_before_share":"","sfsi_plus_gutenberg_show_text_before_share":"","sfsi_plus_gutenberg_icon_type":"","sfsi_plus_gutenberg_icon_alignemt":"","sfsi_plus_gutenburg_max_per_row":""},"product_cat":[1371,210,336,337],"product_tag":[1169,1017,232,383,1734,223],"acf":[],"yoast_head":"<!-- This site is optimized with the Yoast SEO plugin v23.5 - https:\/\/yoast.com\/wordpress\/plugins\/seo\/ -->\n<title>Set de Cama \u00c1rbol de la Vida -<\/title>\n<meta name=\"robots\" content=\"index, follow, max-snippet:-1, max-image-preview:large, max-video-preview:-1\" \/>\n<link rel=\"canonical\" href=\"https:\/\/teterete.com\/mx\/producto\/set-de-cama-arbol-de-la-vida\/\" \/>\n<meta property=\"og:locale\" content=\"es_ES\" \/>\n<meta property=\"og:type\" content=\"article\" \/>\n<meta property=\"og:title\" content=\"Set de Cama \u00c1rbol de la Vida -\" \/>\n<meta property=\"og:description\" content=\"Bell\u00edsimo juego de cama bordado en telar por tejedoras de San Andres Larraizar, Chiapas. Con dise\u00f1o de \u00e1rbol de la vida, hecho en telar.\" \/>\n<meta property=\"og:url\" content=\"https:\/\/teterete.com\/mx\/producto\/set-de-cama-arbol-de-la-vida\/\" \/>\n<meta property=\"article:publisher\" content=\"https:\/\/www.facebook.com\/TetereteHome\/\" \/>\n<meta property=\"article:modified_time\" content=\"2023-07-28T21:52:27+00:00\" \/>\n<meta property=\"og:image\" content=\"https:\/\/teterete.com\/mx\/wp-content\/uploads\/2020\/06\/set-de-cama-bordado-en-telar.jpeg\" \/>\n\t<meta property=\"og:image:width\" content=\"960\" \/>\n\t<meta property=\"og:image:height\" content=\"960\" \/>\n\t<meta property=\"og:image:type\" content=\"image\/jpeg\" \/>\n<meta name=\"twitter:card\" content=\"summary_large_image\" \/>\n<meta name=\"twitter:site\" content=\"@Teterete_Home\" \/>\n<script type=\"application\/ld+json\" class=\"yoast-schema-graph\">{\"@context\":\"https:\/\/schema.org\",\"@graph\":[{\"@type\":\"WebPage\",\"@id\":\"https:\/\/teterete.com\/mx\/producto\/set-de-cama-arbol-de-la-vida\/\",\"url\":\"https:\/\/teterete.com\/mx\/producto\/set-de-cama-arbol-de-la-vida\/\",\"name\":\"Set de Cama \u00c1rbol de la Vida -\",\"isPartOf\":{\"@id\":\"https:\/\/teterete.com\/mx\/#website\"},\"primaryImageOfPage\":{\"@id\":\"https:\/\/teterete.com\/mx\/producto\/set-de-cama-arbol-de-la-vida\/#primaryimage\"},\"image\":{\"@id\":\"https:\/\/teterete.com\/mx\/producto\/set-de-cama-arbol-de-la-vida\/#primaryimage\"},\"thumbnailUrl\":\"https:\/\/teterete.com\/mx\/wp-content\/uploads\/2020\/06\/set-de-cama-bordado-en-telar.jpeg\",\"datePublished\":\"2020-06-06T20:04:43+00:00\",\"dateModified\":\"2023-07-28T21:52:27+00:00\",\"breadcrumb\":{\"@id\":\"https:\/\/teterete.com\/mx\/producto\/set-de-cama-arbol-de-la-vida\/#breadcrumb\"},\"inLanguage\":\"es\",\"potentialAction\":[{\"@type\":\"ReadAction\",\"target\":[\"https:\/\/teterete.com\/mx\/producto\/set-de-cama-arbol-de-la-vida\/\"]}]},{\"@type\":\"ImageObject\",\"inLanguage\":\"es\",\"@id\":\"https:\/\/teterete.com\/mx\/producto\/set-de-cama-arbol-de-la-vida\/#primaryimage\",\"url\":\"https:\/\/teterete.com\/mx\/wp-content\/uploads\/2020\/06\/set-de-cama-bordado-en-telar.jpeg\",\"contentUrl\":\"https:\/\/teterete.com\/mx\/wp-content\/uploads\/2020\/06\/set-de-cama-bordado-en-telar.jpeg\",\"width\":\"960\",\"height\":\"960\",\"caption\":\"Set de Cama Bordado\"},{\"@type\":\"BreadcrumbList\",\"@id\":\"https:\/\/teterete.com\/mx\/producto\/set-de-cama-arbol-de-la-vida\/#breadcrumb\",\"itemListElement\":[{\"@type\":\"ListItem\",\"position\":1,\"name\":\"Home\",\"item\":\"https:\/\/teterete.com\/mx\/\"},{\"@type\":\"ListItem\",\"position\":2,\"name\":\"Productos\",\"item\":\"https:\/\/teterete.com\/mx\/shop\/\"},{\"@type\":\"ListItem\",\"position\":3,\"name\":\"Set de Cama \u00c1rbol de la Vida\"}]},{\"@type\":\"WebSite\",\"@id\":\"https:\/\/teterete.com\/mx\/#website\",\"url\":\"https:\/\/teterete.com\/mx\/\",\"name\":\"\",\"description\":\"Tienda en L\u00ednea de Fina Artesanias y Dise\u00f1o Mexicano. Bellas piezas elaboradas a mano por los mejores artesanos del pa\u00eds as\u00ed como piezas de dise\u00f1o y decoraci\u00f3n con inspiraci\u00f3n artesanal.\",\"potentialAction\":[{\"@type\":\"SearchAction\",\"target\":{\"@type\":\"EntryPoint\",\"urlTemplate\":\"https:\/\/teterete.com\/mx\/?s={search_term_string}\"},\"query-input\":{\"@type\":\"PropertyValueSpecification\",\"valueRequired\":true,\"valueName\":\"search_term_string\"}}],\"inLanguage\":\"es\"}]}<\/script>\n<!-- \/ Yoast SEO plugin. -->","yoast_head_json":{"title":"Set de Cama \u00c1rbol de la Vida -","robots":{"index":"index","follow":"follow","max-snippet":"max-snippet:-1","max-image-preview":"max-image-preview:large","max-video-preview":"max-video-preview:-1"},"canonical":"https:\/\/teterete.com\/mx\/producto\/set-de-cama-arbol-de-la-vida\/","og_locale":"es_ES","og_type":"article","og_title":"Set de Cama \u00c1rbol de la Vida -","og_description":"Bell\u00edsimo juego de cama bordado en telar por tejedoras de San Andres Larraizar, Chiapas. Con dise\u00f1o de \u00e1rbol de la vida, hecho en telar.","og_url":"https:\/\/teterete.com\/mx\/producto\/set-de-cama-arbol-de-la-vida\/","article_publisher":"https:\/\/www.facebook.com\/TetereteHome\/","article_modified_time":"2023-07-28T21:52:27+00:00","og_image":[{"width":960,"height":960,"url":"https:\/\/teterete.com\/mx\/wp-content\/uploads\/2020\/06\/set-de-cama-bordado-en-telar.jpeg","type":"image\/jpeg"}],"twitter_card":"summary_large_image","twitter_site":"@Teterete_Home","schema":{"@context":"https:\/\/schema.org","@graph":[{"@type":"WebPage","@id":"https:\/\/teterete.com\/mx\/producto\/set-de-cama-arbol-de-la-vida\/","url":"https:\/\/teterete.com\/mx\/producto\/set-de-cama-arbol-de-la-vida\/","name":"Set de Cama \u00c1rbol de la Vida -","isPartOf":{"@id":"https:\/\/teterete.com\/mx\/#website"},"primaryImageOfPage":{"@id":"https:\/\/teterete.com\/mx\/producto\/set-de-cama-arbol-de-la-vida\/#primaryimage"},"image":{"@id":"https:\/\/teterete.com\/mx\/producto\/set-de-cama-arbol-de-la-vida\/#primaryimage"},"thumbnailUrl":"https:\/\/teterete.com\/mx\/wp-content\/uploads\/2020\/06\/set-de-cama-bordado-en-telar.jpeg","datePublished":"2020-06-06T20:04:43+00:00","dateModified":"2023-07-28T21:52:27+00:00","breadcrumb":{"@id":"https:\/\/teterete.com\/mx\/producto\/set-de-cama-arbol-de-la-vida\/#breadcrumb"},"inLanguage":"es","potentialAction":[{"@type":"ReadAction","target":["https:\/\/teterete.com\/mx\/producto\/set-de-cama-arbol-de-la-vida\/"]}]},{"@type":"ImageObject","inLanguage":"es","@id":"https:\/\/teterete.com\/mx\/producto\/set-de-cama-arbol-de-la-vida\/#primaryimage","url":"https:\/\/teterete.com\/mx\/wp-content\/uploads\/2020\/06\/set-de-cama-bordado-en-telar.jpeg","contentUrl":"https:\/\/teterete.com\/mx\/wp-content\/uploads\/2020\/06\/set-de-cama-bordado-en-telar.jpeg","width":"960","height":"960","caption":"Set de Cama Bordado"},{"@type":"BreadcrumbList","@id":"https:\/\/teterete.com\/mx\/producto\/set-de-cama-arbol-de-la-vida\/#breadcrumb","itemListElement":[{"@type":"ListItem","position":1,"name":"Home","item":"https:\/\/teterete.com\/mx\/"},{"@type":"ListItem","position":2,"name":"Productos","item":"https:\/\/teterete.com\/mx\/shop\/"},{"@type":"ListItem","position":3,"name":"Set de Cama \u00c1rbol de la Vida"}]},{"@type":"WebSite","@id":"https:\/\/teterete.com\/mx\/#website","url":"https:\/\/teterete.com\/mx\/","name":"","description":"Tienda en L\u00ednea de Fina Artesanias y Dise\u00f1o Mexicano. Bellas piezas elaboradas a mano por los mejores artesanos del pa\u00eds as\u00ed como piezas de dise\u00f1o y decoraci\u00f3n con inspiraci\u00f3n artesanal.","potentialAction":[{"@type":"SearchAction","target":{"@type":"EntryPoint","urlTemplate":"https:\/\/teterete.com\/mx\/?s={search_term_string}"},"query-input":{"@type":"PropertyValueSpecification","valueRequired":true,"valueName":"search_term_string"}}],"inLanguage":"es"}]}},"_links":{"self":[{"href":"https:\/\/teterete.com\/mx\/wp-json\/wp\/v2\/product\/7600"}],"collection":[{"href":"https:\/\/teterete.com\/mx\/wp-json\/wp\/v2\/product"}],"about":[{"href":"https:\/\/teterete.com\/mx\/wp-json\/wp\/v2\/types\/product"}],"replies":[{"embeddable":true,"href":"https:\/\/teterete.com\/mx\/wp-json\/wp\/v2\/comments?post=7600"}],"wp:featuredmedia":[{"embeddable":true,"href":"https:\/\/teterete.com\/mx\/wp-json\/wp\/v2\/media\/7601"}],"wp:attachment":[{"href":"https:\/\/teterete.com\/mx\/wp-json\/wp\/v2\/media?parent=7600"}],"wp:term":[{"taxonomy":"product_cat","embeddable":true,"href":"https:\/\/teterete.com\/mx\/wp-json\/wp\/v2\/product_cat?post=7600"},{"taxonomy":"product_tag","embeddable":true,"href":"https:\/\/teterete.com\/mx\/wp-json\/wp\/v2\/product_tag?post=7600"}],"curies":[{"name":"wp","href":"https:\/\/api.w.org\/{rel}","templated":true}]}}