{"id":7618,"date":"2020-06-16T18:56:29","date_gmt":"2020-06-16T18:56:29","guid":{"rendered":"https:\/\/teterete.com\/mx\/?post_type=product&#038;p=7618"},"modified":"2026-03-24T22:04:04","modified_gmt":"2026-03-24T22:04:04","slug":"calavera-artesanal-con-mariposas","status":"publish","type":"product","link":"https:\/\/teterete.com\/mx\/producto\/calavera-artesanal-con-mariposas\/","title":{"rendered":"Calavera Artesanal con Mariposas"},"content":{"rendered":"<p>Material: Calavera de cer\u00e1mica con incrustaciones de mariposas moldeadas y pintadas a mano<\/p>\n<p>Medidas cms : 18 largo x 15 ancho x 14 alto<\/p>\n<p>&nbsp;<\/p>\n","protected":false},"excerpt":{"rendered":"<p>Extraordinaria pieza artesanal hecha por reconocida familia de artesanos de Iz\u00facar, bella representaci\u00f3n de calaveras tradicionales con mariposas monarcas moldeadas y pintadas a mano.<\/p>\n","protected":false},"featured_media":9213,"comment_status":"open","ping_status":"closed","template":"","meta":{"sfsi_plus_gutenberg_text_before_share":"","sfsi_plus_gutenberg_show_text_before_share":"","sfsi_plus_gutenberg_icon_type":"","sfsi_plus_gutenberg_icon_alignemt":"","sfsi_plus_gutenburg_max_per_row":""},"product_cat":[2057,354,542,15,538,350],"product_tag":[236,1737,1738,228],"acf":[],"yoast_head":"<!-- This site is optimized with the Yoast SEO plugin v23.5 - https:\/\/yoast.com\/wordpress\/plugins\/seo\/ -->\n<title>Calavera Artesanal con Mariposas -<\/title>\n<meta name=\"robots\" content=\"index, follow, max-snippet:-1, max-image-preview:large, max-video-preview:-1\" \/>\n<link rel=\"canonical\" href=\"https:\/\/teterete.com\/mx\/producto\/calavera-artesanal-con-mariposas\/\" \/>\n<meta property=\"og:locale\" content=\"es_ES\" \/>\n<meta property=\"og:type\" content=\"article\" \/>\n<meta property=\"og:title\" content=\"Calavera Artesanal con Mariposas -\" \/>\n<meta property=\"og:description\" content=\"Extraordinaria pieza artesanal hecha por reconocida familia de artesanos de Iz\u00facar, bella representaci\u00f3n de calaveras tradicionales con mariposas monarcas moldeadas y pintadas a mano.\" \/>\n<meta property=\"og:url\" content=\"https:\/\/teterete.com\/mx\/producto\/calavera-artesanal-con-mariposas\/\" \/>\n<meta property=\"article:publisher\" content=\"https:\/\/www.facebook.com\/TetereteHome\/\" \/>\n<meta property=\"article:modified_time\" content=\"2026-03-24T22:04:04+00:00\" \/>\n<meta property=\"og:image\" content=\"https:\/\/teterete.com\/mx\/wp-content\/uploads\/2020\/06\/calavera-mexicana-mariposas.jpg\" \/>\n\t<meta property=\"og:image:width\" content=\"500\" \/>\n\t<meta property=\"og:image:height\" content=\"500\" \/>\n\t<meta property=\"og:image:type\" content=\"image\/jpeg\" \/>\n<meta name=\"twitter:card\" content=\"summary_large_image\" \/>\n<meta name=\"twitter:site\" content=\"@Teterete_Home\" \/>\n<script type=\"application\/ld+json\" class=\"yoast-schema-graph\">{\"@context\":\"https:\/\/schema.org\",\"@graph\":[{\"@type\":\"WebPage\",\"@id\":\"https:\/\/teterete.com\/mx\/producto\/calavera-artesanal-con-mariposas\/\",\"url\":\"https:\/\/teterete.com\/mx\/producto\/calavera-artesanal-con-mariposas\/\",\"name\":\"Calavera Artesanal con Mariposas -\",\"isPartOf\":{\"@id\":\"https:\/\/teterete.com\/mx\/#website\"},\"primaryImageOfPage\":{\"@id\":\"https:\/\/teterete.com\/mx\/producto\/calavera-artesanal-con-mariposas\/#primaryimage\"},\"image\":{\"@id\":\"https:\/\/teterete.com\/mx\/producto\/calavera-artesanal-con-mariposas\/#primaryimage\"},\"thumbnailUrl\":\"https:\/\/teterete.com\/mx\/wp-content\/uploads\/2020\/06\/calavera-mexicana-mariposas.jpg\",\"datePublished\":\"2020-06-16T18:56:29+00:00\",\"dateModified\":\"2026-03-24T22:04:04+00:00\",\"breadcrumb\":{\"@id\":\"https:\/\/teterete.com\/mx\/producto\/calavera-artesanal-con-mariposas\/#breadcrumb\"},\"inLanguage\":\"es\",\"potentialAction\":[{\"@type\":\"ReadAction\",\"target\":[\"https:\/\/teterete.com\/mx\/producto\/calavera-artesanal-con-mariposas\/\"]}]},{\"@type\":\"ImageObject\",\"inLanguage\":\"es\",\"@id\":\"https:\/\/teterete.com\/mx\/producto\/calavera-artesanal-con-mariposas\/#primaryimage\",\"url\":\"https:\/\/teterete.com\/mx\/wp-content\/uploads\/2020\/06\/calavera-mexicana-mariposas.jpg\",\"contentUrl\":\"https:\/\/teterete.com\/mx\/wp-content\/uploads\/2020\/06\/calavera-mexicana-mariposas.jpg\",\"width\":500,\"height\":500,\"caption\":\"Calavera mexicana con incrustaciones de mariposas.\"},{\"@type\":\"BreadcrumbList\",\"@id\":\"https:\/\/teterete.com\/mx\/producto\/calavera-artesanal-con-mariposas\/#breadcrumb\",\"itemListElement\":[{\"@type\":\"ListItem\",\"position\":1,\"name\":\"Home\",\"item\":\"https:\/\/teterete.com\/mx\/\"},{\"@type\":\"ListItem\",\"position\":2,\"name\":\"Productos\",\"item\":\"https:\/\/teterete.com\/mx\/shop\/\"},{\"@type\":\"ListItem\",\"position\":3,\"name\":\"Calavera Artesanal con Mariposas\"}]},{\"@type\":\"WebSite\",\"@id\":\"https:\/\/teterete.com\/mx\/#website\",\"url\":\"https:\/\/teterete.com\/mx\/\",\"name\":\"\",\"description\":\"Tienda en L\u00ednea de Fina Artesanias y Dise\u00f1o Mexicano. Bellas piezas elaboradas a mano por los mejores artesanos del pa\u00eds as\u00ed como piezas de dise\u00f1o y decoraci\u00f3n con inspiraci\u00f3n artesanal.\",\"potentialAction\":[{\"@type\":\"SearchAction\",\"target\":{\"@type\":\"EntryPoint\",\"urlTemplate\":\"https:\/\/teterete.com\/mx\/?s={search_term_string}\"},\"query-input\":{\"@type\":\"PropertyValueSpecification\",\"valueRequired\":true,\"valueName\":\"search_term_string\"}}],\"inLanguage\":\"es\"}]}<\/script>\n<!-- \/ Yoast SEO plugin. -->","yoast_head_json":{"title":"Calavera Artesanal con Mariposas -","robots":{"index":"index","follow":"follow","max-snippet":"max-snippet:-1","max-image-preview":"max-image-preview:large","max-video-preview":"max-video-preview:-1"},"canonical":"https:\/\/teterete.com\/mx\/producto\/calavera-artesanal-con-mariposas\/","og_locale":"es_ES","og_type":"article","og_title":"Calavera Artesanal con Mariposas -","og_description":"Extraordinaria pieza artesanal hecha por reconocida familia de artesanos de Iz\u00facar, bella representaci\u00f3n de calaveras tradicionales con mariposas monarcas moldeadas y pintadas a mano.","og_url":"https:\/\/teterete.com\/mx\/producto\/calavera-artesanal-con-mariposas\/","article_publisher":"https:\/\/www.facebook.com\/TetereteHome\/","article_modified_time":"2026-03-24T22:04:04+00:00","og_image":[{"width":500,"height":500,"url":"https:\/\/teterete.com\/mx\/wp-content\/uploads\/2020\/06\/calavera-mexicana-mariposas.jpg","type":"image\/jpeg"}],"twitter_card":"summary_large_image","twitter_site":"@Teterete_Home","schema":{"@context":"https:\/\/schema.org","@graph":[{"@type":"WebPage","@id":"https:\/\/teterete.com\/mx\/producto\/calavera-artesanal-con-mariposas\/","url":"https:\/\/teterete.com\/mx\/producto\/calavera-artesanal-con-mariposas\/","name":"Calavera Artesanal con Mariposas -","isPartOf":{"@id":"https:\/\/teterete.com\/mx\/#website"},"primaryImageOfPage":{"@id":"https:\/\/teterete.com\/mx\/producto\/calavera-artesanal-con-mariposas\/#primaryimage"},"image":{"@id":"https:\/\/teterete.com\/mx\/producto\/calavera-artesanal-con-mariposas\/#primaryimage"},"thumbnailUrl":"https:\/\/teterete.com\/mx\/wp-content\/uploads\/2020\/06\/calavera-mexicana-mariposas.jpg","datePublished":"2020-06-16T18:56:29+00:00","dateModified":"2026-03-24T22:04:04+00:00","breadcrumb":{"@id":"https:\/\/teterete.com\/mx\/producto\/calavera-artesanal-con-mariposas\/#breadcrumb"},"inLanguage":"es","potentialAction":[{"@type":"ReadAction","target":["https:\/\/teterete.com\/mx\/producto\/calavera-artesanal-con-mariposas\/"]}]},{"@type":"ImageObject","inLanguage":"es","@id":"https:\/\/teterete.com\/mx\/producto\/calavera-artesanal-con-mariposas\/#primaryimage","url":"https:\/\/teterete.com\/mx\/wp-content\/uploads\/2020\/06\/calavera-mexicana-mariposas.jpg","contentUrl":"https:\/\/teterete.com\/mx\/wp-content\/uploads\/2020\/06\/calavera-mexicana-mariposas.jpg","width":500,"height":500,"caption":"Calavera mexicana con incrustaciones de mariposas."},{"@type":"BreadcrumbList","@id":"https:\/\/teterete.com\/mx\/producto\/calavera-artesanal-con-mariposas\/#breadcrumb","itemListElement":[{"@type":"ListItem","position":1,"name":"Home","item":"https:\/\/teterete.com\/mx\/"},{"@type":"ListItem","position":2,"name":"Productos","item":"https:\/\/teterete.com\/mx\/shop\/"},{"@type":"ListItem","position":3,"name":"Calavera Artesanal con Mariposas"}]},{"@type":"WebSite","@id":"https:\/\/teterete.com\/mx\/#website","url":"https:\/\/teterete.com\/mx\/","name":"","description":"Tienda en L\u00ednea de Fina Artesanias y Dise\u00f1o Mexicano. Bellas piezas elaboradas a mano por los mejores artesanos del pa\u00eds as\u00ed como piezas de dise\u00f1o y decoraci\u00f3n con inspiraci\u00f3n artesanal.","potentialAction":[{"@type":"SearchAction","target":{"@type":"EntryPoint","urlTemplate":"https:\/\/teterete.com\/mx\/?s={search_term_string}"},"query-input":{"@type":"PropertyValueSpecification","valueRequired":true,"valueName":"search_term_string"}}],"inLanguage":"es"}]}},"_links":{"self":[{"href":"https:\/\/teterete.com\/mx\/wp-json\/wp\/v2\/product\/7618"}],"collection":[{"href":"https:\/\/teterete.com\/mx\/wp-json\/wp\/v2\/product"}],"about":[{"href":"https:\/\/teterete.com\/mx\/wp-json\/wp\/v2\/types\/product"}],"replies":[{"embeddable":true,"href":"https:\/\/teterete.com\/mx\/wp-json\/wp\/v2\/comments?post=7618"}],"wp:featuredmedia":[{"embeddable":true,"href":"https:\/\/teterete.com\/mx\/wp-json\/wp\/v2\/media\/9213"}],"wp:attachment":[{"href":"https:\/\/teterete.com\/mx\/wp-json\/wp\/v2\/media?parent=7618"}],"wp:term":[{"taxonomy":"product_cat","embeddable":true,"href":"https:\/\/teterete.com\/mx\/wp-json\/wp\/v2\/product_cat?post=7618"},{"taxonomy":"product_tag","embeddable":true,"href":"https:\/\/teterete.com\/mx\/wp-json\/wp\/v2\/product_tag?post=7618"}],"curies":[{"name":"wp","href":"https:\/\/api.w.org\/{rel}","templated":true}]}}