{"id":7628,"date":"2020-06-14T17:00:52","date_gmt":"2020-06-14T17:00:52","guid":{"rendered":"https:\/\/teterete.com\/mx\/?post_type=product&#038;p=7628"},"modified":"2020-11-15T19:28:52","modified_gmt":"2020-11-15T19:28:52","slug":"arbol-de-la-vida-torito","status":"publish","type":"product","link":"https:\/\/teterete.com\/mx\/producto\/arbol-de-la-vida-torito\/","title":{"rendered":"\u00c1rbol de la Vida Torito"},"content":{"rendered":"<p>Medidas: 50 cms de alto x 55 cms de ancho<\/p>\n<p>Material: Barro y pintado a mano con pigmentos naturales<\/p>\n<p>Origen: Iz\u00facar de Matamoros realizado por maestros del arte popular<\/p>\n","protected":false},"excerpt":{"rendered":"<p>\u00c1rbol de la vida celebrando las fiestas populares de los pueblos con este torito usado para la pirotecnia, joya de la artesan\u00eda mexicana minuciosamente elaborado por familia de maestros artesanos de Iz\u00facar.<\/p>\n","protected":false},"featured_media":7629,"comment_status":"open","ping_status":"closed","template":"","meta":{"_acf_changed":false,"sfsi_plus_gutenberg_text_before_share":"","sfsi_plus_gutenberg_show_text_before_share":"","sfsi_plus_gutenberg_icon_type":"","sfsi_plus_gutenberg_icon_alignemt":"","sfsi_plus_gutenburg_max_per_row":""},"product_brand":[],"product_cat":[538,350],"product_tag":[305,1640,236,228,232,1639],"class_list":{"0":"post-7628","1":"product","2":"type-product","3":"status-publish","4":"has-post-thumbnail","6":"product_cat-para_el","7":"product_cat-piezas-unicas","8":"product_tag-arbol-de-la-vida","9":"product_tag-arbol-de-la-vida-mexicano","10":"product_tag-arte-mexicano","11":"product_tag-ceramica-mexicana","12":"product_tag-decoracion-mexicana","13":"product_tag-joya-artesanal-mexicana","14":"product_shipping_class-standard","16":"first","17":"instock","18":"taxable","19":"shipping-taxable","20":"purchasable","21":"product-type-simple"},"acf":[],"yoast_head":"<!-- This site is optimized with the Yoast SEO plugin v27.5 - https:\/\/yoast.com\/product\/yoast-seo-wordpress\/ -->\n<title>\u00c1rbol de la Vida Torito -<\/title>\n<meta name=\"robots\" content=\"index, follow, max-snippet:-1, max-image-preview:large, max-video-preview:-1\" \/>\n<link rel=\"canonical\" href=\"https:\/\/teterete.com\/mx\/producto\/arbol-de-la-vida-torito\/\" \/>\n<meta property=\"og:locale\" content=\"es_ES\" \/>\n<meta property=\"og:type\" content=\"article\" \/>\n<meta property=\"og:title\" content=\"\u00c1rbol de la Vida Torito -\" \/>\n<meta property=\"og:description\" content=\"\u00c1rbol de la vida celebrando las fiestas populares de los pueblos con este torito usado para la pirotecnia, joya de la artesan\u00eda mexicana minuciosamente elaborado por familia de maestros artesanos de Iz\u00facar.\" \/>\n<meta property=\"og:url\" content=\"https:\/\/teterete.com\/mx\/producto\/arbol-de-la-vida-torito\/\" \/>\n<meta property=\"article:publisher\" content=\"https:\/\/www.facebook.com\/TetereteHome\/\" \/>\n<meta property=\"article:modified_time\" content=\"2020-11-15T19:28:52+00:00\" \/>\n<meta property=\"og:image\" content=\"https:\/\/teterete.com\/mx\/wp-content\/uploads\/2020\/06\/arbol-de-la-vida-torito.jpg\" \/>\n\t<meta property=\"og:image:width\" content=\"800\" \/>\n\t<meta property=\"og:image:height\" content=\"800\" \/>\n\t<meta property=\"og:image:type\" content=\"image\/jpeg\" \/>\n<meta name=\"twitter:card\" content=\"summary_large_image\" \/>\n<meta name=\"twitter:site\" content=\"@Teterete_Home\" \/>\n<script type=\"application\/ld+json\" class=\"yoast-schema-graph\">{\"@context\":\"https:\\\/\\\/schema.org\",\"@graph\":[{\"@type\":\"WebPage\",\"@id\":\"https:\\\/\\\/teterete.com\\\/mx\\\/producto\\\/arbol-de-la-vida-torito\\\/\",\"url\":\"https:\\\/\\\/teterete.com\\\/mx\\\/producto\\\/arbol-de-la-vida-torito\\\/\",\"name\":\"\u00c1rbol de la Vida Torito -\",\"isPartOf\":{\"@id\":\"https:\\\/\\\/teterete.com\\\/mx\\\/#website\"},\"primaryImageOfPage\":{\"@id\":\"https:\\\/\\\/teterete.com\\\/mx\\\/producto\\\/arbol-de-la-vida-torito\\\/#primaryimage\"},\"image\":{\"@id\":\"https:\\\/\\\/teterete.com\\\/mx\\\/producto\\\/arbol-de-la-vida-torito\\\/#primaryimage\"},\"thumbnailUrl\":\"https:\\\/\\\/teterete.com\\\/mx\\\/wp-content\\\/uploads\\\/2020\\\/06\\\/arbol-de-la-vida-torito.jpg\",\"datePublished\":\"2020-06-14T17:00:52+00:00\",\"dateModified\":\"2020-11-15T19:28:52+00:00\",\"breadcrumb\":{\"@id\":\"https:\\\/\\\/teterete.com\\\/mx\\\/producto\\\/arbol-de-la-vida-torito\\\/#breadcrumb\"},\"inLanguage\":\"es\",\"potentialAction\":[{\"@type\":\"ReadAction\",\"target\":[\"https:\\\/\\\/teterete.com\\\/mx\\\/producto\\\/arbol-de-la-vida-torito\\\/\"]}]},{\"@type\":\"ImageObject\",\"inLanguage\":\"es\",\"@id\":\"https:\\\/\\\/teterete.com\\\/mx\\\/producto\\\/arbol-de-la-vida-torito\\\/#primaryimage\",\"url\":\"https:\\\/\\\/teterete.com\\\/mx\\\/wp-content\\\/uploads\\\/2020\\\/06\\\/arbol-de-la-vida-torito.jpg\",\"contentUrl\":\"https:\\\/\\\/teterete.com\\\/mx\\\/wp-content\\\/uploads\\\/2020\\\/06\\\/arbol-de-la-vida-torito.jpg\",\"width\":\"800\",\"height\":\"800\",\"caption\":\"\u00c1rbol de la Vida Torito\"},{\"@type\":\"BreadcrumbList\",\"@id\":\"https:\\\/\\\/teterete.com\\\/mx\\\/producto\\\/arbol-de-la-vida-torito\\\/#breadcrumb\",\"itemListElement\":[{\"@type\":\"ListItem\",\"position\":1,\"name\":\"Home\",\"item\":\"https:\\\/\\\/teterete.com\\\/mx\\\/\"},{\"@type\":\"ListItem\",\"position\":2,\"name\":\"Productos\",\"item\":\"https:\\\/\\\/teterete.com\\\/mx\\\/shop\\\/\"},{\"@type\":\"ListItem\",\"position\":3,\"name\":\"\u00c1rbol de la Vida Torito\"}]},{\"@type\":\"WebSite\",\"@id\":\"https:\\\/\\\/teterete.com\\\/mx\\\/#website\",\"url\":\"https:\\\/\\\/teterete.com\\\/mx\\\/\",\"name\":\"\",\"description\":\"Tienda en L\u00ednea de Fina Artesanias y Dise\u00f1o Mexicano. Bellas piezas elaboradas a mano por los mejores artesanos del pa\u00eds as\u00ed como piezas de dise\u00f1o y decoraci\u00f3n con inspiraci\u00f3n artesanal.\",\"potentialAction\":[{\"@type\":\"SearchAction\",\"target\":{\"@type\":\"EntryPoint\",\"urlTemplate\":\"https:\\\/\\\/teterete.com\\\/mx\\\/?s={search_term_string}\"},\"query-input\":{\"@type\":\"PropertyValueSpecification\",\"valueRequired\":true,\"valueName\":\"search_term_string\"}}],\"inLanguage\":\"es\"}]}<\/script>\n<!-- \/ Yoast SEO plugin. -->","yoast_head_json":{"title":"\u00c1rbol de la Vida Torito -","robots":{"index":"index","follow":"follow","max-snippet":"max-snippet:-1","max-image-preview":"max-image-preview:large","max-video-preview":"max-video-preview:-1"},"canonical":"https:\/\/teterete.com\/mx\/producto\/arbol-de-la-vida-torito\/","og_locale":"es_ES","og_type":"article","og_title":"\u00c1rbol de la Vida Torito -","og_description":"\u00c1rbol de la vida celebrando las fiestas populares de los pueblos con este torito usado para la pirotecnia, joya de la artesan\u00eda mexicana minuciosamente elaborado por familia de maestros artesanos de Iz\u00facar.","og_url":"https:\/\/teterete.com\/mx\/producto\/arbol-de-la-vida-torito\/","article_publisher":"https:\/\/www.facebook.com\/TetereteHome\/","article_modified_time":"2020-11-15T19:28:52+00:00","og_image":[{"width":800,"height":800,"url":"https:\/\/teterete.com\/mx\/wp-content\/uploads\/2020\/06\/arbol-de-la-vida-torito.jpg","type":"image\/jpeg"}],"twitter_card":"summary_large_image","twitter_site":"@Teterete_Home","schema":{"@context":"https:\/\/schema.org","@graph":[{"@type":"WebPage","@id":"https:\/\/teterete.com\/mx\/producto\/arbol-de-la-vida-torito\/","url":"https:\/\/teterete.com\/mx\/producto\/arbol-de-la-vida-torito\/","name":"\u00c1rbol de la Vida Torito -","isPartOf":{"@id":"https:\/\/teterete.com\/mx\/#website"},"primaryImageOfPage":{"@id":"https:\/\/teterete.com\/mx\/producto\/arbol-de-la-vida-torito\/#primaryimage"},"image":{"@id":"https:\/\/teterete.com\/mx\/producto\/arbol-de-la-vida-torito\/#primaryimage"},"thumbnailUrl":"https:\/\/teterete.com\/mx\/wp-content\/uploads\/2020\/06\/arbol-de-la-vida-torito.jpg","datePublished":"2020-06-14T17:00:52+00:00","dateModified":"2020-11-15T19:28:52+00:00","breadcrumb":{"@id":"https:\/\/teterete.com\/mx\/producto\/arbol-de-la-vida-torito\/#breadcrumb"},"inLanguage":"es","potentialAction":[{"@type":"ReadAction","target":["https:\/\/teterete.com\/mx\/producto\/arbol-de-la-vida-torito\/"]}]},{"@type":"ImageObject","inLanguage":"es","@id":"https:\/\/teterete.com\/mx\/producto\/arbol-de-la-vida-torito\/#primaryimage","url":"https:\/\/teterete.com\/mx\/wp-content\/uploads\/2020\/06\/arbol-de-la-vida-torito.jpg","contentUrl":"https:\/\/teterete.com\/mx\/wp-content\/uploads\/2020\/06\/arbol-de-la-vida-torito.jpg","width":"800","height":"800","caption":"\u00c1rbol de la Vida Torito"},{"@type":"BreadcrumbList","@id":"https:\/\/teterete.com\/mx\/producto\/arbol-de-la-vida-torito\/#breadcrumb","itemListElement":[{"@type":"ListItem","position":1,"name":"Home","item":"https:\/\/teterete.com\/mx\/"},{"@type":"ListItem","position":2,"name":"Productos","item":"https:\/\/teterete.com\/mx\/shop\/"},{"@type":"ListItem","position":3,"name":"\u00c1rbol de la Vida Torito"}]},{"@type":"WebSite","@id":"https:\/\/teterete.com\/mx\/#website","url":"https:\/\/teterete.com\/mx\/","name":"","description":"Tienda en L\u00ednea de Fina Artesanias y Dise\u00f1o Mexicano. Bellas piezas elaboradas a mano por los mejores artesanos del pa\u00eds as\u00ed como piezas de dise\u00f1o y decoraci\u00f3n con inspiraci\u00f3n artesanal.","potentialAction":[{"@type":"SearchAction","target":{"@type":"EntryPoint","urlTemplate":"https:\/\/teterete.com\/mx\/?s={search_term_string}"},"query-input":{"@type":"PropertyValueSpecification","valueRequired":true,"valueName":"search_term_string"}}],"inLanguage":"es"}]}},"_links":{"self":[{"href":"https:\/\/teterete.com\/mx\/wp-json\/wp\/v2\/product\/7628","targetHints":{"allow":["GET"]}}],"collection":[{"href":"https:\/\/teterete.com\/mx\/wp-json\/wp\/v2\/product"}],"about":[{"href":"https:\/\/teterete.com\/mx\/wp-json\/wp\/v2\/types\/product"}],"replies":[{"embeddable":true,"href":"https:\/\/teterete.com\/mx\/wp-json\/wp\/v2\/comments?post=7628"}],"wp:featuredmedia":[{"embeddable":true,"href":"https:\/\/teterete.com\/mx\/wp-json\/wp\/v2\/media\/7629"}],"wp:attachment":[{"href":"https:\/\/teterete.com\/mx\/wp-json\/wp\/v2\/media?parent=7628"}],"wp:term":[{"taxonomy":"product_brand","embeddable":true,"href":"https:\/\/teterete.com\/mx\/wp-json\/wp\/v2\/product_brand?post=7628"},{"taxonomy":"product_cat","embeddable":true,"href":"https:\/\/teterete.com\/mx\/wp-json\/wp\/v2\/product_cat?post=7628"},{"taxonomy":"product_tag","embeddable":true,"href":"https:\/\/teterete.com\/mx\/wp-json\/wp\/v2\/product_tag?post=7628"}],"curies":[{"name":"wp","href":"https:\/\/api.w.org\/{rel}","templated":true}]}}