{"id":7636,"date":"2020-06-16T19:11:30","date_gmt":"2020-06-16T19:11:30","guid":{"rendered":"https:\/\/teterete.com\/mx\/?post_type=product&#038;p=7636"},"modified":"2022-07-14T16:17:36","modified_gmt":"2022-07-14T16:17:36","slug":"pantalla-haga-fibra-natural","status":"publish","type":"product","link":"https:\/\/teterete.com\/mx\/producto\/pantalla-haga-fibra-natural\/","title":{"rendered":"Pantalla Haga Fibra Natural"},"content":{"rendered":"<p>Material: Fibras Naturales<\/p>\n<p>Medidas: 64 x 64 cms<\/p>\n<p>Color: Natural y Negra<\/p>\n","protected":false},"excerpt":{"rendered":"<p>Aporta calidez y funcionalidad con est\u00e1s bellas pantallas realizadas en fibras naturales. Ideales para restaurantes, hoteles o tu casa de descanso.<\/p>\n","protected":false},"featured_media":7639,"comment_status":"open","ping_status":"closed","template":"","meta":{"_acf_changed":false,"sfsi_plus_gutenberg_text_before_share":"","sfsi_plus_gutenberg_show_text_before_share":"","sfsi_plus_gutenberg_icon_type":"","sfsi_plus_gutenberg_icon_alignemt":"","sfsi_plus_gutenburg_max_per_row":""},"product_brand":[],"product_cat":[1200,351,683],"product_tag":[1742,795,1740,1741,1739],"class_list":{"0":"post-7636","1":"product","2":"type-product","3":"status-publish","4":"has-post-thumbnail","6":"product_cat-iluminacion","7":"product_cat-lamparas","8":"product_cat-objetos_de_palma","9":"product_tag-decoracion-playa","10":"product_tag-lampara-artesanal","11":"product_tag-lampara-exteriores","12":"product_tag-lampara-terraza","13":"product_tag-pantalla-fibra-natural","14":"product_shipping_class-big-size","16":"first","17":"instock","18":"taxable","19":"shipping-taxable","20":"purchasable","21":"product-type-simple"},"acf":[],"yoast_head":"<!-- This site is optimized with the Yoast SEO plugin v27.6 - https:\/\/yoast.com\/product\/yoast-seo-wordpress\/ -->\n<title>Pantalla Haga Fibra Natural -<\/title>\n<meta name=\"robots\" content=\"index, follow, max-snippet:-1, max-image-preview:large, max-video-preview:-1\" \/>\n<link rel=\"canonical\" href=\"https:\/\/teterete.com\/mx\/producto\/pantalla-haga-fibra-natural\/\" \/>\n<meta property=\"og:locale\" content=\"es_ES\" \/>\n<meta property=\"og:type\" content=\"article\" \/>\n<meta property=\"og:title\" content=\"Pantalla Haga Fibra Natural -\" \/>\n<meta property=\"og:description\" content=\"Aporta calidez y funcionalidad con est\u00e1s bellas pantallas realizadas en fibras naturales. Ideales para restaurantes, hoteles o tu casa de descanso.\" \/>\n<meta property=\"og:url\" content=\"https:\/\/teterete.com\/mx\/producto\/pantalla-haga-fibra-natural\/\" \/>\n<meta property=\"article:publisher\" content=\"https:\/\/www.facebook.com\/TetereteHome\/\" \/>\n<meta property=\"article:modified_time\" content=\"2022-07-14T16:17:36+00:00\" \/>\n<meta property=\"og:image\" content=\"https:\/\/teterete.com\/mx\/wp-content\/uploads\/2020\/06\/pantalla-fibra-natural.jpg\" \/>\n\t<meta property=\"og:image:width\" content=\"580\" \/>\n\t<meta property=\"og:image:height\" content=\"580\" \/>\n\t<meta property=\"og:image:type\" content=\"image\/jpeg\" \/>\n<meta name=\"twitter:card\" content=\"summary_large_image\" \/>\n<meta name=\"twitter:site\" content=\"@Teterete_Home\" \/>\n<script type=\"application\/ld+json\" class=\"yoast-schema-graph\">{\"@context\":\"https:\\\/\\\/schema.org\",\"@graph\":[{\"@type\":\"WebPage\",\"@id\":\"https:\\\/\\\/teterete.com\\\/mx\\\/producto\\\/pantalla-haga-fibra-natural\\\/\",\"url\":\"https:\\\/\\\/teterete.com\\\/mx\\\/producto\\\/pantalla-haga-fibra-natural\\\/\",\"name\":\"Pantalla Haga Fibra Natural -\",\"isPartOf\":{\"@id\":\"https:\\\/\\\/teterete.com\\\/mx\\\/#website\"},\"primaryImageOfPage\":{\"@id\":\"https:\\\/\\\/teterete.com\\\/mx\\\/producto\\\/pantalla-haga-fibra-natural\\\/#primaryimage\"},\"image\":{\"@id\":\"https:\\\/\\\/teterete.com\\\/mx\\\/producto\\\/pantalla-haga-fibra-natural\\\/#primaryimage\"},\"thumbnailUrl\":\"https:\\\/\\\/teterete.com\\\/mx\\\/wp-content\\\/uploads\\\/2020\\\/06\\\/pantalla-fibra-natural.jpg\",\"datePublished\":\"2020-06-16T19:11:30+00:00\",\"dateModified\":\"2022-07-14T16:17:36+00:00\",\"breadcrumb\":{\"@id\":\"https:\\\/\\\/teterete.com\\\/mx\\\/producto\\\/pantalla-haga-fibra-natural\\\/#breadcrumb\"},\"inLanguage\":\"es\",\"potentialAction\":[{\"@type\":\"ReadAction\",\"target\":[\"https:\\\/\\\/teterete.com\\\/mx\\\/producto\\\/pantalla-haga-fibra-natural\\\/\"]}]},{\"@type\":\"ImageObject\",\"inLanguage\":\"es\",\"@id\":\"https:\\\/\\\/teterete.com\\\/mx\\\/producto\\\/pantalla-haga-fibra-natural\\\/#primaryimage\",\"url\":\"https:\\\/\\\/teterete.com\\\/mx\\\/wp-content\\\/uploads\\\/2020\\\/06\\\/pantalla-fibra-natural.jpg\",\"contentUrl\":\"https:\\\/\\\/teterete.com\\\/mx\\\/wp-content\\\/uploads\\\/2020\\\/06\\\/pantalla-fibra-natural.jpg\",\"width\":\"580\",\"height\":\"580\",\"caption\":\"Pantalla Fibra natural\"},{\"@type\":\"BreadcrumbList\",\"@id\":\"https:\\\/\\\/teterete.com\\\/mx\\\/producto\\\/pantalla-haga-fibra-natural\\\/#breadcrumb\",\"itemListElement\":[{\"@type\":\"ListItem\",\"position\":1,\"name\":\"Home\",\"item\":\"https:\\\/\\\/teterete.com\\\/mx\\\/\"},{\"@type\":\"ListItem\",\"position\":2,\"name\":\"Productos\",\"item\":\"https:\\\/\\\/teterete.com\\\/mx\\\/shop\\\/\"},{\"@type\":\"ListItem\",\"position\":3,\"name\":\"Pantalla Haga Fibra Natural\"}]},{\"@type\":\"WebSite\",\"@id\":\"https:\\\/\\\/teterete.com\\\/mx\\\/#website\",\"url\":\"https:\\\/\\\/teterete.com\\\/mx\\\/\",\"name\":\"\",\"description\":\"Tienda en L\u00ednea de Fina Artesanias y Dise\u00f1o Mexicano. Bellas piezas elaboradas a mano por los mejores artesanos del pa\u00eds as\u00ed como piezas de dise\u00f1o y decoraci\u00f3n con inspiraci\u00f3n artesanal.\",\"potentialAction\":[{\"@type\":\"SearchAction\",\"target\":{\"@type\":\"EntryPoint\",\"urlTemplate\":\"https:\\\/\\\/teterete.com\\\/mx\\\/?s={search_term_string}\"},\"query-input\":{\"@type\":\"PropertyValueSpecification\",\"valueRequired\":true,\"valueName\":\"search_term_string\"}}],\"inLanguage\":\"es\"}]}<\/script>\n<!-- \/ Yoast SEO plugin. -->","yoast_head_json":{"title":"Pantalla Haga Fibra Natural -","robots":{"index":"index","follow":"follow","max-snippet":"max-snippet:-1","max-image-preview":"max-image-preview:large","max-video-preview":"max-video-preview:-1"},"canonical":"https:\/\/teterete.com\/mx\/producto\/pantalla-haga-fibra-natural\/","og_locale":"es_ES","og_type":"article","og_title":"Pantalla Haga Fibra Natural -","og_description":"Aporta calidez y funcionalidad con est\u00e1s bellas pantallas realizadas en fibras naturales. Ideales para restaurantes, hoteles o tu casa de descanso.","og_url":"https:\/\/teterete.com\/mx\/producto\/pantalla-haga-fibra-natural\/","article_publisher":"https:\/\/www.facebook.com\/TetereteHome\/","article_modified_time":"2022-07-14T16:17:36+00:00","og_image":[{"width":580,"height":580,"url":"https:\/\/teterete.com\/mx\/wp-content\/uploads\/2020\/06\/pantalla-fibra-natural.jpg","type":"image\/jpeg"}],"twitter_card":"summary_large_image","twitter_site":"@Teterete_Home","schema":{"@context":"https:\/\/schema.org","@graph":[{"@type":"WebPage","@id":"https:\/\/teterete.com\/mx\/producto\/pantalla-haga-fibra-natural\/","url":"https:\/\/teterete.com\/mx\/producto\/pantalla-haga-fibra-natural\/","name":"Pantalla Haga Fibra Natural -","isPartOf":{"@id":"https:\/\/teterete.com\/mx\/#website"},"primaryImageOfPage":{"@id":"https:\/\/teterete.com\/mx\/producto\/pantalla-haga-fibra-natural\/#primaryimage"},"image":{"@id":"https:\/\/teterete.com\/mx\/producto\/pantalla-haga-fibra-natural\/#primaryimage"},"thumbnailUrl":"https:\/\/teterete.com\/mx\/wp-content\/uploads\/2020\/06\/pantalla-fibra-natural.jpg","datePublished":"2020-06-16T19:11:30+00:00","dateModified":"2022-07-14T16:17:36+00:00","breadcrumb":{"@id":"https:\/\/teterete.com\/mx\/producto\/pantalla-haga-fibra-natural\/#breadcrumb"},"inLanguage":"es","potentialAction":[{"@type":"ReadAction","target":["https:\/\/teterete.com\/mx\/producto\/pantalla-haga-fibra-natural\/"]}]},{"@type":"ImageObject","inLanguage":"es","@id":"https:\/\/teterete.com\/mx\/producto\/pantalla-haga-fibra-natural\/#primaryimage","url":"https:\/\/teterete.com\/mx\/wp-content\/uploads\/2020\/06\/pantalla-fibra-natural.jpg","contentUrl":"https:\/\/teterete.com\/mx\/wp-content\/uploads\/2020\/06\/pantalla-fibra-natural.jpg","width":"580","height":"580","caption":"Pantalla Fibra natural"},{"@type":"BreadcrumbList","@id":"https:\/\/teterete.com\/mx\/producto\/pantalla-haga-fibra-natural\/#breadcrumb","itemListElement":[{"@type":"ListItem","position":1,"name":"Home","item":"https:\/\/teterete.com\/mx\/"},{"@type":"ListItem","position":2,"name":"Productos","item":"https:\/\/teterete.com\/mx\/shop\/"},{"@type":"ListItem","position":3,"name":"Pantalla Haga Fibra Natural"}]},{"@type":"WebSite","@id":"https:\/\/teterete.com\/mx\/#website","url":"https:\/\/teterete.com\/mx\/","name":"","description":"Tienda en L\u00ednea de Fina Artesanias y Dise\u00f1o Mexicano. Bellas piezas elaboradas a mano por los mejores artesanos del pa\u00eds as\u00ed como piezas de dise\u00f1o y decoraci\u00f3n con inspiraci\u00f3n artesanal.","potentialAction":[{"@type":"SearchAction","target":{"@type":"EntryPoint","urlTemplate":"https:\/\/teterete.com\/mx\/?s={search_term_string}"},"query-input":{"@type":"PropertyValueSpecification","valueRequired":true,"valueName":"search_term_string"}}],"inLanguage":"es"}]}},"_links":{"self":[{"href":"https:\/\/teterete.com\/mx\/wp-json\/wp\/v2\/product\/7636","targetHints":{"allow":["GET"]}}],"collection":[{"href":"https:\/\/teterete.com\/mx\/wp-json\/wp\/v2\/product"}],"about":[{"href":"https:\/\/teterete.com\/mx\/wp-json\/wp\/v2\/types\/product"}],"replies":[{"embeddable":true,"href":"https:\/\/teterete.com\/mx\/wp-json\/wp\/v2\/comments?post=7636"}],"wp:featuredmedia":[{"embeddable":true,"href":"https:\/\/teterete.com\/mx\/wp-json\/wp\/v2\/media\/7639"}],"wp:attachment":[{"href":"https:\/\/teterete.com\/mx\/wp-json\/wp\/v2\/media?parent=7636"}],"wp:term":[{"taxonomy":"product_brand","embeddable":true,"href":"https:\/\/teterete.com\/mx\/wp-json\/wp\/v2\/product_brand?post=7636"},{"taxonomy":"product_cat","embeddable":true,"href":"https:\/\/teterete.com\/mx\/wp-json\/wp\/v2\/product_cat?post=7636"},{"taxonomy":"product_tag","embeddable":true,"href":"https:\/\/teterete.com\/mx\/wp-json\/wp\/v2\/product_tag?post=7636"}],"curies":[{"name":"wp","href":"https:\/\/api.w.org\/{rel}","templated":true}]}}