{"id":7779,"date":"2020-07-14T23:38:07","date_gmt":"2020-07-14T23:38:07","guid":{"rendered":"https:\/\/teterete.com\/mx\/?post_type=product&#038;p=7779"},"modified":"2020-07-19T15:25:49","modified_gmt":"2020-07-19T15:25:49","slug":"plato-artesanal-de-resina","status":"publish","type":"product","link":"https:\/\/teterete.com\/mx\/producto\/plato-artesanal-de-resina\/","title":{"rendered":"Plato Artesanal de Resina"},"content":{"rendered":"<p>Material: Resina y M\u00e1rmol<\/p>\n<p>Colores: Blanco, Negro Jaspeado, Gris, Madera y Negro.<\/p>\n<p>Medidas: 16, 22 y 29 cms.<\/p>\n<p>Cuidados: Lavar a mano (no usar lava-vajillas)<\/p>\n<p>No usar en horno \u00f3 microondas<\/p>\n<p>No usar cuchillos filosos<\/p>\n","protected":false},"excerpt":{"rendered":"<p>Bellos platos artesanales con dise\u00f1o contempor\u00e1neo y un toque retro para tu mesa.<\/p>\n","protected":false},"featured_media":7759,"comment_status":"open","ping_status":"closed","template":"","meta":{"sfsi_plus_gutenberg_text_before_share":"","sfsi_plus_gutenberg_show_text_before_share":"","sfsi_plus_gutenberg_icon_type":"","sfsi_plus_gutenberg_icon_alignemt":"","sfsi_plus_gutenburg_max_per_row":""},"product_cat":[1773,1584,346,60],"product_tag":[909,1589,911,1672],"acf":[],"yoast_head":"<!-- This site is optimized with the Yoast SEO plugin v23.5 - https:\/\/yoast.com\/wordpress\/plugins\/seo\/ -->\n<title>Plato Artesanal de Resina -<\/title>\n<meta name=\"robots\" content=\"index, follow, max-snippet:-1, max-image-preview:large, max-video-preview:-1\" \/>\n<link rel=\"canonical\" href=\"https:\/\/teterete.com\/mx\/producto\/plato-artesanal-de-resina\/\" \/>\n<meta property=\"og:locale\" content=\"es_ES\" \/>\n<meta property=\"og:type\" content=\"article\" \/>\n<meta property=\"og:title\" content=\"Plato Artesanal de Resina -\" \/>\n<meta property=\"og:description\" content=\"Bellos platos artesanales con dise\u00f1o contempor\u00e1neo y un toque retro para tu mesa.\" \/>\n<meta property=\"og:url\" content=\"https:\/\/teterete.com\/mx\/producto\/plato-artesanal-de-resina\/\" \/>\n<meta property=\"article:publisher\" content=\"https:\/\/www.facebook.com\/TetereteHome\/\" \/>\n<meta property=\"article:modified_time\" content=\"2020-07-19T15:25:49+00:00\" \/>\n<meta property=\"og:image\" content=\"https:\/\/teterete.com\/mx\/wp-content\/uploads\/2020\/07\/plato-gris.jpg\" \/>\n\t<meta property=\"og:image:width\" content=\"1020\" \/>\n\t<meta property=\"og:image:height\" content=\"1020\" \/>\n\t<meta property=\"og:image:type\" content=\"image\/jpeg\" \/>\n<meta name=\"twitter:card\" content=\"summary_large_image\" \/>\n<meta name=\"twitter:site\" content=\"@Teterete_Home\" \/>\n<script type=\"application\/ld+json\" class=\"yoast-schema-graph\">{\"@context\":\"https:\/\/schema.org\",\"@graph\":[{\"@type\":\"WebPage\",\"@id\":\"https:\/\/teterete.com\/mx\/producto\/plato-artesanal-de-resina\/\",\"url\":\"https:\/\/teterete.com\/mx\/producto\/plato-artesanal-de-resina\/\",\"name\":\"Plato Artesanal de Resina -\",\"isPartOf\":{\"@id\":\"https:\/\/teterete.com\/mx\/#website\"},\"primaryImageOfPage\":{\"@id\":\"https:\/\/teterete.com\/mx\/producto\/plato-artesanal-de-resina\/#primaryimage\"},\"image\":{\"@id\":\"https:\/\/teterete.com\/mx\/producto\/plato-artesanal-de-resina\/#primaryimage\"},\"thumbnailUrl\":\"https:\/\/teterete.com\/mx\/wp-content\/uploads\/2020\/07\/plato-gris.jpg\",\"datePublished\":\"2020-07-14T23:38:07+00:00\",\"dateModified\":\"2020-07-19T15:25:49+00:00\",\"breadcrumb\":{\"@id\":\"https:\/\/teterete.com\/mx\/producto\/plato-artesanal-de-resina\/#breadcrumb\"},\"inLanguage\":\"es\",\"potentialAction\":[{\"@type\":\"ReadAction\",\"target\":[\"https:\/\/teterete.com\/mx\/producto\/plato-artesanal-de-resina\/\"]}]},{\"@type\":\"ImageObject\",\"inLanguage\":\"es\",\"@id\":\"https:\/\/teterete.com\/mx\/producto\/plato-artesanal-de-resina\/#primaryimage\",\"url\":\"https:\/\/teterete.com\/mx\/wp-content\/uploads\/2020\/07\/plato-gris.jpg\",\"contentUrl\":\"https:\/\/teterete.com\/mx\/wp-content\/uploads\/2020\/07\/plato-gris.jpg\",\"width\":\"1020\",\"height\":\"1020\",\"caption\":\"Plato Gris\"},{\"@type\":\"BreadcrumbList\",\"@id\":\"https:\/\/teterete.com\/mx\/producto\/plato-artesanal-de-resina\/#breadcrumb\",\"itemListElement\":[{\"@type\":\"ListItem\",\"position\":1,\"name\":\"Home\",\"item\":\"https:\/\/teterete.com\/mx\/\"},{\"@type\":\"ListItem\",\"position\":2,\"name\":\"Productos\",\"item\":\"https:\/\/teterete.com\/mx\/shop\/\"},{\"@type\":\"ListItem\",\"position\":3,\"name\":\"Plato Artesanal de Resina\"}]},{\"@type\":\"WebSite\",\"@id\":\"https:\/\/teterete.com\/mx\/#website\",\"url\":\"https:\/\/teterete.com\/mx\/\",\"name\":\"\",\"description\":\"Tienda en L\u00ednea de Fina Artesanias y Dise\u00f1o Mexicano. Bellas piezas elaboradas a mano por los mejores artesanos del pa\u00eds as\u00ed como piezas de dise\u00f1o y decoraci\u00f3n con inspiraci\u00f3n artesanal.\",\"potentialAction\":[{\"@type\":\"SearchAction\",\"target\":{\"@type\":\"EntryPoint\",\"urlTemplate\":\"https:\/\/teterete.com\/mx\/?s={search_term_string}\"},\"query-input\":{\"@type\":\"PropertyValueSpecification\",\"valueRequired\":true,\"valueName\":\"search_term_string\"}}],\"inLanguage\":\"es\"}]}<\/script>\n<!-- \/ Yoast SEO plugin. -->","yoast_head_json":{"title":"Plato Artesanal de Resina -","robots":{"index":"index","follow":"follow","max-snippet":"max-snippet:-1","max-image-preview":"max-image-preview:large","max-video-preview":"max-video-preview:-1"},"canonical":"https:\/\/teterete.com\/mx\/producto\/plato-artesanal-de-resina\/","og_locale":"es_ES","og_type":"article","og_title":"Plato Artesanal de Resina -","og_description":"Bellos platos artesanales con dise\u00f1o contempor\u00e1neo y un toque retro para tu mesa.","og_url":"https:\/\/teterete.com\/mx\/producto\/plato-artesanal-de-resina\/","article_publisher":"https:\/\/www.facebook.com\/TetereteHome\/","article_modified_time":"2020-07-19T15:25:49+00:00","og_image":[{"width":1020,"height":1020,"url":"https:\/\/teterete.com\/mx\/wp-content\/uploads\/2020\/07\/plato-gris.jpg","type":"image\/jpeg"}],"twitter_card":"summary_large_image","twitter_site":"@Teterete_Home","schema":{"@context":"https:\/\/schema.org","@graph":[{"@type":"WebPage","@id":"https:\/\/teterete.com\/mx\/producto\/plato-artesanal-de-resina\/","url":"https:\/\/teterete.com\/mx\/producto\/plato-artesanal-de-resina\/","name":"Plato Artesanal de Resina -","isPartOf":{"@id":"https:\/\/teterete.com\/mx\/#website"},"primaryImageOfPage":{"@id":"https:\/\/teterete.com\/mx\/producto\/plato-artesanal-de-resina\/#primaryimage"},"image":{"@id":"https:\/\/teterete.com\/mx\/producto\/plato-artesanal-de-resina\/#primaryimage"},"thumbnailUrl":"https:\/\/teterete.com\/mx\/wp-content\/uploads\/2020\/07\/plato-gris.jpg","datePublished":"2020-07-14T23:38:07+00:00","dateModified":"2020-07-19T15:25:49+00:00","breadcrumb":{"@id":"https:\/\/teterete.com\/mx\/producto\/plato-artesanal-de-resina\/#breadcrumb"},"inLanguage":"es","potentialAction":[{"@type":"ReadAction","target":["https:\/\/teterete.com\/mx\/producto\/plato-artesanal-de-resina\/"]}]},{"@type":"ImageObject","inLanguage":"es","@id":"https:\/\/teterete.com\/mx\/producto\/plato-artesanal-de-resina\/#primaryimage","url":"https:\/\/teterete.com\/mx\/wp-content\/uploads\/2020\/07\/plato-gris.jpg","contentUrl":"https:\/\/teterete.com\/mx\/wp-content\/uploads\/2020\/07\/plato-gris.jpg","width":"1020","height":"1020","caption":"Plato Gris"},{"@type":"BreadcrumbList","@id":"https:\/\/teterete.com\/mx\/producto\/plato-artesanal-de-resina\/#breadcrumb","itemListElement":[{"@type":"ListItem","position":1,"name":"Home","item":"https:\/\/teterete.com\/mx\/"},{"@type":"ListItem","position":2,"name":"Productos","item":"https:\/\/teterete.com\/mx\/shop\/"},{"@type":"ListItem","position":3,"name":"Plato Artesanal de Resina"}]},{"@type":"WebSite","@id":"https:\/\/teterete.com\/mx\/#website","url":"https:\/\/teterete.com\/mx\/","name":"","description":"Tienda en L\u00ednea de Fina Artesanias y Dise\u00f1o Mexicano. Bellas piezas elaboradas a mano por los mejores artesanos del pa\u00eds as\u00ed como piezas de dise\u00f1o y decoraci\u00f3n con inspiraci\u00f3n artesanal.","potentialAction":[{"@type":"SearchAction","target":{"@type":"EntryPoint","urlTemplate":"https:\/\/teterete.com\/mx\/?s={search_term_string}"},"query-input":{"@type":"PropertyValueSpecification","valueRequired":true,"valueName":"search_term_string"}}],"inLanguage":"es"}]}},"_links":{"self":[{"href":"https:\/\/teterete.com\/mx\/wp-json\/wp\/v2\/product\/7779"}],"collection":[{"href":"https:\/\/teterete.com\/mx\/wp-json\/wp\/v2\/product"}],"about":[{"href":"https:\/\/teterete.com\/mx\/wp-json\/wp\/v2\/types\/product"}],"replies":[{"embeddable":true,"href":"https:\/\/teterete.com\/mx\/wp-json\/wp\/v2\/comments?post=7779"}],"wp:featuredmedia":[{"embeddable":true,"href":"https:\/\/teterete.com\/mx\/wp-json\/wp\/v2\/media\/7759"}],"wp:attachment":[{"href":"https:\/\/teterete.com\/mx\/wp-json\/wp\/v2\/media?parent=7779"}],"wp:term":[{"taxonomy":"product_cat","embeddable":true,"href":"https:\/\/teterete.com\/mx\/wp-json\/wp\/v2\/product_cat?post=7779"},{"taxonomy":"product_tag","embeddable":true,"href":"https:\/\/teterete.com\/mx\/wp-json\/wp\/v2\/product_tag?post=7779"}],"curies":[{"name":"wp","href":"https:\/\/api.w.org\/{rel}","templated":true}]}}