{"id":7908,"date":"2020-07-19T01:32:40","date_gmt":"2020-07-19T01:32:40","guid":{"rendered":"https:\/\/teterete.com\/mx\/?post_type=product&#038;p=7908"},"modified":"2023-07-28T21:51:57","modified_gmt":"2023-07-28T21:51:57","slug":"plato-marmol-rectangular","status":"publish","type":"product","link":"https:\/\/teterete.com\/mx\/producto\/plato-marmol-rectangular\/","title":{"rendered":"Plato  M\u00e1rmol Rectangular"},"content":{"rendered":"<p>Medidas:<\/p>\n<p>Chico:\u00a014 x 19 x 4<\/p>\n<p>Mediano: 15 x 21 x 4<\/p>\n<p>Grande: 17 x 26 x 4<\/p>\n<p>Material: M\u00e1rmol<\/p>\n<p>Cuidados: No usar en microondas, no usar cuchillo filoso, no lavar en lavavajillas<\/p>\n<p>&nbsp;<\/p>\n","protected":false},"excerpt":{"rendered":"<p>Hermosos platos artesanales con dise\u00f1o contempor\u00e1neo para lucir en tu mesa o cocina<\/p>\n","protected":false},"featured_media":7918,"comment_status":"open","ping_status":"closed","template":"","meta":{"_acf_changed":false,"sfsi_plus_gutenberg_text_before_share":"","sfsi_plus_gutenberg_show_text_before_share":"","sfsi_plus_gutenberg_icon_type":"","sfsi_plus_gutenberg_icon_alignemt":"","sfsi_plus_gutenburg_max_per_row":""},"product_brand":[],"product_cat":[1773,15,1584,60],"product_tag":[909,1589,1809,1810],"class_list":{"0":"post-7908","1":"product","2":"type-product","3":"status-publish","4":"has-post-thumbnail","6":"product_cat-atlawa","7":"product_cat-ceramica","8":"product_cat-mesa-mexicana","9":"product_cat-vajillas","10":"product_tag-plato-artesanal","11":"product_tag-plato-de-piedra","12":"product_tag-plato-marmol","13":"product_tag-plato-rectangular","14":"product_shipping_class-standard","16":"first","17":"instock","18":"taxable","19":"shipping-taxable","20":"purchasable","21":"product-type-variable"},"acf":[],"yoast_head":"<!-- This site is optimized with the Yoast SEO plugin v27.5 - https:\/\/yoast.com\/product\/yoast-seo-wordpress\/ -->\n<title>Plato M\u00e1rmol Rectangular -<\/title>\n<meta name=\"robots\" content=\"index, follow, max-snippet:-1, max-image-preview:large, max-video-preview:-1\" \/>\n<link rel=\"canonical\" href=\"https:\/\/teterete.com\/mx\/producto\/plato-marmol-rectangular\/\" \/>\n<meta property=\"og:locale\" content=\"es_ES\" \/>\n<meta property=\"og:type\" content=\"article\" \/>\n<meta property=\"og:title\" content=\"Plato M\u00e1rmol Rectangular -\" \/>\n<meta property=\"og:description\" content=\"Hermosos platos artesanales con dise\u00f1o contempor\u00e1neo para lucir en tu mesa o cocina\" \/>\n<meta property=\"og:url\" content=\"https:\/\/teterete.com\/mx\/producto\/plato-marmol-rectangular\/\" \/>\n<meta property=\"article:publisher\" content=\"https:\/\/www.facebook.com\/TetereteHome\/\" \/>\n<meta property=\"article:modified_time\" content=\"2023-07-28T21:51:57+00:00\" \/>\n<meta property=\"og:image\" content=\"https:\/\/teterete.com\/mx\/wp-content\/uploads\/2020\/07\/plato-rectangular-amazonas.jpg\" \/>\n\t<meta property=\"og:image:width\" content=\"970\" \/>\n\t<meta property=\"og:image:height\" content=\"970\" \/>\n\t<meta property=\"og:image:type\" content=\"image\/jpeg\" \/>\n<meta name=\"twitter:card\" content=\"summary_large_image\" \/>\n<meta name=\"twitter:site\" content=\"@Teterete_Home\" \/>\n<script type=\"application\/ld+json\" class=\"yoast-schema-graph\">{\"@context\":\"https:\\\/\\\/schema.org\",\"@graph\":[{\"@type\":\"WebPage\",\"@id\":\"https:\\\/\\\/teterete.com\\\/mx\\\/producto\\\/plato-marmol-rectangular\\\/\",\"url\":\"https:\\\/\\\/teterete.com\\\/mx\\\/producto\\\/plato-marmol-rectangular\\\/\",\"name\":\"Plato M\u00e1rmol Rectangular -\",\"isPartOf\":{\"@id\":\"https:\\\/\\\/teterete.com\\\/mx\\\/#website\"},\"primaryImageOfPage\":{\"@id\":\"https:\\\/\\\/teterete.com\\\/mx\\\/producto\\\/plato-marmol-rectangular\\\/#primaryimage\"},\"image\":{\"@id\":\"https:\\\/\\\/teterete.com\\\/mx\\\/producto\\\/plato-marmol-rectangular\\\/#primaryimage\"},\"thumbnailUrl\":\"https:\\\/\\\/teterete.com\\\/mx\\\/wp-content\\\/uploads\\\/2020\\\/07\\\/plato-rectangular-amazonas.jpg\",\"datePublished\":\"2020-07-19T01:32:40+00:00\",\"dateModified\":\"2023-07-28T21:51:57+00:00\",\"breadcrumb\":{\"@id\":\"https:\\\/\\\/teterete.com\\\/mx\\\/producto\\\/plato-marmol-rectangular\\\/#breadcrumb\"},\"inLanguage\":\"es\",\"potentialAction\":[{\"@type\":\"ReadAction\",\"target\":[\"https:\\\/\\\/teterete.com\\\/mx\\\/producto\\\/plato-marmol-rectangular\\\/\"]}]},{\"@type\":\"ImageObject\",\"inLanguage\":\"es\",\"@id\":\"https:\\\/\\\/teterete.com\\\/mx\\\/producto\\\/plato-marmol-rectangular\\\/#primaryimage\",\"url\":\"https:\\\/\\\/teterete.com\\\/mx\\\/wp-content\\\/uploads\\\/2020\\\/07\\\/plato-rectangular-amazonas.jpg\",\"contentUrl\":\"https:\\\/\\\/teterete.com\\\/mx\\\/wp-content\\\/uploads\\\/2020\\\/07\\\/plato-rectangular-amazonas.jpg\",\"width\":\"970\",\"height\":\"970\",\"caption\":\"Plato Rectangular Amazonas\"},{\"@type\":\"BreadcrumbList\",\"@id\":\"https:\\\/\\\/teterete.com\\\/mx\\\/producto\\\/plato-marmol-rectangular\\\/#breadcrumb\",\"itemListElement\":[{\"@type\":\"ListItem\",\"position\":1,\"name\":\"Home\",\"item\":\"https:\\\/\\\/teterete.com\\\/mx\\\/\"},{\"@type\":\"ListItem\",\"position\":2,\"name\":\"Productos\",\"item\":\"https:\\\/\\\/teterete.com\\\/mx\\\/shop\\\/\"},{\"@type\":\"ListItem\",\"position\":3,\"name\":\"Plato M\u00e1rmol Rectangular\"}]},{\"@type\":\"WebSite\",\"@id\":\"https:\\\/\\\/teterete.com\\\/mx\\\/#website\",\"url\":\"https:\\\/\\\/teterete.com\\\/mx\\\/\",\"name\":\"\",\"description\":\"Tienda en L\u00ednea de Fina Artesanias y Dise\u00f1o Mexicano. Bellas piezas elaboradas a mano por los mejores artesanos del pa\u00eds as\u00ed como piezas de dise\u00f1o y decoraci\u00f3n con inspiraci\u00f3n artesanal.\",\"potentialAction\":[{\"@type\":\"SearchAction\",\"target\":{\"@type\":\"EntryPoint\",\"urlTemplate\":\"https:\\\/\\\/teterete.com\\\/mx\\\/?s={search_term_string}\"},\"query-input\":{\"@type\":\"PropertyValueSpecification\",\"valueRequired\":true,\"valueName\":\"search_term_string\"}}],\"inLanguage\":\"es\"}]}<\/script>\n<!-- \/ Yoast SEO plugin. -->","yoast_head_json":{"title":"Plato M\u00e1rmol Rectangular -","robots":{"index":"index","follow":"follow","max-snippet":"max-snippet:-1","max-image-preview":"max-image-preview:large","max-video-preview":"max-video-preview:-1"},"canonical":"https:\/\/teterete.com\/mx\/producto\/plato-marmol-rectangular\/","og_locale":"es_ES","og_type":"article","og_title":"Plato M\u00e1rmol Rectangular -","og_description":"Hermosos platos artesanales con dise\u00f1o contempor\u00e1neo para lucir en tu mesa o cocina","og_url":"https:\/\/teterete.com\/mx\/producto\/plato-marmol-rectangular\/","article_publisher":"https:\/\/www.facebook.com\/TetereteHome\/","article_modified_time":"2023-07-28T21:51:57+00:00","og_image":[{"width":970,"height":970,"url":"https:\/\/teterete.com\/mx\/wp-content\/uploads\/2020\/07\/plato-rectangular-amazonas.jpg","type":"image\/jpeg"}],"twitter_card":"summary_large_image","twitter_site":"@Teterete_Home","schema":{"@context":"https:\/\/schema.org","@graph":[{"@type":"WebPage","@id":"https:\/\/teterete.com\/mx\/producto\/plato-marmol-rectangular\/","url":"https:\/\/teterete.com\/mx\/producto\/plato-marmol-rectangular\/","name":"Plato M\u00e1rmol Rectangular -","isPartOf":{"@id":"https:\/\/teterete.com\/mx\/#website"},"primaryImageOfPage":{"@id":"https:\/\/teterete.com\/mx\/producto\/plato-marmol-rectangular\/#primaryimage"},"image":{"@id":"https:\/\/teterete.com\/mx\/producto\/plato-marmol-rectangular\/#primaryimage"},"thumbnailUrl":"https:\/\/teterete.com\/mx\/wp-content\/uploads\/2020\/07\/plato-rectangular-amazonas.jpg","datePublished":"2020-07-19T01:32:40+00:00","dateModified":"2023-07-28T21:51:57+00:00","breadcrumb":{"@id":"https:\/\/teterete.com\/mx\/producto\/plato-marmol-rectangular\/#breadcrumb"},"inLanguage":"es","potentialAction":[{"@type":"ReadAction","target":["https:\/\/teterete.com\/mx\/producto\/plato-marmol-rectangular\/"]}]},{"@type":"ImageObject","inLanguage":"es","@id":"https:\/\/teterete.com\/mx\/producto\/plato-marmol-rectangular\/#primaryimage","url":"https:\/\/teterete.com\/mx\/wp-content\/uploads\/2020\/07\/plato-rectangular-amazonas.jpg","contentUrl":"https:\/\/teterete.com\/mx\/wp-content\/uploads\/2020\/07\/plato-rectangular-amazonas.jpg","width":"970","height":"970","caption":"Plato Rectangular Amazonas"},{"@type":"BreadcrumbList","@id":"https:\/\/teterete.com\/mx\/producto\/plato-marmol-rectangular\/#breadcrumb","itemListElement":[{"@type":"ListItem","position":1,"name":"Home","item":"https:\/\/teterete.com\/mx\/"},{"@type":"ListItem","position":2,"name":"Productos","item":"https:\/\/teterete.com\/mx\/shop\/"},{"@type":"ListItem","position":3,"name":"Plato M\u00e1rmol Rectangular"}]},{"@type":"WebSite","@id":"https:\/\/teterete.com\/mx\/#website","url":"https:\/\/teterete.com\/mx\/","name":"","description":"Tienda en L\u00ednea de Fina Artesanias y Dise\u00f1o Mexicano. Bellas piezas elaboradas a mano por los mejores artesanos del pa\u00eds as\u00ed como piezas de dise\u00f1o y decoraci\u00f3n con inspiraci\u00f3n artesanal.","potentialAction":[{"@type":"SearchAction","target":{"@type":"EntryPoint","urlTemplate":"https:\/\/teterete.com\/mx\/?s={search_term_string}"},"query-input":{"@type":"PropertyValueSpecification","valueRequired":true,"valueName":"search_term_string"}}],"inLanguage":"es"}]}},"_links":{"self":[{"href":"https:\/\/teterete.com\/mx\/wp-json\/wp\/v2\/product\/7908","targetHints":{"allow":["GET"]}}],"collection":[{"href":"https:\/\/teterete.com\/mx\/wp-json\/wp\/v2\/product"}],"about":[{"href":"https:\/\/teterete.com\/mx\/wp-json\/wp\/v2\/types\/product"}],"replies":[{"embeddable":true,"href":"https:\/\/teterete.com\/mx\/wp-json\/wp\/v2\/comments?post=7908"}],"wp:featuredmedia":[{"embeddable":true,"href":"https:\/\/teterete.com\/mx\/wp-json\/wp\/v2\/media\/7918"}],"wp:attachment":[{"href":"https:\/\/teterete.com\/mx\/wp-json\/wp\/v2\/media?parent=7908"}],"wp:term":[{"taxonomy":"product_brand","embeddable":true,"href":"https:\/\/teterete.com\/mx\/wp-json\/wp\/v2\/product_brand?post=7908"},{"taxonomy":"product_cat","embeddable":true,"href":"https:\/\/teterete.com\/mx\/wp-json\/wp\/v2\/product_cat?post=7908"},{"taxonomy":"product_tag","embeddable":true,"href":"https:\/\/teterete.com\/mx\/wp-json\/wp\/v2\/product_tag?post=7908"}],"curies":[{"name":"wp","href":"https:\/\/api.w.org\/{rel}","templated":true}]}}