{"id":8058,"date":"2020-09-06T17:28:36","date_gmt":"2020-09-06T17:28:36","guid":{"rendered":"https:\/\/teterete.com\/mx\/?post_type=product&#038;p=8058"},"modified":"2021-03-11T18:09:20","modified_gmt":"2021-03-11T18:09:20","slug":"la-carga","status":"publish","type":"product","link":"https:\/\/teterete.com\/mx\/producto\/la-carga\/","title":{"rendered":"La Carga"},"content":{"rendered":"<p>Fotograf\u00eda Digital Impresa en Papel Fotogr\u00e1fico mate<\/p>\n<p>Medidas: 66 x 41 cms, en marco de madera negro con medidas 83 x 57.5 cms.<\/p>\n<p>Incluye vidrio claro de 2 mil\u00edmetros.<\/p>\n","protected":false},"excerpt":{"rendered":"<p>Roberto Bernal (Villa Madero, Guerrero) narrador, traductor y fot\u00f3grafo. Ha publicado materiales en La Jornada, Este Pa\u00eds, La Tempestad, Cr\u00edtica de la BUAP, El coloquio de los perros (Espa\u00f1a) Vallejo y compa\u00f1\u00eda (Per\u00fa) Altazor (Chile) y Mula Blanca.<\/p>\n","protected":false},"featured_media":8059,"comment_status":"open","ping_status":"closed","template":"","meta":{"_acf_changed":false,"sfsi_plus_gutenberg_text_before_share":"","sfsi_plus_gutenberg_show_text_before_share":"","sfsi_plus_gutenberg_icon_type":"","sfsi_plus_gutenberg_icon_alignemt":"","sfsi_plus_gutenburg_max_per_row":""},"product_brand":[],"product_cat":[1832,1515,341,350],"product_tag":[236,232,1668,1829,1830,1831],"class_list":{"0":"post-8058","1":"product","2":"type-product","3":"status-publish","4":"has-post-thumbnail","6":"product_cat-arte-mexicano","7":"product_cat-decoracion-pared","8":"product_cat-pared","9":"product_cat-piezas-unicas","10":"product_tag-arte-mexicano","11":"product_tag-decoracion-mexicana","12":"product_tag-decoracion-para-pared","13":"product_tag-fotografia","14":"product_tag-fotografia-mexicana","15":"product_tag-venta-de-fotografias","17":"first","18":"instock","19":"taxable","20":"shipping-taxable","21":"purchasable","22":"product-type-simple"},"acf":[],"yoast_head":"<!-- This site is optimized with the Yoast SEO plugin v27.5 - https:\/\/yoast.com\/product\/yoast-seo-wordpress\/ -->\n<title>La Carga -<\/title>\n<meta name=\"robots\" content=\"index, follow, max-snippet:-1, max-image-preview:large, max-video-preview:-1\" \/>\n<link rel=\"canonical\" href=\"https:\/\/teterete.com\/mx\/producto\/la-carga\/\" \/>\n<meta property=\"og:locale\" content=\"es_ES\" \/>\n<meta property=\"og:type\" content=\"article\" \/>\n<meta property=\"og:title\" content=\"La Carga -\" \/>\n<meta property=\"og:description\" content=\"Roberto Bernal (Villa Madero, Guerrero) narrador, traductor y fot\u00f3grafo. Ha publicado materiales en La Jornada, Este Pa\u00eds, La Tempestad, Cr\u00edtica de la BUAP, El coloquio de los perros (Espa\u00f1a) Vallejo y compa\u00f1\u00eda (Per\u00fa) Altazor (Chile) y Mula Blanca.\" \/>\n<meta property=\"og:url\" content=\"https:\/\/teterete.com\/mx\/producto\/la-carga\/\" \/>\n<meta property=\"article:publisher\" content=\"https:\/\/www.facebook.com\/TetereteHome\/\" \/>\n<meta property=\"article:modified_time\" content=\"2021-03-11T18:09:20+00:00\" \/>\n<meta property=\"og:image\" content=\"https:\/\/teterete.com\/mx\/wp-content\/uploads\/2020\/09\/La-Carga.jpeg\" \/>\n\t<meta property=\"og:image:width\" content=\"1080\" \/>\n\t<meta property=\"og:image:height\" content=\"775\" \/>\n\t<meta property=\"og:image:type\" content=\"image\/jpeg\" \/>\n<meta name=\"twitter:card\" content=\"summary_large_image\" \/>\n<meta name=\"twitter:site\" content=\"@Teterete_Home\" \/>\n<script type=\"application\/ld+json\" class=\"yoast-schema-graph\">{\"@context\":\"https:\\\/\\\/schema.org\",\"@graph\":[{\"@type\":\"WebPage\",\"@id\":\"https:\\\/\\\/teterete.com\\\/mx\\\/producto\\\/la-carga\\\/\",\"url\":\"https:\\\/\\\/teterete.com\\\/mx\\\/producto\\\/la-carga\\\/\",\"name\":\"La Carga -\",\"isPartOf\":{\"@id\":\"https:\\\/\\\/teterete.com\\\/mx\\\/#website\"},\"primaryImageOfPage\":{\"@id\":\"https:\\\/\\\/teterete.com\\\/mx\\\/producto\\\/la-carga\\\/#primaryimage\"},\"image\":{\"@id\":\"https:\\\/\\\/teterete.com\\\/mx\\\/producto\\\/la-carga\\\/#primaryimage\"},\"thumbnailUrl\":\"https:\\\/\\\/teterete.com\\\/mx\\\/wp-content\\\/uploads\\\/2020\\\/09\\\/La-Carga.jpeg\",\"datePublished\":\"2020-09-06T17:28:36+00:00\",\"dateModified\":\"2021-03-11T18:09:20+00:00\",\"breadcrumb\":{\"@id\":\"https:\\\/\\\/teterete.com\\\/mx\\\/producto\\\/la-carga\\\/#breadcrumb\"},\"inLanguage\":\"es\",\"potentialAction\":[{\"@type\":\"ReadAction\",\"target\":[\"https:\\\/\\\/teterete.com\\\/mx\\\/producto\\\/la-carga\\\/\"]}]},{\"@type\":\"ImageObject\",\"inLanguage\":\"es\",\"@id\":\"https:\\\/\\\/teterete.com\\\/mx\\\/producto\\\/la-carga\\\/#primaryimage\",\"url\":\"https:\\\/\\\/teterete.com\\\/mx\\\/wp-content\\\/uploads\\\/2020\\\/09\\\/La-Carga.jpeg\",\"contentUrl\":\"https:\\\/\\\/teterete.com\\\/mx\\\/wp-content\\\/uploads\\\/2020\\\/09\\\/La-Carga.jpeg\",\"width\":\"1080\",\"height\":\"775\",\"caption\":\"La Carga - Roberto Bernal\"},{\"@type\":\"BreadcrumbList\",\"@id\":\"https:\\\/\\\/teterete.com\\\/mx\\\/producto\\\/la-carga\\\/#breadcrumb\",\"itemListElement\":[{\"@type\":\"ListItem\",\"position\":1,\"name\":\"Home\",\"item\":\"https:\\\/\\\/teterete.com\\\/mx\\\/\"},{\"@type\":\"ListItem\",\"position\":2,\"name\":\"Productos\",\"item\":\"https:\\\/\\\/teterete.com\\\/mx\\\/shop\\\/\"},{\"@type\":\"ListItem\",\"position\":3,\"name\":\"La Carga\"}]},{\"@type\":\"WebSite\",\"@id\":\"https:\\\/\\\/teterete.com\\\/mx\\\/#website\",\"url\":\"https:\\\/\\\/teterete.com\\\/mx\\\/\",\"name\":\"\",\"description\":\"Tienda en L\u00ednea de Fina Artesanias y Dise\u00f1o Mexicano. Bellas piezas elaboradas a mano por los mejores artesanos del pa\u00eds as\u00ed como piezas de dise\u00f1o y decoraci\u00f3n con inspiraci\u00f3n artesanal.\",\"potentialAction\":[{\"@type\":\"SearchAction\",\"target\":{\"@type\":\"EntryPoint\",\"urlTemplate\":\"https:\\\/\\\/teterete.com\\\/mx\\\/?s={search_term_string}\"},\"query-input\":{\"@type\":\"PropertyValueSpecification\",\"valueRequired\":true,\"valueName\":\"search_term_string\"}}],\"inLanguage\":\"es\"}]}<\/script>\n<!-- \/ Yoast SEO plugin. -->","yoast_head_json":{"title":"La Carga -","robots":{"index":"index","follow":"follow","max-snippet":"max-snippet:-1","max-image-preview":"max-image-preview:large","max-video-preview":"max-video-preview:-1"},"canonical":"https:\/\/teterete.com\/mx\/producto\/la-carga\/","og_locale":"es_ES","og_type":"article","og_title":"La Carga -","og_description":"Roberto Bernal (Villa Madero, Guerrero) narrador, traductor y fot\u00f3grafo. Ha publicado materiales en La Jornada, Este Pa\u00eds, La Tempestad, Cr\u00edtica de la BUAP, El coloquio de los perros (Espa\u00f1a) Vallejo y compa\u00f1\u00eda (Per\u00fa) Altazor (Chile) y Mula Blanca.","og_url":"https:\/\/teterete.com\/mx\/producto\/la-carga\/","article_publisher":"https:\/\/www.facebook.com\/TetereteHome\/","article_modified_time":"2021-03-11T18:09:20+00:00","og_image":[{"width":1080,"height":775,"url":"https:\/\/teterete.com\/mx\/wp-content\/uploads\/2020\/09\/La-Carga.jpeg","type":"image\/jpeg"}],"twitter_card":"summary_large_image","twitter_site":"@Teterete_Home","schema":{"@context":"https:\/\/schema.org","@graph":[{"@type":"WebPage","@id":"https:\/\/teterete.com\/mx\/producto\/la-carga\/","url":"https:\/\/teterete.com\/mx\/producto\/la-carga\/","name":"La Carga -","isPartOf":{"@id":"https:\/\/teterete.com\/mx\/#website"},"primaryImageOfPage":{"@id":"https:\/\/teterete.com\/mx\/producto\/la-carga\/#primaryimage"},"image":{"@id":"https:\/\/teterete.com\/mx\/producto\/la-carga\/#primaryimage"},"thumbnailUrl":"https:\/\/teterete.com\/mx\/wp-content\/uploads\/2020\/09\/La-Carga.jpeg","datePublished":"2020-09-06T17:28:36+00:00","dateModified":"2021-03-11T18:09:20+00:00","breadcrumb":{"@id":"https:\/\/teterete.com\/mx\/producto\/la-carga\/#breadcrumb"},"inLanguage":"es","potentialAction":[{"@type":"ReadAction","target":["https:\/\/teterete.com\/mx\/producto\/la-carga\/"]}]},{"@type":"ImageObject","inLanguage":"es","@id":"https:\/\/teterete.com\/mx\/producto\/la-carga\/#primaryimage","url":"https:\/\/teterete.com\/mx\/wp-content\/uploads\/2020\/09\/La-Carga.jpeg","contentUrl":"https:\/\/teterete.com\/mx\/wp-content\/uploads\/2020\/09\/La-Carga.jpeg","width":"1080","height":"775","caption":"La Carga - Roberto Bernal"},{"@type":"BreadcrumbList","@id":"https:\/\/teterete.com\/mx\/producto\/la-carga\/#breadcrumb","itemListElement":[{"@type":"ListItem","position":1,"name":"Home","item":"https:\/\/teterete.com\/mx\/"},{"@type":"ListItem","position":2,"name":"Productos","item":"https:\/\/teterete.com\/mx\/shop\/"},{"@type":"ListItem","position":3,"name":"La Carga"}]},{"@type":"WebSite","@id":"https:\/\/teterete.com\/mx\/#website","url":"https:\/\/teterete.com\/mx\/","name":"","description":"Tienda en L\u00ednea de Fina Artesanias y Dise\u00f1o Mexicano. Bellas piezas elaboradas a mano por los mejores artesanos del pa\u00eds as\u00ed como piezas de dise\u00f1o y decoraci\u00f3n con inspiraci\u00f3n artesanal.","potentialAction":[{"@type":"SearchAction","target":{"@type":"EntryPoint","urlTemplate":"https:\/\/teterete.com\/mx\/?s={search_term_string}"},"query-input":{"@type":"PropertyValueSpecification","valueRequired":true,"valueName":"search_term_string"}}],"inLanguage":"es"}]}},"_links":{"self":[{"href":"https:\/\/teterete.com\/mx\/wp-json\/wp\/v2\/product\/8058","targetHints":{"allow":["GET"]}}],"collection":[{"href":"https:\/\/teterete.com\/mx\/wp-json\/wp\/v2\/product"}],"about":[{"href":"https:\/\/teterete.com\/mx\/wp-json\/wp\/v2\/types\/product"}],"replies":[{"embeddable":true,"href":"https:\/\/teterete.com\/mx\/wp-json\/wp\/v2\/comments?post=8058"}],"wp:featuredmedia":[{"embeddable":true,"href":"https:\/\/teterete.com\/mx\/wp-json\/wp\/v2\/media\/8059"}],"wp:attachment":[{"href":"https:\/\/teterete.com\/mx\/wp-json\/wp\/v2\/media?parent=8058"}],"wp:term":[{"taxonomy":"product_brand","embeddable":true,"href":"https:\/\/teterete.com\/mx\/wp-json\/wp\/v2\/product_brand?post=8058"},{"taxonomy":"product_cat","embeddable":true,"href":"https:\/\/teterete.com\/mx\/wp-json\/wp\/v2\/product_cat?post=8058"},{"taxonomy":"product_tag","embeddable":true,"href":"https:\/\/teterete.com\/mx\/wp-json\/wp\/v2\/product_tag?post=8058"}],"curies":[{"name":"wp","href":"https:\/\/api.w.org\/{rel}","templated":true}]}}