{"id":8119,"date":"2020-10-22T01:51:05","date_gmt":"2020-10-22T01:51:05","guid":{"rendered":"https:\/\/teterete.com\/mx\/?post_type=product&#038;p=8119"},"modified":"2026-03-24T22:03:50","modified_gmt":"2026-03-24T22:03:50","slug":"platos-de-barro-horneado-de-puebla","status":"publish","type":"product","link":"https:\/\/teterete.com\/mx\/producto\/platos-de-barro-horneado-de-puebla\/","title":{"rendered":"Platos de Barro Horneado de Puebla"},"content":{"rendered":"<p>Bello juego de 6 platos de barro elaborado por artesanos del estado Puebla<\/p>\n","protected":false},"excerpt":{"rendered":"<p>Te funcionan perfecto para servir alg\u00fan postre o pan. Miden 15 cms de di\u00e1metro.<\/p>\n","protected":false},"featured_media":2486,"comment_status":"open","ping_status":"closed","template":"","meta":{"sfsi_plus_gutenberg_text_before_share":"","sfsi_plus_gutenberg_show_text_before_share":"","sfsi_plus_gutenberg_icon_type":"","sfsi_plus_gutenberg_icon_alignemt":"","sfsi_plus_gutenburg_max_per_row":""},"product_cat":[2646,1584,2606,658,15,346,60],"product_tag":[222,357,78,24,439,440],"acf":[],"yoast_head":"<!-- This site is optimized with the Yoast SEO plugin v23.5 - https:\/\/yoast.com\/wordpress\/plugins\/seo\/ -->\n<title>Platos de Barro Horneado de Puebla -<\/title>\n<meta name=\"robots\" content=\"index, follow, max-snippet:-1, max-image-preview:large, max-video-preview:-1\" \/>\n<link rel=\"canonical\" href=\"https:\/\/teterete.com\/mx\/producto\/platos-de-barro-horneado-de-puebla\/\" \/>\n<meta property=\"og:locale\" content=\"es_ES\" \/>\n<meta property=\"og:type\" content=\"article\" \/>\n<meta property=\"og:title\" content=\"Platos de Barro Horneado de Puebla -\" \/>\n<meta property=\"og:description\" content=\"Te funcionan perfecto para servir alg\u00fan postre o pan. Miden 15 cms de di\u00e1metro.\" \/>\n<meta property=\"og:url\" content=\"https:\/\/teterete.com\/mx\/producto\/platos-de-barro-horneado-de-puebla\/\" \/>\n<meta property=\"article:publisher\" content=\"https:\/\/www.facebook.com\/TetereteHome\/\" \/>\n<meta property=\"article:modified_time\" content=\"2026-03-24T22:03:50+00:00\" \/>\n<meta property=\"og:image\" content=\"https:\/\/teterete.com\/mx\/wp-content\/uploads\/2017\/09\/IMG_0800.jpg\" \/>\n\t<meta property=\"og:image:width\" content=\"640\" \/>\n\t<meta property=\"og:image:height\" content=\"427\" \/>\n\t<meta property=\"og:image:type\" content=\"image\/jpeg\" \/>\n<meta name=\"twitter:card\" content=\"summary_large_image\" \/>\n<meta name=\"twitter:site\" content=\"@Teterete_Home\" \/>\n<script type=\"application\/ld+json\" class=\"yoast-schema-graph\">{\"@context\":\"https:\/\/schema.org\",\"@graph\":[{\"@type\":\"WebPage\",\"@id\":\"https:\/\/teterete.com\/mx\/producto\/platos-de-barro-horneado-de-puebla\/\",\"url\":\"https:\/\/teterete.com\/mx\/producto\/platos-de-barro-horneado-de-puebla\/\",\"name\":\"Platos de Barro Horneado de Puebla -\",\"isPartOf\":{\"@id\":\"https:\/\/teterete.com\/mx\/#website\"},\"primaryImageOfPage\":{\"@id\":\"https:\/\/teterete.com\/mx\/producto\/platos-de-barro-horneado-de-puebla\/#primaryimage\"},\"image\":{\"@id\":\"https:\/\/teterete.com\/mx\/producto\/platos-de-barro-horneado-de-puebla\/#primaryimage\"},\"thumbnailUrl\":\"https:\/\/teterete.com\/mx\/wp-content\/uploads\/2017\/09\/IMG_0800.jpg\",\"datePublished\":\"2020-10-22T01:51:05+00:00\",\"dateModified\":\"2026-03-24T22:03:50+00:00\",\"breadcrumb\":{\"@id\":\"https:\/\/teterete.com\/mx\/producto\/platos-de-barro-horneado-de-puebla\/#breadcrumb\"},\"inLanguage\":\"es\",\"potentialAction\":[{\"@type\":\"ReadAction\",\"target\":[\"https:\/\/teterete.com\/mx\/producto\/platos-de-barro-horneado-de-puebla\/\"]}]},{\"@type\":\"ImageObject\",\"inLanguage\":\"es\",\"@id\":\"https:\/\/teterete.com\/mx\/producto\/platos-de-barro-horneado-de-puebla\/#primaryimage\",\"url\":\"https:\/\/teterete.com\/mx\/wp-content\/uploads\/2017\/09\/IMG_0800.jpg\",\"contentUrl\":\"https:\/\/teterete.com\/mx\/wp-content\/uploads\/2017\/09\/IMG_0800.jpg\",\"width\":640,\"height\":427,\"caption\":\"Plato de Barro\"},{\"@type\":\"BreadcrumbList\",\"@id\":\"https:\/\/teterete.com\/mx\/producto\/platos-de-barro-horneado-de-puebla\/#breadcrumb\",\"itemListElement\":[{\"@type\":\"ListItem\",\"position\":1,\"name\":\"Home\",\"item\":\"https:\/\/teterete.com\/mx\/\"},{\"@type\":\"ListItem\",\"position\":2,\"name\":\"Productos\",\"item\":\"https:\/\/teterete.com\/mx\/shop\/\"},{\"@type\":\"ListItem\",\"position\":3,\"name\":\"Platos de Barro Horneado de Puebla\"}]},{\"@type\":\"WebSite\",\"@id\":\"https:\/\/teterete.com\/mx\/#website\",\"url\":\"https:\/\/teterete.com\/mx\/\",\"name\":\"\",\"description\":\"Tienda en L\u00ednea de Fina Artesanias y Dise\u00f1o Mexicano. Bellas piezas elaboradas a mano por los mejores artesanos del pa\u00eds as\u00ed como piezas de dise\u00f1o y decoraci\u00f3n con inspiraci\u00f3n artesanal.\",\"potentialAction\":[{\"@type\":\"SearchAction\",\"target\":{\"@type\":\"EntryPoint\",\"urlTemplate\":\"https:\/\/teterete.com\/mx\/?s={search_term_string}\"},\"query-input\":{\"@type\":\"PropertyValueSpecification\",\"valueRequired\":true,\"valueName\":\"search_term_string\"}}],\"inLanguage\":\"es\"}]}<\/script>\n<!-- \/ Yoast SEO plugin. -->","yoast_head_json":{"title":"Platos de Barro Horneado de Puebla -","robots":{"index":"index","follow":"follow","max-snippet":"max-snippet:-1","max-image-preview":"max-image-preview:large","max-video-preview":"max-video-preview:-1"},"canonical":"https:\/\/teterete.com\/mx\/producto\/platos-de-barro-horneado-de-puebla\/","og_locale":"es_ES","og_type":"article","og_title":"Platos de Barro Horneado de Puebla -","og_description":"Te funcionan perfecto para servir alg\u00fan postre o pan. Miden 15 cms de di\u00e1metro.","og_url":"https:\/\/teterete.com\/mx\/producto\/platos-de-barro-horneado-de-puebla\/","article_publisher":"https:\/\/www.facebook.com\/TetereteHome\/","article_modified_time":"2026-03-24T22:03:50+00:00","og_image":[{"width":640,"height":427,"url":"https:\/\/teterete.com\/mx\/wp-content\/uploads\/2017\/09\/IMG_0800.jpg","type":"image\/jpeg"}],"twitter_card":"summary_large_image","twitter_site":"@Teterete_Home","schema":{"@context":"https:\/\/schema.org","@graph":[{"@type":"WebPage","@id":"https:\/\/teterete.com\/mx\/producto\/platos-de-barro-horneado-de-puebla\/","url":"https:\/\/teterete.com\/mx\/producto\/platos-de-barro-horneado-de-puebla\/","name":"Platos de Barro Horneado de Puebla -","isPartOf":{"@id":"https:\/\/teterete.com\/mx\/#website"},"primaryImageOfPage":{"@id":"https:\/\/teterete.com\/mx\/producto\/platos-de-barro-horneado-de-puebla\/#primaryimage"},"image":{"@id":"https:\/\/teterete.com\/mx\/producto\/platos-de-barro-horneado-de-puebla\/#primaryimage"},"thumbnailUrl":"https:\/\/teterete.com\/mx\/wp-content\/uploads\/2017\/09\/IMG_0800.jpg","datePublished":"2020-10-22T01:51:05+00:00","dateModified":"2026-03-24T22:03:50+00:00","breadcrumb":{"@id":"https:\/\/teterete.com\/mx\/producto\/platos-de-barro-horneado-de-puebla\/#breadcrumb"},"inLanguage":"es","potentialAction":[{"@type":"ReadAction","target":["https:\/\/teterete.com\/mx\/producto\/platos-de-barro-horneado-de-puebla\/"]}]},{"@type":"ImageObject","inLanguage":"es","@id":"https:\/\/teterete.com\/mx\/producto\/platos-de-barro-horneado-de-puebla\/#primaryimage","url":"https:\/\/teterete.com\/mx\/wp-content\/uploads\/2017\/09\/IMG_0800.jpg","contentUrl":"https:\/\/teterete.com\/mx\/wp-content\/uploads\/2017\/09\/IMG_0800.jpg","width":640,"height":427,"caption":"Plato de Barro"},{"@type":"BreadcrumbList","@id":"https:\/\/teterete.com\/mx\/producto\/platos-de-barro-horneado-de-puebla\/#breadcrumb","itemListElement":[{"@type":"ListItem","position":1,"name":"Home","item":"https:\/\/teterete.com\/mx\/"},{"@type":"ListItem","position":2,"name":"Productos","item":"https:\/\/teterete.com\/mx\/shop\/"},{"@type":"ListItem","position":3,"name":"Platos de Barro Horneado de Puebla"}]},{"@type":"WebSite","@id":"https:\/\/teterete.com\/mx\/#website","url":"https:\/\/teterete.com\/mx\/","name":"","description":"Tienda en L\u00ednea de Fina Artesanias y Dise\u00f1o Mexicano. Bellas piezas elaboradas a mano por los mejores artesanos del pa\u00eds as\u00ed como piezas de dise\u00f1o y decoraci\u00f3n con inspiraci\u00f3n artesanal.","potentialAction":[{"@type":"SearchAction","target":{"@type":"EntryPoint","urlTemplate":"https:\/\/teterete.com\/mx\/?s={search_term_string}"},"query-input":{"@type":"PropertyValueSpecification","valueRequired":true,"valueName":"search_term_string"}}],"inLanguage":"es"}]}},"_links":{"self":[{"href":"https:\/\/teterete.com\/mx\/wp-json\/wp\/v2\/product\/8119"}],"collection":[{"href":"https:\/\/teterete.com\/mx\/wp-json\/wp\/v2\/product"}],"about":[{"href":"https:\/\/teterete.com\/mx\/wp-json\/wp\/v2\/types\/product"}],"replies":[{"embeddable":true,"href":"https:\/\/teterete.com\/mx\/wp-json\/wp\/v2\/comments?post=8119"}],"wp:featuredmedia":[{"embeddable":true,"href":"https:\/\/teterete.com\/mx\/wp-json\/wp\/v2\/media\/2486"}],"wp:attachment":[{"href":"https:\/\/teterete.com\/mx\/wp-json\/wp\/v2\/media?parent=8119"}],"wp:term":[{"taxonomy":"product_cat","embeddable":true,"href":"https:\/\/teterete.com\/mx\/wp-json\/wp\/v2\/product_cat?post=8119"},{"taxonomy":"product_tag","embeddable":true,"href":"https:\/\/teterete.com\/mx\/wp-json\/wp\/v2\/product_tag?post=8119"}],"curies":[{"name":"wp","href":"https:\/\/api.w.org\/{rel}","templated":true}]}}