{"id":8259,"date":"2020-11-15T17:30:00","date_gmt":"2020-11-15T17:30:00","guid":{"rendered":"https:\/\/teterete.com\/mx\/?post_type=product&#038;p=8259"},"modified":"2023-07-28T21:52:27","modified_gmt":"2023-07-28T21:52:27","slug":"luminario-ling","status":"publish","type":"product","link":"https:\/\/teterete.com\/mx\/producto\/luminario-ling\/","title":{"rendered":"Luminario Ling"},"content":{"rendered":"<p>Cable para suspender de 2m. Incluye sistema de LED &#8211;&nbsp;CREE 6W IRC 90 520lm 3000K<\/p>\n<p>Fabricado en acero acabado negro mate, arillo cromado cobre y difusor de cristal opalino, con sistema de ajuste de 320\u00b0.<\/p>\n<p>**PRECIO NO INCLUYE IVA<\/p>\n","protected":false},"excerpt":{"rendered":"<p>Minimalismo y dise\u00f1o Art Dec\u00f3 en este luminario decorativo para suspender modelo LING H. que crea 2 ambientes al proyectar luz directa en la parte inferior y una suave luz ambiental con la pantalla de cristal opalino en la parte superior.<\/p>\n","protected":false},"featured_media":8270,"comment_status":"open","ping_status":"closed","template":"","meta":{"sfsi_plus_gutenberg_text_before_share":"","sfsi_plus_gutenberg_show_text_before_share":"","sfsi_plus_gutenberg_icon_type":"","sfsi_plus_gutenberg_icon_alignemt":"","sfsi_plus_gutenburg_max_per_row":""},"product_cat":[1200,351,973],"product_tag":[798,799,1175,1875,974,975,1178,978,977],"acf":[],"yoast_head":"<!-- This site is optimized with the Yoast SEO plugin v23.5 - https:\/\/yoast.com\/wordpress\/plugins\/seo\/ -->\n<title>Luminario Ling -<\/title>\n<meta name=\"description\" content=\"Minimalismo y dise\u00f1o Art Dec\u00f3 en este luminario decorativo para suspender modelo LING H\" \/>\n<meta name=\"robots\" content=\"index, follow, max-snippet:-1, max-image-preview:large, max-video-preview:-1\" \/>\n<link rel=\"canonical\" href=\"https:\/\/teterete.com\/mx\/producto\/luminario-ling\/\" \/>\n<meta property=\"og:locale\" content=\"es_ES\" \/>\n<meta property=\"og:type\" content=\"article\" \/>\n<meta property=\"og:title\" content=\"Luminario Ling -\" \/>\n<meta property=\"og:description\" content=\"Minimalismo y dise\u00f1o Art Dec\u00f3 en este luminario decorativo para suspender modelo LING H\" \/>\n<meta property=\"og:url\" content=\"https:\/\/teterete.com\/mx\/producto\/luminario-ling\/\" \/>\n<meta property=\"article:publisher\" content=\"https:\/\/www.facebook.com\/TetereteHome\/\" \/>\n<meta property=\"article:modified_time\" content=\"2023-07-28T21:52:27+00:00\" \/>\n<meta property=\"og:image\" content=\"https:\/\/teterete.com\/mx\/wp-content\/uploads\/2020\/11\/luminarias-ling-techo.jpg\" \/>\n\t<meta property=\"og:image:width\" content=\"526\" \/>\n\t<meta property=\"og:image:height\" content=\"526\" \/>\n\t<meta property=\"og:image:type\" content=\"image\/jpeg\" \/>\n<meta name=\"twitter:card\" content=\"summary_large_image\" \/>\n<meta name=\"twitter:site\" content=\"@Teterete_Home\" \/>\n<meta name=\"twitter:label1\" content=\"Tiempo de lectura\" \/>\n\t<meta name=\"twitter:data1\" content=\"1 minuto\" \/>\n<script type=\"application\/ld+json\" class=\"yoast-schema-graph\">{\"@context\":\"https:\/\/schema.org\",\"@graph\":[{\"@type\":\"WebPage\",\"@id\":\"https:\/\/teterete.com\/mx\/producto\/luminario-ling\/\",\"url\":\"https:\/\/teterete.com\/mx\/producto\/luminario-ling\/\",\"name\":\"Luminario Ling -\",\"isPartOf\":{\"@id\":\"https:\/\/teterete.com\/mx\/#website\"},\"primaryImageOfPage\":{\"@id\":\"https:\/\/teterete.com\/mx\/producto\/luminario-ling\/#primaryimage\"},\"image\":{\"@id\":\"https:\/\/teterete.com\/mx\/producto\/luminario-ling\/#primaryimage\"},\"thumbnailUrl\":\"https:\/\/teterete.com\/mx\/wp-content\/uploads\/2020\/11\/luminarias-ling-techo.jpg\",\"datePublished\":\"2020-11-15T17:30:00+00:00\",\"dateModified\":\"2023-07-28T21:52:27+00:00\",\"description\":\"Minimalismo y dise\u00f1o Art Dec\u00f3 en este luminario decorativo para suspender modelo LING H\",\"breadcrumb\":{\"@id\":\"https:\/\/teterete.com\/mx\/producto\/luminario-ling\/#breadcrumb\"},\"inLanguage\":\"es\",\"potentialAction\":[{\"@type\":\"ReadAction\",\"target\":[\"https:\/\/teterete.com\/mx\/producto\/luminario-ling\/\"]}]},{\"@type\":\"ImageObject\",\"inLanguage\":\"es\",\"@id\":\"https:\/\/teterete.com\/mx\/producto\/luminario-ling\/#primaryimage\",\"url\":\"https:\/\/teterete.com\/mx\/wp-content\/uploads\/2020\/11\/luminarias-ling-techo.jpg\",\"contentUrl\":\"https:\/\/teterete.com\/mx\/wp-content\/uploads\/2020\/11\/luminarias-ling-techo.jpg\",\"width\":526,\"height\":526,\"caption\":\"Luminarias Ling Techo\"},{\"@type\":\"BreadcrumbList\",\"@id\":\"https:\/\/teterete.com\/mx\/producto\/luminario-ling\/#breadcrumb\",\"itemListElement\":[{\"@type\":\"ListItem\",\"position\":1,\"name\":\"Home\",\"item\":\"https:\/\/teterete.com\/mx\/\"},{\"@type\":\"ListItem\",\"position\":2,\"name\":\"Productos\",\"item\":\"https:\/\/teterete.com\/mx\/shop\/\"},{\"@type\":\"ListItem\",\"position\":3,\"name\":\"Luminario Ling\"}]},{\"@type\":\"WebSite\",\"@id\":\"https:\/\/teterete.com\/mx\/#website\",\"url\":\"https:\/\/teterete.com\/mx\/\",\"name\":\"\",\"description\":\"Tienda en L\u00ednea de Fina Artesanias y Dise\u00f1o Mexicano. Bellas piezas elaboradas a mano por los mejores artesanos del pa\u00eds as\u00ed como piezas de dise\u00f1o y decoraci\u00f3n con inspiraci\u00f3n artesanal.\",\"potentialAction\":[{\"@type\":\"SearchAction\",\"target\":{\"@type\":\"EntryPoint\",\"urlTemplate\":\"https:\/\/teterete.com\/mx\/?s={search_term_string}\"},\"query-input\":{\"@type\":\"PropertyValueSpecification\",\"valueRequired\":true,\"valueName\":\"search_term_string\"}}],\"inLanguage\":\"es\"}]}<\/script>\n<!-- \/ Yoast SEO plugin. -->","yoast_head_json":{"title":"Luminario Ling -","description":"Minimalismo y dise\u00f1o Art Dec\u00f3 en este luminario decorativo para suspender modelo LING H","robots":{"index":"index","follow":"follow","max-snippet":"max-snippet:-1","max-image-preview":"max-image-preview:large","max-video-preview":"max-video-preview:-1"},"canonical":"https:\/\/teterete.com\/mx\/producto\/luminario-ling\/","og_locale":"es_ES","og_type":"article","og_title":"Luminario Ling -","og_description":"Minimalismo y dise\u00f1o Art Dec\u00f3 en este luminario decorativo para suspender modelo LING H","og_url":"https:\/\/teterete.com\/mx\/producto\/luminario-ling\/","article_publisher":"https:\/\/www.facebook.com\/TetereteHome\/","article_modified_time":"2023-07-28T21:52:27+00:00","og_image":[{"width":526,"height":526,"url":"https:\/\/teterete.com\/mx\/wp-content\/uploads\/2020\/11\/luminarias-ling-techo.jpg","type":"image\/jpeg"}],"twitter_card":"summary_large_image","twitter_site":"@Teterete_Home","twitter_misc":{"Tiempo de lectura":"1 minuto"},"schema":{"@context":"https:\/\/schema.org","@graph":[{"@type":"WebPage","@id":"https:\/\/teterete.com\/mx\/producto\/luminario-ling\/","url":"https:\/\/teterete.com\/mx\/producto\/luminario-ling\/","name":"Luminario Ling -","isPartOf":{"@id":"https:\/\/teterete.com\/mx\/#website"},"primaryImageOfPage":{"@id":"https:\/\/teterete.com\/mx\/producto\/luminario-ling\/#primaryimage"},"image":{"@id":"https:\/\/teterete.com\/mx\/producto\/luminario-ling\/#primaryimage"},"thumbnailUrl":"https:\/\/teterete.com\/mx\/wp-content\/uploads\/2020\/11\/luminarias-ling-techo.jpg","datePublished":"2020-11-15T17:30:00+00:00","dateModified":"2023-07-28T21:52:27+00:00","description":"Minimalismo y dise\u00f1o Art Dec\u00f3 en este luminario decorativo para suspender modelo LING H","breadcrumb":{"@id":"https:\/\/teterete.com\/mx\/producto\/luminario-ling\/#breadcrumb"},"inLanguage":"es","potentialAction":[{"@type":"ReadAction","target":["https:\/\/teterete.com\/mx\/producto\/luminario-ling\/"]}]},{"@type":"ImageObject","inLanguage":"es","@id":"https:\/\/teterete.com\/mx\/producto\/luminario-ling\/#primaryimage","url":"https:\/\/teterete.com\/mx\/wp-content\/uploads\/2020\/11\/luminarias-ling-techo.jpg","contentUrl":"https:\/\/teterete.com\/mx\/wp-content\/uploads\/2020\/11\/luminarias-ling-techo.jpg","width":526,"height":526,"caption":"Luminarias Ling Techo"},{"@type":"BreadcrumbList","@id":"https:\/\/teterete.com\/mx\/producto\/luminario-ling\/#breadcrumb","itemListElement":[{"@type":"ListItem","position":1,"name":"Home","item":"https:\/\/teterete.com\/mx\/"},{"@type":"ListItem","position":2,"name":"Productos","item":"https:\/\/teterete.com\/mx\/shop\/"},{"@type":"ListItem","position":3,"name":"Luminario Ling"}]},{"@type":"WebSite","@id":"https:\/\/teterete.com\/mx\/#website","url":"https:\/\/teterete.com\/mx\/","name":"","description":"Tienda en L\u00ednea de Fina Artesanias y Dise\u00f1o Mexicano. Bellas piezas elaboradas a mano por los mejores artesanos del pa\u00eds as\u00ed como piezas de dise\u00f1o y decoraci\u00f3n con inspiraci\u00f3n artesanal.","potentialAction":[{"@type":"SearchAction","target":{"@type":"EntryPoint","urlTemplate":"https:\/\/teterete.com\/mx\/?s={search_term_string}"},"query-input":{"@type":"PropertyValueSpecification","valueRequired":true,"valueName":"search_term_string"}}],"inLanguage":"es"}]}},"_links":{"self":[{"href":"https:\/\/teterete.com\/mx\/wp-json\/wp\/v2\/product\/8259"}],"collection":[{"href":"https:\/\/teterete.com\/mx\/wp-json\/wp\/v2\/product"}],"about":[{"href":"https:\/\/teterete.com\/mx\/wp-json\/wp\/v2\/types\/product"}],"replies":[{"embeddable":true,"href":"https:\/\/teterete.com\/mx\/wp-json\/wp\/v2\/comments?post=8259"}],"wp:featuredmedia":[{"embeddable":true,"href":"https:\/\/teterete.com\/mx\/wp-json\/wp\/v2\/media\/8270"}],"wp:attachment":[{"href":"https:\/\/teterete.com\/mx\/wp-json\/wp\/v2\/media?parent=8259"}],"wp:term":[{"taxonomy":"product_cat","embeddable":true,"href":"https:\/\/teterete.com\/mx\/wp-json\/wp\/v2\/product_cat?post=8259"},{"taxonomy":"product_tag","embeddable":true,"href":"https:\/\/teterete.com\/mx\/wp-json\/wp\/v2\/product_tag?post=8259"}],"curies":[{"name":"wp","href":"https:\/\/api.w.org\/{rel}","templated":true}]}}