{"id":8266,"date":"2020-11-15T18:04:16","date_gmt":"2020-11-15T18:04:16","guid":{"rendered":"https:\/\/teterete.com\/mx\/?post_type=product&#038;p=8266"},"modified":"2023-07-28T21:52:27","modified_gmt":"2023-07-28T21:52:27","slug":"lampara-dodo","status":"publish","type":"product","link":"https:\/\/teterete.com\/mx\/producto\/lampara-dodo\/","title":{"rendered":"L\u00e1mpara Dodo"},"content":{"rendered":"<p>Fabricado en acero rolado en fr\u00edo con acabado cromado color cobre. Incluye reflector de aluminio semiespecular y sistema dirigible.<\/p>\n<p>Cable para suspender forrado en tela de 1.5m. Para 1 l\u00e1mpara A19 E26.<\/p>\n<p>Medidas: 18 cms de di\u00e1metro x 22 cms de altura<\/p>\n<p>Peso 2 kgs<\/p>\n<p>Color: Negra, plata y cobre<\/p>\n<p>**PRECIO NO INCLUYE IVA<\/p>\n","protected":false},"excerpt":{"rendered":"<div class=\"page\" title=\"Page 14\">\n<div class=\"section\">\n<div class=\"layoutArea\">\n<div class=\"column\">\n<div class=\"page\" title=\"Page 12\">\n<div class=\"section\">\n<div class=\"layoutArea\">\n<div class=\"column\">\n<p>Inspirado en el caprichoso personaje de Alicia en el Pa\u00eds de las Maravillas, Dodo es la materializaci\u00f3n de simpleza natural.<\/p>\n<\/div>\n<\/div>\n<\/div>\n<\/div>\n<pre><\/pre>\n<\/div>\n<\/div>\n<\/div>\n<\/div>\n","protected":false},"featured_media":10418,"comment_status":"open","ping_status":"closed","template":"","meta":{"sfsi_plus_gutenberg_text_before_share":"","sfsi_plus_gutenberg_show_text_before_share":"","sfsi_plus_gutenberg_icon_type":"","sfsi_plus_gutenberg_icon_alignemt":"","sfsi_plus_gutenburg_max_per_row":""},"product_cat":[1200,351,774,973],"product_tag":[799,980,974,975,978,977],"acf":[],"yoast_head":"<!-- This site is optimized with the Yoast SEO plugin v23.5 - https:\/\/yoast.com\/wordpress\/plugins\/seo\/ -->\n<title>L\u00e1mpara Dodo -<\/title>\n<meta name=\"description\" content=\"Inspirado en el caprichoso personaje de Alicia en el Pa\u00eds de las Maravillas, Dodo es la materializaci\u00f3n de simpleza natural en una l\u00e1mpara suspendida.\" \/>\n<meta name=\"robots\" content=\"index, follow, max-snippet:-1, max-image-preview:large, max-video-preview:-1\" \/>\n<link rel=\"canonical\" href=\"https:\/\/teterete.com\/mx\/producto\/lampara-dodo\/\" \/>\n<meta property=\"og:locale\" content=\"es_ES\" \/>\n<meta property=\"og:type\" content=\"article\" \/>\n<meta property=\"og:title\" content=\"L\u00e1mpara Dodo -\" \/>\n<meta property=\"og:description\" content=\"Inspirado en el caprichoso personaje de Alicia en el Pa\u00eds de las Maravillas, Dodo es la materializaci\u00f3n de simpleza natural en una l\u00e1mpara suspendida.\" \/>\n<meta property=\"og:url\" content=\"https:\/\/teterete.com\/mx\/producto\/lampara-dodo\/\" \/>\n<meta property=\"article:publisher\" content=\"https:\/\/www.facebook.com\/TetereteHome\/\" \/>\n<meta property=\"article:modified_time\" content=\"2023-07-28T21:52:27+00:00\" \/>\n<meta property=\"og:image\" content=\"https:\/\/teterete.com\/mx\/wp-content\/uploads\/2020\/11\/dodo-lamp.jpg\" \/>\n\t<meta property=\"og:image:width\" content=\"738\" \/>\n\t<meta property=\"og:image:height\" content=\"738\" \/>\n\t<meta property=\"og:image:type\" content=\"image\/jpeg\" \/>\n<meta name=\"twitter:card\" content=\"summary_large_image\" \/>\n<meta name=\"twitter:site\" content=\"@Teterete_Home\" \/>\n<meta name=\"twitter:label1\" content=\"Tiempo de lectura\" \/>\n\t<meta name=\"twitter:data1\" content=\"1 minuto\" \/>\n<script type=\"application\/ld+json\" class=\"yoast-schema-graph\">{\"@context\":\"https:\/\/schema.org\",\"@graph\":[{\"@type\":\"WebPage\",\"@id\":\"https:\/\/teterete.com\/mx\/producto\/lampara-dodo\/\",\"url\":\"https:\/\/teterete.com\/mx\/producto\/lampara-dodo\/\",\"name\":\"L\u00e1mpara Dodo -\",\"isPartOf\":{\"@id\":\"https:\/\/teterete.com\/mx\/#website\"},\"primaryImageOfPage\":{\"@id\":\"https:\/\/teterete.com\/mx\/producto\/lampara-dodo\/#primaryimage\"},\"image\":{\"@id\":\"https:\/\/teterete.com\/mx\/producto\/lampara-dodo\/#primaryimage\"},\"thumbnailUrl\":\"https:\/\/teterete.com\/mx\/wp-content\/uploads\/2020\/11\/dodo-lamp.jpg\",\"datePublished\":\"2020-11-15T18:04:16+00:00\",\"dateModified\":\"2023-07-28T21:52:27+00:00\",\"description\":\"Inspirado en el caprichoso personaje de Alicia en el Pa\u00eds de las Maravillas, Dodo es la materializaci\u00f3n de simpleza natural en una l\u00e1mpara suspendida.\",\"breadcrumb\":{\"@id\":\"https:\/\/teterete.com\/mx\/producto\/lampara-dodo\/#breadcrumb\"},\"inLanguage\":\"es\",\"potentialAction\":[{\"@type\":\"ReadAction\",\"target\":[\"https:\/\/teterete.com\/mx\/producto\/lampara-dodo\/\"]}]},{\"@type\":\"ImageObject\",\"inLanguage\":\"es\",\"@id\":\"https:\/\/teterete.com\/mx\/producto\/lampara-dodo\/#primaryimage\",\"url\":\"https:\/\/teterete.com\/mx\/wp-content\/uploads\/2020\/11\/dodo-lamp.jpg\",\"contentUrl\":\"https:\/\/teterete.com\/mx\/wp-content\/uploads\/2020\/11\/dodo-lamp.jpg\",\"width\":738,\"height\":738,\"caption\":\"Dodo L\u00e1mpara Suspendible\"},{\"@type\":\"BreadcrumbList\",\"@id\":\"https:\/\/teterete.com\/mx\/producto\/lampara-dodo\/#breadcrumb\",\"itemListElement\":[{\"@type\":\"ListItem\",\"position\":1,\"name\":\"Home\",\"item\":\"https:\/\/teterete.com\/mx\/\"},{\"@type\":\"ListItem\",\"position\":2,\"name\":\"Productos\",\"item\":\"https:\/\/teterete.com\/mx\/shop\/\"},{\"@type\":\"ListItem\",\"position\":3,\"name\":\"L\u00e1mpara Dodo\"}]},{\"@type\":\"WebSite\",\"@id\":\"https:\/\/teterete.com\/mx\/#website\",\"url\":\"https:\/\/teterete.com\/mx\/\",\"name\":\"\",\"description\":\"Tienda en L\u00ednea de Fina Artesanias y Dise\u00f1o Mexicano. Bellas piezas elaboradas a mano por los mejores artesanos del pa\u00eds as\u00ed como piezas de dise\u00f1o y decoraci\u00f3n con inspiraci\u00f3n artesanal.\",\"potentialAction\":[{\"@type\":\"SearchAction\",\"target\":{\"@type\":\"EntryPoint\",\"urlTemplate\":\"https:\/\/teterete.com\/mx\/?s={search_term_string}\"},\"query-input\":{\"@type\":\"PropertyValueSpecification\",\"valueRequired\":true,\"valueName\":\"search_term_string\"}}],\"inLanguage\":\"es\"}]}<\/script>\n<!-- \/ Yoast SEO plugin. -->","yoast_head_json":{"title":"L\u00e1mpara Dodo -","description":"Inspirado en el caprichoso personaje de Alicia en el Pa\u00eds de las Maravillas, Dodo es la materializaci\u00f3n de simpleza natural en una l\u00e1mpara suspendida.","robots":{"index":"index","follow":"follow","max-snippet":"max-snippet:-1","max-image-preview":"max-image-preview:large","max-video-preview":"max-video-preview:-1"},"canonical":"https:\/\/teterete.com\/mx\/producto\/lampara-dodo\/","og_locale":"es_ES","og_type":"article","og_title":"L\u00e1mpara Dodo -","og_description":"Inspirado en el caprichoso personaje de Alicia en el Pa\u00eds de las Maravillas, Dodo es la materializaci\u00f3n de simpleza natural en una l\u00e1mpara suspendida.","og_url":"https:\/\/teterete.com\/mx\/producto\/lampara-dodo\/","article_publisher":"https:\/\/www.facebook.com\/TetereteHome\/","article_modified_time":"2023-07-28T21:52:27+00:00","og_image":[{"width":738,"height":738,"url":"https:\/\/teterete.com\/mx\/wp-content\/uploads\/2020\/11\/dodo-lamp.jpg","type":"image\/jpeg"}],"twitter_card":"summary_large_image","twitter_site":"@Teterete_Home","twitter_misc":{"Tiempo de lectura":"1 minuto"},"schema":{"@context":"https:\/\/schema.org","@graph":[{"@type":"WebPage","@id":"https:\/\/teterete.com\/mx\/producto\/lampara-dodo\/","url":"https:\/\/teterete.com\/mx\/producto\/lampara-dodo\/","name":"L\u00e1mpara Dodo -","isPartOf":{"@id":"https:\/\/teterete.com\/mx\/#website"},"primaryImageOfPage":{"@id":"https:\/\/teterete.com\/mx\/producto\/lampara-dodo\/#primaryimage"},"image":{"@id":"https:\/\/teterete.com\/mx\/producto\/lampara-dodo\/#primaryimage"},"thumbnailUrl":"https:\/\/teterete.com\/mx\/wp-content\/uploads\/2020\/11\/dodo-lamp.jpg","datePublished":"2020-11-15T18:04:16+00:00","dateModified":"2023-07-28T21:52:27+00:00","description":"Inspirado en el caprichoso personaje de Alicia en el Pa\u00eds de las Maravillas, Dodo es la materializaci\u00f3n de simpleza natural en una l\u00e1mpara suspendida.","breadcrumb":{"@id":"https:\/\/teterete.com\/mx\/producto\/lampara-dodo\/#breadcrumb"},"inLanguage":"es","potentialAction":[{"@type":"ReadAction","target":["https:\/\/teterete.com\/mx\/producto\/lampara-dodo\/"]}]},{"@type":"ImageObject","inLanguage":"es","@id":"https:\/\/teterete.com\/mx\/producto\/lampara-dodo\/#primaryimage","url":"https:\/\/teterete.com\/mx\/wp-content\/uploads\/2020\/11\/dodo-lamp.jpg","contentUrl":"https:\/\/teterete.com\/mx\/wp-content\/uploads\/2020\/11\/dodo-lamp.jpg","width":738,"height":738,"caption":"Dodo L\u00e1mpara Suspendible"},{"@type":"BreadcrumbList","@id":"https:\/\/teterete.com\/mx\/producto\/lampara-dodo\/#breadcrumb","itemListElement":[{"@type":"ListItem","position":1,"name":"Home","item":"https:\/\/teterete.com\/mx\/"},{"@type":"ListItem","position":2,"name":"Productos","item":"https:\/\/teterete.com\/mx\/shop\/"},{"@type":"ListItem","position":3,"name":"L\u00e1mpara Dodo"}]},{"@type":"WebSite","@id":"https:\/\/teterete.com\/mx\/#website","url":"https:\/\/teterete.com\/mx\/","name":"","description":"Tienda en L\u00ednea de Fina Artesanias y Dise\u00f1o Mexicano. Bellas piezas elaboradas a mano por los mejores artesanos del pa\u00eds as\u00ed como piezas de dise\u00f1o y decoraci\u00f3n con inspiraci\u00f3n artesanal.","potentialAction":[{"@type":"SearchAction","target":{"@type":"EntryPoint","urlTemplate":"https:\/\/teterete.com\/mx\/?s={search_term_string}"},"query-input":{"@type":"PropertyValueSpecification","valueRequired":true,"valueName":"search_term_string"}}],"inLanguage":"es"}]}},"_links":{"self":[{"href":"https:\/\/teterete.com\/mx\/wp-json\/wp\/v2\/product\/8266"}],"collection":[{"href":"https:\/\/teterete.com\/mx\/wp-json\/wp\/v2\/product"}],"about":[{"href":"https:\/\/teterete.com\/mx\/wp-json\/wp\/v2\/types\/product"}],"replies":[{"embeddable":true,"href":"https:\/\/teterete.com\/mx\/wp-json\/wp\/v2\/comments?post=8266"}],"wp:featuredmedia":[{"embeddable":true,"href":"https:\/\/teterete.com\/mx\/wp-json\/wp\/v2\/media\/10418"}],"wp:attachment":[{"href":"https:\/\/teterete.com\/mx\/wp-json\/wp\/v2\/media?parent=8266"}],"wp:term":[{"taxonomy":"product_cat","embeddable":true,"href":"https:\/\/teterete.com\/mx\/wp-json\/wp\/v2\/product_cat?post=8266"},{"taxonomy":"product_tag","embeddable":true,"href":"https:\/\/teterete.com\/mx\/wp-json\/wp\/v2\/product_tag?post=8266"}],"curies":[{"name":"wp","href":"https:\/\/api.w.org\/{rel}","templated":true}]}}