{"id":8372,"date":"2021-01-22T20:19:43","date_gmt":"2021-01-22T20:19:43","guid":{"rendered":"https:\/\/teterete.com\/mx\/?post_type=product&#038;p=8372"},"modified":"2026-03-24T22:03:19","modified_gmt":"2026-03-24T22:03:19","slug":"charola-mexicana-roja-de-olinala","status":"publish","type":"product","link":"https:\/\/teterete.com\/mx\/producto\/charola-mexicana-roja-de-olinala\/","title":{"rendered":"Charola Mexicana Roja de Olinal\u00e1"},"content":{"rendered":"<p>Bella charola de Olinal\u00e1 que funciona perfecto para el t\u00e9 o caf\u00e9 de la ma\u00f1ana o en tu ba\u00f1o para toallas de mano.<\/p>\n<p>Medidas: 36 cms de largo x 24 cms de ancho y 2 cms de altura<\/p>\n<p>Color: Rojo y Negro<\/p>\n","protected":false},"excerpt":{"rendered":"<p>Esta pieza es elaborada por artesanos de Olinal\u00e1, estas charolas se hacen en madera de pino, se lijan para darle una textura mas plana, se agregan capas de tierra con aceite de ch\u00eda para luego tallar o rayar y dar el dise\u00f1o final a mano, sin moldes.<\/p>\n","protected":false},"featured_media":8373,"comment_status":"open","ping_status":"closed","template":"","meta":{"_acf_changed":false,"sfsi_plus_gutenberg_text_before_share":"","sfsi_plus_gutenberg_show_text_before_share":"","sfsi_plus_gutenberg_icon_type":"","sfsi_plus_gutenberg_icon_alignemt":"","sfsi_plus_gutenburg_max_per_row":""},"product_brand":[],"product_cat":[334,2646,2057,346,2606],"product_tag":[1887,222,1084,1083,232,1002],"class_list":{"0":"post-8372","1":"product","2":"type-product","3":"status-publish","4":"has-post-thumbnail","6":"product_cat-accesorios-bano","7":"product_cat-ciber-monday","8":"product_cat-regalos-mama","9":"product_cat-servicio-de-mesa","10":"product_cat-venta-de-verano","11":"product_tag-artesania-de-olinala","12":"product_tag-artesania-mexicana","13":"product_tag-charola-de-madera","14":"product_tag-charola-de-olinala","15":"product_tag-decoracion-mexicana","16":"product_tag-regalos-mexicanos","17":"product_shipping_class-standard","19":"first","20":"outofstock","21":"taxable","22":"shipping-taxable","23":"purchasable","24":"product-type-simple"},"acf":[],"yoast_head":"<!-- This site is optimized with the Yoast SEO plugin v27.5 - https:\/\/yoast.com\/product\/yoast-seo-wordpress\/ -->\n<title>Charola Mexicana Roja de Olinal\u00e1 -<\/title>\n<meta name=\"robots\" content=\"index, follow, max-snippet:-1, max-image-preview:large, max-video-preview:-1\" \/>\n<link rel=\"canonical\" href=\"https:\/\/teterete.com\/mx\/producto\/charola-mexicana-roja-de-olinala\/\" \/>\n<meta property=\"og:locale\" content=\"es_ES\" \/>\n<meta property=\"og:type\" content=\"article\" \/>\n<meta property=\"og:title\" content=\"Charola Mexicana Roja de Olinal\u00e1 -\" \/>\n<meta property=\"og:description\" content=\"Esta pieza es elaborada por artesanos de Olinal\u00e1, estas charolas se hacen en madera de pino, se lijan para darle una textura mas plana, se agregan capas de tierra con aceite de ch\u00eda para luego tallar o rayar y dar el dise\u00f1o final a mano, sin moldes.\" \/>\n<meta property=\"og:url\" content=\"https:\/\/teterete.com\/mx\/producto\/charola-mexicana-roja-de-olinala\/\" \/>\n<meta property=\"article:publisher\" content=\"https:\/\/www.facebook.com\/TetereteHome\/\" \/>\n<meta property=\"article:modified_time\" content=\"2026-03-24T22:03:19+00:00\" \/>\n<meta property=\"og:image\" content=\"https:\/\/teterete.com\/mx\/wp-content\/uploads\/2021\/01\/charola-roja-olinala.jpg\" \/>\n\t<meta property=\"og:image:width\" content=\"1280\" \/>\n\t<meta property=\"og:image:height\" content=\"960\" \/>\n\t<meta property=\"og:image:type\" content=\"image\/jpeg\" \/>\n<meta name=\"twitter:card\" content=\"summary_large_image\" \/>\n<meta name=\"twitter:site\" content=\"@Teterete_Home\" \/>\n<meta name=\"twitter:label1\" content=\"Tiempo de lectura\" \/>\n\t<meta name=\"twitter:data1\" content=\"1 minuto\" \/>\n<script type=\"application\/ld+json\" class=\"yoast-schema-graph\">{\"@context\":\"https:\\\/\\\/schema.org\",\"@graph\":[{\"@type\":\"WebPage\",\"@id\":\"https:\\\/\\\/teterete.com\\\/mx\\\/producto\\\/charola-mexicana-roja-de-olinala\\\/\",\"url\":\"https:\\\/\\\/teterete.com\\\/mx\\\/producto\\\/charola-mexicana-roja-de-olinala\\\/\",\"name\":\"Charola Mexicana Roja de Olinal\u00e1 -\",\"isPartOf\":{\"@id\":\"https:\\\/\\\/teterete.com\\\/mx\\\/#website\"},\"primaryImageOfPage\":{\"@id\":\"https:\\\/\\\/teterete.com\\\/mx\\\/producto\\\/charola-mexicana-roja-de-olinala\\\/#primaryimage\"},\"image\":{\"@id\":\"https:\\\/\\\/teterete.com\\\/mx\\\/producto\\\/charola-mexicana-roja-de-olinala\\\/#primaryimage\"},\"thumbnailUrl\":\"https:\\\/\\\/teterete.com\\\/mx\\\/wp-content\\\/uploads\\\/2021\\\/01\\\/charola-roja-olinala.jpg\",\"datePublished\":\"2021-01-22T20:19:43+00:00\",\"dateModified\":\"2026-03-24T22:03:19+00:00\",\"breadcrumb\":{\"@id\":\"https:\\\/\\\/teterete.com\\\/mx\\\/producto\\\/charola-mexicana-roja-de-olinala\\\/#breadcrumb\"},\"inLanguage\":\"es\",\"potentialAction\":[{\"@type\":\"ReadAction\",\"target\":[\"https:\\\/\\\/teterete.com\\\/mx\\\/producto\\\/charola-mexicana-roja-de-olinala\\\/\"]}]},{\"@type\":\"ImageObject\",\"inLanguage\":\"es\",\"@id\":\"https:\\\/\\\/teterete.com\\\/mx\\\/producto\\\/charola-mexicana-roja-de-olinala\\\/#primaryimage\",\"url\":\"https:\\\/\\\/teterete.com\\\/mx\\\/wp-content\\\/uploads\\\/2021\\\/01\\\/charola-roja-olinala.jpg\",\"contentUrl\":\"https:\\\/\\\/teterete.com\\\/mx\\\/wp-content\\\/uploads\\\/2021\\\/01\\\/charola-roja-olinala.jpg\",\"width\":\"1280\",\"height\":\"960\",\"caption\":\"Charola Roja Olinal\u00e1\"},{\"@type\":\"BreadcrumbList\",\"@id\":\"https:\\\/\\\/teterete.com\\\/mx\\\/producto\\\/charola-mexicana-roja-de-olinala\\\/#breadcrumb\",\"itemListElement\":[{\"@type\":\"ListItem\",\"position\":1,\"name\":\"Home\",\"item\":\"https:\\\/\\\/teterete.com\\\/mx\\\/\"},{\"@type\":\"ListItem\",\"position\":2,\"name\":\"Productos\",\"item\":\"https:\\\/\\\/teterete.com\\\/mx\\\/shop\\\/\"},{\"@type\":\"ListItem\",\"position\":3,\"name\":\"Charola Mexicana Roja de Olinal\u00e1\"}]},{\"@type\":\"WebSite\",\"@id\":\"https:\\\/\\\/teterete.com\\\/mx\\\/#website\",\"url\":\"https:\\\/\\\/teterete.com\\\/mx\\\/\",\"name\":\"\",\"description\":\"Tienda en L\u00ednea de Fina Artesanias y Dise\u00f1o Mexicano. Bellas piezas elaboradas a mano por los mejores artesanos del pa\u00eds as\u00ed como piezas de dise\u00f1o y decoraci\u00f3n con inspiraci\u00f3n artesanal.\",\"potentialAction\":[{\"@type\":\"SearchAction\",\"target\":{\"@type\":\"EntryPoint\",\"urlTemplate\":\"https:\\\/\\\/teterete.com\\\/mx\\\/?s={search_term_string}\"},\"query-input\":{\"@type\":\"PropertyValueSpecification\",\"valueRequired\":true,\"valueName\":\"search_term_string\"}}],\"inLanguage\":\"es\"}]}<\/script>\n<!-- \/ Yoast SEO plugin. -->","yoast_head_json":{"title":"Charola Mexicana Roja de Olinal\u00e1 -","robots":{"index":"index","follow":"follow","max-snippet":"max-snippet:-1","max-image-preview":"max-image-preview:large","max-video-preview":"max-video-preview:-1"},"canonical":"https:\/\/teterete.com\/mx\/producto\/charola-mexicana-roja-de-olinala\/","og_locale":"es_ES","og_type":"article","og_title":"Charola Mexicana Roja de Olinal\u00e1 -","og_description":"Esta pieza es elaborada por artesanos de Olinal\u00e1, estas charolas se hacen en madera de pino, se lijan para darle una textura mas plana, se agregan capas de tierra con aceite de ch\u00eda para luego tallar o rayar y dar el dise\u00f1o final a mano, sin moldes.","og_url":"https:\/\/teterete.com\/mx\/producto\/charola-mexicana-roja-de-olinala\/","article_publisher":"https:\/\/www.facebook.com\/TetereteHome\/","article_modified_time":"2026-03-24T22:03:19+00:00","og_image":[{"width":1280,"height":960,"url":"https:\/\/teterete.com\/mx\/wp-content\/uploads\/2021\/01\/charola-roja-olinala.jpg","type":"image\/jpeg"}],"twitter_card":"summary_large_image","twitter_site":"@Teterete_Home","twitter_misc":{"Tiempo de lectura":"1 minuto"},"schema":{"@context":"https:\/\/schema.org","@graph":[{"@type":"WebPage","@id":"https:\/\/teterete.com\/mx\/producto\/charola-mexicana-roja-de-olinala\/","url":"https:\/\/teterete.com\/mx\/producto\/charola-mexicana-roja-de-olinala\/","name":"Charola Mexicana Roja de Olinal\u00e1 -","isPartOf":{"@id":"https:\/\/teterete.com\/mx\/#website"},"primaryImageOfPage":{"@id":"https:\/\/teterete.com\/mx\/producto\/charola-mexicana-roja-de-olinala\/#primaryimage"},"image":{"@id":"https:\/\/teterete.com\/mx\/producto\/charola-mexicana-roja-de-olinala\/#primaryimage"},"thumbnailUrl":"https:\/\/teterete.com\/mx\/wp-content\/uploads\/2021\/01\/charola-roja-olinala.jpg","datePublished":"2021-01-22T20:19:43+00:00","dateModified":"2026-03-24T22:03:19+00:00","breadcrumb":{"@id":"https:\/\/teterete.com\/mx\/producto\/charola-mexicana-roja-de-olinala\/#breadcrumb"},"inLanguage":"es","potentialAction":[{"@type":"ReadAction","target":["https:\/\/teterete.com\/mx\/producto\/charola-mexicana-roja-de-olinala\/"]}]},{"@type":"ImageObject","inLanguage":"es","@id":"https:\/\/teterete.com\/mx\/producto\/charola-mexicana-roja-de-olinala\/#primaryimage","url":"https:\/\/teterete.com\/mx\/wp-content\/uploads\/2021\/01\/charola-roja-olinala.jpg","contentUrl":"https:\/\/teterete.com\/mx\/wp-content\/uploads\/2021\/01\/charola-roja-olinala.jpg","width":"1280","height":"960","caption":"Charola Roja Olinal\u00e1"},{"@type":"BreadcrumbList","@id":"https:\/\/teterete.com\/mx\/producto\/charola-mexicana-roja-de-olinala\/#breadcrumb","itemListElement":[{"@type":"ListItem","position":1,"name":"Home","item":"https:\/\/teterete.com\/mx\/"},{"@type":"ListItem","position":2,"name":"Productos","item":"https:\/\/teterete.com\/mx\/shop\/"},{"@type":"ListItem","position":3,"name":"Charola Mexicana Roja de Olinal\u00e1"}]},{"@type":"WebSite","@id":"https:\/\/teterete.com\/mx\/#website","url":"https:\/\/teterete.com\/mx\/","name":"","description":"Tienda en L\u00ednea de Fina Artesanias y Dise\u00f1o Mexicano. Bellas piezas elaboradas a mano por los mejores artesanos del pa\u00eds as\u00ed como piezas de dise\u00f1o y decoraci\u00f3n con inspiraci\u00f3n artesanal.","potentialAction":[{"@type":"SearchAction","target":{"@type":"EntryPoint","urlTemplate":"https:\/\/teterete.com\/mx\/?s={search_term_string}"},"query-input":{"@type":"PropertyValueSpecification","valueRequired":true,"valueName":"search_term_string"}}],"inLanguage":"es"}]}},"_links":{"self":[{"href":"https:\/\/teterete.com\/mx\/wp-json\/wp\/v2\/product\/8372","targetHints":{"allow":["GET"]}}],"collection":[{"href":"https:\/\/teterete.com\/mx\/wp-json\/wp\/v2\/product"}],"about":[{"href":"https:\/\/teterete.com\/mx\/wp-json\/wp\/v2\/types\/product"}],"replies":[{"embeddable":true,"href":"https:\/\/teterete.com\/mx\/wp-json\/wp\/v2\/comments?post=8372"}],"wp:featuredmedia":[{"embeddable":true,"href":"https:\/\/teterete.com\/mx\/wp-json\/wp\/v2\/media\/8373"}],"wp:attachment":[{"href":"https:\/\/teterete.com\/mx\/wp-json\/wp\/v2\/media?parent=8372"}],"wp:term":[{"taxonomy":"product_brand","embeddable":true,"href":"https:\/\/teterete.com\/mx\/wp-json\/wp\/v2\/product_brand?post=8372"},{"taxonomy":"product_cat","embeddable":true,"href":"https:\/\/teterete.com\/mx\/wp-json\/wp\/v2\/product_cat?post=8372"},{"taxonomy":"product_tag","embeddable":true,"href":"https:\/\/teterete.com\/mx\/wp-json\/wp\/v2\/product_tag?post=8372"}],"curies":[{"name":"wp","href":"https:\/\/api.w.org\/{rel}","templated":true}]}}