{"id":8519,"date":"2021-02-10T20:13:16","date_gmt":"2021-02-10T20:13:16","guid":{"rendered":"https:\/\/teterete.com\/mx\/?post_type=product&#038;p=8519"},"modified":"2022-09-05T19:22:21","modified_gmt":"2022-09-05T19:22:21","slug":"contenedor-mary-grande","status":"publish","type":"product","link":"https:\/\/teterete.com\/mx\/producto\/contenedor-mary-grande\/","title":{"rendered":"Contenedor Mary Grande"},"content":{"rendered":"<p>Medidas: 35 cms de di\u00e1metro x 33 cms de alto<\/p>\n<p>Material: Palma Natural Hervida, Alambre de Fierro electro pintado.<\/p>\n<p>Artesanos: Maria Sabino y Guadalupe Sabino<\/p>\n<p>Origen: Tlamacazapa, Guerrero.<\/p>\n<p>Colores: Negro, Blanco, Verde Lim\u00f3n, Rosa Mexicano, Azul, Naranja y Amarillo<\/p>\n","protected":false},"excerpt":{"rendered":"<p>Esta colecci\u00f3n realizada por Petate con herreros de la CDMX y tejedores de palma de Tlamacazapa, Guerrero buscando revalorizar el tejido de fibras naturales. \u00dasalo como un original frutero o maceta artesanal.<\/p>\n","protected":false},"featured_media":8515,"comment_status":"open","ping_status":"closed","template":"","meta":{"_acf_changed":false,"sfsi_plus_gutenberg_text_before_share":"","sfsi_plus_gutenberg_show_text_before_share":"","sfsi_plus_gutenberg_icon_type":"","sfsi_plus_gutenberg_icon_alignemt":"","sfsi_plus_gutenburg_max_per_row":""},"product_brand":[],"product_cat":[683,1916,2057],"product_tag":[1914,232,1913,1915,1644],"class_list":{"0":"post-8519","1":"product","2":"type-product","3":"status-publish","4":"has-post-thumbnail","6":"product_cat-objetos_de_palma","7":"product_cat-petate","8":"product_cat-regalos-mama","9":"product_tag-artesania-de-palma","10":"product_tag-decoracion-mexicana","11":"product_tag-frutero-de-palma","12":"product_tag-maceta-artesanal","13":"product_tag-mesa-mexicana","14":"product_shipping_class-big-size","16":"first","17":"instock","18":"taxable","19":"shipping-taxable","20":"purchasable","21":"product-type-simple"},"acf":[],"yoast_head":"<!-- This site is optimized with the Yoast SEO plugin v27.5 - https:\/\/yoast.com\/product\/yoast-seo-wordpress\/ -->\n<title>Contenedor Mary Grande -<\/title>\n<meta name=\"robots\" content=\"index, follow, max-snippet:-1, max-image-preview:large, max-video-preview:-1\" \/>\n<link rel=\"canonical\" href=\"https:\/\/teterete.com\/mx\/producto\/contenedor-mary-grande\/\" \/>\n<meta property=\"og:locale\" content=\"es_ES\" \/>\n<meta property=\"og:type\" content=\"article\" \/>\n<meta property=\"og:title\" content=\"Contenedor Mary Grande -\" \/>\n<meta property=\"og:description\" content=\"Esta colecci\u00f3n realizada por Petate con herreros de la CDMX y tejedores de palma de Tlamacazapa, Guerrero buscando revalorizar el tejido de fibras naturales. \u00dasalo como un original frutero o maceta artesanal.\" \/>\n<meta property=\"og:url\" content=\"https:\/\/teterete.com\/mx\/producto\/contenedor-mary-grande\/\" \/>\n<meta property=\"article:publisher\" content=\"https:\/\/www.facebook.com\/TetereteHome\/\" \/>\n<meta property=\"article:modified_time\" content=\"2022-09-05T19:22:21+00:00\" \/>\n<meta property=\"og:image\" content=\"https:\/\/teterete.com\/mx\/wp-content\/uploads\/2021\/02\/artesania-de-palma.jpeg\" \/>\n\t<meta property=\"og:image:width\" content=\"1190\" \/>\n\t<meta property=\"og:image:height\" content=\"1190\" \/>\n\t<meta property=\"og:image:type\" content=\"image\/jpeg\" \/>\n<meta name=\"twitter:card\" content=\"summary_large_image\" \/>\n<meta name=\"twitter:site\" content=\"@Teterete_Home\" \/>\n<script type=\"application\/ld+json\" class=\"yoast-schema-graph\">{\"@context\":\"https:\\\/\\\/schema.org\",\"@graph\":[{\"@type\":\"WebPage\",\"@id\":\"https:\\\/\\\/teterete.com\\\/mx\\\/producto\\\/contenedor-mary-grande\\\/\",\"url\":\"https:\\\/\\\/teterete.com\\\/mx\\\/producto\\\/contenedor-mary-grande\\\/\",\"name\":\"Contenedor Mary Grande -\",\"isPartOf\":{\"@id\":\"https:\\\/\\\/teterete.com\\\/mx\\\/#website\"},\"primaryImageOfPage\":{\"@id\":\"https:\\\/\\\/teterete.com\\\/mx\\\/producto\\\/contenedor-mary-grande\\\/#primaryimage\"},\"image\":{\"@id\":\"https:\\\/\\\/teterete.com\\\/mx\\\/producto\\\/contenedor-mary-grande\\\/#primaryimage\"},\"thumbnailUrl\":\"https:\\\/\\\/teterete.com\\\/mx\\\/wp-content\\\/uploads\\\/2021\\\/02\\\/artesania-de-palma.jpeg\",\"datePublished\":\"2021-02-10T20:13:16+00:00\",\"dateModified\":\"2022-09-05T19:22:21+00:00\",\"breadcrumb\":{\"@id\":\"https:\\\/\\\/teterete.com\\\/mx\\\/producto\\\/contenedor-mary-grande\\\/#breadcrumb\"},\"inLanguage\":\"es\",\"potentialAction\":[{\"@type\":\"ReadAction\",\"target\":[\"https:\\\/\\\/teterete.com\\\/mx\\\/producto\\\/contenedor-mary-grande\\\/\"]}]},{\"@type\":\"ImageObject\",\"inLanguage\":\"es\",\"@id\":\"https:\\\/\\\/teterete.com\\\/mx\\\/producto\\\/contenedor-mary-grande\\\/#primaryimage\",\"url\":\"https:\\\/\\\/teterete.com\\\/mx\\\/wp-content\\\/uploads\\\/2021\\\/02\\\/artesania-de-palma.jpeg\",\"contentUrl\":\"https:\\\/\\\/teterete.com\\\/mx\\\/wp-content\\\/uploads\\\/2021\\\/02\\\/artesania-de-palma.jpeg\",\"width\":\"1190\",\"height\":\"1190\",\"caption\":\"Artesania de Palma\"},{\"@type\":\"BreadcrumbList\",\"@id\":\"https:\\\/\\\/teterete.com\\\/mx\\\/producto\\\/contenedor-mary-grande\\\/#breadcrumb\",\"itemListElement\":[{\"@type\":\"ListItem\",\"position\":1,\"name\":\"Home\",\"item\":\"https:\\\/\\\/teterete.com\\\/mx\\\/\"},{\"@type\":\"ListItem\",\"position\":2,\"name\":\"Productos\",\"item\":\"https:\\\/\\\/teterete.com\\\/mx\\\/shop\\\/\"},{\"@type\":\"ListItem\",\"position\":3,\"name\":\"Contenedor Mary Grande\"}]},{\"@type\":\"WebSite\",\"@id\":\"https:\\\/\\\/teterete.com\\\/mx\\\/#website\",\"url\":\"https:\\\/\\\/teterete.com\\\/mx\\\/\",\"name\":\"\",\"description\":\"Tienda en L\u00ednea de Fina Artesanias y Dise\u00f1o Mexicano. Bellas piezas elaboradas a mano por los mejores artesanos del pa\u00eds as\u00ed como piezas de dise\u00f1o y decoraci\u00f3n con inspiraci\u00f3n artesanal.\",\"potentialAction\":[{\"@type\":\"SearchAction\",\"target\":{\"@type\":\"EntryPoint\",\"urlTemplate\":\"https:\\\/\\\/teterete.com\\\/mx\\\/?s={search_term_string}\"},\"query-input\":{\"@type\":\"PropertyValueSpecification\",\"valueRequired\":true,\"valueName\":\"search_term_string\"}}],\"inLanguage\":\"es\"}]}<\/script>\n<!-- \/ Yoast SEO plugin. -->","yoast_head_json":{"title":"Contenedor Mary Grande -","robots":{"index":"index","follow":"follow","max-snippet":"max-snippet:-1","max-image-preview":"max-image-preview:large","max-video-preview":"max-video-preview:-1"},"canonical":"https:\/\/teterete.com\/mx\/producto\/contenedor-mary-grande\/","og_locale":"es_ES","og_type":"article","og_title":"Contenedor Mary Grande -","og_description":"Esta colecci\u00f3n realizada por Petate con herreros de la CDMX y tejedores de palma de Tlamacazapa, Guerrero buscando revalorizar el tejido de fibras naturales. \u00dasalo como un original frutero o maceta artesanal.","og_url":"https:\/\/teterete.com\/mx\/producto\/contenedor-mary-grande\/","article_publisher":"https:\/\/www.facebook.com\/TetereteHome\/","article_modified_time":"2022-09-05T19:22:21+00:00","og_image":[{"width":1190,"height":1190,"url":"https:\/\/teterete.com\/mx\/wp-content\/uploads\/2021\/02\/artesania-de-palma.jpeg","type":"image\/jpeg"}],"twitter_card":"summary_large_image","twitter_site":"@Teterete_Home","schema":{"@context":"https:\/\/schema.org","@graph":[{"@type":"WebPage","@id":"https:\/\/teterete.com\/mx\/producto\/contenedor-mary-grande\/","url":"https:\/\/teterete.com\/mx\/producto\/contenedor-mary-grande\/","name":"Contenedor Mary Grande -","isPartOf":{"@id":"https:\/\/teterete.com\/mx\/#website"},"primaryImageOfPage":{"@id":"https:\/\/teterete.com\/mx\/producto\/contenedor-mary-grande\/#primaryimage"},"image":{"@id":"https:\/\/teterete.com\/mx\/producto\/contenedor-mary-grande\/#primaryimage"},"thumbnailUrl":"https:\/\/teterete.com\/mx\/wp-content\/uploads\/2021\/02\/artesania-de-palma.jpeg","datePublished":"2021-02-10T20:13:16+00:00","dateModified":"2022-09-05T19:22:21+00:00","breadcrumb":{"@id":"https:\/\/teterete.com\/mx\/producto\/contenedor-mary-grande\/#breadcrumb"},"inLanguage":"es","potentialAction":[{"@type":"ReadAction","target":["https:\/\/teterete.com\/mx\/producto\/contenedor-mary-grande\/"]}]},{"@type":"ImageObject","inLanguage":"es","@id":"https:\/\/teterete.com\/mx\/producto\/contenedor-mary-grande\/#primaryimage","url":"https:\/\/teterete.com\/mx\/wp-content\/uploads\/2021\/02\/artesania-de-palma.jpeg","contentUrl":"https:\/\/teterete.com\/mx\/wp-content\/uploads\/2021\/02\/artesania-de-palma.jpeg","width":"1190","height":"1190","caption":"Artesania de Palma"},{"@type":"BreadcrumbList","@id":"https:\/\/teterete.com\/mx\/producto\/contenedor-mary-grande\/#breadcrumb","itemListElement":[{"@type":"ListItem","position":1,"name":"Home","item":"https:\/\/teterete.com\/mx\/"},{"@type":"ListItem","position":2,"name":"Productos","item":"https:\/\/teterete.com\/mx\/shop\/"},{"@type":"ListItem","position":3,"name":"Contenedor Mary Grande"}]},{"@type":"WebSite","@id":"https:\/\/teterete.com\/mx\/#website","url":"https:\/\/teterete.com\/mx\/","name":"","description":"Tienda en L\u00ednea de Fina Artesanias y Dise\u00f1o Mexicano. Bellas piezas elaboradas a mano por los mejores artesanos del pa\u00eds as\u00ed como piezas de dise\u00f1o y decoraci\u00f3n con inspiraci\u00f3n artesanal.","potentialAction":[{"@type":"SearchAction","target":{"@type":"EntryPoint","urlTemplate":"https:\/\/teterete.com\/mx\/?s={search_term_string}"},"query-input":{"@type":"PropertyValueSpecification","valueRequired":true,"valueName":"search_term_string"}}],"inLanguage":"es"}]}},"_links":{"self":[{"href":"https:\/\/teterete.com\/mx\/wp-json\/wp\/v2\/product\/8519","targetHints":{"allow":["GET"]}}],"collection":[{"href":"https:\/\/teterete.com\/mx\/wp-json\/wp\/v2\/product"}],"about":[{"href":"https:\/\/teterete.com\/mx\/wp-json\/wp\/v2\/types\/product"}],"replies":[{"embeddable":true,"href":"https:\/\/teterete.com\/mx\/wp-json\/wp\/v2\/comments?post=8519"}],"wp:featuredmedia":[{"embeddable":true,"href":"https:\/\/teterete.com\/mx\/wp-json\/wp\/v2\/media\/8515"}],"wp:attachment":[{"href":"https:\/\/teterete.com\/mx\/wp-json\/wp\/v2\/media?parent=8519"}],"wp:term":[{"taxonomy":"product_brand","embeddable":true,"href":"https:\/\/teterete.com\/mx\/wp-json\/wp\/v2\/product_brand?post=8519"},{"taxonomy":"product_cat","embeddable":true,"href":"https:\/\/teterete.com\/mx\/wp-json\/wp\/v2\/product_cat?post=8519"},{"taxonomy":"product_tag","embeddable":true,"href":"https:\/\/teterete.com\/mx\/wp-json\/wp\/v2\/product_tag?post=8519"}],"curies":[{"name":"wp","href":"https:\/\/api.w.org\/{rel}","templated":true}]}}