{"id":8571,"date":"2021-02-11T21:56:35","date_gmt":"2021-02-11T21:56:35","guid":{"rendered":"https:\/\/teterete.com\/mx\/?post_type=product&#038;p=8571"},"modified":"2022-02-24T16:07:45","modified_gmt":"2022-02-24T16:07:45","slug":"buro-lupita","status":"publish","type":"product","link":"https:\/\/teterete.com\/mx\/producto\/buro-lupita\/","title":{"rendered":"Bur\u00f3 Lupita"},"content":{"rendered":"<p>Medidas: 30 cm de ancho, 60 cm de alto, 40 cm de di\u00e1metro.<\/p>\n<p>Material: Palma Natural Hervida, Alambre de Fierro electro pintado.<\/p>\n<p>Artesanos: Margarito Sabino<\/p>\n<p>Origen: Tlamacazapa, Guerrero.<\/p>\n<p>Colores: Negro, Blanco, Verde Lim\u00f3n, Rosa Mexicano, Azul, Naranja, Morado\u00a0 y Amarillo.<\/p>\n","protected":false},"excerpt":{"rendered":"<p>Esta colecci\u00f3n realizada por Petate con herreros de la CDMX y tejedores de palma de Tlamacazapa, Guerrero buscando revalorizar el tejido de fibras naturales. Dale un giro artesanal a tu habitaci\u00f3n preferida.<\/p>\n","protected":false},"featured_media":9528,"comment_status":"open","ping_status":"closed","template":"","meta":{"sfsi_plus_gutenberg_text_before_share":"","sfsi_plus_gutenberg_show_text_before_share":"","sfsi_plus_gutenberg_icon_type":"","sfsi_plus_gutenberg_icon_alignemt":"","sfsi_plus_gutenburg_max_per_row":""},"product_cat":[1916,2057,683],"product_tag":[1914,1924,232,1644],"acf":[],"yoast_head":"<!-- This site is optimized with the Yoast SEO plugin v23.5 - https:\/\/yoast.com\/wordpress\/plugins\/seo\/ -->\n<title>Bur\u00f3 Lupita -<\/title>\n<meta name=\"robots\" content=\"index, follow, max-snippet:-1, max-image-preview:large, max-video-preview:-1\" \/>\n<link rel=\"canonical\" href=\"https:\/\/teterete.com\/mx\/producto\/buro-lupita\/\" \/>\n<meta property=\"og:locale\" content=\"es_ES\" \/>\n<meta property=\"og:type\" content=\"article\" \/>\n<meta property=\"og:title\" content=\"Bur\u00f3 Lupita -\" \/>\n<meta property=\"og:description\" content=\"Esta colecci\u00f3n realizada por Petate con herreros de la CDMX y tejedores de palma de Tlamacazapa, Guerrero buscando revalorizar el tejido de fibras naturales. Dale un giro artesanal a tu habitaci\u00f3n preferida.\" \/>\n<meta property=\"og:url\" content=\"https:\/\/teterete.com\/mx\/producto\/buro-lupita\/\" \/>\n<meta property=\"article:publisher\" content=\"https:\/\/www.facebook.com\/TetereteHome\/\" \/>\n<meta property=\"article:modified_time\" content=\"2022-02-24T16:07:45+00:00\" \/>\n<meta property=\"og:image\" content=\"https:\/\/teterete.com\/mx\/wp-content\/uploads\/2021\/02\/bur\u00f3_lupita.jpg\" \/>\n\t<meta property=\"og:image:width\" content=\"766\" \/>\n\t<meta property=\"og:image:height\" content=\"766\" \/>\n\t<meta property=\"og:image:type\" content=\"image\/jpeg\" \/>\n<meta name=\"twitter:card\" content=\"summary_large_image\" \/>\n<meta name=\"twitter:site\" content=\"@Teterete_Home\" \/>\n<script type=\"application\/ld+json\" class=\"yoast-schema-graph\">{\"@context\":\"https:\/\/schema.org\",\"@graph\":[{\"@type\":\"WebPage\",\"@id\":\"https:\/\/teterete.com\/mx\/producto\/buro-lupita\/\",\"url\":\"https:\/\/teterete.com\/mx\/producto\/buro-lupita\/\",\"name\":\"Bur\u00f3 Lupita -\",\"isPartOf\":{\"@id\":\"https:\/\/teterete.com\/mx\/#website\"},\"primaryImageOfPage\":{\"@id\":\"https:\/\/teterete.com\/mx\/producto\/buro-lupita\/#primaryimage\"},\"image\":{\"@id\":\"https:\/\/teterete.com\/mx\/producto\/buro-lupita\/#primaryimage\"},\"thumbnailUrl\":\"https:\/\/teterete.com\/mx\/wp-content\/uploads\/2021\/02\/bur\u00f3_lupita.jpg\",\"datePublished\":\"2021-02-11T21:56:35+00:00\",\"dateModified\":\"2022-02-24T16:07:45+00:00\",\"breadcrumb\":{\"@id\":\"https:\/\/teterete.com\/mx\/producto\/buro-lupita\/#breadcrumb\"},\"inLanguage\":\"es\",\"potentialAction\":[{\"@type\":\"ReadAction\",\"target\":[\"https:\/\/teterete.com\/mx\/producto\/buro-lupita\/\"]}]},{\"@type\":\"ImageObject\",\"inLanguage\":\"es\",\"@id\":\"https:\/\/teterete.com\/mx\/producto\/buro-lupita\/#primaryimage\",\"url\":\"https:\/\/teterete.com\/mx\/wp-content\/uploads\/2021\/02\/bur\u00f3_lupita.jpg\",\"contentUrl\":\"https:\/\/teterete.com\/mx\/wp-content\/uploads\/2021\/02\/bur\u00f3_lupita.jpg\",\"width\":\"766\",\"height\":\"766\"},{\"@type\":\"BreadcrumbList\",\"@id\":\"https:\/\/teterete.com\/mx\/producto\/buro-lupita\/#breadcrumb\",\"itemListElement\":[{\"@type\":\"ListItem\",\"position\":1,\"name\":\"Home\",\"item\":\"https:\/\/teterete.com\/mx\/\"},{\"@type\":\"ListItem\",\"position\":2,\"name\":\"Productos\",\"item\":\"https:\/\/teterete.com\/mx\/shop\/\"},{\"@type\":\"ListItem\",\"position\":3,\"name\":\"Bur\u00f3 Lupita\"}]},{\"@type\":\"WebSite\",\"@id\":\"https:\/\/teterete.com\/mx\/#website\",\"url\":\"https:\/\/teterete.com\/mx\/\",\"name\":\"\",\"description\":\"Tienda en L\u00ednea de Fina Artesanias y Dise\u00f1o Mexicano. Bellas piezas elaboradas a mano por los mejores artesanos del pa\u00eds as\u00ed como piezas de dise\u00f1o y decoraci\u00f3n con inspiraci\u00f3n artesanal.\",\"potentialAction\":[{\"@type\":\"SearchAction\",\"target\":{\"@type\":\"EntryPoint\",\"urlTemplate\":\"https:\/\/teterete.com\/mx\/?s={search_term_string}\"},\"query-input\":{\"@type\":\"PropertyValueSpecification\",\"valueRequired\":true,\"valueName\":\"search_term_string\"}}],\"inLanguage\":\"es\"}]}<\/script>\n<!-- \/ Yoast SEO plugin. -->","yoast_head_json":{"title":"Bur\u00f3 Lupita -","robots":{"index":"index","follow":"follow","max-snippet":"max-snippet:-1","max-image-preview":"max-image-preview:large","max-video-preview":"max-video-preview:-1"},"canonical":"https:\/\/teterete.com\/mx\/producto\/buro-lupita\/","og_locale":"es_ES","og_type":"article","og_title":"Bur\u00f3 Lupita -","og_description":"Esta colecci\u00f3n realizada por Petate con herreros de la CDMX y tejedores de palma de Tlamacazapa, Guerrero buscando revalorizar el tejido de fibras naturales. Dale un giro artesanal a tu habitaci\u00f3n preferida.","og_url":"https:\/\/teterete.com\/mx\/producto\/buro-lupita\/","article_publisher":"https:\/\/www.facebook.com\/TetereteHome\/","article_modified_time":"2022-02-24T16:07:45+00:00","og_image":[{"width":766,"height":766,"url":"https:\/\/teterete.com\/mx\/wp-content\/uploads\/2021\/02\/bur\u00f3_lupita.jpg","type":"image\/jpeg"}],"twitter_card":"summary_large_image","twitter_site":"@Teterete_Home","schema":{"@context":"https:\/\/schema.org","@graph":[{"@type":"WebPage","@id":"https:\/\/teterete.com\/mx\/producto\/buro-lupita\/","url":"https:\/\/teterete.com\/mx\/producto\/buro-lupita\/","name":"Bur\u00f3 Lupita -","isPartOf":{"@id":"https:\/\/teterete.com\/mx\/#website"},"primaryImageOfPage":{"@id":"https:\/\/teterete.com\/mx\/producto\/buro-lupita\/#primaryimage"},"image":{"@id":"https:\/\/teterete.com\/mx\/producto\/buro-lupita\/#primaryimage"},"thumbnailUrl":"https:\/\/teterete.com\/mx\/wp-content\/uploads\/2021\/02\/bur\u00f3_lupita.jpg","datePublished":"2021-02-11T21:56:35+00:00","dateModified":"2022-02-24T16:07:45+00:00","breadcrumb":{"@id":"https:\/\/teterete.com\/mx\/producto\/buro-lupita\/#breadcrumb"},"inLanguage":"es","potentialAction":[{"@type":"ReadAction","target":["https:\/\/teterete.com\/mx\/producto\/buro-lupita\/"]}]},{"@type":"ImageObject","inLanguage":"es","@id":"https:\/\/teterete.com\/mx\/producto\/buro-lupita\/#primaryimage","url":"https:\/\/teterete.com\/mx\/wp-content\/uploads\/2021\/02\/bur\u00f3_lupita.jpg","contentUrl":"https:\/\/teterete.com\/mx\/wp-content\/uploads\/2021\/02\/bur\u00f3_lupita.jpg","width":"766","height":"766"},{"@type":"BreadcrumbList","@id":"https:\/\/teterete.com\/mx\/producto\/buro-lupita\/#breadcrumb","itemListElement":[{"@type":"ListItem","position":1,"name":"Home","item":"https:\/\/teterete.com\/mx\/"},{"@type":"ListItem","position":2,"name":"Productos","item":"https:\/\/teterete.com\/mx\/shop\/"},{"@type":"ListItem","position":3,"name":"Bur\u00f3 Lupita"}]},{"@type":"WebSite","@id":"https:\/\/teterete.com\/mx\/#website","url":"https:\/\/teterete.com\/mx\/","name":"","description":"Tienda en L\u00ednea de Fina Artesanias y Dise\u00f1o Mexicano. Bellas piezas elaboradas a mano por los mejores artesanos del pa\u00eds as\u00ed como piezas de dise\u00f1o y decoraci\u00f3n con inspiraci\u00f3n artesanal.","potentialAction":[{"@type":"SearchAction","target":{"@type":"EntryPoint","urlTemplate":"https:\/\/teterete.com\/mx\/?s={search_term_string}"},"query-input":{"@type":"PropertyValueSpecification","valueRequired":true,"valueName":"search_term_string"}}],"inLanguage":"es"}]}},"_links":{"self":[{"href":"https:\/\/teterete.com\/mx\/wp-json\/wp\/v2\/product\/8571"}],"collection":[{"href":"https:\/\/teterete.com\/mx\/wp-json\/wp\/v2\/product"}],"about":[{"href":"https:\/\/teterete.com\/mx\/wp-json\/wp\/v2\/types\/product"}],"replies":[{"embeddable":true,"href":"https:\/\/teterete.com\/mx\/wp-json\/wp\/v2\/comments?post=8571"}],"wp:featuredmedia":[{"embeddable":true,"href":"https:\/\/teterete.com\/mx\/wp-json\/wp\/v2\/media\/9528"}],"wp:attachment":[{"href":"https:\/\/teterete.com\/mx\/wp-json\/wp\/v2\/media?parent=8571"}],"wp:term":[{"taxonomy":"product_cat","embeddable":true,"href":"https:\/\/teterete.com\/mx\/wp-json\/wp\/v2\/product_cat?post=8571"},{"taxonomy":"product_tag","embeddable":true,"href":"https:\/\/teterete.com\/mx\/wp-json\/wp\/v2\/product_tag?post=8571"}],"curies":[{"name":"wp","href":"https:\/\/api.w.org\/{rel}","templated":true}]}}