{"id":8865,"date":"2021-02-27T17:31:47","date_gmt":"2021-02-27T17:31:47","guid":{"rendered":"https:\/\/teterete.com\/mx\/?post_type=product&#038;p=8865"},"modified":"2025-07-22T19:01:26","modified_gmt":"2025-07-22T19:01:26","slug":"funda-cojin-de-raya","status":"publish","type":"product","link":"https:\/\/teterete.com\/mx\/producto\/funda-cojin-de-raya\/","title":{"rendered":"Funda Cojin de Rayas"},"content":{"rendered":"<p>Medidas: 50 x 50 cm<\/p>\n<p>100% Lana<\/p>\n<p>*\u00danicamente funda, no incluye relleno.<\/p>\n<p>**En caso de no contar con inventario al momento de su compra la producci\u00f3n lleva 8 d\u00edas<\/p>\n<p>&nbsp;<\/p>\n","protected":false},"excerpt":{"rendered":"<p>Cojines artesanales con dise\u00f1os diferentes y encantadores para ese rinc\u00f3n especial en tu hogar.<\/p>\n","protected":false},"featured_media":9959,"comment_status":"open","ping_status":"closed","template":"","meta":{"_acf_changed":false,"sfsi_plus_gutenberg_text_before_share":"","sfsi_plus_gutenberg_show_text_before_share":"","sfsi_plus_gutenberg_icon_type":"","sfsi_plus_gutenberg_icon_alignemt":"","sfsi_plus_gutenburg_max_per_row":""},"product_brand":[],"product_cat":[210,336,682],"product_tag":[1454,1017,435,516],"class_list":{"0":"post-8865","1":"product","2":"type-product","3":"status-publish","4":"has-post-thumbnail","6":"product_cat-cojines","7":"product_cat-cojines-decorativos","8":"product_cat-terraza","9":"product_tag-cojin-terraza","10":"product_tag-cojines","11":"product_tag-cojines-de-lana","12":"product_tag-cojines-decorativos","13":"product_shipping_class-fast-delivery","15":"first","16":"instock","17":"taxable","18":"shipping-taxable","19":"purchasable","20":"product-type-variable"},"acf":[],"yoast_head":"<!-- This site is optimized with the Yoast SEO plugin v27.5 - https:\/\/yoast.com\/product\/yoast-seo-wordpress\/ -->\n<title>Funda Cojin de Rayas -<\/title>\n<meta name=\"robots\" content=\"index, follow, max-snippet:-1, max-image-preview:large, max-video-preview:-1\" \/>\n<link rel=\"canonical\" href=\"https:\/\/teterete.com\/mx\/producto\/funda-cojin-de-raya\/\" \/>\n<meta property=\"og:locale\" content=\"es_ES\" \/>\n<meta property=\"og:type\" content=\"article\" \/>\n<meta property=\"og:title\" content=\"Funda Cojin de Rayas -\" \/>\n<meta property=\"og:description\" content=\"Cojines artesanales con dise\u00f1os diferentes y encantadores para ese rinc\u00f3n especial en tu hogar.\" \/>\n<meta property=\"og:url\" content=\"https:\/\/teterete.com\/mx\/producto\/funda-cojin-de-raya\/\" \/>\n<meta property=\"article:publisher\" content=\"https:\/\/www.facebook.com\/TetereteHome\/\" \/>\n<meta property=\"article:modified_time\" content=\"2025-07-22T19:01:26+00:00\" \/>\n<meta property=\"og:image\" content=\"https:\/\/teterete.com\/mx\/wp-content\/uploads\/2021\/02\/cojines-de-lana-mexicanos.jpg\" \/>\n\t<meta property=\"og:image:width\" content=\"800\" \/>\n\t<meta property=\"og:image:height\" content=\"800\" \/>\n\t<meta property=\"og:image:type\" content=\"image\/jpeg\" \/>\n<meta name=\"twitter:card\" content=\"summary_large_image\" \/>\n<meta name=\"twitter:site\" content=\"@Teterete_Home\" \/>\n<script type=\"application\/ld+json\" class=\"yoast-schema-graph\">{\"@context\":\"https:\\\/\\\/schema.org\",\"@graph\":[{\"@type\":\"WebPage\",\"@id\":\"https:\\\/\\\/teterete.com\\\/mx\\\/producto\\\/funda-cojin-de-raya\\\/\",\"url\":\"https:\\\/\\\/teterete.com\\\/mx\\\/producto\\\/funda-cojin-de-raya\\\/\",\"name\":\"Funda Cojin de Rayas -\",\"isPartOf\":{\"@id\":\"https:\\\/\\\/teterete.com\\\/mx\\\/#website\"},\"primaryImageOfPage\":{\"@id\":\"https:\\\/\\\/teterete.com\\\/mx\\\/producto\\\/funda-cojin-de-raya\\\/#primaryimage\"},\"image\":{\"@id\":\"https:\\\/\\\/teterete.com\\\/mx\\\/producto\\\/funda-cojin-de-raya\\\/#primaryimage\"},\"thumbnailUrl\":\"https:\\\/\\\/teterete.com\\\/mx\\\/wp-content\\\/uploads\\\/2021\\\/02\\\/cojines-de-lana-mexicanos.jpg\",\"datePublished\":\"2021-02-27T17:31:47+00:00\",\"dateModified\":\"2025-07-22T19:01:26+00:00\",\"breadcrumb\":{\"@id\":\"https:\\\/\\\/teterete.com\\\/mx\\\/producto\\\/funda-cojin-de-raya\\\/#breadcrumb\"},\"inLanguage\":\"es\",\"potentialAction\":[{\"@type\":\"ReadAction\",\"target\":[\"https:\\\/\\\/teterete.com\\\/mx\\\/producto\\\/funda-cojin-de-raya\\\/\"]}]},{\"@type\":\"ImageObject\",\"inLanguage\":\"es\",\"@id\":\"https:\\\/\\\/teterete.com\\\/mx\\\/producto\\\/funda-cojin-de-raya\\\/#primaryimage\",\"url\":\"https:\\\/\\\/teterete.com\\\/mx\\\/wp-content\\\/uploads\\\/2021\\\/02\\\/cojines-de-lana-mexicanos.jpg\",\"contentUrl\":\"https:\\\/\\\/teterete.com\\\/mx\\\/wp-content\\\/uploads\\\/2021\\\/02\\\/cojines-de-lana-mexicanos.jpg\",\"width\":\"800\",\"height\":\"800\",\"caption\":\"Cojines de Lana Mexicanos\"},{\"@type\":\"BreadcrumbList\",\"@id\":\"https:\\\/\\\/teterete.com\\\/mx\\\/producto\\\/funda-cojin-de-raya\\\/#breadcrumb\",\"itemListElement\":[{\"@type\":\"ListItem\",\"position\":1,\"name\":\"Home\",\"item\":\"https:\\\/\\\/teterete.com\\\/mx\\\/\"},{\"@type\":\"ListItem\",\"position\":2,\"name\":\"Productos\",\"item\":\"https:\\\/\\\/teterete.com\\\/mx\\\/shop\\\/\"},{\"@type\":\"ListItem\",\"position\":3,\"name\":\"Funda Cojin de Rayas\"}]},{\"@type\":\"WebSite\",\"@id\":\"https:\\\/\\\/teterete.com\\\/mx\\\/#website\",\"url\":\"https:\\\/\\\/teterete.com\\\/mx\\\/\",\"name\":\"\",\"description\":\"Tienda en L\u00ednea de Fina Artesanias y Dise\u00f1o Mexicano. Bellas piezas elaboradas a mano por los mejores artesanos del pa\u00eds as\u00ed como piezas de dise\u00f1o y decoraci\u00f3n con inspiraci\u00f3n artesanal.\",\"potentialAction\":[{\"@type\":\"SearchAction\",\"target\":{\"@type\":\"EntryPoint\",\"urlTemplate\":\"https:\\\/\\\/teterete.com\\\/mx\\\/?s={search_term_string}\"},\"query-input\":{\"@type\":\"PropertyValueSpecification\",\"valueRequired\":true,\"valueName\":\"search_term_string\"}}],\"inLanguage\":\"es\"}]}<\/script>\n<!-- \/ Yoast SEO plugin. -->","yoast_head_json":{"title":"Funda Cojin de Rayas -","robots":{"index":"index","follow":"follow","max-snippet":"max-snippet:-1","max-image-preview":"max-image-preview:large","max-video-preview":"max-video-preview:-1"},"canonical":"https:\/\/teterete.com\/mx\/producto\/funda-cojin-de-raya\/","og_locale":"es_ES","og_type":"article","og_title":"Funda Cojin de Rayas -","og_description":"Cojines artesanales con dise\u00f1os diferentes y encantadores para ese rinc\u00f3n especial en tu hogar.","og_url":"https:\/\/teterete.com\/mx\/producto\/funda-cojin-de-raya\/","article_publisher":"https:\/\/www.facebook.com\/TetereteHome\/","article_modified_time":"2025-07-22T19:01:26+00:00","og_image":[{"width":800,"height":800,"url":"https:\/\/teterete.com\/mx\/wp-content\/uploads\/2021\/02\/cojines-de-lana-mexicanos.jpg","type":"image\/jpeg"}],"twitter_card":"summary_large_image","twitter_site":"@Teterete_Home","schema":{"@context":"https:\/\/schema.org","@graph":[{"@type":"WebPage","@id":"https:\/\/teterete.com\/mx\/producto\/funda-cojin-de-raya\/","url":"https:\/\/teterete.com\/mx\/producto\/funda-cojin-de-raya\/","name":"Funda Cojin de Rayas -","isPartOf":{"@id":"https:\/\/teterete.com\/mx\/#website"},"primaryImageOfPage":{"@id":"https:\/\/teterete.com\/mx\/producto\/funda-cojin-de-raya\/#primaryimage"},"image":{"@id":"https:\/\/teterete.com\/mx\/producto\/funda-cojin-de-raya\/#primaryimage"},"thumbnailUrl":"https:\/\/teterete.com\/mx\/wp-content\/uploads\/2021\/02\/cojines-de-lana-mexicanos.jpg","datePublished":"2021-02-27T17:31:47+00:00","dateModified":"2025-07-22T19:01:26+00:00","breadcrumb":{"@id":"https:\/\/teterete.com\/mx\/producto\/funda-cojin-de-raya\/#breadcrumb"},"inLanguage":"es","potentialAction":[{"@type":"ReadAction","target":["https:\/\/teterete.com\/mx\/producto\/funda-cojin-de-raya\/"]}]},{"@type":"ImageObject","inLanguage":"es","@id":"https:\/\/teterete.com\/mx\/producto\/funda-cojin-de-raya\/#primaryimage","url":"https:\/\/teterete.com\/mx\/wp-content\/uploads\/2021\/02\/cojines-de-lana-mexicanos.jpg","contentUrl":"https:\/\/teterete.com\/mx\/wp-content\/uploads\/2021\/02\/cojines-de-lana-mexicanos.jpg","width":"800","height":"800","caption":"Cojines de Lana Mexicanos"},{"@type":"BreadcrumbList","@id":"https:\/\/teterete.com\/mx\/producto\/funda-cojin-de-raya\/#breadcrumb","itemListElement":[{"@type":"ListItem","position":1,"name":"Home","item":"https:\/\/teterete.com\/mx\/"},{"@type":"ListItem","position":2,"name":"Productos","item":"https:\/\/teterete.com\/mx\/shop\/"},{"@type":"ListItem","position":3,"name":"Funda Cojin de Rayas"}]},{"@type":"WebSite","@id":"https:\/\/teterete.com\/mx\/#website","url":"https:\/\/teterete.com\/mx\/","name":"","description":"Tienda en L\u00ednea de Fina Artesanias y Dise\u00f1o Mexicano. Bellas piezas elaboradas a mano por los mejores artesanos del pa\u00eds as\u00ed como piezas de dise\u00f1o y decoraci\u00f3n con inspiraci\u00f3n artesanal.","potentialAction":[{"@type":"SearchAction","target":{"@type":"EntryPoint","urlTemplate":"https:\/\/teterete.com\/mx\/?s={search_term_string}"},"query-input":{"@type":"PropertyValueSpecification","valueRequired":true,"valueName":"search_term_string"}}],"inLanguage":"es"}]}},"_links":{"self":[{"href":"https:\/\/teterete.com\/mx\/wp-json\/wp\/v2\/product\/8865","targetHints":{"allow":["GET"]}}],"collection":[{"href":"https:\/\/teterete.com\/mx\/wp-json\/wp\/v2\/product"}],"about":[{"href":"https:\/\/teterete.com\/mx\/wp-json\/wp\/v2\/types\/product"}],"replies":[{"embeddable":true,"href":"https:\/\/teterete.com\/mx\/wp-json\/wp\/v2\/comments?post=8865"}],"wp:featuredmedia":[{"embeddable":true,"href":"https:\/\/teterete.com\/mx\/wp-json\/wp\/v2\/media\/9959"}],"wp:attachment":[{"href":"https:\/\/teterete.com\/mx\/wp-json\/wp\/v2\/media?parent=8865"}],"wp:term":[{"taxonomy":"product_brand","embeddable":true,"href":"https:\/\/teterete.com\/mx\/wp-json\/wp\/v2\/product_brand?post=8865"},{"taxonomy":"product_cat","embeddable":true,"href":"https:\/\/teterete.com\/mx\/wp-json\/wp\/v2\/product_cat?post=8865"},{"taxonomy":"product_tag","embeddable":true,"href":"https:\/\/teterete.com\/mx\/wp-json\/wp\/v2\/product_tag?post=8865"}],"curies":[{"name":"wp","href":"https:\/\/api.w.org\/{rel}","templated":true}]}}