{"id":8888,"date":"2021-02-23T23:45:00","date_gmt":"2021-02-23T23:45:00","guid":{"rendered":"https:\/\/teterete.com\/mx\/?post_type=product&#038;p=8888"},"modified":"2021-03-27T20:03:32","modified_gmt":"2021-03-27T20:03:32","slug":"funda-palomita-lunar-y-rombos","status":"publish","type":"product","link":"https:\/\/teterete.com\/mx\/producto\/funda-palomita-lunar-y-rombos\/","title":{"rendered":"Funda Palomita Lunar y Rombos"},"content":{"rendered":"<p>Medidas: 50 x 50 cm<\/p>\n<p>Color: Crema con Gris<\/p>\n<p>*\u00danicamente funda, no incluye relleno.<\/p>\n<p>** En caso de no contar con inventario al momento de su compra la producci\u00f3n lleva 8 d\u00edas<\/p>\n","protected":false},"excerpt":{"rendered":"<p>Cojines artesanales con dise\u00f1os diferentes y encantadores para cualquier rinc\u00f3n de tu hogar.<\/p>\n","protected":false},"featured_media":8963,"comment_status":"open","ping_status":"closed","template":"","meta":{"sfsi_plus_gutenberg_text_before_share":"","sfsi_plus_gutenberg_show_text_before_share":"","sfsi_plus_gutenberg_icon_type":"","sfsi_plus_gutenberg_icon_alignemt":"","sfsi_plus_gutenburg_max_per_row":""},"product_cat":[2057,210,336,682],"product_tag":[1923,1280,1454,1017,1279,516],"acf":[],"yoast_head":"<!-- This site is optimized with the Yoast SEO plugin v23.5 - https:\/\/yoast.com\/wordpress\/plugins\/seo\/ -->\n<title>Funda Palomita Lunar y Rombos -<\/title>\n<meta name=\"robots\" content=\"index, follow, max-snippet:-1, max-image-preview:large, max-video-preview:-1\" \/>\n<link rel=\"canonical\" href=\"https:\/\/teterete.com\/mx\/producto\/funda-palomita-lunar-y-rombos\/\" \/>\n<meta property=\"og:locale\" content=\"es_ES\" \/>\n<meta property=\"og:type\" content=\"article\" \/>\n<meta property=\"og:title\" content=\"Funda Palomita Lunar y Rombos -\" \/>\n<meta property=\"og:description\" content=\"Cojines artesanales con dise\u00f1os diferentes y encantadores para cualquier rinc\u00f3n de tu hogar.\" \/>\n<meta property=\"og:url\" content=\"https:\/\/teterete.com\/mx\/producto\/funda-palomita-lunar-y-rombos\/\" \/>\n<meta property=\"article:publisher\" content=\"https:\/\/www.facebook.com\/TetereteHome\/\" \/>\n<meta property=\"article:modified_time\" content=\"2021-03-27T20:03:32+00:00\" \/>\n<meta property=\"og:image\" content=\"https:\/\/teterete.com\/mx\/wp-content\/uploads\/2021\/02\/FC-028.jpg\" \/>\n\t<meta property=\"og:image:width\" content=\"720\" \/>\n\t<meta property=\"og:image:height\" content=\"720\" \/>\n\t<meta property=\"og:image:type\" content=\"image\/jpeg\" \/>\n<meta name=\"twitter:card\" content=\"summary_large_image\" \/>\n<meta name=\"twitter:site\" content=\"@Teterete_Home\" \/>\n<script type=\"application\/ld+json\" class=\"yoast-schema-graph\">{\"@context\":\"https:\/\/schema.org\",\"@graph\":[{\"@type\":\"WebPage\",\"@id\":\"https:\/\/teterete.com\/mx\/producto\/funda-palomita-lunar-y-rombos\/\",\"url\":\"https:\/\/teterete.com\/mx\/producto\/funda-palomita-lunar-y-rombos\/\",\"name\":\"Funda Palomita Lunar y Rombos -\",\"isPartOf\":{\"@id\":\"https:\/\/teterete.com\/mx\/#website\"},\"primaryImageOfPage\":{\"@id\":\"https:\/\/teterete.com\/mx\/producto\/funda-palomita-lunar-y-rombos\/#primaryimage\"},\"image\":{\"@id\":\"https:\/\/teterete.com\/mx\/producto\/funda-palomita-lunar-y-rombos\/#primaryimage\"},\"thumbnailUrl\":\"https:\/\/teterete.com\/mx\/wp-content\/uploads\/2021\/02\/FC-028.jpg\",\"datePublished\":\"2021-02-23T23:45:00+00:00\",\"dateModified\":\"2021-03-27T20:03:32+00:00\",\"breadcrumb\":{\"@id\":\"https:\/\/teterete.com\/mx\/producto\/funda-palomita-lunar-y-rombos\/#breadcrumb\"},\"inLanguage\":\"es\",\"potentialAction\":[{\"@type\":\"ReadAction\",\"target\":[\"https:\/\/teterete.com\/mx\/producto\/funda-palomita-lunar-y-rombos\/\"]}]},{\"@type\":\"ImageObject\",\"inLanguage\":\"es\",\"@id\":\"https:\/\/teterete.com\/mx\/producto\/funda-palomita-lunar-y-rombos\/#primaryimage\",\"url\":\"https:\/\/teterete.com\/mx\/wp-content\/uploads\/2021\/02\/FC-028.jpg\",\"contentUrl\":\"https:\/\/teterete.com\/mx\/wp-content\/uploads\/2021\/02\/FC-028.jpg\",\"width\":\"720\",\"height\":\"720\",\"caption\":\"Funda de coj\u00edn artesanal.\"},{\"@type\":\"BreadcrumbList\",\"@id\":\"https:\/\/teterete.com\/mx\/producto\/funda-palomita-lunar-y-rombos\/#breadcrumb\",\"itemListElement\":[{\"@type\":\"ListItem\",\"position\":1,\"name\":\"Home\",\"item\":\"https:\/\/teterete.com\/mx\/\"},{\"@type\":\"ListItem\",\"position\":2,\"name\":\"Productos\",\"item\":\"https:\/\/teterete.com\/mx\/shop\/\"},{\"@type\":\"ListItem\",\"position\":3,\"name\":\"Funda Palomita Lunar y Rombos\"}]},{\"@type\":\"WebSite\",\"@id\":\"https:\/\/teterete.com\/mx\/#website\",\"url\":\"https:\/\/teterete.com\/mx\/\",\"name\":\"\",\"description\":\"Tienda en L\u00ednea de Fina Artesanias y Dise\u00f1o Mexicano. Bellas piezas elaboradas a mano por los mejores artesanos del pa\u00eds as\u00ed como piezas de dise\u00f1o y decoraci\u00f3n con inspiraci\u00f3n artesanal.\",\"potentialAction\":[{\"@type\":\"SearchAction\",\"target\":{\"@type\":\"EntryPoint\",\"urlTemplate\":\"https:\/\/teterete.com\/mx\/?s={search_term_string}\"},\"query-input\":{\"@type\":\"PropertyValueSpecification\",\"valueRequired\":true,\"valueName\":\"search_term_string\"}}],\"inLanguage\":\"es\"}]}<\/script>\n<!-- \/ Yoast SEO plugin. -->","yoast_head_json":{"title":"Funda Palomita Lunar y Rombos -","robots":{"index":"index","follow":"follow","max-snippet":"max-snippet:-1","max-image-preview":"max-image-preview:large","max-video-preview":"max-video-preview:-1"},"canonical":"https:\/\/teterete.com\/mx\/producto\/funda-palomita-lunar-y-rombos\/","og_locale":"es_ES","og_type":"article","og_title":"Funda Palomita Lunar y Rombos -","og_description":"Cojines artesanales con dise\u00f1os diferentes y encantadores para cualquier rinc\u00f3n de tu hogar.","og_url":"https:\/\/teterete.com\/mx\/producto\/funda-palomita-lunar-y-rombos\/","article_publisher":"https:\/\/www.facebook.com\/TetereteHome\/","article_modified_time":"2021-03-27T20:03:32+00:00","og_image":[{"width":720,"height":720,"url":"https:\/\/teterete.com\/mx\/wp-content\/uploads\/2021\/02\/FC-028.jpg","type":"image\/jpeg"}],"twitter_card":"summary_large_image","twitter_site":"@Teterete_Home","schema":{"@context":"https:\/\/schema.org","@graph":[{"@type":"WebPage","@id":"https:\/\/teterete.com\/mx\/producto\/funda-palomita-lunar-y-rombos\/","url":"https:\/\/teterete.com\/mx\/producto\/funda-palomita-lunar-y-rombos\/","name":"Funda Palomita Lunar y Rombos -","isPartOf":{"@id":"https:\/\/teterete.com\/mx\/#website"},"primaryImageOfPage":{"@id":"https:\/\/teterete.com\/mx\/producto\/funda-palomita-lunar-y-rombos\/#primaryimage"},"image":{"@id":"https:\/\/teterete.com\/mx\/producto\/funda-palomita-lunar-y-rombos\/#primaryimage"},"thumbnailUrl":"https:\/\/teterete.com\/mx\/wp-content\/uploads\/2021\/02\/FC-028.jpg","datePublished":"2021-02-23T23:45:00+00:00","dateModified":"2021-03-27T20:03:32+00:00","breadcrumb":{"@id":"https:\/\/teterete.com\/mx\/producto\/funda-palomita-lunar-y-rombos\/#breadcrumb"},"inLanguage":"es","potentialAction":[{"@type":"ReadAction","target":["https:\/\/teterete.com\/mx\/producto\/funda-palomita-lunar-y-rombos\/"]}]},{"@type":"ImageObject","inLanguage":"es","@id":"https:\/\/teterete.com\/mx\/producto\/funda-palomita-lunar-y-rombos\/#primaryimage","url":"https:\/\/teterete.com\/mx\/wp-content\/uploads\/2021\/02\/FC-028.jpg","contentUrl":"https:\/\/teterete.com\/mx\/wp-content\/uploads\/2021\/02\/FC-028.jpg","width":"720","height":"720","caption":"Funda de coj\u00edn artesanal."},{"@type":"BreadcrumbList","@id":"https:\/\/teterete.com\/mx\/producto\/funda-palomita-lunar-y-rombos\/#breadcrumb","itemListElement":[{"@type":"ListItem","position":1,"name":"Home","item":"https:\/\/teterete.com\/mx\/"},{"@type":"ListItem","position":2,"name":"Productos","item":"https:\/\/teterete.com\/mx\/shop\/"},{"@type":"ListItem","position":3,"name":"Funda Palomita Lunar y Rombos"}]},{"@type":"WebSite","@id":"https:\/\/teterete.com\/mx\/#website","url":"https:\/\/teterete.com\/mx\/","name":"","description":"Tienda en L\u00ednea de Fina Artesanias y Dise\u00f1o Mexicano. Bellas piezas elaboradas a mano por los mejores artesanos del pa\u00eds as\u00ed como piezas de dise\u00f1o y decoraci\u00f3n con inspiraci\u00f3n artesanal.","potentialAction":[{"@type":"SearchAction","target":{"@type":"EntryPoint","urlTemplate":"https:\/\/teterete.com\/mx\/?s={search_term_string}"},"query-input":{"@type":"PropertyValueSpecification","valueRequired":true,"valueName":"search_term_string"}}],"inLanguage":"es"}]}},"_links":{"self":[{"href":"https:\/\/teterete.com\/mx\/wp-json\/wp\/v2\/product\/8888"}],"collection":[{"href":"https:\/\/teterete.com\/mx\/wp-json\/wp\/v2\/product"}],"about":[{"href":"https:\/\/teterete.com\/mx\/wp-json\/wp\/v2\/types\/product"}],"replies":[{"embeddable":true,"href":"https:\/\/teterete.com\/mx\/wp-json\/wp\/v2\/comments?post=8888"}],"wp:featuredmedia":[{"embeddable":true,"href":"https:\/\/teterete.com\/mx\/wp-json\/wp\/v2\/media\/8963"}],"wp:attachment":[{"href":"https:\/\/teterete.com\/mx\/wp-json\/wp\/v2\/media?parent=8888"}],"wp:term":[{"taxonomy":"product_cat","embeddable":true,"href":"https:\/\/teterete.com\/mx\/wp-json\/wp\/v2\/product_cat?post=8888"},{"taxonomy":"product_tag","embeddable":true,"href":"https:\/\/teterete.com\/mx\/wp-json\/wp\/v2\/product_tag?post=8888"}],"curies":[{"name":"wp","href":"https:\/\/api.w.org\/{rel}","templated":true}]}}