{"id":9003,"date":"2021-02-25T20:47:00","date_gmt":"2021-02-25T20:47:00","guid":{"rendered":"https:\/\/teterete.com\/mx\/?post_type=product&#038;p=9003"},"modified":"2024-04-12T23:18:25","modified_gmt":"2024-04-12T23:18:25","slug":"cojin-tula-de-allende-beige-y-blanco","status":"publish","type":"product","link":"https:\/\/teterete.com\/mx\/producto\/cojin-tula-de-allende-beige-y-blanco\/","title":{"rendered":"Coj\u00edn Tula de Allende Beige y Blanco (2 Fundas)"},"content":{"rendered":"<p>Cantidad: 2 Fundas<\/p>\n<p>Medida: 50 x 50 cm<\/p>\n<p>Material: Algod\u00f3n<\/p>\n<p>Terminado: Telar en cintura<\/p>\n<p>Color: Beige y decorado Blanco<\/p>\n<p>Cuidados: Lavar a mano y al reverso con agua fr\u00eda, y jab\u00f3n neutro. No usar secadora<\/p>\n<p>&nbsp;<\/p>\n<p>Observaciones<\/p>\n<ul>\n<li>No incluye relleno<\/li>\n<li>5 d\u00edas de espera a partir de la compra<\/li>\n<li>Cuenta con Pompones adheridos<\/li>\n<\/ul>\n<p>&nbsp;<\/p>\n","protected":false},"excerpt":{"rendered":"<p>Productos 100% a mano, fabricados de manera artesanal por talentosas manos ind\u00edgenas.<\/p>\n","protected":false},"featured_media":9010,"comment_status":"open","ping_status":"closed","template":"","meta":{"sfsi_plus_gutenberg_text_before_share":"","sfsi_plus_gutenberg_show_text_before_share":"","sfsi_plus_gutenberg_icon_type":"","sfsi_plus_gutenberg_icon_alignemt":"","sfsi_plus_gutenburg_max_per_row":""},"product_cat":[1957,2057,210],"product_tag":[1923,1017,1279,1522,223],"acf":[],"yoast_head":"<!-- This site is optimized with the Yoast SEO plugin v23.5 - https:\/\/yoast.com\/wordpress\/plugins\/seo\/ -->\n<title>Coj\u00edn Tula de Allende Beige y Blanco (2 Fundas) -<\/title>\n<meta name=\"robots\" content=\"index, follow, max-snippet:-1, max-image-preview:large, max-video-preview:-1\" \/>\n<link rel=\"canonical\" href=\"https:\/\/teterete.com\/mx\/producto\/cojin-tula-de-allende-beige-y-blanco\/\" \/>\n<meta property=\"og:locale\" content=\"es_ES\" \/>\n<meta property=\"og:type\" content=\"article\" \/>\n<meta property=\"og:title\" content=\"Coj\u00edn Tula de Allende Beige y Blanco (2 Fundas) -\" \/>\n<meta property=\"og:description\" content=\"Productos 100% a mano, fabricados de manera artesanal por talentosas manos ind\u00edgenas.\" \/>\n<meta property=\"og:url\" content=\"https:\/\/teterete.com\/mx\/producto\/cojin-tula-de-allende-beige-y-blanco\/\" \/>\n<meta property=\"article:publisher\" content=\"https:\/\/www.facebook.com\/TetereteHome\/\" \/>\n<meta property=\"article:modified_time\" content=\"2024-04-12T23:18:25+00:00\" \/>\n<meta property=\"og:image\" content=\"https:\/\/teterete.com\/mx\/wp-content\/uploads\/2021\/02\/BH-016.jpg\" \/>\n\t<meta property=\"og:image:width\" content=\"720\" \/>\n\t<meta property=\"og:image:height\" content=\"720\" \/>\n\t<meta property=\"og:image:type\" content=\"image\/jpeg\" \/>\n<meta name=\"twitter:card\" content=\"summary_large_image\" \/>\n<meta name=\"twitter:site\" content=\"@Teterete_Home\" \/>\n<script type=\"application\/ld+json\" class=\"yoast-schema-graph\">{\"@context\":\"https:\/\/schema.org\",\"@graph\":[{\"@type\":\"WebPage\",\"@id\":\"https:\/\/teterete.com\/mx\/producto\/cojin-tula-de-allende-beige-y-blanco\/\",\"url\":\"https:\/\/teterete.com\/mx\/producto\/cojin-tula-de-allende-beige-y-blanco\/\",\"name\":\"Coj\u00edn Tula de Allende Beige y Blanco (2 Fundas) -\",\"isPartOf\":{\"@id\":\"https:\/\/teterete.com\/mx\/#website\"},\"primaryImageOfPage\":{\"@id\":\"https:\/\/teterete.com\/mx\/producto\/cojin-tula-de-allende-beige-y-blanco\/#primaryimage\"},\"image\":{\"@id\":\"https:\/\/teterete.com\/mx\/producto\/cojin-tula-de-allende-beige-y-blanco\/#primaryimage\"},\"thumbnailUrl\":\"https:\/\/teterete.com\/mx\/wp-content\/uploads\/2021\/02\/BH-016.jpg\",\"datePublished\":\"2021-02-25T20:47:00+00:00\",\"dateModified\":\"2024-04-12T23:18:25+00:00\",\"breadcrumb\":{\"@id\":\"https:\/\/teterete.com\/mx\/producto\/cojin-tula-de-allende-beige-y-blanco\/#breadcrumb\"},\"inLanguage\":\"es\",\"potentialAction\":[{\"@type\":\"ReadAction\",\"target\":[\"https:\/\/teterete.com\/mx\/producto\/cojin-tula-de-allende-beige-y-blanco\/\"]}]},{\"@type\":\"ImageObject\",\"inLanguage\":\"es\",\"@id\":\"https:\/\/teterete.com\/mx\/producto\/cojin-tula-de-allende-beige-y-blanco\/#primaryimage\",\"url\":\"https:\/\/teterete.com\/mx\/wp-content\/uploads\/2021\/02\/BH-016.jpg\",\"contentUrl\":\"https:\/\/teterete.com\/mx\/wp-content\/uploads\/2021\/02\/BH-016.jpg\",\"width\":\"720\",\"height\":\"720\",\"caption\":\"Funda de algod\u00f3n.\"},{\"@type\":\"BreadcrumbList\",\"@id\":\"https:\/\/teterete.com\/mx\/producto\/cojin-tula-de-allende-beige-y-blanco\/#breadcrumb\",\"itemListElement\":[{\"@type\":\"ListItem\",\"position\":1,\"name\":\"Home\",\"item\":\"https:\/\/teterete.com\/mx\/\"},{\"@type\":\"ListItem\",\"position\":2,\"name\":\"Productos\",\"item\":\"https:\/\/teterete.com\/mx\/shop\/\"},{\"@type\":\"ListItem\",\"position\":3,\"name\":\"Coj\u00edn Tula de Allende Beige y Blanco (2 Fundas)\"}]},{\"@type\":\"WebSite\",\"@id\":\"https:\/\/teterete.com\/mx\/#website\",\"url\":\"https:\/\/teterete.com\/mx\/\",\"name\":\"\",\"description\":\"Tienda en L\u00ednea de Fina Artesanias y Dise\u00f1o Mexicano. Bellas piezas elaboradas a mano por los mejores artesanos del pa\u00eds as\u00ed como piezas de dise\u00f1o y decoraci\u00f3n con inspiraci\u00f3n artesanal.\",\"potentialAction\":[{\"@type\":\"SearchAction\",\"target\":{\"@type\":\"EntryPoint\",\"urlTemplate\":\"https:\/\/teterete.com\/mx\/?s={search_term_string}\"},\"query-input\":{\"@type\":\"PropertyValueSpecification\",\"valueRequired\":true,\"valueName\":\"search_term_string\"}}],\"inLanguage\":\"es\"}]}<\/script>\n<!-- \/ Yoast SEO plugin. -->","yoast_head_json":{"title":"Coj\u00edn Tula de Allende Beige y Blanco (2 Fundas) -","robots":{"index":"index","follow":"follow","max-snippet":"max-snippet:-1","max-image-preview":"max-image-preview:large","max-video-preview":"max-video-preview:-1"},"canonical":"https:\/\/teterete.com\/mx\/producto\/cojin-tula-de-allende-beige-y-blanco\/","og_locale":"es_ES","og_type":"article","og_title":"Coj\u00edn Tula de Allende Beige y Blanco (2 Fundas) -","og_description":"Productos 100% a mano, fabricados de manera artesanal por talentosas manos ind\u00edgenas.","og_url":"https:\/\/teterete.com\/mx\/producto\/cojin-tula-de-allende-beige-y-blanco\/","article_publisher":"https:\/\/www.facebook.com\/TetereteHome\/","article_modified_time":"2024-04-12T23:18:25+00:00","og_image":[{"width":720,"height":720,"url":"https:\/\/teterete.com\/mx\/wp-content\/uploads\/2021\/02\/BH-016.jpg","type":"image\/jpeg"}],"twitter_card":"summary_large_image","twitter_site":"@Teterete_Home","schema":{"@context":"https:\/\/schema.org","@graph":[{"@type":"WebPage","@id":"https:\/\/teterete.com\/mx\/producto\/cojin-tula-de-allende-beige-y-blanco\/","url":"https:\/\/teterete.com\/mx\/producto\/cojin-tula-de-allende-beige-y-blanco\/","name":"Coj\u00edn Tula de Allende Beige y Blanco (2 Fundas) -","isPartOf":{"@id":"https:\/\/teterete.com\/mx\/#website"},"primaryImageOfPage":{"@id":"https:\/\/teterete.com\/mx\/producto\/cojin-tula-de-allende-beige-y-blanco\/#primaryimage"},"image":{"@id":"https:\/\/teterete.com\/mx\/producto\/cojin-tula-de-allende-beige-y-blanco\/#primaryimage"},"thumbnailUrl":"https:\/\/teterete.com\/mx\/wp-content\/uploads\/2021\/02\/BH-016.jpg","datePublished":"2021-02-25T20:47:00+00:00","dateModified":"2024-04-12T23:18:25+00:00","breadcrumb":{"@id":"https:\/\/teterete.com\/mx\/producto\/cojin-tula-de-allende-beige-y-blanco\/#breadcrumb"},"inLanguage":"es","potentialAction":[{"@type":"ReadAction","target":["https:\/\/teterete.com\/mx\/producto\/cojin-tula-de-allende-beige-y-blanco\/"]}]},{"@type":"ImageObject","inLanguage":"es","@id":"https:\/\/teterete.com\/mx\/producto\/cojin-tula-de-allende-beige-y-blanco\/#primaryimage","url":"https:\/\/teterete.com\/mx\/wp-content\/uploads\/2021\/02\/BH-016.jpg","contentUrl":"https:\/\/teterete.com\/mx\/wp-content\/uploads\/2021\/02\/BH-016.jpg","width":"720","height":"720","caption":"Funda de algod\u00f3n."},{"@type":"BreadcrumbList","@id":"https:\/\/teterete.com\/mx\/producto\/cojin-tula-de-allende-beige-y-blanco\/#breadcrumb","itemListElement":[{"@type":"ListItem","position":1,"name":"Home","item":"https:\/\/teterete.com\/mx\/"},{"@type":"ListItem","position":2,"name":"Productos","item":"https:\/\/teterete.com\/mx\/shop\/"},{"@type":"ListItem","position":3,"name":"Coj\u00edn Tula de Allende Beige y Blanco (2 Fundas)"}]},{"@type":"WebSite","@id":"https:\/\/teterete.com\/mx\/#website","url":"https:\/\/teterete.com\/mx\/","name":"","description":"Tienda en L\u00ednea de Fina Artesanias y Dise\u00f1o Mexicano. Bellas piezas elaboradas a mano por los mejores artesanos del pa\u00eds as\u00ed como piezas de dise\u00f1o y decoraci\u00f3n con inspiraci\u00f3n artesanal.","potentialAction":[{"@type":"SearchAction","target":{"@type":"EntryPoint","urlTemplate":"https:\/\/teterete.com\/mx\/?s={search_term_string}"},"query-input":{"@type":"PropertyValueSpecification","valueRequired":true,"valueName":"search_term_string"}}],"inLanguage":"es"}]}},"_links":{"self":[{"href":"https:\/\/teterete.com\/mx\/wp-json\/wp\/v2\/product\/9003"}],"collection":[{"href":"https:\/\/teterete.com\/mx\/wp-json\/wp\/v2\/product"}],"about":[{"href":"https:\/\/teterete.com\/mx\/wp-json\/wp\/v2\/types\/product"}],"replies":[{"embeddable":true,"href":"https:\/\/teterete.com\/mx\/wp-json\/wp\/v2\/comments?post=9003"}],"wp:featuredmedia":[{"embeddable":true,"href":"https:\/\/teterete.com\/mx\/wp-json\/wp\/v2\/media\/9010"}],"wp:attachment":[{"href":"https:\/\/teterete.com\/mx\/wp-json\/wp\/v2\/media?parent=9003"}],"wp:term":[{"taxonomy":"product_cat","embeddable":true,"href":"https:\/\/teterete.com\/mx\/wp-json\/wp\/v2\/product_cat?post=9003"},{"taxonomy":"product_tag","embeddable":true,"href":"https:\/\/teterete.com\/mx\/wp-json\/wp\/v2\/product_tag?post=9003"}],"curies":[{"name":"wp","href":"https:\/\/api.w.org\/{rel}","templated":true}]}}