{"id":9373,"date":"2021-03-11T23:08:25","date_gmt":"2021-03-11T23:08:25","guid":{"rendered":"https:\/\/teterete.com\/mx\/?post_type=product&#038;p=9373"},"modified":"2026-03-08T17:27:48","modified_gmt":"2026-03-08T17:27:48","slug":"taburete-de-tule","status":"publish","type":"product","link":"https:\/\/teterete.com\/mx\/producto\/taburete-de-tule\/","title":{"rendered":"Taburete de Tule"},"content":{"rendered":"<p>Material: Tule<\/p>\n<p>Medidas: Infantil, Chico y Grande<\/p>\n<p>&nbsp;<\/p>\n","protected":false},"excerpt":{"rendered":"<p>Mobiliario prehisp\u00e1nico de Tule, ideal para darle un toque m\u00e1gico y artesanal a t\u00fa terraza.<\/p>\n","protected":false},"featured_media":9380,"comment_status":"open","ping_status":"closed","template":"","meta":{"sfsi_plus_gutenberg_text_before_share":"","sfsi_plus_gutenberg_show_text_before_share":"","sfsi_plus_gutenberg_icon_type":"","sfsi_plus_gutenberg_icon_alignemt":"","sfsi_plus_gutenburg_max_per_row":""},"product_cat":[2080,682],"product_tag":[1952,2035,2026,2037,2036],"acf":[],"yoast_head":"<!-- This site is optimized with the Yoast SEO plugin v23.5 - https:\/\/yoast.com\/wordpress\/plugins\/seo\/ -->\n<title>Taburete de Tule -<\/title>\n<meta name=\"description\" content=\"Mobiliario prehisp\u00e1nico de Tule, ideal para darle un toque m\u00e1gico y artesanal a t\u00fa terraza.\" \/>\n<meta name=\"robots\" content=\"index, follow, max-snippet:-1, max-image-preview:large, max-video-preview:-1\" \/>\n<link rel=\"canonical\" href=\"https:\/\/teterete.com\/mx\/producto\/taburete-de-tule\/\" \/>\n<meta property=\"og:locale\" content=\"es_ES\" \/>\n<meta property=\"og:type\" content=\"article\" \/>\n<meta property=\"og:title\" content=\"Taburete de Tule -\" \/>\n<meta property=\"og:description\" content=\"Mobiliario prehisp\u00e1nico de Tule, ideal para darle un toque m\u00e1gico y artesanal a t\u00fa terraza.\" \/>\n<meta property=\"og:url\" content=\"https:\/\/teterete.com\/mx\/producto\/taburete-de-tule\/\" \/>\n<meta property=\"article:publisher\" content=\"https:\/\/www.facebook.com\/TetereteHome\/\" \/>\n<meta property=\"article:modified_time\" content=\"2026-03-08T17:27:48+00:00\" \/>\n<meta property=\"og:image\" content=\"https:\/\/teterete.com\/mx\/wp-content\/uploads\/2021\/03\/Taburete.jpg\" \/>\n\t<meta property=\"og:image:width\" content=\"480\" \/>\n\t<meta property=\"og:image:height\" content=\"480\" \/>\n\t<meta property=\"og:image:type\" content=\"image\/jpeg\" \/>\n<meta name=\"twitter:card\" content=\"summary_large_image\" \/>\n<meta name=\"twitter:site\" content=\"@Teterete_Home\" \/>\n<meta name=\"twitter:label1\" content=\"Tiempo de lectura\" \/>\n\t<meta name=\"twitter:data1\" content=\"1 minuto\" \/>\n<script type=\"application\/ld+json\" class=\"yoast-schema-graph\">{\"@context\":\"https:\/\/schema.org\",\"@graph\":[{\"@type\":\"WebPage\",\"@id\":\"https:\/\/teterete.com\/mx\/producto\/taburete-de-tule\/\",\"url\":\"https:\/\/teterete.com\/mx\/producto\/taburete-de-tule\/\",\"name\":\"Taburete de Tule -\",\"isPartOf\":{\"@id\":\"https:\/\/teterete.com\/mx\/#website\"},\"primaryImageOfPage\":{\"@id\":\"https:\/\/teterete.com\/mx\/producto\/taburete-de-tule\/#primaryimage\"},\"image\":{\"@id\":\"https:\/\/teterete.com\/mx\/producto\/taburete-de-tule\/#primaryimage\"},\"thumbnailUrl\":\"https:\/\/teterete.com\/mx\/wp-content\/uploads\/2021\/03\/Taburete.jpg\",\"datePublished\":\"2021-03-11T23:08:25+00:00\",\"dateModified\":\"2026-03-08T17:27:48+00:00\",\"description\":\"Mobiliario prehisp\u00e1nico de Tule, ideal para darle un toque m\u00e1gico y artesanal a t\u00fa terraza.\",\"breadcrumb\":{\"@id\":\"https:\/\/teterete.com\/mx\/producto\/taburete-de-tule\/#breadcrumb\"},\"inLanguage\":\"es\",\"potentialAction\":[{\"@type\":\"ReadAction\",\"target\":[\"https:\/\/teterete.com\/mx\/producto\/taburete-de-tule\/\"]}]},{\"@type\":\"ImageObject\",\"inLanguage\":\"es\",\"@id\":\"https:\/\/teterete.com\/mx\/producto\/taburete-de-tule\/#primaryimage\",\"url\":\"https:\/\/teterete.com\/mx\/wp-content\/uploads\/2021\/03\/Taburete.jpg\",\"contentUrl\":\"https:\/\/teterete.com\/mx\/wp-content\/uploads\/2021\/03\/Taburete.jpg\",\"width\":\"480\",\"height\":\"480\"},{\"@type\":\"BreadcrumbList\",\"@id\":\"https:\/\/teterete.com\/mx\/producto\/taburete-de-tule\/#breadcrumb\",\"itemListElement\":[{\"@type\":\"ListItem\",\"position\":1,\"name\":\"Home\",\"item\":\"https:\/\/teterete.com\/mx\/\"},{\"@type\":\"ListItem\",\"position\":2,\"name\":\"Productos\",\"item\":\"https:\/\/teterete.com\/mx\/shop\/\"},{\"@type\":\"ListItem\",\"position\":3,\"name\":\"Taburete de Tule\"}]},{\"@type\":\"WebSite\",\"@id\":\"https:\/\/teterete.com\/mx\/#website\",\"url\":\"https:\/\/teterete.com\/mx\/\",\"name\":\"\",\"description\":\"Tienda en L\u00ednea de Fina Artesanias y Dise\u00f1o Mexicano. Bellas piezas elaboradas a mano por los mejores artesanos del pa\u00eds as\u00ed como piezas de dise\u00f1o y decoraci\u00f3n con inspiraci\u00f3n artesanal.\",\"potentialAction\":[{\"@type\":\"SearchAction\",\"target\":{\"@type\":\"EntryPoint\",\"urlTemplate\":\"https:\/\/teterete.com\/mx\/?s={search_term_string}\"},\"query-input\":{\"@type\":\"PropertyValueSpecification\",\"valueRequired\":true,\"valueName\":\"search_term_string\"}}],\"inLanguage\":\"es\"}]}<\/script>\n<!-- \/ Yoast SEO plugin. -->","yoast_head_json":{"title":"Taburete de Tule -","description":"Mobiliario prehisp\u00e1nico de Tule, ideal para darle un toque m\u00e1gico y artesanal a t\u00fa terraza.","robots":{"index":"index","follow":"follow","max-snippet":"max-snippet:-1","max-image-preview":"max-image-preview:large","max-video-preview":"max-video-preview:-1"},"canonical":"https:\/\/teterete.com\/mx\/producto\/taburete-de-tule\/","og_locale":"es_ES","og_type":"article","og_title":"Taburete de Tule -","og_description":"Mobiliario prehisp\u00e1nico de Tule, ideal para darle un toque m\u00e1gico y artesanal a t\u00fa terraza.","og_url":"https:\/\/teterete.com\/mx\/producto\/taburete-de-tule\/","article_publisher":"https:\/\/www.facebook.com\/TetereteHome\/","article_modified_time":"2026-03-08T17:27:48+00:00","og_image":[{"width":480,"height":480,"url":"https:\/\/teterete.com\/mx\/wp-content\/uploads\/2021\/03\/Taburete.jpg","type":"image\/jpeg"}],"twitter_card":"summary_large_image","twitter_site":"@Teterete_Home","twitter_misc":{"Tiempo de lectura":"1 minuto"},"schema":{"@context":"https:\/\/schema.org","@graph":[{"@type":"WebPage","@id":"https:\/\/teterete.com\/mx\/producto\/taburete-de-tule\/","url":"https:\/\/teterete.com\/mx\/producto\/taburete-de-tule\/","name":"Taburete de Tule -","isPartOf":{"@id":"https:\/\/teterete.com\/mx\/#website"},"primaryImageOfPage":{"@id":"https:\/\/teterete.com\/mx\/producto\/taburete-de-tule\/#primaryimage"},"image":{"@id":"https:\/\/teterete.com\/mx\/producto\/taburete-de-tule\/#primaryimage"},"thumbnailUrl":"https:\/\/teterete.com\/mx\/wp-content\/uploads\/2021\/03\/Taburete.jpg","datePublished":"2021-03-11T23:08:25+00:00","dateModified":"2026-03-08T17:27:48+00:00","description":"Mobiliario prehisp\u00e1nico de Tule, ideal para darle un toque m\u00e1gico y artesanal a t\u00fa terraza.","breadcrumb":{"@id":"https:\/\/teterete.com\/mx\/producto\/taburete-de-tule\/#breadcrumb"},"inLanguage":"es","potentialAction":[{"@type":"ReadAction","target":["https:\/\/teterete.com\/mx\/producto\/taburete-de-tule\/"]}]},{"@type":"ImageObject","inLanguage":"es","@id":"https:\/\/teterete.com\/mx\/producto\/taburete-de-tule\/#primaryimage","url":"https:\/\/teterete.com\/mx\/wp-content\/uploads\/2021\/03\/Taburete.jpg","contentUrl":"https:\/\/teterete.com\/mx\/wp-content\/uploads\/2021\/03\/Taburete.jpg","width":"480","height":"480"},{"@type":"BreadcrumbList","@id":"https:\/\/teterete.com\/mx\/producto\/taburete-de-tule\/#breadcrumb","itemListElement":[{"@type":"ListItem","position":1,"name":"Home","item":"https:\/\/teterete.com\/mx\/"},{"@type":"ListItem","position":2,"name":"Productos","item":"https:\/\/teterete.com\/mx\/shop\/"},{"@type":"ListItem","position":3,"name":"Taburete de Tule"}]},{"@type":"WebSite","@id":"https:\/\/teterete.com\/mx\/#website","url":"https:\/\/teterete.com\/mx\/","name":"","description":"Tienda en L\u00ednea de Fina Artesanias y Dise\u00f1o Mexicano. Bellas piezas elaboradas a mano por los mejores artesanos del pa\u00eds as\u00ed como piezas de dise\u00f1o y decoraci\u00f3n con inspiraci\u00f3n artesanal.","potentialAction":[{"@type":"SearchAction","target":{"@type":"EntryPoint","urlTemplate":"https:\/\/teterete.com\/mx\/?s={search_term_string}"},"query-input":{"@type":"PropertyValueSpecification","valueRequired":true,"valueName":"search_term_string"}}],"inLanguage":"es"}]}},"_links":{"self":[{"href":"https:\/\/teterete.com\/mx\/wp-json\/wp\/v2\/product\/9373"}],"collection":[{"href":"https:\/\/teterete.com\/mx\/wp-json\/wp\/v2\/product"}],"about":[{"href":"https:\/\/teterete.com\/mx\/wp-json\/wp\/v2\/types\/product"}],"replies":[{"embeddable":true,"href":"https:\/\/teterete.com\/mx\/wp-json\/wp\/v2\/comments?post=9373"}],"wp:featuredmedia":[{"embeddable":true,"href":"https:\/\/teterete.com\/mx\/wp-json\/wp\/v2\/media\/9380"}],"wp:attachment":[{"href":"https:\/\/teterete.com\/mx\/wp-json\/wp\/v2\/media?parent=9373"}],"wp:term":[{"taxonomy":"product_cat","embeddable":true,"href":"https:\/\/teterete.com\/mx\/wp-json\/wp\/v2\/product_cat?post=9373"},{"taxonomy":"product_tag","embeddable":true,"href":"https:\/\/teterete.com\/mx\/wp-json\/wp\/v2\/product_tag?post=9373"}],"curies":[{"name":"wp","href":"https:\/\/api.w.org\/{rel}","templated":true}]}}