{"id":9385,"date":"2021-03-11T23:55:59","date_gmt":"2021-03-11T23:55:59","guid":{"rendered":"https:\/\/teterete.com\/mx\/?post_type=product&#038;p=9385"},"modified":"2026-03-08T15:36:49","modified_gmt":"2026-03-08T15:36:49","slug":"colchoneta-de-tule","status":"publish","type":"product","link":"https:\/\/teterete.com\/mx\/producto\/colchoneta-de-tule\/","title":{"rendered":"Colchoneta de Tule Tejido: Sofisticaci\u00f3n Artesanal para Bancas y Superficies"},"content":{"rendered":"<p>Peso: 5 y 7 kgs<\/p>\n<p>Material: Tule<\/p>\n<ul>\n<li>\n<p data-path-to-node=\"2,2,0,0\"><b data-path-to-node=\"2,2,0,0\" data-index-in-node=\"0\">Grosor:<\/b> 5 cm.<\/p>\n<\/li>\n<li>\n<p data-path-to-node=\"2,2,1,0\"><b data-path-to-node=\"2,2,1,0\" data-index-in-node=\"0\">Medidas disponibles:<\/b><\/p>\n<ul data-path-to-node=\"2,2,1,1\">\n<li>\n<p data-path-to-node=\"2,2,1,1,0,0\">Chica: 70 cm x 45 cm.<\/p>\n<\/li>\n<li>\n<p data-path-to-node=\"2,2,1,1,1,0\">Grande: 1.20 m x 50 cm.<\/p>\n<\/li>\n<\/ul>\n<\/li>\n<\/ul>\n<p>&nbsp;<\/p>\n","protected":false},"excerpt":{"rendered":"<p>A\u00f1ade textura y autenticidad a tus espacios con esta colchoneta de tule, elaborada con la misma t\u00e9cnica de tejido de nuestros ic\u00f3nicos taburetes. Perfecta para dar comodidad y un toque org\u00e1nico a bancas largas, banquetas o superficies planas. Una pieza \u00fanica y duradera, ideal para hoteles y restaurantes que buscan un concepto mexicano contempor\u00e1neo con un dise\u00f1o artesanal de alta calidad.<\/p>\n","protected":false},"featured_media":12811,"comment_status":"open","ping_status":"closed","template":"","meta":{"sfsi_plus_gutenberg_text_before_share":"","sfsi_plus_gutenberg_show_text_before_share":"","sfsi_plus_gutenberg_icon_type":"","sfsi_plus_gutenberg_icon_alignemt":"","sfsi_plus_gutenburg_max_per_row":""},"product_cat":[2080,682],"product_tag":[1952,2027,2022,1954,2019,2017],"acf":[],"yoast_head":"<!-- This site is optimized with the Yoast SEO plugin v23.5 - https:\/\/yoast.com\/wordpress\/plugins\/seo\/ -->\n<title>Colchoneta de Tule Tejido: Sofisticaci\u00f3n Artesanal para Bancas y Superficies -<\/title>\n<meta name=\"description\" content=\"A\u00f1ade textura y autenticidad a tus espacios con esta colchoneta de tule. Perfecta para dar comodidad y un toque org\u00e1nico a bancas o superficies planas.\" \/>\n<meta name=\"robots\" content=\"index, follow, max-snippet:-1, max-image-preview:large, max-video-preview:-1\" \/>\n<link rel=\"canonical\" href=\"https:\/\/teterete.com\/mx\/producto\/colchoneta-de-tule\/\" \/>\n<meta property=\"og:locale\" content=\"es_ES\" \/>\n<meta property=\"og:type\" content=\"article\" \/>\n<meta property=\"og:title\" content=\"Colchoneta de Tule Tejido: Sofisticaci\u00f3n Artesanal para Bancas y Superficies -\" \/>\n<meta property=\"og:description\" content=\"A\u00f1ade textura y autenticidad a tus espacios con esta colchoneta de tule. Perfecta para dar comodidad y un toque org\u00e1nico a bancas o superficies planas.\" \/>\n<meta property=\"og:url\" content=\"https:\/\/teterete.com\/mx\/producto\/colchoneta-de-tule\/\" \/>\n<meta property=\"article:publisher\" content=\"https:\/\/www.facebook.com\/TetereteHome\/\" \/>\n<meta property=\"article:modified_time\" content=\"2026-03-08T15:36:49+00:00\" \/>\n<meta property=\"og:image\" content=\"https:\/\/teterete.com\/mx\/wp-content\/uploads\/2021\/03\/colchoneta-en-tule.jpg\" \/>\n\t<meta property=\"og:image:width\" content=\"1024\" \/>\n\t<meta property=\"og:image:height\" content=\"1024\" \/>\n\t<meta property=\"og:image:type\" content=\"image\/jpeg\" \/>\n<meta name=\"twitter:card\" content=\"summary_large_image\" \/>\n<meta name=\"twitter:site\" content=\"@Teterete_Home\" \/>\n<meta name=\"twitter:label1\" content=\"Tiempo de lectura\" \/>\n\t<meta name=\"twitter:data1\" content=\"1 minuto\" \/>\n<script type=\"application\/ld+json\" class=\"yoast-schema-graph\">{\"@context\":\"https:\/\/schema.org\",\"@graph\":[{\"@type\":\"WebPage\",\"@id\":\"https:\/\/teterete.com\/mx\/producto\/colchoneta-de-tule\/\",\"url\":\"https:\/\/teterete.com\/mx\/producto\/colchoneta-de-tule\/\",\"name\":\"Colchoneta de Tule Tejido: Sofisticaci\u00f3n Artesanal para Bancas y Superficies -\",\"isPartOf\":{\"@id\":\"https:\/\/teterete.com\/mx\/#website\"},\"primaryImageOfPage\":{\"@id\":\"https:\/\/teterete.com\/mx\/producto\/colchoneta-de-tule\/#primaryimage\"},\"image\":{\"@id\":\"https:\/\/teterete.com\/mx\/producto\/colchoneta-de-tule\/#primaryimage\"},\"thumbnailUrl\":\"https:\/\/teterete.com\/mx\/wp-content\/uploads\/2021\/03\/colchoneta-en-tule.jpg\",\"datePublished\":\"2021-03-11T23:55:59+00:00\",\"dateModified\":\"2026-03-08T15:36:49+00:00\",\"description\":\"A\u00f1ade textura y autenticidad a tus espacios con esta colchoneta de tule. Perfecta para dar comodidad y un toque org\u00e1nico a bancas o superficies planas.\",\"breadcrumb\":{\"@id\":\"https:\/\/teterete.com\/mx\/producto\/colchoneta-de-tule\/#breadcrumb\"},\"inLanguage\":\"es\",\"potentialAction\":[{\"@type\":\"ReadAction\",\"target\":[\"https:\/\/teterete.com\/mx\/producto\/colchoneta-de-tule\/\"]}]},{\"@type\":\"ImageObject\",\"inLanguage\":\"es\",\"@id\":\"https:\/\/teterete.com\/mx\/producto\/colchoneta-de-tule\/#primaryimage\",\"url\":\"https:\/\/teterete.com\/mx\/wp-content\/uploads\/2021\/03\/colchoneta-en-tule.jpg\",\"contentUrl\":\"https:\/\/teterete.com\/mx\/wp-content\/uploads\/2021\/03\/colchoneta-en-tule.jpg\",\"width\":1024,\"height\":1024,\"caption\":\"Colchoneta en Tule\"},{\"@type\":\"BreadcrumbList\",\"@id\":\"https:\/\/teterete.com\/mx\/producto\/colchoneta-de-tule\/#breadcrumb\",\"itemListElement\":[{\"@type\":\"ListItem\",\"position\":1,\"name\":\"Home\",\"item\":\"https:\/\/teterete.com\/mx\/\"},{\"@type\":\"ListItem\",\"position\":2,\"name\":\"Productos\",\"item\":\"https:\/\/teterete.com\/mx\/shop\/\"},{\"@type\":\"ListItem\",\"position\":3,\"name\":\"Colchoneta de Tule Tejido: Sofisticaci\u00f3n Artesanal para Bancas y Superficies\"}]},{\"@type\":\"WebSite\",\"@id\":\"https:\/\/teterete.com\/mx\/#website\",\"url\":\"https:\/\/teterete.com\/mx\/\",\"name\":\"\",\"description\":\"Tienda en L\u00ednea de Fina Artesanias y Dise\u00f1o Mexicano. Bellas piezas elaboradas a mano por los mejores artesanos del pa\u00eds as\u00ed como piezas de dise\u00f1o y decoraci\u00f3n con inspiraci\u00f3n artesanal.\",\"potentialAction\":[{\"@type\":\"SearchAction\",\"target\":{\"@type\":\"EntryPoint\",\"urlTemplate\":\"https:\/\/teterete.com\/mx\/?s={search_term_string}\"},\"query-input\":{\"@type\":\"PropertyValueSpecification\",\"valueRequired\":true,\"valueName\":\"search_term_string\"}}],\"inLanguage\":\"es\"}]}<\/script>\n<!-- \/ Yoast SEO plugin. -->","yoast_head_json":{"title":"Colchoneta de Tule Tejido: Sofisticaci\u00f3n Artesanal para Bancas y Superficies -","description":"A\u00f1ade textura y autenticidad a tus espacios con esta colchoneta de tule. Perfecta para dar comodidad y un toque org\u00e1nico a bancas o superficies planas.","robots":{"index":"index","follow":"follow","max-snippet":"max-snippet:-1","max-image-preview":"max-image-preview:large","max-video-preview":"max-video-preview:-1"},"canonical":"https:\/\/teterete.com\/mx\/producto\/colchoneta-de-tule\/","og_locale":"es_ES","og_type":"article","og_title":"Colchoneta de Tule Tejido: Sofisticaci\u00f3n Artesanal para Bancas y Superficies -","og_description":"A\u00f1ade textura y autenticidad a tus espacios con esta colchoneta de tule. Perfecta para dar comodidad y un toque org\u00e1nico a bancas o superficies planas.","og_url":"https:\/\/teterete.com\/mx\/producto\/colchoneta-de-tule\/","article_publisher":"https:\/\/www.facebook.com\/TetereteHome\/","article_modified_time":"2026-03-08T15:36:49+00:00","og_image":[{"width":1024,"height":1024,"url":"https:\/\/teterete.com\/mx\/wp-content\/uploads\/2021\/03\/colchoneta-en-tule.jpg","type":"image\/jpeg"}],"twitter_card":"summary_large_image","twitter_site":"@Teterete_Home","twitter_misc":{"Tiempo de lectura":"1 minuto"},"schema":{"@context":"https:\/\/schema.org","@graph":[{"@type":"WebPage","@id":"https:\/\/teterete.com\/mx\/producto\/colchoneta-de-tule\/","url":"https:\/\/teterete.com\/mx\/producto\/colchoneta-de-tule\/","name":"Colchoneta de Tule Tejido: Sofisticaci\u00f3n Artesanal para Bancas y Superficies -","isPartOf":{"@id":"https:\/\/teterete.com\/mx\/#website"},"primaryImageOfPage":{"@id":"https:\/\/teterete.com\/mx\/producto\/colchoneta-de-tule\/#primaryimage"},"image":{"@id":"https:\/\/teterete.com\/mx\/producto\/colchoneta-de-tule\/#primaryimage"},"thumbnailUrl":"https:\/\/teterete.com\/mx\/wp-content\/uploads\/2021\/03\/colchoneta-en-tule.jpg","datePublished":"2021-03-11T23:55:59+00:00","dateModified":"2026-03-08T15:36:49+00:00","description":"A\u00f1ade textura y autenticidad a tus espacios con esta colchoneta de tule. Perfecta para dar comodidad y un toque org\u00e1nico a bancas o superficies planas.","breadcrumb":{"@id":"https:\/\/teterete.com\/mx\/producto\/colchoneta-de-tule\/#breadcrumb"},"inLanguage":"es","potentialAction":[{"@type":"ReadAction","target":["https:\/\/teterete.com\/mx\/producto\/colchoneta-de-tule\/"]}]},{"@type":"ImageObject","inLanguage":"es","@id":"https:\/\/teterete.com\/mx\/producto\/colchoneta-de-tule\/#primaryimage","url":"https:\/\/teterete.com\/mx\/wp-content\/uploads\/2021\/03\/colchoneta-en-tule.jpg","contentUrl":"https:\/\/teterete.com\/mx\/wp-content\/uploads\/2021\/03\/colchoneta-en-tule.jpg","width":1024,"height":1024,"caption":"Colchoneta en Tule"},{"@type":"BreadcrumbList","@id":"https:\/\/teterete.com\/mx\/producto\/colchoneta-de-tule\/#breadcrumb","itemListElement":[{"@type":"ListItem","position":1,"name":"Home","item":"https:\/\/teterete.com\/mx\/"},{"@type":"ListItem","position":2,"name":"Productos","item":"https:\/\/teterete.com\/mx\/shop\/"},{"@type":"ListItem","position":3,"name":"Colchoneta de Tule Tejido: Sofisticaci\u00f3n Artesanal para Bancas y Superficies"}]},{"@type":"WebSite","@id":"https:\/\/teterete.com\/mx\/#website","url":"https:\/\/teterete.com\/mx\/","name":"","description":"Tienda en L\u00ednea de Fina Artesanias y Dise\u00f1o Mexicano. Bellas piezas elaboradas a mano por los mejores artesanos del pa\u00eds as\u00ed como piezas de dise\u00f1o y decoraci\u00f3n con inspiraci\u00f3n artesanal.","potentialAction":[{"@type":"SearchAction","target":{"@type":"EntryPoint","urlTemplate":"https:\/\/teterete.com\/mx\/?s={search_term_string}"},"query-input":{"@type":"PropertyValueSpecification","valueRequired":true,"valueName":"search_term_string"}}],"inLanguage":"es"}]}},"_links":{"self":[{"href":"https:\/\/teterete.com\/mx\/wp-json\/wp\/v2\/product\/9385"}],"collection":[{"href":"https:\/\/teterete.com\/mx\/wp-json\/wp\/v2\/product"}],"about":[{"href":"https:\/\/teterete.com\/mx\/wp-json\/wp\/v2\/types\/product"}],"replies":[{"embeddable":true,"href":"https:\/\/teterete.com\/mx\/wp-json\/wp\/v2\/comments?post=9385"}],"wp:featuredmedia":[{"embeddable":true,"href":"https:\/\/teterete.com\/mx\/wp-json\/wp\/v2\/media\/12811"}],"wp:attachment":[{"href":"https:\/\/teterete.com\/mx\/wp-json\/wp\/v2\/media?parent=9385"}],"wp:term":[{"taxonomy":"product_cat","embeddable":true,"href":"https:\/\/teterete.com\/mx\/wp-json\/wp\/v2\/product_cat?post=9385"},{"taxonomy":"product_tag","embeddable":true,"href":"https:\/\/teterete.com\/mx\/wp-json\/wp\/v2\/product_tag?post=9385"}],"curies":[{"name":"wp","href":"https:\/\/api.w.org\/{rel}","templated":true}]}}